{"id":22010,"date":"2025-12-31T08:30:48","date_gmt":"2025-12-31T08:30:48","guid":{"rendered":"https:\/\/revistaliterariaelgatonegro.com\/?post_type=product&#038;p=22010"},"modified":"2025-12-28T00:38:20","modified_gmt":"2025-12-28T00:38:20","slug":"la-mecanografa-de-hitler","status":"publish","type":"product","link":"https:\/\/revistaliterariaelgatonegro.com\/?product=la-mecanografa-de-hitler","title":{"rendered":"LA MECAN\u00d3GRAFA DE HITLER"},"content":{"rendered":"<p>En enero de 1939, Katja Heinz, asistente del doctor Viktor, se encuentra en posesi\u00f3n de un cuaderno que contiene notas m\u00e9dicas cruciales relacionadas con Adolf Hitler. Estas notas, que documentan el tratamiento de Hitler tras la Gran Guerra, revelan que \u00e9l no era apto para liderar ni gobernar. Este secreto, si se divulga, tiene el potencial de arruinar la reputaci\u00f3n del F\u00fchrer y alterar el rumbo de la guerra. Con el cuaderno escondido en una sombrerera, Katja y el doctor Viktor se dirigen a Par\u00eds, en busca de un editor valiente dispuesto a publicar este controvertido manuscrito. Sin embargo, Katja est\u00e1 bajo vigilancia, ya que aquellos que han descubierto su plan est\u00e1n decididos a destruir el cuaderno y silenciar a todos los que conocen la verdad. Esta trama se desarrolla en un contexto cautivador de la Segunda Guerra Mundial que examina el delicado equilibrio entre el poder, los secretos y la traici\u00f3n.<\/p>\n","protected":false},"excerpt":{"rendered":"<h3>Teresa Harris<\/h3>\n<p>El secreto que habr\u00eda podido destruir al F\u00fchrer y cambiar el curso de la historia. Este secreto, si se divulga, tiene el potencial de arruinar la reputaci\u00f3n del F\u00fchrer y alterar el rumbo de la guerra.<\/p>\n<ul>\n<li class=\"campo f-size-0 f-w-4 my-2 d-grid svelte-1yhk452\" data-campo=\"Editorial\"><b class=\"f-w-7\">Editorial: <\/b>Newton Compton Editores<\/li>\n<li class=\"campo f-size-0 f-w-4 my-2 d-grid svelte-1yhk452\" data-campo=\"ISBN\"><b class=\"f-w-7\">ISBN: <\/b>9788419620484<\/li>\n<li class=\"campo f-size-0 f-w-4 my-2 d-grid svelte-1yhk452\" data-campo=\"Idioma\"><b class=\"f-w-7\">Idioma: <\/b>Castellano<\/li>\n<li class=\"campo f-size-0 f-w-4 my-2 d-grid svelte-1yhk452\" data-campo=\"N\u00famero de p\u00e1ginas\"><b class=\"f-w-7\">N\u00famero de p\u00e1ginas: <\/b>480<\/li>\n<li class=\"campo f-size-0 f-w-4 my-2 d-grid svelte-1yhk452\" data-campo=\"Tiempo de lectura\">\n<div><b class=\"f-w-7\">Encuadernaci\u00f3n: <\/b>Tapa dura<\/div>\n<\/li>\n<\/ul>\n<p>&nbsp;<\/p>\n<p><a href=\"https:\/\/tidd.ly\/4qsnVro\" target=\"_blank\" rel=\"noopener\"><button class=\"boton1\">Libro<\/button><\/a><\/p>\n","protected":false},"featured_media":21508,"template":"","meta":[],"product_brand":[],"product_cat":[159],"product_tag":[161,207],"class_list":{"0":"post-22010","1":"product","2":"type-product","3":"status-publish","4":"has-post-thumbnail","6":"product_cat-novela-contemporanea","7":"product_tag-narrativa-extranjera","8":"product_tag-novela-historica","10":"first","11":"instock","12":"sale","13":"taxable","14":"shipping-taxable","15":"product-type-external"},"yoast_head":"<!-- This site is optimized with the Yoast SEO plugin v27.4 - https:\/\/yoast.com\/product\/yoast-seo-wordpress\/ -->\n<title>LA MECAN\u00d3GRAFA DE HITLER - REVISTA CULTURAL<\/title>\n<meta name=\"description\" content=\"El secreto que habr\u00eda podido destruir al F\u00fchrer. Un cuaderno que contiene notas m\u00e9dicas cruciales relacionadas con Adolf Hitler.\" \/>\n<meta name=\"robots\" content=\"index, follow, max-snippet:-1, max-image-preview:large, max-video-preview:-1\" \/>\n<link rel=\"canonical\" href=\"https:\/\/revistaliterariaelgatonegro.com\/?product=la-mecanografa-de-hitler\" \/>\n<meta property=\"og:locale\" content=\"es_ES\" \/>\n<meta property=\"og:type\" content=\"article\" \/>\n<meta property=\"og:title\" content=\"LA MECAN\u00d3GRAFA DE HITLER - REVISTA CULTURAL\" \/>\n<meta property=\"og:description\" content=\"El secreto que habr\u00eda podido destruir al F\u00fchrer. Un cuaderno que contiene notas m\u00e9dicas cruciales relacionadas con Adolf Hitler.\" \/>\n<meta property=\"og:url\" content=\"https:\/\/revistaliterariaelgatonegro.com\/?product=la-mecanografa-de-hitler\" \/>\n<meta property=\"og:site_name\" content=\"REVISTA CULTURAL\" \/>\n<meta property=\"og:image\" content=\"https:\/\/revistaliterariaelgatonegro.com\/wp-content\/uploads\/2025\/09\/LA-MECANO\u2560uGRAFA-DE-HITLER.jpg\" \/>\n\t<meta property=\"og:image:width\" content=\"516\" \/>\n\t<meta property=\"og:image:height\" content=\"774\" \/>\n\t<meta property=\"og:image:type\" content=\"image\/jpeg\" \/>\n<meta name=\"twitter:card\" content=\"summary_large_image\" \/>\n<meta name=\"twitter:label1\" content=\"Tiempo de lectura\" \/>\n\t<meta name=\"twitter:data1\" content=\"1 minuto\" \/>\n<script type=\"application\/ld+json\" class=\"yoast-schema-graph\">{\"@context\":\"https:\\\/\\\/schema.org\",\"@graph\":[{\"@type\":\"WebPage\",\"@id\":\"https:\\\/\\\/revistaliterariaelgatonegro.com\\\/?product=la-mecanografa-de-hitler\",\"url\":\"https:\\\/\\\/revistaliterariaelgatonegro.com\\\/?product=la-mecanografa-de-hitler\",\"name\":\"LA MECAN\u00d3GRAFA DE HITLER - REVISTA CULTURAL\",\"isPartOf\":{\"@id\":\"https:\\\/\\\/revistaliterariaelgatonegro.com\\\/#website\"},\"primaryImageOfPage\":{\"@id\":\"https:\\\/\\\/revistaliterariaelgatonegro.com\\\/?product=la-mecanografa-de-hitler#primaryimage\"},\"image\":{\"@id\":\"https:\\\/\\\/revistaliterariaelgatonegro.com\\\/?product=la-mecanografa-de-hitler#primaryimage\"},\"thumbnailUrl\":\"https:\\\/\\\/revistaliterariaelgatonegro.com\\\/wp-content\\\/uploads\\\/2025\\\/09\\\/LA-MECANO\u2560uGRAFA-DE-HITLER.jpg\",\"datePublished\":\"2025-12-31T08:30:48+00:00\",\"description\":\"El secreto que habr\u00eda podido destruir al F\u00fchrer. Un cuaderno que contiene notas m\u00e9dicas cruciales relacionadas con Adolf Hitler.\",\"breadcrumb\":{\"@id\":\"https:\\\/\\\/revistaliterariaelgatonegro.com\\\/?product=la-mecanografa-de-hitler#breadcrumb\"},\"inLanguage\":\"es\",\"potentialAction\":[{\"@type\":\"ReadAction\",\"target\":[\"https:\\\/\\\/revistaliterariaelgatonegro.com\\\/?product=la-mecanografa-de-hitler\"]}]},{\"@type\":\"ImageObject\",\"inLanguage\":\"es\",\"@id\":\"https:\\\/\\\/revistaliterariaelgatonegro.com\\\/?product=la-mecanografa-de-hitler#primaryimage\",\"url\":\"https:\\\/\\\/revistaliterariaelgatonegro.com\\\/wp-content\\\/uploads\\\/2025\\\/09\\\/LA-MECANO\u2560uGRAFA-DE-HITLER.jpg\",\"contentUrl\":\"https:\\\/\\\/revistaliterariaelgatonegro.com\\\/wp-content\\\/uploads\\\/2025\\\/09\\\/LA-MECANO\u2560uGRAFA-DE-HITLER.jpg\",\"width\":516,\"height\":774},{\"@type\":\"BreadcrumbList\",\"@id\":\"https:\\\/\\\/revistaliterariaelgatonegro.com\\\/?product=la-mecanografa-de-hitler#breadcrumb\",\"itemListElement\":[{\"@type\":\"ListItem\",\"position\":1,\"name\":\"Portada\",\"item\":\"https:\\\/\\\/revistaliterariaelgatonegro.com\\\/\"},{\"@type\":\"ListItem\",\"position\":2,\"name\":\"Librer\u00eda\",\"item\":\"https:\\\/\\\/revistaliterariaelgatonegro.com\\\/?page_id=20159\"},{\"@type\":\"ListItem\",\"position\":3,\"name\":\"LA MECAN\u00d3GRAFA DE HITLER\"}]},{\"@type\":\"WebSite\",\"@id\":\"https:\\\/\\\/revistaliterariaelgatonegro.com\\\/#website\",\"url\":\"https:\\\/\\\/revistaliterariaelgatonegro.com\\\/\",\"name\":\"REVISTA CULTURAL\",\"description\":\" Un nuevo espacio para la divulgaci\u00f3n literaria, as\u00ed como dem\u00e1s artes \",\"publisher\":{\"@id\":\"https:\\\/\\\/revistaliterariaelgatonegro.com\\\/#\\\/schema\\\/person\\\/6a37dd51e0f101e394e91c123fd12e8a\"},\"potentialAction\":[{\"@type\":\"SearchAction\",\"target\":{\"@type\":\"EntryPoint\",\"urlTemplate\":\"https:\\\/\\\/revistaliterariaelgatonegro.com\\\/?s={search_term_string}\"},\"query-input\":{\"@type\":\"PropertyValueSpecification\",\"valueRequired\":true,\"valueName\":\"search_term_string\"}}],\"inLanguage\":\"es\"},{\"@type\":[\"Person\",\"Organization\"],\"@id\":\"https:\\\/\\\/revistaliterariaelgatonegro.com\\\/#\\\/schema\\\/person\\\/6a37dd51e0f101e394e91c123fd12e8a\",\"name\":\"administrador\",\"image\":{\"@type\":\"ImageObject\",\"inLanguage\":\"es\",\"@id\":\"https:\\\/\\\/revistaliterariaelgatonegro.com\\\/wp-content\\\/uploads\\\/2025\\\/12\\\/cropped-Logotipo-Logo-Marca-personal-Pastel-Amarillo-12-Photoroom.png\",\"url\":\"https:\\\/\\\/revistaliterariaelgatonegro.com\\\/wp-content\\\/uploads\\\/2025\\\/12\\\/cropped-Logotipo-Logo-Marca-personal-Pastel-Amarillo-12-Photoroom.png\",\"contentUrl\":\"https:\\\/\\\/revistaliterariaelgatonegro.com\\\/wp-content\\\/uploads\\\/2025\\\/12\\\/cropped-Logotipo-Logo-Marca-personal-Pastel-Amarillo-12-Photoroom.png\",\"width\":364,\"height\":212,\"caption\":\"administrador\"},\"logo\":{\"@id\":\"https:\\\/\\\/revistaliterariaelgatonegro.com\\\/wp-content\\\/uploads\\\/2025\\\/12\\\/cropped-Logotipo-Logo-Marca-personal-Pastel-Amarillo-12-Photoroom.png\"},\"sameAs\":[\"http:\\\/\\\/s864831950.mialojamiento.es\"]}]}<\/script>\n<!-- \/ Yoast SEO plugin. -->","yoast_head_json":{"title":"LA MECAN\u00d3GRAFA DE HITLER - REVISTA CULTURAL","description":"El secreto que habr\u00eda podido destruir al F\u00fchrer. Un cuaderno que contiene notas m\u00e9dicas cruciales relacionadas con Adolf Hitler.","robots":{"index":"index","follow":"follow","max-snippet":"max-snippet:-1","max-image-preview":"max-image-preview:large","max-video-preview":"max-video-preview:-1"},"canonical":"https:\/\/revistaliterariaelgatonegro.com\/?product=la-mecanografa-de-hitler","og_locale":"es_ES","og_type":"article","og_title":"LA MECAN\u00d3GRAFA DE HITLER - REVISTA CULTURAL","og_description":"El secreto que habr\u00eda podido destruir al F\u00fchrer. Un cuaderno que contiene notas m\u00e9dicas cruciales relacionadas con Adolf Hitler.","og_url":"https:\/\/revistaliterariaelgatonegro.com\/?product=la-mecanografa-de-hitler","og_site_name":"REVISTA CULTURAL","og_image":[{"width":516,"height":774,"url":"https:\/\/revistaliterariaelgatonegro.com\/wp-content\/uploads\/2025\/09\/LA-MECANO\u2560uGRAFA-DE-HITLER.jpg","type":"image\/jpeg"}],"twitter_card":"summary_large_image","twitter_misc":{"Tiempo de lectura":"1 minuto"},"schema":{"@context":"https:\/\/schema.org","@graph":[{"@type":"WebPage","@id":"https:\/\/revistaliterariaelgatonegro.com\/?product=la-mecanografa-de-hitler","url":"https:\/\/revistaliterariaelgatonegro.com\/?product=la-mecanografa-de-hitler","name":"LA MECAN\u00d3GRAFA DE HITLER - REVISTA CULTURAL","isPartOf":{"@id":"https:\/\/revistaliterariaelgatonegro.com\/#website"},"primaryImageOfPage":{"@id":"https:\/\/revistaliterariaelgatonegro.com\/?product=la-mecanografa-de-hitler#primaryimage"},"image":{"@id":"https:\/\/revistaliterariaelgatonegro.com\/?product=la-mecanografa-de-hitler#primaryimage"},"thumbnailUrl":"https:\/\/revistaliterariaelgatonegro.com\/wp-content\/uploads\/2025\/09\/LA-MECANO\u2560uGRAFA-DE-HITLER.jpg","datePublished":"2025-12-31T08:30:48+00:00","description":"El secreto que habr\u00eda podido destruir al F\u00fchrer. Un cuaderno que contiene notas m\u00e9dicas cruciales relacionadas con Adolf Hitler.","breadcrumb":{"@id":"https:\/\/revistaliterariaelgatonegro.com\/?product=la-mecanografa-de-hitler#breadcrumb"},"inLanguage":"es","potentialAction":[{"@type":"ReadAction","target":["https:\/\/revistaliterariaelgatonegro.com\/?product=la-mecanografa-de-hitler"]}]},{"@type":"ImageObject","inLanguage":"es","@id":"https:\/\/revistaliterariaelgatonegro.com\/?product=la-mecanografa-de-hitler#primaryimage","url":"https:\/\/revistaliterariaelgatonegro.com\/wp-content\/uploads\/2025\/09\/LA-MECANO\u2560uGRAFA-DE-HITLER.jpg","contentUrl":"https:\/\/revistaliterariaelgatonegro.com\/wp-content\/uploads\/2025\/09\/LA-MECANO\u2560uGRAFA-DE-HITLER.jpg","width":516,"height":774},{"@type":"BreadcrumbList","@id":"https:\/\/revistaliterariaelgatonegro.com\/?product=la-mecanografa-de-hitler#breadcrumb","itemListElement":[{"@type":"ListItem","position":1,"name":"Portada","item":"https:\/\/revistaliterariaelgatonegro.com\/"},{"@type":"ListItem","position":2,"name":"Librer\u00eda","item":"https:\/\/revistaliterariaelgatonegro.com\/?page_id=20159"},{"@type":"ListItem","position":3,"name":"LA MECAN\u00d3GRAFA DE HITLER"}]},{"@type":"WebSite","@id":"https:\/\/revistaliterariaelgatonegro.com\/#website","url":"https:\/\/revistaliterariaelgatonegro.com\/","name":"REVISTA CULTURAL","description":" Un nuevo espacio para la divulgaci\u00f3n literaria, as\u00ed como dem\u00e1s artes ","publisher":{"@id":"https:\/\/revistaliterariaelgatonegro.com\/#\/schema\/person\/6a37dd51e0f101e394e91c123fd12e8a"},"potentialAction":[{"@type":"SearchAction","target":{"@type":"EntryPoint","urlTemplate":"https:\/\/revistaliterariaelgatonegro.com\/?s={search_term_string}"},"query-input":{"@type":"PropertyValueSpecification","valueRequired":true,"valueName":"search_term_string"}}],"inLanguage":"es"},{"@type":["Person","Organization"],"@id":"https:\/\/revistaliterariaelgatonegro.com\/#\/schema\/person\/6a37dd51e0f101e394e91c123fd12e8a","name":"administrador","image":{"@type":"ImageObject","inLanguage":"es","@id":"https:\/\/revistaliterariaelgatonegro.com\/wp-content\/uploads\/2025\/12\/cropped-Logotipo-Logo-Marca-personal-Pastel-Amarillo-12-Photoroom.png","url":"https:\/\/revistaliterariaelgatonegro.com\/wp-content\/uploads\/2025\/12\/cropped-Logotipo-Logo-Marca-personal-Pastel-Amarillo-12-Photoroom.png","contentUrl":"https:\/\/revistaliterariaelgatonegro.com\/wp-content\/uploads\/2025\/12\/cropped-Logotipo-Logo-Marca-personal-Pastel-Amarillo-12-Photoroom.png","width":364,"height":212,"caption":"administrador"},"logo":{"@id":"https:\/\/revistaliterariaelgatonegro.com\/wp-content\/uploads\/2025\/12\/cropped-Logotipo-Logo-Marca-personal-Pastel-Amarillo-12-Photoroom.png"},"sameAs":["http:\/\/s864831950.mialojamiento.es"]}]}},"_links":{"self":[{"href":"https:\/\/revistaliterariaelgatonegro.com\/index.php?rest_route=\/wp\/v2\/product\/22010","targetHints":{"allow":["GET"]}}],"collection":[{"href":"https:\/\/revistaliterariaelgatonegro.com\/index.php?rest_route=\/wp\/v2\/product"}],"about":[{"href":"https:\/\/revistaliterariaelgatonegro.com\/index.php?rest_route=\/wp\/v2\/types\/product"}],"wp:featuredmedia":[{"embeddable":true,"href":"https:\/\/revistaliterariaelgatonegro.com\/index.php?rest_route=\/wp\/v2\/media\/21508"}],"wp:attachment":[{"href":"https:\/\/revistaliterariaelgatonegro.com\/index.php?rest_route=%2Fwp%2Fv2%2Fmedia&parent=22010"}],"wp:term":[{"taxonomy":"product_brand","embeddable":true,"href":"https:\/\/revistaliterariaelgatonegro.com\/index.php?rest_route=%2Fwp%2Fv2%2Fproduct_brand&post=22010"},{"taxonomy":"product_cat","embeddable":true,"href":"https:\/\/revistaliterariaelgatonegro.com\/index.php?rest_route=%2Fwp%2Fv2%2Fproduct_cat&post=22010"},{"taxonomy":"product_tag","embeddable":true,"href":"https:\/\/revistaliterariaelgatonegro.com\/index.php?rest_route=%2Fwp%2Fv2%2Fproduct_tag&post=22010"}],"curies":[{"name":"wp","href":"https:\/\/api.w.org\/{rel}","templated":true}]}}