{"id":22003,"date":"2025-12-29T11:30:49","date_gmt":"2025-12-29T11:30:49","guid":{"rendered":"https:\/\/revistaliterariaelgatonegro.com\/?post_type=product&#038;p=22003"},"modified":"2025-12-27T01:30:13","modified_gmt":"2025-12-27T01:30:13","slug":"potencial-asesino","status":"publish","type":"product","link":"https:\/\/revistaliterariaelgatonegro.com\/?product=potencial-asesino","title":{"rendered":"POTENCIAL ASESINO"},"content":{"rendered":"<p>Evie Gordon es una estudiante excepcional que siempre consider\u00f3 que, con su dedicaci\u00f3n, pronto lograr\u00eda alcanzar grandes metas en la vida. Sin embargo, tras terminar sus estudios en una universidad prestigiosa, se enfrenta a una dura realidad: cargada de deudas y empleada como tutora de los hijos de familias adineradas en Los \u00c1ngeles, se siente atrapada en un trabajo sin pasi\u00f3n. Su vida da un giro dram\u00e1tico cuando, durante una clase en la mansi\u00f3n de los Victor, se encuentra con la escena de un asesinato y, al intentar ayudar a una mujer, se convierte en sospechosa de un crimen.<\/p>\n<p>De repente, Evie se ve inmersa en una persecuci\u00f3n nacional para probar su inocencia, impulsada por la necesidad de descubrir la verdad detr\u00e1s de los asesinatos. En su b\u00fasqueda, debe superar la desconfianza de su compa\u00f1era, quien tambi\u00e9n ha estado involucrada en el incidente y se convierte en un personaje clave en su desafiante odisea. Juntas, recorren Estados Unidos, mientras los medios amplifican la historia de Evie, transform\u00e1ndola de una joven brillante a una figura p\u00fablica marcada como potencial asesina, evocando comparaciones con infames criminales como Charles Manson.<\/p>\n<p><em>Potencial asesino<\/em> se presenta como una novela intrigante, oscura y cr\u00edtica que combina un thriller emocionante con una exploraci\u00f3n de las complejidades del amor, a la par que vehicula una aguda cr\u00edtica al capitalismo tard\u00edo y a las narrativas sobre el potencial humano que pueden dirigir el rumbo de las vidas personales. La historia se convierte en un an\u00e1lisis profundo de c\u00f3mo las expectativas sociales y las condiciones econ\u00f3micas pueden influir en la identidad y destino de los individuos.<\/p>\n","protected":false},"excerpt":{"rendered":"<h3>Hannah Deitch<\/h3>\n<p>Un thriller trepidante que te mantendr\u00e1 al borde del asiento, una historia de amor\u00a0y una cr\u00edtica ir\u00f3nica a los horrores del capitalismo tard\u00edo y a c\u00f3mo las historias que nos venden sobre nuestro potencial pueden moldear el curso de nuestras vidas.<\/p>\n<ul>\n<li class=\"campo f-size-0 f-w-4 my-2 d-grid svelte-1yhk452\" data-campo=\"Editorial\"><b class=\"f-w-7\">Editorial: <\/b>Adn Editorial Grupo Anaya<\/li>\n<li class=\"campo f-size-0 f-w-4 my-2 d-grid svelte-1yhk452\" data-campo=\"ISBN\"><b class=\"f-w-7\">ISBN: <\/b>9791387596002<\/li>\n<li class=\"campo f-size-0 f-w-4 my-2 d-grid svelte-1yhk452\" data-campo=\"Idioma\"><b class=\"f-w-7\">Idioma: <\/b>Castellano<\/li>\n<li class=\"campo f-size-0 f-w-4 my-2 d-grid svelte-1yhk452\" data-campo=\"N\u00famero de p\u00e1ginas\"><b class=\"f-w-7\">N\u00famero de p\u00e1ginas: <\/b>360<\/li>\n<li class=\"campo f-size-0 f-w-4 my-2 d-grid svelte-1yhk452\" data-campo=\"Encuadernaci\u00f3n\"><b class=\"f-w-7\">Encuadernaci\u00f3n: <\/b>Tapa blanda<\/li>\n<\/ul>\n<p>&nbsp;<\/p>\n<p><a href=\"https:\/\/tidd.ly\/4pShazh\" target=\"_blank\" rel=\"noopener\"><button class=\"boton1\">Libro<\/button><\/a> <a href=\"https:\/\/tidd.ly\/4pW0gjv\" target=\"_blank\" rel=\"noopener\"><button class=\"boton1\">eBook<\/button><\/a><\/p>\n","protected":false},"featured_media":21906,"template":"","meta":[],"product_brand":[],"product_cat":[180],"product_tag":[175,161,199],"class_list":{"0":"post-22003","1":"product","2":"type-product","3":"status-publish","4":"has-post-thumbnail","6":"product_cat-novela-negra","7":"product_tag-misterio","8":"product_tag-narrativa-extranjera","9":"product_tag-novela-negra","11":"first","12":"instock","13":"sale","14":"taxable","15":"shipping-taxable","16":"product-type-external"},"yoast_head":"<!-- This site is optimized with the Yoast SEO plugin v27.4 - https:\/\/yoast.com\/product\/yoast-seo-wordpress\/ -->\n<title>POTENCIAL ASESINO - REVISTA CULTURAL<\/title>\n<meta name=\"robots\" content=\"index, follow, max-snippet:-1, max-image-preview:large, max-video-preview:-1\" \/>\n<link rel=\"canonical\" href=\"https:\/\/revistaliterariaelgatonegro.com\/?product=potencial-asesino\" \/>\n<meta property=\"og:locale\" content=\"es_ES\" \/>\n<meta property=\"og:type\" content=\"article\" \/>\n<meta property=\"og:title\" content=\"POTENCIAL ASESINO - REVISTA CULTURAL\" \/>\n<meta property=\"og:description\" content=\"Hannah Deitch Un thriller trepidante que te mantendr\u00e1 al borde del asiento, una historia de amor\u00a0y una cr\u00edtica ir\u00f3nica a los horrores del capitalismo tard\u00edo y a c\u00f3mo las historias que nos venden sobre nuestro potencial pueden moldear el curso de nuestras vidas.   Editorial: Adn Editorial Grupo Anaya  ISBN: 9791387596002  Idioma: Castellano  N\u00famero de p\u00e1ginas: 360  Encuadernaci\u00f3n: Tapa blanda  &nbsp;  Libro eBook\" \/>\n<meta property=\"og:url\" content=\"https:\/\/revistaliterariaelgatonegro.com\/?product=potencial-asesino\" \/>\n<meta property=\"og:site_name\" content=\"REVISTA CULTURAL\" \/>\n<meta property=\"og:image\" content=\"https:\/\/revistaliterariaelgatonegro.com\/wp-content\/uploads\/2025\/12\/AdN-Deitch-Potencial-asesino_FRONTAL.jpg\" \/>\n\t<meta property=\"og:image:width\" content=\"437\" \/>\n\t<meta property=\"og:image:height\" content=\"654\" \/>\n\t<meta property=\"og:image:type\" content=\"image\/jpeg\" \/>\n<meta name=\"twitter:card\" content=\"summary_large_image\" \/>\n<meta name=\"twitter:label1\" content=\"Tiempo de lectura\" \/>\n\t<meta name=\"twitter:data1\" content=\"2 minutos\" \/>\n<script type=\"application\/ld+json\" class=\"yoast-schema-graph\">{\"@context\":\"https:\\\/\\\/schema.org\",\"@graph\":[{\"@type\":\"WebPage\",\"@id\":\"https:\\\/\\\/revistaliterariaelgatonegro.com\\\/?product=potencial-asesino\",\"url\":\"https:\\\/\\\/revistaliterariaelgatonegro.com\\\/?product=potencial-asesino\",\"name\":\"POTENCIAL ASESINO - REVISTA CULTURAL\",\"isPartOf\":{\"@id\":\"https:\\\/\\\/revistaliterariaelgatonegro.com\\\/#website\"},\"primaryImageOfPage\":{\"@id\":\"https:\\\/\\\/revistaliterariaelgatonegro.com\\\/?product=potencial-asesino#primaryimage\"},\"image\":{\"@id\":\"https:\\\/\\\/revistaliterariaelgatonegro.com\\\/?product=potencial-asesino#primaryimage\"},\"thumbnailUrl\":\"https:\\\/\\\/revistaliterariaelgatonegro.com\\\/wp-content\\\/uploads\\\/2025\\\/12\\\/AdN-Deitch-Potencial-asesino_FRONTAL.jpg\",\"datePublished\":\"2025-12-29T11:30:49+00:00\",\"breadcrumb\":{\"@id\":\"https:\\\/\\\/revistaliterariaelgatonegro.com\\\/?product=potencial-asesino#breadcrumb\"},\"inLanguage\":\"es\",\"potentialAction\":[{\"@type\":\"ReadAction\",\"target\":[\"https:\\\/\\\/revistaliterariaelgatonegro.com\\\/?product=potencial-asesino\"]}]},{\"@type\":\"ImageObject\",\"inLanguage\":\"es\",\"@id\":\"https:\\\/\\\/revistaliterariaelgatonegro.com\\\/?product=potencial-asesino#primaryimage\",\"url\":\"https:\\\/\\\/revistaliterariaelgatonegro.com\\\/wp-content\\\/uploads\\\/2025\\\/12\\\/AdN-Deitch-Potencial-asesino_FRONTAL.jpg\",\"contentUrl\":\"https:\\\/\\\/revistaliterariaelgatonegro.com\\\/wp-content\\\/uploads\\\/2025\\\/12\\\/AdN-Deitch-Potencial-asesino_FRONTAL.jpg\",\"width\":437,\"height\":654},{\"@type\":\"BreadcrumbList\",\"@id\":\"https:\\\/\\\/revistaliterariaelgatonegro.com\\\/?product=potencial-asesino#breadcrumb\",\"itemListElement\":[{\"@type\":\"ListItem\",\"position\":1,\"name\":\"Portada\",\"item\":\"https:\\\/\\\/revistaliterariaelgatonegro.com\\\/\"},{\"@type\":\"ListItem\",\"position\":2,\"name\":\"Librer\u00eda\",\"item\":\"https:\\\/\\\/revistaliterariaelgatonegro.com\\\/?page_id=20159\"},{\"@type\":\"ListItem\",\"position\":3,\"name\":\"POTENCIAL ASESINO\"}]},{\"@type\":\"WebSite\",\"@id\":\"https:\\\/\\\/revistaliterariaelgatonegro.com\\\/#website\",\"url\":\"https:\\\/\\\/revistaliterariaelgatonegro.com\\\/\",\"name\":\"REVISTA CULTURAL\",\"description\":\" Un nuevo espacio para la divulgaci\u00f3n literaria, as\u00ed como dem\u00e1s artes \",\"publisher\":{\"@id\":\"https:\\\/\\\/revistaliterariaelgatonegro.com\\\/#\\\/schema\\\/person\\\/6a37dd51e0f101e394e91c123fd12e8a\"},\"potentialAction\":[{\"@type\":\"SearchAction\",\"target\":{\"@type\":\"EntryPoint\",\"urlTemplate\":\"https:\\\/\\\/revistaliterariaelgatonegro.com\\\/?s={search_term_string}\"},\"query-input\":{\"@type\":\"PropertyValueSpecification\",\"valueRequired\":true,\"valueName\":\"search_term_string\"}}],\"inLanguage\":\"es\"},{\"@type\":[\"Person\",\"Organization\"],\"@id\":\"https:\\\/\\\/revistaliterariaelgatonegro.com\\\/#\\\/schema\\\/person\\\/6a37dd51e0f101e394e91c123fd12e8a\",\"name\":\"administrador\",\"image\":{\"@type\":\"ImageObject\",\"inLanguage\":\"es\",\"@id\":\"https:\\\/\\\/revistaliterariaelgatonegro.com\\\/wp-content\\\/uploads\\\/2025\\\/12\\\/cropped-Logotipo-Logo-Marca-personal-Pastel-Amarillo-12-Photoroom.png\",\"url\":\"https:\\\/\\\/revistaliterariaelgatonegro.com\\\/wp-content\\\/uploads\\\/2025\\\/12\\\/cropped-Logotipo-Logo-Marca-personal-Pastel-Amarillo-12-Photoroom.png\",\"contentUrl\":\"https:\\\/\\\/revistaliterariaelgatonegro.com\\\/wp-content\\\/uploads\\\/2025\\\/12\\\/cropped-Logotipo-Logo-Marca-personal-Pastel-Amarillo-12-Photoroom.png\",\"width\":364,\"height\":212,\"caption\":\"administrador\"},\"logo\":{\"@id\":\"https:\\\/\\\/revistaliterariaelgatonegro.com\\\/wp-content\\\/uploads\\\/2025\\\/12\\\/cropped-Logotipo-Logo-Marca-personal-Pastel-Amarillo-12-Photoroom.png\"},\"sameAs\":[\"http:\\\/\\\/s864831950.mialojamiento.es\"]}]}<\/script>\n<!-- \/ Yoast SEO plugin. -->","yoast_head_json":{"title":"POTENCIAL ASESINO - REVISTA CULTURAL","robots":{"index":"index","follow":"follow","max-snippet":"max-snippet:-1","max-image-preview":"max-image-preview:large","max-video-preview":"max-video-preview:-1"},"canonical":"https:\/\/revistaliterariaelgatonegro.com\/?product=potencial-asesino","og_locale":"es_ES","og_type":"article","og_title":"POTENCIAL ASESINO - REVISTA CULTURAL","og_description":"Hannah Deitch Un thriller trepidante que te mantendr\u00e1 al borde del asiento, una historia de amor\u00a0y una cr\u00edtica ir\u00f3nica a los horrores del capitalismo tard\u00edo y a c\u00f3mo las historias que nos venden sobre nuestro potencial pueden moldear el curso de nuestras vidas.   Editorial: Adn Editorial Grupo Anaya  ISBN: 9791387596002  Idioma: Castellano  N\u00famero de p\u00e1ginas: 360  Encuadernaci\u00f3n: Tapa blanda  &nbsp;  Libro eBook","og_url":"https:\/\/revistaliterariaelgatonegro.com\/?product=potencial-asesino","og_site_name":"REVISTA CULTURAL","og_image":[{"width":437,"height":654,"url":"https:\/\/revistaliterariaelgatonegro.com\/wp-content\/uploads\/2025\/12\/AdN-Deitch-Potencial-asesino_FRONTAL.jpg","type":"image\/jpeg"}],"twitter_card":"summary_large_image","twitter_misc":{"Tiempo de lectura":"2 minutos"},"schema":{"@context":"https:\/\/schema.org","@graph":[{"@type":"WebPage","@id":"https:\/\/revistaliterariaelgatonegro.com\/?product=potencial-asesino","url":"https:\/\/revistaliterariaelgatonegro.com\/?product=potencial-asesino","name":"POTENCIAL ASESINO - REVISTA CULTURAL","isPartOf":{"@id":"https:\/\/revistaliterariaelgatonegro.com\/#website"},"primaryImageOfPage":{"@id":"https:\/\/revistaliterariaelgatonegro.com\/?product=potencial-asesino#primaryimage"},"image":{"@id":"https:\/\/revistaliterariaelgatonegro.com\/?product=potencial-asesino#primaryimage"},"thumbnailUrl":"https:\/\/revistaliterariaelgatonegro.com\/wp-content\/uploads\/2025\/12\/AdN-Deitch-Potencial-asesino_FRONTAL.jpg","datePublished":"2025-12-29T11:30:49+00:00","breadcrumb":{"@id":"https:\/\/revistaliterariaelgatonegro.com\/?product=potencial-asesino#breadcrumb"},"inLanguage":"es","potentialAction":[{"@type":"ReadAction","target":["https:\/\/revistaliterariaelgatonegro.com\/?product=potencial-asesino"]}]},{"@type":"ImageObject","inLanguage":"es","@id":"https:\/\/revistaliterariaelgatonegro.com\/?product=potencial-asesino#primaryimage","url":"https:\/\/revistaliterariaelgatonegro.com\/wp-content\/uploads\/2025\/12\/AdN-Deitch-Potencial-asesino_FRONTAL.jpg","contentUrl":"https:\/\/revistaliterariaelgatonegro.com\/wp-content\/uploads\/2025\/12\/AdN-Deitch-Potencial-asesino_FRONTAL.jpg","width":437,"height":654},{"@type":"BreadcrumbList","@id":"https:\/\/revistaliterariaelgatonegro.com\/?product=potencial-asesino#breadcrumb","itemListElement":[{"@type":"ListItem","position":1,"name":"Portada","item":"https:\/\/revistaliterariaelgatonegro.com\/"},{"@type":"ListItem","position":2,"name":"Librer\u00eda","item":"https:\/\/revistaliterariaelgatonegro.com\/?page_id=20159"},{"@type":"ListItem","position":3,"name":"POTENCIAL ASESINO"}]},{"@type":"WebSite","@id":"https:\/\/revistaliterariaelgatonegro.com\/#website","url":"https:\/\/revistaliterariaelgatonegro.com\/","name":"REVISTA CULTURAL","description":" Un nuevo espacio para la divulgaci\u00f3n literaria, as\u00ed como dem\u00e1s artes ","publisher":{"@id":"https:\/\/revistaliterariaelgatonegro.com\/#\/schema\/person\/6a37dd51e0f101e394e91c123fd12e8a"},"potentialAction":[{"@type":"SearchAction","target":{"@type":"EntryPoint","urlTemplate":"https:\/\/revistaliterariaelgatonegro.com\/?s={search_term_string}"},"query-input":{"@type":"PropertyValueSpecification","valueRequired":true,"valueName":"search_term_string"}}],"inLanguage":"es"},{"@type":["Person","Organization"],"@id":"https:\/\/revistaliterariaelgatonegro.com\/#\/schema\/person\/6a37dd51e0f101e394e91c123fd12e8a","name":"administrador","image":{"@type":"ImageObject","inLanguage":"es","@id":"https:\/\/revistaliterariaelgatonegro.com\/wp-content\/uploads\/2025\/12\/cropped-Logotipo-Logo-Marca-personal-Pastel-Amarillo-12-Photoroom.png","url":"https:\/\/revistaliterariaelgatonegro.com\/wp-content\/uploads\/2025\/12\/cropped-Logotipo-Logo-Marca-personal-Pastel-Amarillo-12-Photoroom.png","contentUrl":"https:\/\/revistaliterariaelgatonegro.com\/wp-content\/uploads\/2025\/12\/cropped-Logotipo-Logo-Marca-personal-Pastel-Amarillo-12-Photoroom.png","width":364,"height":212,"caption":"administrador"},"logo":{"@id":"https:\/\/revistaliterariaelgatonegro.com\/wp-content\/uploads\/2025\/12\/cropped-Logotipo-Logo-Marca-personal-Pastel-Amarillo-12-Photoroom.png"},"sameAs":["http:\/\/s864831950.mialojamiento.es"]}]}},"_links":{"self":[{"href":"https:\/\/revistaliterariaelgatonegro.com\/index.php?rest_route=\/wp\/v2\/product\/22003","targetHints":{"allow":["GET"]}}],"collection":[{"href":"https:\/\/revistaliterariaelgatonegro.com\/index.php?rest_route=\/wp\/v2\/product"}],"about":[{"href":"https:\/\/revistaliterariaelgatonegro.com\/index.php?rest_route=\/wp\/v2\/types\/product"}],"wp:featuredmedia":[{"embeddable":true,"href":"https:\/\/revistaliterariaelgatonegro.com\/index.php?rest_route=\/wp\/v2\/media\/21906"}],"wp:attachment":[{"href":"https:\/\/revistaliterariaelgatonegro.com\/index.php?rest_route=%2Fwp%2Fv2%2Fmedia&parent=22003"}],"wp:term":[{"taxonomy":"product_brand","embeddable":true,"href":"https:\/\/revistaliterariaelgatonegro.com\/index.php?rest_route=%2Fwp%2Fv2%2Fproduct_brand&post=22003"},{"taxonomy":"product_cat","embeddable":true,"href":"https:\/\/revistaliterariaelgatonegro.com\/index.php?rest_route=%2Fwp%2Fv2%2Fproduct_cat&post=22003"},{"taxonomy":"product_tag","embeddable":true,"href":"https:\/\/revistaliterariaelgatonegro.com\/index.php?rest_route=%2Fwp%2Fv2%2Fproduct_tag&post=22003"}],"curies":[{"name":"wp","href":"https:\/\/api.w.org\/{rel}","templated":true}]}}