{"id":21984,"date":"2025-12-27T00:48:50","date_gmt":"2025-12-27T00:48:50","guid":{"rendered":"https:\/\/revistaliterariaelgatonegro.com\/?post_type=product&#038;p=21984"},"modified":"2025-12-27T00:48:50","modified_gmt":"2025-12-27T00:48:50","slug":"demasiado-tarde-para-huir","status":"publish","type":"product","link":"https:\/\/revistaliterariaelgatonegro.com\/?product=demasiado-tarde-para-huir","title":{"rendered":"DEMASIADO TARDE PARA HUIR"},"content":{"rendered":"<p>La editorial Almuzara ha anunciado la publicaci\u00f3n de <em>Demasiado tarde para huir<\/em>, la nueva novela negra de Ignacio del Burgo, caracterizada por su estilo narrativo elegante y su tensi\u00f3n psicol\u00f3gica, adem\u00e1s de una meticulosa recreaci\u00f3n hist\u00f3rica. La historia se desarrolla en Los \u00c1ngeles y Londres durante la d\u00e9cada de 1930, un per\u00edodo convulso marcado por el aumento del crimen organizado, la emergencia de totalitarismos y un clima internacional de desconfianza que presagiaba la guerra.<\/p>\n<p>El protagonista, Jack Murphy, es un detective privado que arrastra las secuelas de la guerra, desenga\u00f1os amorosos y un cinismo que oculta su fragilidad. Su misi\u00f3n inicial de localizar a una artista desaparecida en Londres se transforma en una intrincada red de espionaje, pasiones peligrosas y lealtades traicionadas. A lo largo de la trama, Murphy no solo debe confrontar adversarios que operan desde las sombras, sino tambi\u00e9n sus propios miedos relacionados con el compromiso y la posibilidad de redenci\u00f3n.<\/p>\n<p><em>Demasiado tarde para huir<\/em> rinde homenaje a los cl\u00e1sicos del hard-boiled, evocando a escritores como Hammett y Chandler, pero a la vez presenta una perspectiva m\u00e1s contempor\u00e1nea, adentr\u00e1ndose en la psicolog\u00eda de los personajes con un enfoque introspectivo. La narrativa, rica en intriga, evoluciona sorprendentemente, inici\u00e1ndose como un caso que aparenta ser convencional y convirti\u00e9ndose en una compleja trama de espionaje donde la identidad de los personajes no es lo que parece.<\/p>\n<p>&nbsp;<\/p>\n","protected":false},"excerpt":{"rendered":"<h3 data-campo=\"Editorial\">Ignacio del Burgo<\/h3>\n<p data-campo=\"Editorial\">Una novela negra de corte cl\u00e1sico, cargada de atm\u00f3sfera, iron\u00eda y tensi\u00f3n creciente, que rinde homenaje a los grandes maestros del g\u00e9nero.<\/p>\n<ul>\n<li class=\"campo f-size-0 f-w-4 my-2 d-grid svelte-1yhk452\" data-campo=\"Editorial\"><b class=\"f-w-7\">Editorial: <\/b>Almuzara<\/li>\n<li class=\"campo f-size-0 f-w-4 my-2 d-grid svelte-1yhk452\" data-campo=\"ISBN\"><b class=\"f-w-7\">ISBN: <\/b>9791370200305<\/li>\n<li class=\"campo f-size-0 f-w-4 my-2 d-grid svelte-1yhk452\" data-campo=\"Idioma\"><b class=\"f-w-7\">Idioma: <\/b>Castellano<\/li>\n<li class=\"campo f-size-0 f-w-4 my-2 d-grid svelte-1yhk452\" data-campo=\"N\u00famero de p\u00e1ginas\"><b class=\"f-w-7\">N\u00famero de p\u00e1ginas: <\/b>216<\/li>\n<li class=\"campo f-size-0 f-w-4 my-2 d-grid svelte-1yhk452\" data-campo=\"Encuadernaci\u00f3n\"><b class=\"f-w-7\">Encuadernaci\u00f3n: <\/b>Tapa blanda<\/li>\n<\/ul>\n<p>&nbsp;<\/p>\n<p><a href=\"https:\/\/tidd.ly\/499Gvxx\" target=\"_blank\" rel=\"noopener\"><button class=\"boton1\">Libro<\/button><\/a><\/p>\n","protected":false},"featured_media":21781,"template":"","meta":[],"product_brand":[],"product_cat":[180],"product_tag":[175,199],"class_list":{"0":"post-21984","1":"product","2":"type-product","3":"status-publish","4":"has-post-thumbnail","6":"product_cat-novela-negra","7":"product_tag-misterio","8":"product_tag-novela-negra","10":"first","11":"instock","12":"sale","13":"taxable","14":"shipping-taxable","15":"product-type-external"},"yoast_head":"<!-- This site is optimized with the Yoast SEO plugin v27.4 - https:\/\/yoast.com\/product\/yoast-seo-wordpress\/ -->\n<title>DEMASIADO TARDE PARA HUIR - REVISTA CULTURAL<\/title>\n<meta name=\"robots\" content=\"index, follow, max-snippet:-1, max-image-preview:large, max-video-preview:-1\" \/>\n<link rel=\"canonical\" href=\"https:\/\/revistaliterariaelgatonegro.com\/?product=demasiado-tarde-para-huir\" \/>\n<meta property=\"og:locale\" content=\"es_ES\" \/>\n<meta property=\"og:type\" content=\"article\" \/>\n<meta property=\"og:title\" content=\"DEMASIADO TARDE PARA HUIR - REVISTA CULTURAL\" \/>\n<meta property=\"og:description\" content=\"Ignacio del Burgo Una novela negra de corte cl\u00e1sico, cargada de atm\u00f3sfera, iron\u00eda y tensi\u00f3n creciente, que rinde homenaje a los grandes maestros del g\u00e9nero.    Editorial: Almuzara  ISBN: 9791370200305  Idioma: Castellano  N\u00famero de p\u00e1ginas: 216  Encuadernaci\u00f3n: Tapa blanda  &nbsp;  Libro\" \/>\n<meta property=\"og:url\" content=\"https:\/\/revistaliterariaelgatonegro.com\/?product=demasiado-tarde-para-huir\" \/>\n<meta property=\"og:site_name\" content=\"REVISTA CULTURAL\" \/>\n<meta property=\"og:image\" content=\"https:\/\/revistaliterariaelgatonegro.com\/wp-content\/uploads\/2025\/12\/demasiado-tarde-para-huir.jpg\" \/>\n\t<meta property=\"og:image:width\" content=\"302\" \/>\n\t<meta property=\"og:image:height\" content=\"450\" \/>\n\t<meta property=\"og:image:type\" content=\"image\/jpeg\" \/>\n<meta name=\"twitter:card\" content=\"summary_large_image\" \/>\n<meta name=\"twitter:label1\" content=\"Tiempo de lectura\" \/>\n\t<meta name=\"twitter:data1\" content=\"2 minutos\" \/>\n<script type=\"application\/ld+json\" class=\"yoast-schema-graph\">{\"@context\":\"https:\\\/\\\/schema.org\",\"@graph\":[{\"@type\":\"WebPage\",\"@id\":\"https:\\\/\\\/revistaliterariaelgatonegro.com\\\/?product=demasiado-tarde-para-huir\",\"url\":\"https:\\\/\\\/revistaliterariaelgatonegro.com\\\/?product=demasiado-tarde-para-huir\",\"name\":\"DEMASIADO TARDE PARA HUIR - REVISTA CULTURAL\",\"isPartOf\":{\"@id\":\"https:\\\/\\\/revistaliterariaelgatonegro.com\\\/#website\"},\"primaryImageOfPage\":{\"@id\":\"https:\\\/\\\/revistaliterariaelgatonegro.com\\\/?product=demasiado-tarde-para-huir#primaryimage\"},\"image\":{\"@id\":\"https:\\\/\\\/revistaliterariaelgatonegro.com\\\/?product=demasiado-tarde-para-huir#primaryimage\"},\"thumbnailUrl\":\"https:\\\/\\\/revistaliterariaelgatonegro.com\\\/wp-content\\\/uploads\\\/2025\\\/12\\\/demasiado-tarde-para-huir.jpg\",\"datePublished\":\"2025-12-27T00:48:50+00:00\",\"breadcrumb\":{\"@id\":\"https:\\\/\\\/revistaliterariaelgatonegro.com\\\/?product=demasiado-tarde-para-huir#breadcrumb\"},\"inLanguage\":\"es\",\"potentialAction\":[{\"@type\":\"ReadAction\",\"target\":[\"https:\\\/\\\/revistaliterariaelgatonegro.com\\\/?product=demasiado-tarde-para-huir\"]}]},{\"@type\":\"ImageObject\",\"inLanguage\":\"es\",\"@id\":\"https:\\\/\\\/revistaliterariaelgatonegro.com\\\/?product=demasiado-tarde-para-huir#primaryimage\",\"url\":\"https:\\\/\\\/revistaliterariaelgatonegro.com\\\/wp-content\\\/uploads\\\/2025\\\/12\\\/demasiado-tarde-para-huir.jpg\",\"contentUrl\":\"https:\\\/\\\/revistaliterariaelgatonegro.com\\\/wp-content\\\/uploads\\\/2025\\\/12\\\/demasiado-tarde-para-huir.jpg\",\"width\":302,\"height\":450},{\"@type\":\"BreadcrumbList\",\"@id\":\"https:\\\/\\\/revistaliterariaelgatonegro.com\\\/?product=demasiado-tarde-para-huir#breadcrumb\",\"itemListElement\":[{\"@type\":\"ListItem\",\"position\":1,\"name\":\"Portada\",\"item\":\"https:\\\/\\\/revistaliterariaelgatonegro.com\\\/\"},{\"@type\":\"ListItem\",\"position\":2,\"name\":\"Librer\u00eda\",\"item\":\"https:\\\/\\\/revistaliterariaelgatonegro.com\\\/?page_id=20159\"},{\"@type\":\"ListItem\",\"position\":3,\"name\":\"DEMASIADO TARDE PARA HUIR\"}]},{\"@type\":\"WebSite\",\"@id\":\"https:\\\/\\\/revistaliterariaelgatonegro.com\\\/#website\",\"url\":\"https:\\\/\\\/revistaliterariaelgatonegro.com\\\/\",\"name\":\"REVISTA CULTURAL\",\"description\":\" Un nuevo espacio para la divulgaci\u00f3n literaria, as\u00ed como dem\u00e1s artes \",\"publisher\":{\"@id\":\"https:\\\/\\\/revistaliterariaelgatonegro.com\\\/#\\\/schema\\\/person\\\/6a37dd51e0f101e394e91c123fd12e8a\"},\"potentialAction\":[{\"@type\":\"SearchAction\",\"target\":{\"@type\":\"EntryPoint\",\"urlTemplate\":\"https:\\\/\\\/revistaliterariaelgatonegro.com\\\/?s={search_term_string}\"},\"query-input\":{\"@type\":\"PropertyValueSpecification\",\"valueRequired\":true,\"valueName\":\"search_term_string\"}}],\"inLanguage\":\"es\"},{\"@type\":[\"Person\",\"Organization\"],\"@id\":\"https:\\\/\\\/revistaliterariaelgatonegro.com\\\/#\\\/schema\\\/person\\\/6a37dd51e0f101e394e91c123fd12e8a\",\"name\":\"administrador\",\"image\":{\"@type\":\"ImageObject\",\"inLanguage\":\"es\",\"@id\":\"https:\\\/\\\/revistaliterariaelgatonegro.com\\\/wp-content\\\/uploads\\\/2025\\\/12\\\/cropped-Logotipo-Logo-Marca-personal-Pastel-Amarillo-12-Photoroom.png\",\"url\":\"https:\\\/\\\/revistaliterariaelgatonegro.com\\\/wp-content\\\/uploads\\\/2025\\\/12\\\/cropped-Logotipo-Logo-Marca-personal-Pastel-Amarillo-12-Photoroom.png\",\"contentUrl\":\"https:\\\/\\\/revistaliterariaelgatonegro.com\\\/wp-content\\\/uploads\\\/2025\\\/12\\\/cropped-Logotipo-Logo-Marca-personal-Pastel-Amarillo-12-Photoroom.png\",\"width\":364,\"height\":212,\"caption\":\"administrador\"},\"logo\":{\"@id\":\"https:\\\/\\\/revistaliterariaelgatonegro.com\\\/wp-content\\\/uploads\\\/2025\\\/12\\\/cropped-Logotipo-Logo-Marca-personal-Pastel-Amarillo-12-Photoroom.png\"},\"sameAs\":[\"http:\\\/\\\/s864831950.mialojamiento.es\"]}]}<\/script>\n<!-- \/ Yoast SEO plugin. -->","yoast_head_json":{"title":"DEMASIADO TARDE PARA HUIR - REVISTA CULTURAL","robots":{"index":"index","follow":"follow","max-snippet":"max-snippet:-1","max-image-preview":"max-image-preview:large","max-video-preview":"max-video-preview:-1"},"canonical":"https:\/\/revistaliterariaelgatonegro.com\/?product=demasiado-tarde-para-huir","og_locale":"es_ES","og_type":"article","og_title":"DEMASIADO TARDE PARA HUIR - REVISTA CULTURAL","og_description":"Ignacio del Burgo Una novela negra de corte cl\u00e1sico, cargada de atm\u00f3sfera, iron\u00eda y tensi\u00f3n creciente, que rinde homenaje a los grandes maestros del g\u00e9nero.    Editorial: Almuzara  ISBN: 9791370200305  Idioma: Castellano  N\u00famero de p\u00e1ginas: 216  Encuadernaci\u00f3n: Tapa blanda  &nbsp;  Libro","og_url":"https:\/\/revistaliterariaelgatonegro.com\/?product=demasiado-tarde-para-huir","og_site_name":"REVISTA CULTURAL","og_image":[{"width":302,"height":450,"url":"https:\/\/revistaliterariaelgatonegro.com\/wp-content\/uploads\/2025\/12\/demasiado-tarde-para-huir.jpg","type":"image\/jpeg"}],"twitter_card":"summary_large_image","twitter_misc":{"Tiempo de lectura":"2 minutos"},"schema":{"@context":"https:\/\/schema.org","@graph":[{"@type":"WebPage","@id":"https:\/\/revistaliterariaelgatonegro.com\/?product=demasiado-tarde-para-huir","url":"https:\/\/revistaliterariaelgatonegro.com\/?product=demasiado-tarde-para-huir","name":"DEMASIADO TARDE PARA HUIR - REVISTA CULTURAL","isPartOf":{"@id":"https:\/\/revistaliterariaelgatonegro.com\/#website"},"primaryImageOfPage":{"@id":"https:\/\/revistaliterariaelgatonegro.com\/?product=demasiado-tarde-para-huir#primaryimage"},"image":{"@id":"https:\/\/revistaliterariaelgatonegro.com\/?product=demasiado-tarde-para-huir#primaryimage"},"thumbnailUrl":"https:\/\/revistaliterariaelgatonegro.com\/wp-content\/uploads\/2025\/12\/demasiado-tarde-para-huir.jpg","datePublished":"2025-12-27T00:48:50+00:00","breadcrumb":{"@id":"https:\/\/revistaliterariaelgatonegro.com\/?product=demasiado-tarde-para-huir#breadcrumb"},"inLanguage":"es","potentialAction":[{"@type":"ReadAction","target":["https:\/\/revistaliterariaelgatonegro.com\/?product=demasiado-tarde-para-huir"]}]},{"@type":"ImageObject","inLanguage":"es","@id":"https:\/\/revistaliterariaelgatonegro.com\/?product=demasiado-tarde-para-huir#primaryimage","url":"https:\/\/revistaliterariaelgatonegro.com\/wp-content\/uploads\/2025\/12\/demasiado-tarde-para-huir.jpg","contentUrl":"https:\/\/revistaliterariaelgatonegro.com\/wp-content\/uploads\/2025\/12\/demasiado-tarde-para-huir.jpg","width":302,"height":450},{"@type":"BreadcrumbList","@id":"https:\/\/revistaliterariaelgatonegro.com\/?product=demasiado-tarde-para-huir#breadcrumb","itemListElement":[{"@type":"ListItem","position":1,"name":"Portada","item":"https:\/\/revistaliterariaelgatonegro.com\/"},{"@type":"ListItem","position":2,"name":"Librer\u00eda","item":"https:\/\/revistaliterariaelgatonegro.com\/?page_id=20159"},{"@type":"ListItem","position":3,"name":"DEMASIADO TARDE PARA HUIR"}]},{"@type":"WebSite","@id":"https:\/\/revistaliterariaelgatonegro.com\/#website","url":"https:\/\/revistaliterariaelgatonegro.com\/","name":"REVISTA CULTURAL","description":" Un nuevo espacio para la divulgaci\u00f3n literaria, as\u00ed como dem\u00e1s artes ","publisher":{"@id":"https:\/\/revistaliterariaelgatonegro.com\/#\/schema\/person\/6a37dd51e0f101e394e91c123fd12e8a"},"potentialAction":[{"@type":"SearchAction","target":{"@type":"EntryPoint","urlTemplate":"https:\/\/revistaliterariaelgatonegro.com\/?s={search_term_string}"},"query-input":{"@type":"PropertyValueSpecification","valueRequired":true,"valueName":"search_term_string"}}],"inLanguage":"es"},{"@type":["Person","Organization"],"@id":"https:\/\/revistaliterariaelgatonegro.com\/#\/schema\/person\/6a37dd51e0f101e394e91c123fd12e8a","name":"administrador","image":{"@type":"ImageObject","inLanguage":"es","@id":"https:\/\/revistaliterariaelgatonegro.com\/wp-content\/uploads\/2025\/12\/cropped-Logotipo-Logo-Marca-personal-Pastel-Amarillo-12-Photoroom.png","url":"https:\/\/revistaliterariaelgatonegro.com\/wp-content\/uploads\/2025\/12\/cropped-Logotipo-Logo-Marca-personal-Pastel-Amarillo-12-Photoroom.png","contentUrl":"https:\/\/revistaliterariaelgatonegro.com\/wp-content\/uploads\/2025\/12\/cropped-Logotipo-Logo-Marca-personal-Pastel-Amarillo-12-Photoroom.png","width":364,"height":212,"caption":"administrador"},"logo":{"@id":"https:\/\/revistaliterariaelgatonegro.com\/wp-content\/uploads\/2025\/12\/cropped-Logotipo-Logo-Marca-personal-Pastel-Amarillo-12-Photoroom.png"},"sameAs":["http:\/\/s864831950.mialojamiento.es"]}]}},"_links":{"self":[{"href":"https:\/\/revistaliterariaelgatonegro.com\/index.php?rest_route=\/wp\/v2\/product\/21984","targetHints":{"allow":["GET"]}}],"collection":[{"href":"https:\/\/revistaliterariaelgatonegro.com\/index.php?rest_route=\/wp\/v2\/product"}],"about":[{"href":"https:\/\/revistaliterariaelgatonegro.com\/index.php?rest_route=\/wp\/v2\/types\/product"}],"wp:featuredmedia":[{"embeddable":true,"href":"https:\/\/revistaliterariaelgatonegro.com\/index.php?rest_route=\/wp\/v2\/media\/21781"}],"wp:attachment":[{"href":"https:\/\/revistaliterariaelgatonegro.com\/index.php?rest_route=%2Fwp%2Fv2%2Fmedia&parent=21984"}],"wp:term":[{"taxonomy":"product_brand","embeddable":true,"href":"https:\/\/revistaliterariaelgatonegro.com\/index.php?rest_route=%2Fwp%2Fv2%2Fproduct_brand&post=21984"},{"taxonomy":"product_cat","embeddable":true,"href":"https:\/\/revistaliterariaelgatonegro.com\/index.php?rest_route=%2Fwp%2Fv2%2Fproduct_cat&post=21984"},{"taxonomy":"product_tag","embeddable":true,"href":"https:\/\/revistaliterariaelgatonegro.com\/index.php?rest_route=%2Fwp%2Fv2%2Fproduct_tag&post=21984"}],"curies":[{"name":"wp","href":"https:\/\/api.w.org\/{rel}","templated":true}]}}