{"id":21981,"date":"2025-12-27T00:22:03","date_gmt":"2025-12-27T00:22:03","guid":{"rendered":"https:\/\/revistaliterariaelgatonegro.com\/?post_type=product&#038;p=21981"},"modified":"2025-12-27T00:22:03","modified_gmt":"2025-12-27T00:22:03","slug":"manual-de-seduccion","status":"publish","type":"product","link":"https:\/\/revistaliterariaelgatonegro.com\/?product=manual-de-seduccion","title":{"rendered":"MANUAL DE SEDUCCI\u00d3N PARA MUJERES Del trono de Cleopatra a la jungla de Tinder"},"content":{"rendered":"<p>Este libro explora el concepto de la seducci\u00f3n como una forma de liderazgo y poder personal, planteando la idea de que el misterio y la autenticidad pueden ser herramientas efectivas para dejar una huella en el mundo. A trav\u00e9s de ejemplos hist\u00f3ricos y contempor\u00e1neos de mujeres influyentes como Cleopatra, Karol G, Michelle Obama, Angela Merkel&#8230; La autora invita a las lectoras a reconfigurar su relaci\u00f3n con su poder interno.<\/p>\n<p>El texto sugiere que seducir no se centra en agradar a los dem\u00e1s, sino en habitar plenamente quien eres y en despertar el poder que ya posees. Se mencionan diversas estrategias, desde el arte del impacto que se aprende de Cleopatra hasta la capacidad de convertir el silencio en poder, como lo hizo Mata Hari. Tambi\u00e9n se nos presenta la narrativa de figuras como Frida Kahlo, Sissi, Oprah, y Zendaya, con el objetivo de que las lectoras reconozcan y utilicen su magnetismo natural.<\/p>\n<p>El libro se presenta como una herramienta pr\u00e1ctica, con ejercicios y claves que facilitan la conexi\u00f3n personal y la influencia sin tener que disfrazarse de alguien m\u00e1s. Promueve la idea de que no se trata de encajar en moldes predefinidos, sino de encender la autenticidad propia, destacando que el poder, el deseo y la autenticidad son inherentes a cada individuo. Al final, la autora convoca a las lectoras a reclamar estos aspectos y a materializarlos en su vida diaria, sugiriendo que la verdadera seducci\u00f3n radica en brillar con intenci\u00f3n y en elegirse a s\u00ed mismas.<\/p>\n","protected":false},"excerpt":{"rendered":"<h3>Marta Sanmmed<\/h3>\n<p>El libro se presenta como una herramienta pr\u00e1ctica, con ejercicios y claves que facilitan la conexi\u00f3n personal y la influencia sin tener que disfrazarse de alguien m\u00e1s.<\/p>\n<ul>\n<li style=\"list-style-type: none;\">\n<ul>\n<li><b class=\"f-w-7\">Editorial: <\/b>Arcopress Ediciones<\/li>\n<li><b class=\"f-w-7\">ISBN: <\/b>9788410354418<\/li>\n<li><b class=\"f-w-7\">Idioma: <\/b>Castellano<\/li>\n<li><b class=\"f-w-7\">N\u00famero de p\u00e1ginas: <\/b>168<\/li>\n<li><b class=\"f-w-7\">Encuadernaci\u00f3n: <\/b>Tapa blanda<\/li>\n<\/ul>\n<p>&nbsp;<\/p>\n<p><a href=\"https:\/\/tidd.ly\/3MRrOYC\" target=\"_blank\" rel=\"noopener\"><button class=\"boton1\">Libro<\/button><\/a> <a href=\"https:\/\/tidd.ly\/3KRL1sC\" target=\"_blank\" rel=\"noopener\"><button class=\"boton1\">eBook<\/button><\/a><\/li>\n<\/ul>\n","protected":false},"featured_media":21982,"template":"","meta":[],"product_brand":[],"product_cat":[163],"product_tag":[202],"class_list":{"0":"post-21981","1":"product","2":"type-product","3":"status-publish","4":"has-post-thumbnail","6":"product_cat-psicologia","7":"product_tag-sexologia","9":"first","10":"instock","11":"sale","12":"taxable","13":"shipping-taxable","14":"product-type-external"},"yoast_head":"<!-- This site is optimized with the Yoast SEO plugin v27.4 - https:\/\/yoast.com\/product\/yoast-seo-wordpress\/ -->\n<title>MANUAL DE SEDUCCI\u00d3N PARA MUJERES Del trono de Cleopatra a la jungla de Tinder - REVISTA CULTURAL<\/title>\n<meta name=\"description\" content=\"La autora invita a las lectoras a reconfigurar su relaci\u00f3n con su poder interno. El texto sugiere que seducir no se centra en agradar a los dem\u00e1s\" \/>\n<meta name=\"robots\" content=\"index, follow, max-snippet:-1, max-image-preview:large, max-video-preview:-1\" \/>\n<link rel=\"canonical\" href=\"https:\/\/revistaliterariaelgatonegro.com\/?product=manual-de-seduccion\" \/>\n<meta property=\"og:locale\" content=\"es_ES\" \/>\n<meta property=\"og:type\" content=\"article\" \/>\n<meta property=\"og:title\" content=\"MANUAL DE SEDUCCI\u00d3N PARA MUJERES Del trono de Cleopatra a la jungla de Tinder - REVISTA CULTURAL\" \/>\n<meta property=\"og:description\" content=\"La autora invita a las lectoras a reconfigurar su relaci\u00f3n con su poder interno. El texto sugiere que seducir no se centra en agradar a los dem\u00e1s\" \/>\n<meta property=\"og:url\" content=\"https:\/\/revistaliterariaelgatonegro.com\/?product=manual-de-seduccion\" \/>\n<meta property=\"og:site_name\" content=\"REVISTA CULTURAL\" \/>\n<meta property=\"og:image\" content=\"https:\/\/revistaliterariaelgatonegro.com\/wp-content\/uploads\/2025\/12\/Manual-de-seduccion.jpg\" \/>\n\t<meta property=\"og:image:width\" content=\"552\" \/>\n\t<meta property=\"og:image:height\" content=\"828\" \/>\n\t<meta property=\"og:image:type\" content=\"image\/jpeg\" \/>\n<meta name=\"twitter:card\" content=\"summary_large_image\" \/>\n<meta name=\"twitter:label1\" content=\"Tiempo de lectura\" \/>\n\t<meta name=\"twitter:data1\" content=\"2 minutos\" \/>\n<script type=\"application\/ld+json\" class=\"yoast-schema-graph\">{\"@context\":\"https:\\\/\\\/schema.org\",\"@graph\":[{\"@type\":\"WebPage\",\"@id\":\"https:\\\/\\\/revistaliterariaelgatonegro.com\\\/?product=manual-de-seduccion\",\"url\":\"https:\\\/\\\/revistaliterariaelgatonegro.com\\\/?product=manual-de-seduccion\",\"name\":\"MANUAL DE SEDUCCI\u00d3N PARA MUJERES Del trono de Cleopatra a la jungla de Tinder - REVISTA CULTURAL\",\"isPartOf\":{\"@id\":\"https:\\\/\\\/revistaliterariaelgatonegro.com\\\/#website\"},\"primaryImageOfPage\":{\"@id\":\"https:\\\/\\\/revistaliterariaelgatonegro.com\\\/?product=manual-de-seduccion#primaryimage\"},\"image\":{\"@id\":\"https:\\\/\\\/revistaliterariaelgatonegro.com\\\/?product=manual-de-seduccion#primaryimage\"},\"thumbnailUrl\":\"https:\\\/\\\/revistaliterariaelgatonegro.com\\\/wp-content\\\/uploads\\\/2025\\\/12\\\/Manual-de-seduccion.jpg\",\"datePublished\":\"2025-12-27T00:22:03+00:00\",\"description\":\"La autora invita a las lectoras a reconfigurar su relaci\u00f3n con su poder interno. El texto sugiere que seducir no se centra en agradar a los dem\u00e1s\",\"breadcrumb\":{\"@id\":\"https:\\\/\\\/revistaliterariaelgatonegro.com\\\/?product=manual-de-seduccion#breadcrumb\"},\"inLanguage\":\"es\",\"potentialAction\":[{\"@type\":\"ReadAction\",\"target\":[\"https:\\\/\\\/revistaliterariaelgatonegro.com\\\/?product=manual-de-seduccion\"]}]},{\"@type\":\"ImageObject\",\"inLanguage\":\"es\",\"@id\":\"https:\\\/\\\/revistaliterariaelgatonegro.com\\\/?product=manual-de-seduccion#primaryimage\",\"url\":\"https:\\\/\\\/revistaliterariaelgatonegro.com\\\/wp-content\\\/uploads\\\/2025\\\/12\\\/Manual-de-seduccion.jpg\",\"contentUrl\":\"https:\\\/\\\/revistaliterariaelgatonegro.com\\\/wp-content\\\/uploads\\\/2025\\\/12\\\/Manual-de-seduccion.jpg\",\"width\":552,\"height\":828},{\"@type\":\"BreadcrumbList\",\"@id\":\"https:\\\/\\\/revistaliterariaelgatonegro.com\\\/?product=manual-de-seduccion#breadcrumb\",\"itemListElement\":[{\"@type\":\"ListItem\",\"position\":1,\"name\":\"Portada\",\"item\":\"https:\\\/\\\/revistaliterariaelgatonegro.com\\\/\"},{\"@type\":\"ListItem\",\"position\":2,\"name\":\"Librer\u00eda\",\"item\":\"https:\\\/\\\/revistaliterariaelgatonegro.com\\\/?page_id=20159\"},{\"@type\":\"ListItem\",\"position\":3,\"name\":\"MANUAL DE SEDUCCI\u00d3N PARA MUJERES Del trono de Cleopatra a la jungla de Tinder\"}]},{\"@type\":\"WebSite\",\"@id\":\"https:\\\/\\\/revistaliterariaelgatonegro.com\\\/#website\",\"url\":\"https:\\\/\\\/revistaliterariaelgatonegro.com\\\/\",\"name\":\"REVISTA CULTURAL\",\"description\":\" Un nuevo espacio para la divulgaci\u00f3n literaria, as\u00ed como dem\u00e1s artes \",\"publisher\":{\"@id\":\"https:\\\/\\\/revistaliterariaelgatonegro.com\\\/#\\\/schema\\\/person\\\/6a37dd51e0f101e394e91c123fd12e8a\"},\"potentialAction\":[{\"@type\":\"SearchAction\",\"target\":{\"@type\":\"EntryPoint\",\"urlTemplate\":\"https:\\\/\\\/revistaliterariaelgatonegro.com\\\/?s={search_term_string}\"},\"query-input\":{\"@type\":\"PropertyValueSpecification\",\"valueRequired\":true,\"valueName\":\"search_term_string\"}}],\"inLanguage\":\"es\"},{\"@type\":[\"Person\",\"Organization\"],\"@id\":\"https:\\\/\\\/revistaliterariaelgatonegro.com\\\/#\\\/schema\\\/person\\\/6a37dd51e0f101e394e91c123fd12e8a\",\"name\":\"administrador\",\"image\":{\"@type\":\"ImageObject\",\"inLanguage\":\"es\",\"@id\":\"https:\\\/\\\/revistaliterariaelgatonegro.com\\\/wp-content\\\/uploads\\\/2025\\\/12\\\/cropped-Logotipo-Logo-Marca-personal-Pastel-Amarillo-12-Photoroom.png\",\"url\":\"https:\\\/\\\/revistaliterariaelgatonegro.com\\\/wp-content\\\/uploads\\\/2025\\\/12\\\/cropped-Logotipo-Logo-Marca-personal-Pastel-Amarillo-12-Photoroom.png\",\"contentUrl\":\"https:\\\/\\\/revistaliterariaelgatonegro.com\\\/wp-content\\\/uploads\\\/2025\\\/12\\\/cropped-Logotipo-Logo-Marca-personal-Pastel-Amarillo-12-Photoroom.png\",\"width\":364,\"height\":212,\"caption\":\"administrador\"},\"logo\":{\"@id\":\"https:\\\/\\\/revistaliterariaelgatonegro.com\\\/wp-content\\\/uploads\\\/2025\\\/12\\\/cropped-Logotipo-Logo-Marca-personal-Pastel-Amarillo-12-Photoroom.png\"},\"sameAs\":[\"http:\\\/\\\/s864831950.mialojamiento.es\"]}]}<\/script>\n<!-- \/ Yoast SEO plugin. -->","yoast_head_json":{"title":"MANUAL DE SEDUCCI\u00d3N PARA MUJERES Del trono de Cleopatra a la jungla de Tinder - REVISTA CULTURAL","description":"La autora invita a las lectoras a reconfigurar su relaci\u00f3n con su poder interno. El texto sugiere que seducir no se centra en agradar a los dem\u00e1s","robots":{"index":"index","follow":"follow","max-snippet":"max-snippet:-1","max-image-preview":"max-image-preview:large","max-video-preview":"max-video-preview:-1"},"canonical":"https:\/\/revistaliterariaelgatonegro.com\/?product=manual-de-seduccion","og_locale":"es_ES","og_type":"article","og_title":"MANUAL DE SEDUCCI\u00d3N PARA MUJERES Del trono de Cleopatra a la jungla de Tinder - REVISTA CULTURAL","og_description":"La autora invita a las lectoras a reconfigurar su relaci\u00f3n con su poder interno. El texto sugiere que seducir no se centra en agradar a los dem\u00e1s","og_url":"https:\/\/revistaliterariaelgatonegro.com\/?product=manual-de-seduccion","og_site_name":"REVISTA CULTURAL","og_image":[{"width":552,"height":828,"url":"https:\/\/revistaliterariaelgatonegro.com\/wp-content\/uploads\/2025\/12\/Manual-de-seduccion.jpg","type":"image\/jpeg"}],"twitter_card":"summary_large_image","twitter_misc":{"Tiempo de lectura":"2 minutos"},"schema":{"@context":"https:\/\/schema.org","@graph":[{"@type":"WebPage","@id":"https:\/\/revistaliterariaelgatonegro.com\/?product=manual-de-seduccion","url":"https:\/\/revistaliterariaelgatonegro.com\/?product=manual-de-seduccion","name":"MANUAL DE SEDUCCI\u00d3N PARA MUJERES Del trono de Cleopatra a la jungla de Tinder - REVISTA CULTURAL","isPartOf":{"@id":"https:\/\/revistaliterariaelgatonegro.com\/#website"},"primaryImageOfPage":{"@id":"https:\/\/revistaliterariaelgatonegro.com\/?product=manual-de-seduccion#primaryimage"},"image":{"@id":"https:\/\/revistaliterariaelgatonegro.com\/?product=manual-de-seduccion#primaryimage"},"thumbnailUrl":"https:\/\/revistaliterariaelgatonegro.com\/wp-content\/uploads\/2025\/12\/Manual-de-seduccion.jpg","datePublished":"2025-12-27T00:22:03+00:00","description":"La autora invita a las lectoras a reconfigurar su relaci\u00f3n con su poder interno. El texto sugiere que seducir no se centra en agradar a los dem\u00e1s","breadcrumb":{"@id":"https:\/\/revistaliterariaelgatonegro.com\/?product=manual-de-seduccion#breadcrumb"},"inLanguage":"es","potentialAction":[{"@type":"ReadAction","target":["https:\/\/revistaliterariaelgatonegro.com\/?product=manual-de-seduccion"]}]},{"@type":"ImageObject","inLanguage":"es","@id":"https:\/\/revistaliterariaelgatonegro.com\/?product=manual-de-seduccion#primaryimage","url":"https:\/\/revistaliterariaelgatonegro.com\/wp-content\/uploads\/2025\/12\/Manual-de-seduccion.jpg","contentUrl":"https:\/\/revistaliterariaelgatonegro.com\/wp-content\/uploads\/2025\/12\/Manual-de-seduccion.jpg","width":552,"height":828},{"@type":"BreadcrumbList","@id":"https:\/\/revistaliterariaelgatonegro.com\/?product=manual-de-seduccion#breadcrumb","itemListElement":[{"@type":"ListItem","position":1,"name":"Portada","item":"https:\/\/revistaliterariaelgatonegro.com\/"},{"@type":"ListItem","position":2,"name":"Librer\u00eda","item":"https:\/\/revistaliterariaelgatonegro.com\/?page_id=20159"},{"@type":"ListItem","position":3,"name":"MANUAL DE SEDUCCI\u00d3N PARA MUJERES Del trono de Cleopatra a la jungla de Tinder"}]},{"@type":"WebSite","@id":"https:\/\/revistaliterariaelgatonegro.com\/#website","url":"https:\/\/revistaliterariaelgatonegro.com\/","name":"REVISTA CULTURAL","description":" Un nuevo espacio para la divulgaci\u00f3n literaria, as\u00ed como dem\u00e1s artes ","publisher":{"@id":"https:\/\/revistaliterariaelgatonegro.com\/#\/schema\/person\/6a37dd51e0f101e394e91c123fd12e8a"},"potentialAction":[{"@type":"SearchAction","target":{"@type":"EntryPoint","urlTemplate":"https:\/\/revistaliterariaelgatonegro.com\/?s={search_term_string}"},"query-input":{"@type":"PropertyValueSpecification","valueRequired":true,"valueName":"search_term_string"}}],"inLanguage":"es"},{"@type":["Person","Organization"],"@id":"https:\/\/revistaliterariaelgatonegro.com\/#\/schema\/person\/6a37dd51e0f101e394e91c123fd12e8a","name":"administrador","image":{"@type":"ImageObject","inLanguage":"es","@id":"https:\/\/revistaliterariaelgatonegro.com\/wp-content\/uploads\/2025\/12\/cropped-Logotipo-Logo-Marca-personal-Pastel-Amarillo-12-Photoroom.png","url":"https:\/\/revistaliterariaelgatonegro.com\/wp-content\/uploads\/2025\/12\/cropped-Logotipo-Logo-Marca-personal-Pastel-Amarillo-12-Photoroom.png","contentUrl":"https:\/\/revistaliterariaelgatonegro.com\/wp-content\/uploads\/2025\/12\/cropped-Logotipo-Logo-Marca-personal-Pastel-Amarillo-12-Photoroom.png","width":364,"height":212,"caption":"administrador"},"logo":{"@id":"https:\/\/revistaliterariaelgatonegro.com\/wp-content\/uploads\/2025\/12\/cropped-Logotipo-Logo-Marca-personal-Pastel-Amarillo-12-Photoroom.png"},"sameAs":["http:\/\/s864831950.mialojamiento.es"]}]}},"_links":{"self":[{"href":"https:\/\/revistaliterariaelgatonegro.com\/index.php?rest_route=\/wp\/v2\/product\/21981","targetHints":{"allow":["GET"]}}],"collection":[{"href":"https:\/\/revistaliterariaelgatonegro.com\/index.php?rest_route=\/wp\/v2\/product"}],"about":[{"href":"https:\/\/revistaliterariaelgatonegro.com\/index.php?rest_route=\/wp\/v2\/types\/product"}],"wp:featuredmedia":[{"embeddable":true,"href":"https:\/\/revistaliterariaelgatonegro.com\/index.php?rest_route=\/wp\/v2\/media\/21982"}],"wp:attachment":[{"href":"https:\/\/revistaliterariaelgatonegro.com\/index.php?rest_route=%2Fwp%2Fv2%2Fmedia&parent=21981"}],"wp:term":[{"taxonomy":"product_brand","embeddable":true,"href":"https:\/\/revistaliterariaelgatonegro.com\/index.php?rest_route=%2Fwp%2Fv2%2Fproduct_brand&post=21981"},{"taxonomy":"product_cat","embeddable":true,"href":"https:\/\/revistaliterariaelgatonegro.com\/index.php?rest_route=%2Fwp%2Fv2%2Fproduct_cat&post=21981"},{"taxonomy":"product_tag","embeddable":true,"href":"https:\/\/revistaliterariaelgatonegro.com\/index.php?rest_route=%2Fwp%2Fv2%2Fproduct_tag&post=21981"}],"curies":[{"name":"wp","href":"https:\/\/api.w.org\/{rel}","templated":true}]}}