{"id":21978,"date":"2025-12-24T20:12:29","date_gmt":"2025-12-24T20:12:29","guid":{"rendered":"https:\/\/revistaliterariaelgatonegro.com\/?post_type=product&#038;p=21978"},"modified":"2025-12-26T14:14:34","modified_gmt":"2025-12-26T14:14:34","slug":"flor-de-agua","status":"publish","type":"product","link":"https:\/\/revistaliterariaelgatonegro.com\/?product=flor-de-agua","title":{"rendered":"FLOR DE AGUA"},"content":{"rendered":"<p>La narrativa se desarrolla en un ambiente de magia y superstici\u00f3n, vinculando el pasado con el presente a trav\u00e9s de una serie de cr\u00edmenes en el oriente de Asturias. La historia comienza con dos hombres atrapados en un s\u00f3tano, uno de ellos pidiendo al otro que escuche una historia que desencadena los eventos del relato.<\/p>\n<p>Ambientada en la Noche de San Juan de los a\u00f1os noventa, la narraci\u00f3n describe a dos j\u00f3venes que, al apartarse de su grupo, pasan la noche juntos en un bosque. Al amanecer, una de las j\u00f3venes bebe de una fuente, la cual se cree tiene poderes m\u00e1gicos, simbolizados por un fen\u00f3meno conocido como Flor de Agua, donde el primer rayo de sol refleja en el agua. Este momento es crucial, ya que conecta con los cr\u00edmenes que se desatar\u00e1n d\u00e9cadas m\u00e1s tarde.<\/p>\n<p>En 2023, la Brigada del Oriente se re\u00fane para investigar el asesinato de un joven, un caso que hab\u00eda permanecido sin resolver por cuatro a\u00f1os. Al examinar el cuerpo, descubren un pedazo de madera en la boca de la v\u00edctima, adornado con el dibujo de la flor de agua. Este hallazgo une las intrigas, supersticiones y homicidios en torno al caso, revelando un patr\u00f3n que une a las v\u00edctimas y a sus destinos.<\/p>\n","protected":false},"excerpt":{"rendered":"<h3><strong>Marta Huelves<\/strong><\/h3>\n<p><em>Flor de Agua<\/em>, cierra la serie del oriente Astur y combina elementos de superstici\u00f3n, leyendas y cr\u00edmenes. La obra invita a los lectores a sumergirse en un thriller que une lo m\u00edstico con lo criminal, dejando una huella en la historia local.<\/p>\n<ul>\n<li><strong>Editorial: <\/strong>Maeva Ediciones<\/li>\n<li><strong>ISBN: <\/strong>9791387664367<\/li>\n<li><strong>Idioma: <\/strong>Castellano<\/li>\n<li><strong>N\u00famero de p\u00e1ginas:<\/strong>296<\/li>\n<li><strong>Encuadernaci\u00f3n: <\/strong>Tapa blanda<\/li>\n<\/ul>\n<p>&nbsp;<\/p>\n<p><a href=\"https:\/\/tidd.ly\/3MLXMFI\" target=\"_blank\" rel=\"noopener\"><button class=\"boton1\">Libro<\/button><\/a> <a href=\"https:\/\/tidd.ly\/49b4wo8\" target=\"_blank\" rel=\"noopener\"><button class=\"boton1\">eBook<\/button><\/a><\/p>\n","protected":false},"featured_media":21989,"template":"","meta":[],"product_brand":[],"product_cat":[173,180],"product_tag":[198,175,170,199],"class_list":{"0":"post-21978","1":"product","2":"type-product","3":"status-publish","4":"has-post-thumbnail","6":"product_cat-misterio","7":"product_cat-novela-negra","8":"product_tag-marta-huelves","9":"product_tag-misterio","10":"product_tag-narrativa-espanola","11":"product_tag-novela-negra","13":"first","14":"instock","15":"sale","16":"taxable","17":"shipping-taxable","18":"product-type-external"},"yoast_head":"<!-- This site is optimized with the Yoast SEO plugin v27.4 - https:\/\/yoast.com\/product\/yoast-seo-wordpress\/ -->\n<title>FLOR DE AGUA - REVISTA CULTURAL<\/title>\n<meta name=\"robots\" content=\"index, follow, max-snippet:-1, max-image-preview:large, max-video-preview:-1\" \/>\n<link rel=\"canonical\" href=\"https:\/\/revistaliterariaelgatonegro.com\/?product=flor-de-agua\" \/>\n<meta property=\"og:locale\" content=\"es_ES\" \/>\n<meta property=\"og:type\" content=\"article\" \/>\n<meta property=\"og:title\" content=\"FLOR DE AGUA - REVISTA CULTURAL\" \/>\n<meta property=\"og:description\" content=\"Marta Huelves Flor de Agua, cierra la serie del oriente Astur y combina elementos de superstici\u00f3n, leyendas y cr\u00edmenes. La obra invita a los lectores a sumergirse en un thriller que une lo m\u00edstico con lo criminal, dejando una huella en la historia local.   Editorial: Maeva Ediciones  ISBN: 9791387664367  Idioma: Castellano  N\u00famero de p\u00e1ginas:296  Encuadernaci\u00f3n: Tapa blanda  &nbsp;  Libro eBook\" \/>\n<meta property=\"og:url\" content=\"https:\/\/revistaliterariaelgatonegro.com\/?product=flor-de-agua\" \/>\n<meta property=\"og:site_name\" content=\"REVISTA CULTURAL\" \/>\n<meta property=\"article:modified_time\" content=\"2025-12-26T14:14:34+00:00\" \/>\n<meta property=\"og:image\" content=\"https:\/\/revistaliterariaelgatonegro.com\/wp-content\/uploads\/2025\/12\/libros_portada-flor-de-agua-ok-2-scaled.jpg\" \/>\n\t<meta property=\"og:image:width\" content=\"1691\" \/>\n\t<meta property=\"og:image:height\" content=\"2560\" \/>\n\t<meta property=\"og:image:type\" content=\"image\/jpeg\" \/>\n<meta name=\"twitter:card\" content=\"summary_large_image\" \/>\n<meta name=\"twitter:label1\" content=\"Tiempo de lectura\" \/>\n\t<meta name=\"twitter:data1\" content=\"2 minutos\" \/>\n<script type=\"application\/ld+json\" class=\"yoast-schema-graph\">{\"@context\":\"https:\\\/\\\/schema.org\",\"@graph\":[{\"@type\":\"WebPage\",\"@id\":\"https:\\\/\\\/revistaliterariaelgatonegro.com\\\/?product=flor-de-agua\",\"url\":\"https:\\\/\\\/revistaliterariaelgatonegro.com\\\/?product=flor-de-agua\",\"name\":\"FLOR DE AGUA - REVISTA CULTURAL\",\"isPartOf\":{\"@id\":\"https:\\\/\\\/revistaliterariaelgatonegro.com\\\/#website\"},\"primaryImageOfPage\":{\"@id\":\"https:\\\/\\\/revistaliterariaelgatonegro.com\\\/?product=flor-de-agua#primaryimage\"},\"image\":{\"@id\":\"https:\\\/\\\/revistaliterariaelgatonegro.com\\\/?product=flor-de-agua#primaryimage\"},\"thumbnailUrl\":\"https:\\\/\\\/revistaliterariaelgatonegro.com\\\/wp-content\\\/uploads\\\/2025\\\/12\\\/libros_portada-flor-de-agua-ok-2-scaled.jpg\",\"datePublished\":\"2025-12-24T20:12:29+00:00\",\"dateModified\":\"2025-12-26T14:14:34+00:00\",\"breadcrumb\":{\"@id\":\"https:\\\/\\\/revistaliterariaelgatonegro.com\\\/?product=flor-de-agua#breadcrumb\"},\"inLanguage\":\"es\",\"potentialAction\":[{\"@type\":\"ReadAction\",\"target\":[\"https:\\\/\\\/revistaliterariaelgatonegro.com\\\/?product=flor-de-agua\"]}]},{\"@type\":\"ImageObject\",\"inLanguage\":\"es\",\"@id\":\"https:\\\/\\\/revistaliterariaelgatonegro.com\\\/?product=flor-de-agua#primaryimage\",\"url\":\"https:\\\/\\\/revistaliterariaelgatonegro.com\\\/wp-content\\\/uploads\\\/2025\\\/12\\\/libros_portada-flor-de-agua-ok-2-scaled.jpg\",\"contentUrl\":\"https:\\\/\\\/revistaliterariaelgatonegro.com\\\/wp-content\\\/uploads\\\/2025\\\/12\\\/libros_portada-flor-de-agua-ok-2-scaled.jpg\",\"width\":1691,\"height\":2560},{\"@type\":\"BreadcrumbList\",\"@id\":\"https:\\\/\\\/revistaliterariaelgatonegro.com\\\/?product=flor-de-agua#breadcrumb\",\"itemListElement\":[{\"@type\":\"ListItem\",\"position\":1,\"name\":\"Portada\",\"item\":\"https:\\\/\\\/revistaliterariaelgatonegro.com\\\/\"},{\"@type\":\"ListItem\",\"position\":2,\"name\":\"Librer\u00eda\",\"item\":\"https:\\\/\\\/revistaliterariaelgatonegro.com\\\/?page_id=20159\"},{\"@type\":\"ListItem\",\"position\":3,\"name\":\"FLOR DE AGUA\"}]},{\"@type\":\"WebSite\",\"@id\":\"https:\\\/\\\/revistaliterariaelgatonegro.com\\\/#website\",\"url\":\"https:\\\/\\\/revistaliterariaelgatonegro.com\\\/\",\"name\":\"REVISTA CULTURAL\",\"description\":\" Un nuevo espacio para la divulgaci\u00f3n literaria, as\u00ed como dem\u00e1s artes \",\"publisher\":{\"@id\":\"https:\\\/\\\/revistaliterariaelgatonegro.com\\\/#\\\/schema\\\/person\\\/6a37dd51e0f101e394e91c123fd12e8a\"},\"potentialAction\":[{\"@type\":\"SearchAction\",\"target\":{\"@type\":\"EntryPoint\",\"urlTemplate\":\"https:\\\/\\\/revistaliterariaelgatonegro.com\\\/?s={search_term_string}\"},\"query-input\":{\"@type\":\"PropertyValueSpecification\",\"valueRequired\":true,\"valueName\":\"search_term_string\"}}],\"inLanguage\":\"es\"},{\"@type\":[\"Person\",\"Organization\"],\"@id\":\"https:\\\/\\\/revistaliterariaelgatonegro.com\\\/#\\\/schema\\\/person\\\/6a37dd51e0f101e394e91c123fd12e8a\",\"name\":\"administrador\",\"image\":{\"@type\":\"ImageObject\",\"inLanguage\":\"es\",\"@id\":\"https:\\\/\\\/revistaliterariaelgatonegro.com\\\/wp-content\\\/uploads\\\/2025\\\/12\\\/cropped-Logotipo-Logo-Marca-personal-Pastel-Amarillo-12-Photoroom.png\",\"url\":\"https:\\\/\\\/revistaliterariaelgatonegro.com\\\/wp-content\\\/uploads\\\/2025\\\/12\\\/cropped-Logotipo-Logo-Marca-personal-Pastel-Amarillo-12-Photoroom.png\",\"contentUrl\":\"https:\\\/\\\/revistaliterariaelgatonegro.com\\\/wp-content\\\/uploads\\\/2025\\\/12\\\/cropped-Logotipo-Logo-Marca-personal-Pastel-Amarillo-12-Photoroom.png\",\"width\":364,\"height\":212,\"caption\":\"administrador\"},\"logo\":{\"@id\":\"https:\\\/\\\/revistaliterariaelgatonegro.com\\\/wp-content\\\/uploads\\\/2025\\\/12\\\/cropped-Logotipo-Logo-Marca-personal-Pastel-Amarillo-12-Photoroom.png\"},\"sameAs\":[\"http:\\\/\\\/s864831950.mialojamiento.es\"]}]}<\/script>\n<!-- \/ Yoast SEO plugin. -->","yoast_head_json":{"title":"FLOR DE AGUA - REVISTA CULTURAL","robots":{"index":"index","follow":"follow","max-snippet":"max-snippet:-1","max-image-preview":"max-image-preview:large","max-video-preview":"max-video-preview:-1"},"canonical":"https:\/\/revistaliterariaelgatonegro.com\/?product=flor-de-agua","og_locale":"es_ES","og_type":"article","og_title":"FLOR DE AGUA - REVISTA CULTURAL","og_description":"Marta Huelves Flor de Agua, cierra la serie del oriente Astur y combina elementos de superstici\u00f3n, leyendas y cr\u00edmenes. La obra invita a los lectores a sumergirse en un thriller que une lo m\u00edstico con lo criminal, dejando una huella en la historia local.   Editorial: Maeva Ediciones  ISBN: 9791387664367  Idioma: Castellano  N\u00famero de p\u00e1ginas:296  Encuadernaci\u00f3n: Tapa blanda  &nbsp;  Libro eBook","og_url":"https:\/\/revistaliterariaelgatonegro.com\/?product=flor-de-agua","og_site_name":"REVISTA CULTURAL","article_modified_time":"2025-12-26T14:14:34+00:00","og_image":[{"width":1691,"height":2560,"url":"https:\/\/revistaliterariaelgatonegro.com\/wp-content\/uploads\/2025\/12\/libros_portada-flor-de-agua-ok-2-scaled.jpg","type":"image\/jpeg"}],"twitter_card":"summary_large_image","twitter_misc":{"Tiempo de lectura":"2 minutos"},"schema":{"@context":"https:\/\/schema.org","@graph":[{"@type":"WebPage","@id":"https:\/\/revistaliterariaelgatonegro.com\/?product=flor-de-agua","url":"https:\/\/revistaliterariaelgatonegro.com\/?product=flor-de-agua","name":"FLOR DE AGUA - REVISTA CULTURAL","isPartOf":{"@id":"https:\/\/revistaliterariaelgatonegro.com\/#website"},"primaryImageOfPage":{"@id":"https:\/\/revistaliterariaelgatonegro.com\/?product=flor-de-agua#primaryimage"},"image":{"@id":"https:\/\/revistaliterariaelgatonegro.com\/?product=flor-de-agua#primaryimage"},"thumbnailUrl":"https:\/\/revistaliterariaelgatonegro.com\/wp-content\/uploads\/2025\/12\/libros_portada-flor-de-agua-ok-2-scaled.jpg","datePublished":"2025-12-24T20:12:29+00:00","dateModified":"2025-12-26T14:14:34+00:00","breadcrumb":{"@id":"https:\/\/revistaliterariaelgatonegro.com\/?product=flor-de-agua#breadcrumb"},"inLanguage":"es","potentialAction":[{"@type":"ReadAction","target":["https:\/\/revistaliterariaelgatonegro.com\/?product=flor-de-agua"]}]},{"@type":"ImageObject","inLanguage":"es","@id":"https:\/\/revistaliterariaelgatonegro.com\/?product=flor-de-agua#primaryimage","url":"https:\/\/revistaliterariaelgatonegro.com\/wp-content\/uploads\/2025\/12\/libros_portada-flor-de-agua-ok-2-scaled.jpg","contentUrl":"https:\/\/revistaliterariaelgatonegro.com\/wp-content\/uploads\/2025\/12\/libros_portada-flor-de-agua-ok-2-scaled.jpg","width":1691,"height":2560},{"@type":"BreadcrumbList","@id":"https:\/\/revistaliterariaelgatonegro.com\/?product=flor-de-agua#breadcrumb","itemListElement":[{"@type":"ListItem","position":1,"name":"Portada","item":"https:\/\/revistaliterariaelgatonegro.com\/"},{"@type":"ListItem","position":2,"name":"Librer\u00eda","item":"https:\/\/revistaliterariaelgatonegro.com\/?page_id=20159"},{"@type":"ListItem","position":3,"name":"FLOR DE AGUA"}]},{"@type":"WebSite","@id":"https:\/\/revistaliterariaelgatonegro.com\/#website","url":"https:\/\/revistaliterariaelgatonegro.com\/","name":"REVISTA CULTURAL","description":" Un nuevo espacio para la divulgaci\u00f3n literaria, as\u00ed como dem\u00e1s artes ","publisher":{"@id":"https:\/\/revistaliterariaelgatonegro.com\/#\/schema\/person\/6a37dd51e0f101e394e91c123fd12e8a"},"potentialAction":[{"@type":"SearchAction","target":{"@type":"EntryPoint","urlTemplate":"https:\/\/revistaliterariaelgatonegro.com\/?s={search_term_string}"},"query-input":{"@type":"PropertyValueSpecification","valueRequired":true,"valueName":"search_term_string"}}],"inLanguage":"es"},{"@type":["Person","Organization"],"@id":"https:\/\/revistaliterariaelgatonegro.com\/#\/schema\/person\/6a37dd51e0f101e394e91c123fd12e8a","name":"administrador","image":{"@type":"ImageObject","inLanguage":"es","@id":"https:\/\/revistaliterariaelgatonegro.com\/wp-content\/uploads\/2025\/12\/cropped-Logotipo-Logo-Marca-personal-Pastel-Amarillo-12-Photoroom.png","url":"https:\/\/revistaliterariaelgatonegro.com\/wp-content\/uploads\/2025\/12\/cropped-Logotipo-Logo-Marca-personal-Pastel-Amarillo-12-Photoroom.png","contentUrl":"https:\/\/revistaliterariaelgatonegro.com\/wp-content\/uploads\/2025\/12\/cropped-Logotipo-Logo-Marca-personal-Pastel-Amarillo-12-Photoroom.png","width":364,"height":212,"caption":"administrador"},"logo":{"@id":"https:\/\/revistaliterariaelgatonegro.com\/wp-content\/uploads\/2025\/12\/cropped-Logotipo-Logo-Marca-personal-Pastel-Amarillo-12-Photoroom.png"},"sameAs":["http:\/\/s864831950.mialojamiento.es"]}]}},"_links":{"self":[{"href":"https:\/\/revistaliterariaelgatonegro.com\/index.php?rest_route=\/wp\/v2\/product\/21978","targetHints":{"allow":["GET"]}}],"collection":[{"href":"https:\/\/revistaliterariaelgatonegro.com\/index.php?rest_route=\/wp\/v2\/product"}],"about":[{"href":"https:\/\/revistaliterariaelgatonegro.com\/index.php?rest_route=\/wp\/v2\/types\/product"}],"wp:featuredmedia":[{"embeddable":true,"href":"https:\/\/revistaliterariaelgatonegro.com\/index.php?rest_route=\/wp\/v2\/media\/21989"}],"wp:attachment":[{"href":"https:\/\/revistaliterariaelgatonegro.com\/index.php?rest_route=%2Fwp%2Fv2%2Fmedia&parent=21978"}],"wp:term":[{"taxonomy":"product_brand","embeddable":true,"href":"https:\/\/revistaliterariaelgatonegro.com\/index.php?rest_route=%2Fwp%2Fv2%2Fproduct_brand&post=21978"},{"taxonomy":"product_cat","embeddable":true,"href":"https:\/\/revistaliterariaelgatonegro.com\/index.php?rest_route=%2Fwp%2Fv2%2Fproduct_cat&post=21978"},{"taxonomy":"product_tag","embeddable":true,"href":"https:\/\/revistaliterariaelgatonegro.com\/index.php?rest_route=%2Fwp%2Fv2%2Fproduct_tag&post=21978"}],"curies":[{"name":"wp","href":"https:\/\/api.w.org\/{rel}","templated":true}]}}