{"id":21315,"date":"2025-07-17T01:47:26","date_gmt":"2025-07-17T01:47:26","guid":{"rendered":"https:\/\/revistaliterariaelgatonegro.com\/?post_type=product&#038;p=21315"},"modified":"2025-07-17T01:47:26","modified_gmt":"2025-07-17T01:47:26","slug":"siempre-ocurre-algo-maravilloso","status":"publish","type":"product","link":"https:\/\/revistaliterariaelgatonegro.com\/?product=siempre-ocurre-algo-maravilloso","title":{"rendered":"SIEMPRE OCURRE ALGO MARAVILLOSO"},"content":{"rendered":"<p>La historia de un viaje en el que Davide, el protagonista, se encuentra consigo mismo. El joven ve c\u00f3mo se desmoronan cada una de las certezas que le daban seguridad en la vida, est\u00e1 completamente desanimado. El viaje de un joven que descubre la filosof\u00eda Zen y el budismo. Gracias a la invitaci\u00f3n de su sabio abuelo, Davide emprende un viaje a Vietnam que le cambiar\u00e1 para siempre. All\u00ed conoce a Guilly, del que aprende una forma alternativa y llena de luz de tomarse la vida. Una historia de renacimiento en la que aprender que a veces es necesario perderse para reencontrarse.<\/p>\n<p>Un sorprendente fen\u00f3meno editorial en Italia, donde se han vendido m\u00e1s de 350 000 ejemplares.<\/p>\n<p>&nbsp;<\/p>\n","protected":false},"excerpt":{"rendered":"<h3>Gianluca Gotto<\/h3>\n<p>Una novela\u00a0<em>feel good<\/em> sobre crecer, buscar la felicidad y el sentido de la vida. con Vietnam como tel\u00f3n de fondo, una lectura que atrapa y es tambi\u00e9n una gu\u00eda de viaje.<\/p>\n<ul>\n<li class=\"campo f-size-0 f-w-4 my-2 d-grid svelte-id2jbc\" data-campo=\"Editorial\"><strong>Editorial:<\/strong> Maeva Ediciones<\/li>\n<li class=\"campo f-size-0 f-w-4 my-2 d-grid svelte-id2jbc\" data-campo=\"ISBN\"><strong>ISBN:<\/strong> 9788410260917<\/li>\n<li class=\"campo f-size-0 f-w-4 my-2 d-grid svelte-id2jbc\" data-campo=\"Idioma\"><strong>Idioma:<\/strong> Castellano<\/li>\n<li class=\"campo f-size-0 f-w-4 my-2 d-grid svelte-id2jbc\" data-campo=\"N\u00famero de p\u00e1ginas\"><strong>N\u00famero de p\u00e1ginas:<\/strong> 440<\/li>\n<\/ul>\n<div data-campo=\"N\u00famero de p\u00e1ginas\"><\/div>\n<p><a href=\"https:\/\/tidd.ly\/4lAcdsU\" target=\"_blank\" rel=\"noopener\"><button class=\"boton1\">Libro<\/button><\/a> <a href=\"https:\/\/www.casadellibro.com\/ebook-siempre-ocurre-algo-maravilloso-ebook\/9791387664091\/16952717\" target=\"_blank\" rel=\"noopener\"><button class=\"boton1\">eBook<\/button><\/a><\/p>\n","protected":false},"featured_media":21321,"template":"","meta":[],"product_brand":[],"product_cat":[183],"product_tag":[161],"class_list":{"0":"post-21315","1":"product","2":"type-product","3":"status-publish","4":"has-post-thumbnail","6":"product_cat-narrativa","7":"product_tag-narrativa-extranjera","9":"first","10":"instock","11":"sale","12":"taxable","13":"shipping-taxable","14":"product-type-external"},"yoast_head":"<!-- This site is optimized with the Yoast SEO plugin v27.4 - https:\/\/yoast.com\/product\/yoast-seo-wordpress\/ -->\n<title>SIEMPRE OCURRE ALGO MARAVILLOSO - REVISTA CULTURAL<\/title>\n<meta name=\"description\" content=\"Una novela\u00a0feel good sobre crecer, buscar la felicidad y el sentido de la vida. con Vietnam como tel\u00f3n de fondo, una lectura que atrapa\" \/>\n<meta name=\"robots\" content=\"index, follow, max-snippet:-1, max-image-preview:large, max-video-preview:-1\" \/>\n<link rel=\"canonical\" href=\"https:\/\/revistaliterariaelgatonegro.com\/?product=siempre-ocurre-algo-maravilloso\" \/>\n<meta property=\"og:locale\" content=\"es_ES\" \/>\n<meta property=\"og:type\" content=\"article\" \/>\n<meta property=\"og:title\" content=\"SIEMPRE OCURRE ALGO MARAVILLOSO - REVISTA CULTURAL\" \/>\n<meta property=\"og:description\" content=\"Una novela\u00a0feel good sobre crecer, buscar la felicidad y el sentido de la vida. con Vietnam como tel\u00f3n de fondo, una lectura que atrapa\" \/>\n<meta property=\"og:url\" content=\"https:\/\/revistaliterariaelgatonegro.com\/?product=siempre-ocurre-algo-maravilloso\" \/>\n<meta property=\"og:site_name\" content=\"REVISTA CULTURAL\" \/>\n<meta property=\"og:image\" content=\"https:\/\/revistaliterariaelgatonegro.com\/wp-content\/uploads\/2025\/07\/libros_portada-siempre-ocurre-algo-maravilloso-scaled.jpg\" \/>\n\t<meta property=\"og:image:width\" content=\"1691\" \/>\n\t<meta property=\"og:image:height\" content=\"2560\" \/>\n\t<meta property=\"og:image:type\" content=\"image\/jpeg\" \/>\n<meta name=\"twitter:card\" content=\"summary_large_image\" \/>\n<meta name=\"twitter:label1\" content=\"Tiempo de lectura\" \/>\n\t<meta name=\"twitter:data1\" content=\"1 minuto\" \/>\n<script type=\"application\/ld+json\" class=\"yoast-schema-graph\">{\"@context\":\"https:\\\/\\\/schema.org\",\"@graph\":[{\"@type\":\"WebPage\",\"@id\":\"https:\\\/\\\/revistaliterariaelgatonegro.com\\\/?product=siempre-ocurre-algo-maravilloso\",\"url\":\"https:\\\/\\\/revistaliterariaelgatonegro.com\\\/?product=siempre-ocurre-algo-maravilloso\",\"name\":\"SIEMPRE OCURRE ALGO MARAVILLOSO - REVISTA CULTURAL\",\"isPartOf\":{\"@id\":\"https:\\\/\\\/revistaliterariaelgatonegro.com\\\/#website\"},\"primaryImageOfPage\":{\"@id\":\"https:\\\/\\\/revistaliterariaelgatonegro.com\\\/?product=siempre-ocurre-algo-maravilloso#primaryimage\"},\"image\":{\"@id\":\"https:\\\/\\\/revistaliterariaelgatonegro.com\\\/?product=siempre-ocurre-algo-maravilloso#primaryimage\"},\"thumbnailUrl\":\"https:\\\/\\\/revistaliterariaelgatonegro.com\\\/wp-content\\\/uploads\\\/2025\\\/07\\\/libros_portada-siempre-ocurre-algo-maravilloso-scaled.jpg\",\"datePublished\":\"2025-07-17T01:47:26+00:00\",\"description\":\"Una novela\u00a0feel good sobre crecer, buscar la felicidad y el sentido de la vida. con Vietnam como tel\u00f3n de fondo, una lectura que atrapa\",\"breadcrumb\":{\"@id\":\"https:\\\/\\\/revistaliterariaelgatonegro.com\\\/?product=siempre-ocurre-algo-maravilloso#breadcrumb\"},\"inLanguage\":\"es\",\"potentialAction\":[{\"@type\":\"ReadAction\",\"target\":[\"https:\\\/\\\/revistaliterariaelgatonegro.com\\\/?product=siempre-ocurre-algo-maravilloso\"]}]},{\"@type\":\"ImageObject\",\"inLanguage\":\"es\",\"@id\":\"https:\\\/\\\/revistaliterariaelgatonegro.com\\\/?product=siempre-ocurre-algo-maravilloso#primaryimage\",\"url\":\"https:\\\/\\\/revistaliterariaelgatonegro.com\\\/wp-content\\\/uploads\\\/2025\\\/07\\\/libros_portada-siempre-ocurre-algo-maravilloso-scaled.jpg\",\"contentUrl\":\"https:\\\/\\\/revistaliterariaelgatonegro.com\\\/wp-content\\\/uploads\\\/2025\\\/07\\\/libros_portada-siempre-ocurre-algo-maravilloso-scaled.jpg\",\"width\":1691,\"height\":2560},{\"@type\":\"BreadcrumbList\",\"@id\":\"https:\\\/\\\/revistaliterariaelgatonegro.com\\\/?product=siempre-ocurre-algo-maravilloso#breadcrumb\",\"itemListElement\":[{\"@type\":\"ListItem\",\"position\":1,\"name\":\"Portada\",\"item\":\"https:\\\/\\\/revistaliterariaelgatonegro.com\\\/\"},{\"@type\":\"ListItem\",\"position\":2,\"name\":\"Librer\u00eda\",\"item\":\"https:\\\/\\\/revistaliterariaelgatonegro.com\\\/?page_id=20159\"},{\"@type\":\"ListItem\",\"position\":3,\"name\":\"SIEMPRE OCURRE ALGO MARAVILLOSO\"}]},{\"@type\":\"WebSite\",\"@id\":\"https:\\\/\\\/revistaliterariaelgatonegro.com\\\/#website\",\"url\":\"https:\\\/\\\/revistaliterariaelgatonegro.com\\\/\",\"name\":\"REVISTA CULTURAL\",\"description\":\" Un nuevo espacio para la divulgaci\u00f3n literaria, as\u00ed como dem\u00e1s artes \",\"publisher\":{\"@id\":\"https:\\\/\\\/revistaliterariaelgatonegro.com\\\/#\\\/schema\\\/person\\\/6a37dd51e0f101e394e91c123fd12e8a\"},\"potentialAction\":[{\"@type\":\"SearchAction\",\"target\":{\"@type\":\"EntryPoint\",\"urlTemplate\":\"https:\\\/\\\/revistaliterariaelgatonegro.com\\\/?s={search_term_string}\"},\"query-input\":{\"@type\":\"PropertyValueSpecification\",\"valueRequired\":true,\"valueName\":\"search_term_string\"}}],\"inLanguage\":\"es\"},{\"@type\":[\"Person\",\"Organization\"],\"@id\":\"https:\\\/\\\/revistaliterariaelgatonegro.com\\\/#\\\/schema\\\/person\\\/6a37dd51e0f101e394e91c123fd12e8a\",\"name\":\"administrador\",\"image\":{\"@type\":\"ImageObject\",\"inLanguage\":\"es\",\"@id\":\"https:\\\/\\\/revistaliterariaelgatonegro.com\\\/wp-content\\\/uploads\\\/2025\\\/12\\\/cropped-Logotipo-Logo-Marca-personal-Pastel-Amarillo-12-Photoroom.png\",\"url\":\"https:\\\/\\\/revistaliterariaelgatonegro.com\\\/wp-content\\\/uploads\\\/2025\\\/12\\\/cropped-Logotipo-Logo-Marca-personal-Pastel-Amarillo-12-Photoroom.png\",\"contentUrl\":\"https:\\\/\\\/revistaliterariaelgatonegro.com\\\/wp-content\\\/uploads\\\/2025\\\/12\\\/cropped-Logotipo-Logo-Marca-personal-Pastel-Amarillo-12-Photoroom.png\",\"width\":364,\"height\":212,\"caption\":\"administrador\"},\"logo\":{\"@id\":\"https:\\\/\\\/revistaliterariaelgatonegro.com\\\/wp-content\\\/uploads\\\/2025\\\/12\\\/cropped-Logotipo-Logo-Marca-personal-Pastel-Amarillo-12-Photoroom.png\"},\"sameAs\":[\"http:\\\/\\\/s864831950.mialojamiento.es\"]}]}<\/script>\n<!-- \/ Yoast SEO plugin. -->","yoast_head_json":{"title":"SIEMPRE OCURRE ALGO MARAVILLOSO - REVISTA CULTURAL","description":"Una novela\u00a0feel good sobre crecer, buscar la felicidad y el sentido de la vida. con Vietnam como tel\u00f3n de fondo, una lectura que atrapa","robots":{"index":"index","follow":"follow","max-snippet":"max-snippet:-1","max-image-preview":"max-image-preview:large","max-video-preview":"max-video-preview:-1"},"canonical":"https:\/\/revistaliterariaelgatonegro.com\/?product=siempre-ocurre-algo-maravilloso","og_locale":"es_ES","og_type":"article","og_title":"SIEMPRE OCURRE ALGO MARAVILLOSO - REVISTA CULTURAL","og_description":"Una novela\u00a0feel good sobre crecer, buscar la felicidad y el sentido de la vida. con Vietnam como tel\u00f3n de fondo, una lectura que atrapa","og_url":"https:\/\/revistaliterariaelgatonegro.com\/?product=siempre-ocurre-algo-maravilloso","og_site_name":"REVISTA CULTURAL","og_image":[{"width":1691,"height":2560,"url":"https:\/\/revistaliterariaelgatonegro.com\/wp-content\/uploads\/2025\/07\/libros_portada-siempre-ocurre-algo-maravilloso-scaled.jpg","type":"image\/jpeg"}],"twitter_card":"summary_large_image","twitter_misc":{"Tiempo de lectura":"1 minuto"},"schema":{"@context":"https:\/\/schema.org","@graph":[{"@type":"WebPage","@id":"https:\/\/revistaliterariaelgatonegro.com\/?product=siempre-ocurre-algo-maravilloso","url":"https:\/\/revistaliterariaelgatonegro.com\/?product=siempre-ocurre-algo-maravilloso","name":"SIEMPRE OCURRE ALGO MARAVILLOSO - REVISTA CULTURAL","isPartOf":{"@id":"https:\/\/revistaliterariaelgatonegro.com\/#website"},"primaryImageOfPage":{"@id":"https:\/\/revistaliterariaelgatonegro.com\/?product=siempre-ocurre-algo-maravilloso#primaryimage"},"image":{"@id":"https:\/\/revistaliterariaelgatonegro.com\/?product=siempre-ocurre-algo-maravilloso#primaryimage"},"thumbnailUrl":"https:\/\/revistaliterariaelgatonegro.com\/wp-content\/uploads\/2025\/07\/libros_portada-siempre-ocurre-algo-maravilloso-scaled.jpg","datePublished":"2025-07-17T01:47:26+00:00","description":"Una novela\u00a0feel good sobre crecer, buscar la felicidad y el sentido de la vida. con Vietnam como tel\u00f3n de fondo, una lectura que atrapa","breadcrumb":{"@id":"https:\/\/revistaliterariaelgatonegro.com\/?product=siempre-ocurre-algo-maravilloso#breadcrumb"},"inLanguage":"es","potentialAction":[{"@type":"ReadAction","target":["https:\/\/revistaliterariaelgatonegro.com\/?product=siempre-ocurre-algo-maravilloso"]}]},{"@type":"ImageObject","inLanguage":"es","@id":"https:\/\/revistaliterariaelgatonegro.com\/?product=siempre-ocurre-algo-maravilloso#primaryimage","url":"https:\/\/revistaliterariaelgatonegro.com\/wp-content\/uploads\/2025\/07\/libros_portada-siempre-ocurre-algo-maravilloso-scaled.jpg","contentUrl":"https:\/\/revistaliterariaelgatonegro.com\/wp-content\/uploads\/2025\/07\/libros_portada-siempre-ocurre-algo-maravilloso-scaled.jpg","width":1691,"height":2560},{"@type":"BreadcrumbList","@id":"https:\/\/revistaliterariaelgatonegro.com\/?product=siempre-ocurre-algo-maravilloso#breadcrumb","itemListElement":[{"@type":"ListItem","position":1,"name":"Portada","item":"https:\/\/revistaliterariaelgatonegro.com\/"},{"@type":"ListItem","position":2,"name":"Librer\u00eda","item":"https:\/\/revistaliterariaelgatonegro.com\/?page_id=20159"},{"@type":"ListItem","position":3,"name":"SIEMPRE OCURRE ALGO MARAVILLOSO"}]},{"@type":"WebSite","@id":"https:\/\/revistaliterariaelgatonegro.com\/#website","url":"https:\/\/revistaliterariaelgatonegro.com\/","name":"REVISTA CULTURAL","description":" Un nuevo espacio para la divulgaci\u00f3n literaria, as\u00ed como dem\u00e1s artes ","publisher":{"@id":"https:\/\/revistaliterariaelgatonegro.com\/#\/schema\/person\/6a37dd51e0f101e394e91c123fd12e8a"},"potentialAction":[{"@type":"SearchAction","target":{"@type":"EntryPoint","urlTemplate":"https:\/\/revistaliterariaelgatonegro.com\/?s={search_term_string}"},"query-input":{"@type":"PropertyValueSpecification","valueRequired":true,"valueName":"search_term_string"}}],"inLanguage":"es"},{"@type":["Person","Organization"],"@id":"https:\/\/revistaliterariaelgatonegro.com\/#\/schema\/person\/6a37dd51e0f101e394e91c123fd12e8a","name":"administrador","image":{"@type":"ImageObject","inLanguage":"es","@id":"https:\/\/revistaliterariaelgatonegro.com\/wp-content\/uploads\/2025\/12\/cropped-Logotipo-Logo-Marca-personal-Pastel-Amarillo-12-Photoroom.png","url":"https:\/\/revistaliterariaelgatonegro.com\/wp-content\/uploads\/2025\/12\/cropped-Logotipo-Logo-Marca-personal-Pastel-Amarillo-12-Photoroom.png","contentUrl":"https:\/\/revistaliterariaelgatonegro.com\/wp-content\/uploads\/2025\/12\/cropped-Logotipo-Logo-Marca-personal-Pastel-Amarillo-12-Photoroom.png","width":364,"height":212,"caption":"administrador"},"logo":{"@id":"https:\/\/revistaliterariaelgatonegro.com\/wp-content\/uploads\/2025\/12\/cropped-Logotipo-Logo-Marca-personal-Pastel-Amarillo-12-Photoroom.png"},"sameAs":["http:\/\/s864831950.mialojamiento.es"]}]}},"_links":{"self":[{"href":"https:\/\/revistaliterariaelgatonegro.com\/index.php?rest_route=\/wp\/v2\/product\/21315","targetHints":{"allow":["GET"]}}],"collection":[{"href":"https:\/\/revistaliterariaelgatonegro.com\/index.php?rest_route=\/wp\/v2\/product"}],"about":[{"href":"https:\/\/revistaliterariaelgatonegro.com\/index.php?rest_route=\/wp\/v2\/types\/product"}],"wp:featuredmedia":[{"embeddable":true,"href":"https:\/\/revistaliterariaelgatonegro.com\/index.php?rest_route=\/wp\/v2\/media\/21321"}],"wp:attachment":[{"href":"https:\/\/revistaliterariaelgatonegro.com\/index.php?rest_route=%2Fwp%2Fv2%2Fmedia&parent=21315"}],"wp:term":[{"taxonomy":"product_brand","embeddable":true,"href":"https:\/\/revistaliterariaelgatonegro.com\/index.php?rest_route=%2Fwp%2Fv2%2Fproduct_brand&post=21315"},{"taxonomy":"product_cat","embeddable":true,"href":"https:\/\/revistaliterariaelgatonegro.com\/index.php?rest_route=%2Fwp%2Fv2%2Fproduct_cat&post=21315"},{"taxonomy":"product_tag","embeddable":true,"href":"https:\/\/revistaliterariaelgatonegro.com\/index.php?rest_route=%2Fwp%2Fv2%2Fproduct_tag&post=21315"}],"curies":[{"name":"wp","href":"https:\/\/api.w.org\/{rel}","templated":true}]}}