{"id":21133,"date":"2025-06-24T15:04:11","date_gmt":"2025-06-24T15:04:11","guid":{"rendered":"https:\/\/revistaliterariaelgatonegro.com\/?post_type=product&#038;p=21133"},"modified":"2025-06-24T15:04:12","modified_gmt":"2025-06-24T15:04:12","slug":"todos-tenemos-superpoderes","status":"publish","type":"product","link":"https:\/\/revistaliterariaelgatonegro.com\/?product=todos-tenemos-superpoderes","title":{"rendered":"TODOS TENEMOS SUPERPODERES"},"content":{"rendered":"<p>Una historia de varios peque\u00f1os que le muestran a nuestro personaje principal, que todos tenemos poderes especiales: como la felicidad, el amor, la imaginaci\u00f3n, la palabra y, por supuesto, la capacidad que tenemos de crear nuestra propia realidad. Juntos lucharemos contra los piratas, surcaremos las estrellas y cambiaremos el mundo.<\/p>\n","protected":false},"excerpt":{"rendered":"<h3>Silvia Fern\u00e1ndez Mart\u00ednez<\/h3>\n<p style=\"font-weight: 400;\">La autora mexicana\u00a0Silvia Fern\u00e1ndez\u00a0y el ilustrador ecuatoriano\u00a0Isaac Flores\u00a0firman esta historia de crecimiento emocional: una herramienta \u00fatil para padres, educadores y psic\u00f3logos infantiles.<\/p>\n<p>Editorial: Babidi-b\u00fa<br \/>\nISBN: 9788419973900<br \/>\nIdioma: Castellano<br \/>\nN\u00famero de p\u00e1ginas: 40<br \/>\nEncuadernaci\u00f3n: Tapa blanda<\/p>\n<p><a href=\"https:\/\/tidd.ly\/44tdA6q\" target=\"_blank\" rel=\"noopener\"><button class=\"boton1\">Libro<\/button><\/a><\/p>\n","protected":false},"featured_media":21153,"template":"","meta":[],"product_brand":[],"product_cat":[178],"product_tag":[195],"class_list":{"0":"post-21133","1":"product","2":"type-product","3":"status-publish","4":"has-post-thumbnail","6":"product_cat-infantil","7":"product_tag-de-5-a-6-anos","9":"first","10":"instock","11":"taxable","12":"shipping-taxable","13":"purchasable","14":"product-type-simple"},"yoast_head":"<!-- This site is optimized with the Yoast SEO plugin v27.4 - https:\/\/yoast.com\/product\/yoast-seo-wordpress\/ -->\n<title>TODOS TENEMOS SUPERPODERES - REVISTA CULTURAL<\/title>\n<meta name=\"description\" content=\"Cuento infantil que ense\u00f1a a moldear la realidad con imaginaci\u00f3n, esta historia de crecimiento emocional: una herramienta \u00fatil para padres, educadores\" \/>\n<meta name=\"robots\" content=\"index, follow, max-snippet:-1, max-image-preview:large, max-video-preview:-1\" \/>\n<link rel=\"canonical\" href=\"https:\/\/revistaliterariaelgatonegro.com\/?product=todos-tenemos-superpoderes\" \/>\n<meta property=\"og:locale\" content=\"es_ES\" \/>\n<meta property=\"og:type\" content=\"article\" \/>\n<meta property=\"og:title\" content=\"TODOS TENEMOS SUPERPODERES - REVISTA CULTURAL\" \/>\n<meta property=\"og:description\" content=\"Cuento infantil que ense\u00f1a a moldear la realidad con imaginaci\u00f3n, esta historia de crecimiento emocional: una herramienta \u00fatil para padres, educadores\" \/>\n<meta property=\"og:url\" content=\"https:\/\/revistaliterariaelgatonegro.com\/?product=todos-tenemos-superpoderes\" \/>\n<meta property=\"og:site_name\" content=\"REVISTA CULTURAL\" \/>\n<meta property=\"article:modified_time\" content=\"2025-06-24T15:04:12+00:00\" \/>\n<meta property=\"og:image\" content=\"https:\/\/revistaliterariaelgatonegro.com\/wp-content\/uploads\/2025\/06\/Todos-tenemos-superpoderes_CUBIERTA-scaled.jpg\" \/>\n\t<meta property=\"og:image:width\" content=\"1821\" \/>\n\t<meta property=\"og:image:height\" content=\"2560\" \/>\n\t<meta property=\"og:image:type\" content=\"image\/jpeg\" \/>\n<meta name=\"twitter:card\" content=\"summary_large_image\" \/>\n<meta name=\"twitter:label1\" content=\"Tiempo de lectura\" \/>\n\t<meta name=\"twitter:data1\" content=\"1 minuto\" \/>\n<script type=\"application\/ld+json\" class=\"yoast-schema-graph\">{\"@context\":\"https:\\\/\\\/schema.org\",\"@graph\":[{\"@type\":\"WebPage\",\"@id\":\"https:\\\/\\\/revistaliterariaelgatonegro.com\\\/?product=todos-tenemos-superpoderes\",\"url\":\"https:\\\/\\\/revistaliterariaelgatonegro.com\\\/?product=todos-tenemos-superpoderes\",\"name\":\"TODOS TENEMOS SUPERPODERES - REVISTA CULTURAL\",\"isPartOf\":{\"@id\":\"https:\\\/\\\/revistaliterariaelgatonegro.com\\\/#website\"},\"primaryImageOfPage\":{\"@id\":\"https:\\\/\\\/revistaliterariaelgatonegro.com\\\/?product=todos-tenemos-superpoderes#primaryimage\"},\"image\":{\"@id\":\"https:\\\/\\\/revistaliterariaelgatonegro.com\\\/?product=todos-tenemos-superpoderes#primaryimage\"},\"thumbnailUrl\":\"https:\\\/\\\/revistaliterariaelgatonegro.com\\\/wp-content\\\/uploads\\\/2025\\\/06\\\/Todos-tenemos-superpoderes_CUBIERTA-scaled.jpg\",\"datePublished\":\"2025-06-24T15:04:11+00:00\",\"dateModified\":\"2025-06-24T15:04:12+00:00\",\"description\":\"Cuento infantil que ense\u00f1a a moldear la realidad con imaginaci\u00f3n, esta historia de crecimiento emocional: una herramienta \u00fatil para padres, educadores\",\"breadcrumb\":{\"@id\":\"https:\\\/\\\/revistaliterariaelgatonegro.com\\\/?product=todos-tenemos-superpoderes#breadcrumb\"},\"inLanguage\":\"es\",\"potentialAction\":[{\"@type\":\"ReadAction\",\"target\":[\"https:\\\/\\\/revistaliterariaelgatonegro.com\\\/?product=todos-tenemos-superpoderes\"]}]},{\"@type\":\"ImageObject\",\"inLanguage\":\"es\",\"@id\":\"https:\\\/\\\/revistaliterariaelgatonegro.com\\\/?product=todos-tenemos-superpoderes#primaryimage\",\"url\":\"https:\\\/\\\/revistaliterariaelgatonegro.com\\\/wp-content\\\/uploads\\\/2025\\\/06\\\/Todos-tenemos-superpoderes_CUBIERTA-scaled.jpg\",\"contentUrl\":\"https:\\\/\\\/revistaliterariaelgatonegro.com\\\/wp-content\\\/uploads\\\/2025\\\/06\\\/Todos-tenemos-superpoderes_CUBIERTA-scaled.jpg\",\"width\":1821,\"height\":2560},{\"@type\":\"BreadcrumbList\",\"@id\":\"https:\\\/\\\/revistaliterariaelgatonegro.com\\\/?product=todos-tenemos-superpoderes#breadcrumb\",\"itemListElement\":[{\"@type\":\"ListItem\",\"position\":1,\"name\":\"Portada\",\"item\":\"https:\\\/\\\/revistaliterariaelgatonegro.com\\\/\"},{\"@type\":\"ListItem\",\"position\":2,\"name\":\"Librer\u00eda\",\"item\":\"https:\\\/\\\/revistaliterariaelgatonegro.com\\\/?page_id=20159\"},{\"@type\":\"ListItem\",\"position\":3,\"name\":\"TODOS TENEMOS SUPERPODERES\"}]},{\"@type\":\"WebSite\",\"@id\":\"https:\\\/\\\/revistaliterariaelgatonegro.com\\\/#website\",\"url\":\"https:\\\/\\\/revistaliterariaelgatonegro.com\\\/\",\"name\":\"REVISTA CULTURAL\",\"description\":\" Un nuevo espacio para la divulgaci\u00f3n literaria, as\u00ed como dem\u00e1s artes \",\"publisher\":{\"@id\":\"https:\\\/\\\/revistaliterariaelgatonegro.com\\\/#\\\/schema\\\/person\\\/6a37dd51e0f101e394e91c123fd12e8a\"},\"potentialAction\":[{\"@type\":\"SearchAction\",\"target\":{\"@type\":\"EntryPoint\",\"urlTemplate\":\"https:\\\/\\\/revistaliterariaelgatonegro.com\\\/?s={search_term_string}\"},\"query-input\":{\"@type\":\"PropertyValueSpecification\",\"valueRequired\":true,\"valueName\":\"search_term_string\"}}],\"inLanguage\":\"es\"},{\"@type\":[\"Person\",\"Organization\"],\"@id\":\"https:\\\/\\\/revistaliterariaelgatonegro.com\\\/#\\\/schema\\\/person\\\/6a37dd51e0f101e394e91c123fd12e8a\",\"name\":\"administrador\",\"image\":{\"@type\":\"ImageObject\",\"inLanguage\":\"es\",\"@id\":\"https:\\\/\\\/revistaliterariaelgatonegro.com\\\/wp-content\\\/uploads\\\/2025\\\/12\\\/cropped-Logotipo-Logo-Marca-personal-Pastel-Amarillo-12-Photoroom.png\",\"url\":\"https:\\\/\\\/revistaliterariaelgatonegro.com\\\/wp-content\\\/uploads\\\/2025\\\/12\\\/cropped-Logotipo-Logo-Marca-personal-Pastel-Amarillo-12-Photoroom.png\",\"contentUrl\":\"https:\\\/\\\/revistaliterariaelgatonegro.com\\\/wp-content\\\/uploads\\\/2025\\\/12\\\/cropped-Logotipo-Logo-Marca-personal-Pastel-Amarillo-12-Photoroom.png\",\"width\":364,\"height\":212,\"caption\":\"administrador\"},\"logo\":{\"@id\":\"https:\\\/\\\/revistaliterariaelgatonegro.com\\\/wp-content\\\/uploads\\\/2025\\\/12\\\/cropped-Logotipo-Logo-Marca-personal-Pastel-Amarillo-12-Photoroom.png\"},\"sameAs\":[\"http:\\\/\\\/s864831950.mialojamiento.es\"]}]}<\/script>\n<!-- \/ Yoast SEO plugin. -->","yoast_head_json":{"title":"TODOS TENEMOS SUPERPODERES - REVISTA CULTURAL","description":"Cuento infantil que ense\u00f1a a moldear la realidad con imaginaci\u00f3n, esta historia de crecimiento emocional: una herramienta \u00fatil para padres, educadores","robots":{"index":"index","follow":"follow","max-snippet":"max-snippet:-1","max-image-preview":"max-image-preview:large","max-video-preview":"max-video-preview:-1"},"canonical":"https:\/\/revistaliterariaelgatonegro.com\/?product=todos-tenemos-superpoderes","og_locale":"es_ES","og_type":"article","og_title":"TODOS TENEMOS SUPERPODERES - REVISTA CULTURAL","og_description":"Cuento infantil que ense\u00f1a a moldear la realidad con imaginaci\u00f3n, esta historia de crecimiento emocional: una herramienta \u00fatil para padres, educadores","og_url":"https:\/\/revistaliterariaelgatonegro.com\/?product=todos-tenemos-superpoderes","og_site_name":"REVISTA CULTURAL","article_modified_time":"2025-06-24T15:04:12+00:00","og_image":[{"width":1821,"height":2560,"url":"https:\/\/revistaliterariaelgatonegro.com\/wp-content\/uploads\/2025\/06\/Todos-tenemos-superpoderes_CUBIERTA-scaled.jpg","type":"image\/jpeg"}],"twitter_card":"summary_large_image","twitter_misc":{"Tiempo de lectura":"1 minuto"},"schema":{"@context":"https:\/\/schema.org","@graph":[{"@type":"WebPage","@id":"https:\/\/revistaliterariaelgatonegro.com\/?product=todos-tenemos-superpoderes","url":"https:\/\/revistaliterariaelgatonegro.com\/?product=todos-tenemos-superpoderes","name":"TODOS TENEMOS SUPERPODERES - REVISTA CULTURAL","isPartOf":{"@id":"https:\/\/revistaliterariaelgatonegro.com\/#website"},"primaryImageOfPage":{"@id":"https:\/\/revistaliterariaelgatonegro.com\/?product=todos-tenemos-superpoderes#primaryimage"},"image":{"@id":"https:\/\/revistaliterariaelgatonegro.com\/?product=todos-tenemos-superpoderes#primaryimage"},"thumbnailUrl":"https:\/\/revistaliterariaelgatonegro.com\/wp-content\/uploads\/2025\/06\/Todos-tenemos-superpoderes_CUBIERTA-scaled.jpg","datePublished":"2025-06-24T15:04:11+00:00","dateModified":"2025-06-24T15:04:12+00:00","description":"Cuento infantil que ense\u00f1a a moldear la realidad con imaginaci\u00f3n, esta historia de crecimiento emocional: una herramienta \u00fatil para padres, educadores","breadcrumb":{"@id":"https:\/\/revistaliterariaelgatonegro.com\/?product=todos-tenemos-superpoderes#breadcrumb"},"inLanguage":"es","potentialAction":[{"@type":"ReadAction","target":["https:\/\/revistaliterariaelgatonegro.com\/?product=todos-tenemos-superpoderes"]}]},{"@type":"ImageObject","inLanguage":"es","@id":"https:\/\/revistaliterariaelgatonegro.com\/?product=todos-tenemos-superpoderes#primaryimage","url":"https:\/\/revistaliterariaelgatonegro.com\/wp-content\/uploads\/2025\/06\/Todos-tenemos-superpoderes_CUBIERTA-scaled.jpg","contentUrl":"https:\/\/revistaliterariaelgatonegro.com\/wp-content\/uploads\/2025\/06\/Todos-tenemos-superpoderes_CUBIERTA-scaled.jpg","width":1821,"height":2560},{"@type":"BreadcrumbList","@id":"https:\/\/revistaliterariaelgatonegro.com\/?product=todos-tenemos-superpoderes#breadcrumb","itemListElement":[{"@type":"ListItem","position":1,"name":"Portada","item":"https:\/\/revistaliterariaelgatonegro.com\/"},{"@type":"ListItem","position":2,"name":"Librer\u00eda","item":"https:\/\/revistaliterariaelgatonegro.com\/?page_id=20159"},{"@type":"ListItem","position":3,"name":"TODOS TENEMOS SUPERPODERES"}]},{"@type":"WebSite","@id":"https:\/\/revistaliterariaelgatonegro.com\/#website","url":"https:\/\/revistaliterariaelgatonegro.com\/","name":"REVISTA CULTURAL","description":" Un nuevo espacio para la divulgaci\u00f3n literaria, as\u00ed como dem\u00e1s artes ","publisher":{"@id":"https:\/\/revistaliterariaelgatonegro.com\/#\/schema\/person\/6a37dd51e0f101e394e91c123fd12e8a"},"potentialAction":[{"@type":"SearchAction","target":{"@type":"EntryPoint","urlTemplate":"https:\/\/revistaliterariaelgatonegro.com\/?s={search_term_string}"},"query-input":{"@type":"PropertyValueSpecification","valueRequired":true,"valueName":"search_term_string"}}],"inLanguage":"es"},{"@type":["Person","Organization"],"@id":"https:\/\/revistaliterariaelgatonegro.com\/#\/schema\/person\/6a37dd51e0f101e394e91c123fd12e8a","name":"administrador","image":{"@type":"ImageObject","inLanguage":"es","@id":"https:\/\/revistaliterariaelgatonegro.com\/wp-content\/uploads\/2025\/12\/cropped-Logotipo-Logo-Marca-personal-Pastel-Amarillo-12-Photoroom.png","url":"https:\/\/revistaliterariaelgatonegro.com\/wp-content\/uploads\/2025\/12\/cropped-Logotipo-Logo-Marca-personal-Pastel-Amarillo-12-Photoroom.png","contentUrl":"https:\/\/revistaliterariaelgatonegro.com\/wp-content\/uploads\/2025\/12\/cropped-Logotipo-Logo-Marca-personal-Pastel-Amarillo-12-Photoroom.png","width":364,"height":212,"caption":"administrador"},"logo":{"@id":"https:\/\/revistaliterariaelgatonegro.com\/wp-content\/uploads\/2025\/12\/cropped-Logotipo-Logo-Marca-personal-Pastel-Amarillo-12-Photoroom.png"},"sameAs":["http:\/\/s864831950.mialojamiento.es"]}]}},"_links":{"self":[{"href":"https:\/\/revistaliterariaelgatonegro.com\/index.php?rest_route=\/wp\/v2\/product\/21133","targetHints":{"allow":["GET"]}}],"collection":[{"href":"https:\/\/revistaliterariaelgatonegro.com\/index.php?rest_route=\/wp\/v2\/product"}],"about":[{"href":"https:\/\/revistaliterariaelgatonegro.com\/index.php?rest_route=\/wp\/v2\/types\/product"}],"wp:featuredmedia":[{"embeddable":true,"href":"https:\/\/revistaliterariaelgatonegro.com\/index.php?rest_route=\/wp\/v2\/media\/21153"}],"wp:attachment":[{"href":"https:\/\/revistaliterariaelgatonegro.com\/index.php?rest_route=%2Fwp%2Fv2%2Fmedia&parent=21133"}],"wp:term":[{"taxonomy":"product_brand","embeddable":true,"href":"https:\/\/revistaliterariaelgatonegro.com\/index.php?rest_route=%2Fwp%2Fv2%2Fproduct_brand&post=21133"},{"taxonomy":"product_cat","embeddable":true,"href":"https:\/\/revistaliterariaelgatonegro.com\/index.php?rest_route=%2Fwp%2Fv2%2Fproduct_cat&post=21133"},{"taxonomy":"product_tag","embeddable":true,"href":"https:\/\/revistaliterariaelgatonegro.com\/index.php?rest_route=%2Fwp%2Fv2%2Fproduct_tag&post=21133"}],"curies":[{"name":"wp","href":"https:\/\/api.w.org\/{rel}","templated":true}]}}