{"id":21129,"date":"2025-06-24T16:27:16","date_gmt":"2025-06-24T16:27:16","guid":{"rendered":"https:\/\/revistaliterariaelgatonegro.com\/?post_type=product&#038;p=21129"},"modified":"2025-06-24T16:27:16","modified_gmt":"2025-06-24T16:27:16","slug":"perfectamente-imperfecta","status":"publish","type":"product","link":"https:\/\/revistaliterariaelgatonegro.com\/?product=perfectamente-imperfecta","title":{"rendered":"PERFECTAMENTE IMPERFECTA"},"content":{"rendered":"<p>Con una voz honesta y desnudada aborda temas como la culpa, el cuerpo, la terapia, el sexo y el peso de las expectativas sociales<br \/>\nRuth cree que por fin tiene la vida controlada. Un trabajo fijo y con cierto prestigio como profesora en la universidad, una casa con jard\u00edn como siempre hab\u00eda so\u00f1ado desde que era peque\u00f1a, un marido que la quiere y dos hijos. Pero cuando su hijo de ocho a\u00f1os empieza a sufrir episodios psic\u00f3ticos y le detectan rasgos autistas, todo lo que le parec\u00eda s\u00f3lido en su vida se desmorona. A la vez, su madre, enferma de c\u00e1ncer terminal, decide casarse con un playboy italiano en un glamping de La Ametlla de Mar. Su psic\u00f3loga la anima a ir y le propone elaborar una lista de todas las cosas que aprende de su hijo. Ruth, educada para obedecer, seguir\u00e1 sus instrucciones. Lo que no sabe todav\u00eda es que a trav\u00e9s de este viaje se acercar\u00e1, por fin, a su madre, har\u00e1 frente a las decepciones de su matrimonio, redescubrir\u00e1 un viejo amante, digerir\u00e1 la realidad de su hijo y, sobre todo, desempolvar\u00e1 recuerdos olvidados y curar\u00e1 heridas del pasado que le imped\u00edan ser quien realmente era: una mujer fuerte e imperfectamente perfecta.<\/p>\n","protected":false},"excerpt":{"rendered":"<h3>Carla Gracia<\/h3>\n<p>Una novela inspirada en hechos reales que explica la historia de una madre que se hunde, lucha y renace mientras acompa\u00f1a su hijo neurodivergente en un mundo que no est\u00e1 hecho para la diferencia.<\/p>\n<ul>\n<li class=\"campo f-size-0 f-w-4 my-2 d-grid svelte-id2jbc\" data-campo=\"Editorial\"><b class=\"f-w-7\">Editorial: <\/b>Catedral<\/li>\n<li class=\"campo f-size-0 f-w-4 my-2 d-grid svelte-id2jbc\" data-campo=\"ISBN\"><b class=\"f-w-7\">ISBN: <\/b>9788419722089<\/li>\n<li class=\"campo f-size-0 f-w-4 my-2 d-grid svelte-id2jbc\" data-campo=\"Idioma\"><b class=\"f-w-7\">Idioma: <\/b>Castellano<\/li>\n<li class=\"campo f-size-0 f-w-4 my-2 d-grid svelte-id2jbc\" data-campo=\"N\u00famero de p\u00e1ginas\"><b class=\"f-w-7\">N\u00famero de p\u00e1ginas: <\/b>224<\/li>\n<li class=\"campo f-size-0 f-w-4 my-2 d-grid svelte-id2jbc\" data-campo=\"Encuadernaci\u00f3n\"><b class=\"f-w-7\">Encuadernaci\u00f3n: <\/b>Tapa blanda<\/li>\n<\/ul>\n<p>&nbsp;<\/p>\n<p><a href=\"https:\/\/www.awin1.com\/cread.php?awinmid=21491&amp;awinaffid=1470274&amp;ued=https%3A%2F%2Fwww.casadellibro.com%2Flibro-perfectamente-imperfecta%2F9788419722089%2F16764013%3Fcampaignid%3D16502813214%26gad_source%3D1%26gad_campaignid%3D16515120899%26gbraid%3D0AAAAAD_iqzfQqVIE8hFvyimisuAm1KJ6t%26gclid%3DCjwKCAjw9uPCBhATEiwABHN9K-GHy-dhZlegy-_QqqTKgAhZ-y9sp9YfljOu8gwPSMZUxqaQ-Kg7khoCCvMQAvD_BwE\" target=\"_blank\" rel=\"noopener\"><button class=\"boton1\">Libro<\/button><\/a><\/p>\n","protected":false},"featured_media":21164,"template":"","meta":[],"product_brand":[],"product_cat":[159],"product_tag":[170],"class_list":{"0":"post-21129","1":"product","2":"type-product","3":"status-publish","4":"has-post-thumbnail","6":"product_cat-novela-contemporanea","7":"product_tag-narrativa-espanola","9":"first","10":"instock","11":"taxable","12":"shipping-taxable","13":"product-type-external"},"yoast_head":"<!-- This site is optimized with the Yoast SEO plugin v27.4 - https:\/\/yoast.com\/product\/yoast-seo-wordpress\/ -->\n<title>PERFECTAMENTE IMPERFECTA - REVISTA CULTURAL<\/title>\n<meta name=\"description\" content=\"Una novela inspirada en hechos reales que explica la historia de una madre que se hunde, lucha y renace mientras acompa\u00f1a su hijo neurodivergente\" \/>\n<meta name=\"robots\" content=\"index, follow, max-snippet:-1, max-image-preview:large, max-video-preview:-1\" \/>\n<link rel=\"canonical\" href=\"https:\/\/revistaliterariaelgatonegro.com\/?product=perfectamente-imperfecta\" \/>\n<meta property=\"og:locale\" content=\"es_ES\" \/>\n<meta property=\"og:type\" content=\"article\" \/>\n<meta property=\"og:title\" content=\"PERFECTAMENTE IMPERFECTA - REVISTA CULTURAL\" \/>\n<meta property=\"og:description\" content=\"Una novela inspirada en hechos reales que explica la historia de una madre que se hunde, lucha y renace mientras acompa\u00f1a su hijo neurodivergente\" \/>\n<meta property=\"og:url\" content=\"https:\/\/revistaliterariaelgatonegro.com\/?product=perfectamente-imperfecta\" \/>\n<meta property=\"og:site_name\" content=\"REVISTA CULTURAL\" \/>\n<meta property=\"og:image\" content=\"https:\/\/revistaliterariaelgatonegro.com\/wp-content\/uploads\/2025\/06\/portada-perfectamente-inperfecta-700x1052.png\" \/>\n\t<meta property=\"og:image:width\" content=\"700\" \/>\n\t<meta property=\"og:image:height\" content=\"1052\" \/>\n\t<meta property=\"og:image:type\" content=\"image\/png\" \/>\n<meta name=\"twitter:card\" content=\"summary_large_image\" \/>\n<meta name=\"twitter:label1\" content=\"Tiempo de lectura\" \/>\n\t<meta name=\"twitter:data1\" content=\"2 minutos\" \/>\n<script type=\"application\/ld+json\" class=\"yoast-schema-graph\">{\"@context\":\"https:\\\/\\\/schema.org\",\"@graph\":[{\"@type\":\"WebPage\",\"@id\":\"https:\\\/\\\/revistaliterariaelgatonegro.com\\\/?product=perfectamente-imperfecta\",\"url\":\"https:\\\/\\\/revistaliterariaelgatonegro.com\\\/?product=perfectamente-imperfecta\",\"name\":\"PERFECTAMENTE IMPERFECTA - REVISTA CULTURAL\",\"isPartOf\":{\"@id\":\"https:\\\/\\\/revistaliterariaelgatonegro.com\\\/#website\"},\"primaryImageOfPage\":{\"@id\":\"https:\\\/\\\/revistaliterariaelgatonegro.com\\\/?product=perfectamente-imperfecta#primaryimage\"},\"image\":{\"@id\":\"https:\\\/\\\/revistaliterariaelgatonegro.com\\\/?product=perfectamente-imperfecta#primaryimage\"},\"thumbnailUrl\":\"https:\\\/\\\/revistaliterariaelgatonegro.com\\\/wp-content\\\/uploads\\\/2025\\\/06\\\/portada-perfectamente-inperfecta-scaled.png\",\"datePublished\":\"2025-06-24T16:27:16+00:00\",\"description\":\"Una novela inspirada en hechos reales que explica la historia de una madre que se hunde, lucha y renace mientras acompa\u00f1a su hijo neurodivergente\",\"breadcrumb\":{\"@id\":\"https:\\\/\\\/revistaliterariaelgatonegro.com\\\/?product=perfectamente-imperfecta#breadcrumb\"},\"inLanguage\":\"es\",\"potentialAction\":[{\"@type\":\"ReadAction\",\"target\":[\"https:\\\/\\\/revistaliterariaelgatonegro.com\\\/?product=perfectamente-imperfecta\"]}]},{\"@type\":\"ImageObject\",\"inLanguage\":\"es\",\"@id\":\"https:\\\/\\\/revistaliterariaelgatonegro.com\\\/?product=perfectamente-imperfecta#primaryimage\",\"url\":\"https:\\\/\\\/revistaliterariaelgatonegro.com\\\/wp-content\\\/uploads\\\/2025\\\/06\\\/portada-perfectamente-inperfecta-scaled.png\",\"contentUrl\":\"https:\\\/\\\/revistaliterariaelgatonegro.com\\\/wp-content\\\/uploads\\\/2025\\\/06\\\/portada-perfectamente-inperfecta-scaled.png\",\"width\":1703,\"height\":2560},{\"@type\":\"BreadcrumbList\",\"@id\":\"https:\\\/\\\/revistaliterariaelgatonegro.com\\\/?product=perfectamente-imperfecta#breadcrumb\",\"itemListElement\":[{\"@type\":\"ListItem\",\"position\":1,\"name\":\"Portada\",\"item\":\"https:\\\/\\\/revistaliterariaelgatonegro.com\\\/\"},{\"@type\":\"ListItem\",\"position\":2,\"name\":\"Librer\u00eda\",\"item\":\"https:\\\/\\\/revistaliterariaelgatonegro.com\\\/?page_id=20159\"},{\"@type\":\"ListItem\",\"position\":3,\"name\":\"PERFECTAMENTE IMPERFECTA\"}]},{\"@type\":\"WebSite\",\"@id\":\"https:\\\/\\\/revistaliterariaelgatonegro.com\\\/#website\",\"url\":\"https:\\\/\\\/revistaliterariaelgatonegro.com\\\/\",\"name\":\"REVISTA CULTURAL\",\"description\":\" Un nuevo espacio para la divulgaci\u00f3n literaria, as\u00ed como dem\u00e1s artes \",\"publisher\":{\"@id\":\"https:\\\/\\\/revistaliterariaelgatonegro.com\\\/#\\\/schema\\\/person\\\/6a37dd51e0f101e394e91c123fd12e8a\"},\"potentialAction\":[{\"@type\":\"SearchAction\",\"target\":{\"@type\":\"EntryPoint\",\"urlTemplate\":\"https:\\\/\\\/revistaliterariaelgatonegro.com\\\/?s={search_term_string}\"},\"query-input\":{\"@type\":\"PropertyValueSpecification\",\"valueRequired\":true,\"valueName\":\"search_term_string\"}}],\"inLanguage\":\"es\"},{\"@type\":[\"Person\",\"Organization\"],\"@id\":\"https:\\\/\\\/revistaliterariaelgatonegro.com\\\/#\\\/schema\\\/person\\\/6a37dd51e0f101e394e91c123fd12e8a\",\"name\":\"administrador\",\"image\":{\"@type\":\"ImageObject\",\"inLanguage\":\"es\",\"@id\":\"https:\\\/\\\/revistaliterariaelgatonegro.com\\\/wp-content\\\/uploads\\\/2025\\\/12\\\/cropped-Logotipo-Logo-Marca-personal-Pastel-Amarillo-12-Photoroom.png\",\"url\":\"https:\\\/\\\/revistaliterariaelgatonegro.com\\\/wp-content\\\/uploads\\\/2025\\\/12\\\/cropped-Logotipo-Logo-Marca-personal-Pastel-Amarillo-12-Photoroom.png\",\"contentUrl\":\"https:\\\/\\\/revistaliterariaelgatonegro.com\\\/wp-content\\\/uploads\\\/2025\\\/12\\\/cropped-Logotipo-Logo-Marca-personal-Pastel-Amarillo-12-Photoroom.png\",\"width\":364,\"height\":212,\"caption\":\"administrador\"},\"logo\":{\"@id\":\"https:\\\/\\\/revistaliterariaelgatonegro.com\\\/wp-content\\\/uploads\\\/2025\\\/12\\\/cropped-Logotipo-Logo-Marca-personal-Pastel-Amarillo-12-Photoroom.png\"},\"sameAs\":[\"http:\\\/\\\/s864831950.mialojamiento.es\"]}]}<\/script>\n<!-- \/ Yoast SEO plugin. -->","yoast_head_json":{"title":"PERFECTAMENTE IMPERFECTA - REVISTA CULTURAL","description":"Una novela inspirada en hechos reales que explica la historia de una madre que se hunde, lucha y renace mientras acompa\u00f1a su hijo neurodivergente","robots":{"index":"index","follow":"follow","max-snippet":"max-snippet:-1","max-image-preview":"max-image-preview:large","max-video-preview":"max-video-preview:-1"},"canonical":"https:\/\/revistaliterariaelgatonegro.com\/?product=perfectamente-imperfecta","og_locale":"es_ES","og_type":"article","og_title":"PERFECTAMENTE IMPERFECTA - REVISTA CULTURAL","og_description":"Una novela inspirada en hechos reales que explica la historia de una madre que se hunde, lucha y renace mientras acompa\u00f1a su hijo neurodivergente","og_url":"https:\/\/revistaliterariaelgatonegro.com\/?product=perfectamente-imperfecta","og_site_name":"REVISTA CULTURAL","og_image":[{"width":700,"height":1052,"url":"https:\/\/revistaliterariaelgatonegro.com\/wp-content\/uploads\/2025\/06\/portada-perfectamente-inperfecta-700x1052.png","type":"image\/png"}],"twitter_card":"summary_large_image","twitter_misc":{"Tiempo de lectura":"2 minutos"},"schema":{"@context":"https:\/\/schema.org","@graph":[{"@type":"WebPage","@id":"https:\/\/revistaliterariaelgatonegro.com\/?product=perfectamente-imperfecta","url":"https:\/\/revistaliterariaelgatonegro.com\/?product=perfectamente-imperfecta","name":"PERFECTAMENTE IMPERFECTA - REVISTA CULTURAL","isPartOf":{"@id":"https:\/\/revistaliterariaelgatonegro.com\/#website"},"primaryImageOfPage":{"@id":"https:\/\/revistaliterariaelgatonegro.com\/?product=perfectamente-imperfecta#primaryimage"},"image":{"@id":"https:\/\/revistaliterariaelgatonegro.com\/?product=perfectamente-imperfecta#primaryimage"},"thumbnailUrl":"https:\/\/revistaliterariaelgatonegro.com\/wp-content\/uploads\/2025\/06\/portada-perfectamente-inperfecta-scaled.png","datePublished":"2025-06-24T16:27:16+00:00","description":"Una novela inspirada en hechos reales que explica la historia de una madre que se hunde, lucha y renace mientras acompa\u00f1a su hijo neurodivergente","breadcrumb":{"@id":"https:\/\/revistaliterariaelgatonegro.com\/?product=perfectamente-imperfecta#breadcrumb"},"inLanguage":"es","potentialAction":[{"@type":"ReadAction","target":["https:\/\/revistaliterariaelgatonegro.com\/?product=perfectamente-imperfecta"]}]},{"@type":"ImageObject","inLanguage":"es","@id":"https:\/\/revistaliterariaelgatonegro.com\/?product=perfectamente-imperfecta#primaryimage","url":"https:\/\/revistaliterariaelgatonegro.com\/wp-content\/uploads\/2025\/06\/portada-perfectamente-inperfecta-scaled.png","contentUrl":"https:\/\/revistaliterariaelgatonegro.com\/wp-content\/uploads\/2025\/06\/portada-perfectamente-inperfecta-scaled.png","width":1703,"height":2560},{"@type":"BreadcrumbList","@id":"https:\/\/revistaliterariaelgatonegro.com\/?product=perfectamente-imperfecta#breadcrumb","itemListElement":[{"@type":"ListItem","position":1,"name":"Portada","item":"https:\/\/revistaliterariaelgatonegro.com\/"},{"@type":"ListItem","position":2,"name":"Librer\u00eda","item":"https:\/\/revistaliterariaelgatonegro.com\/?page_id=20159"},{"@type":"ListItem","position":3,"name":"PERFECTAMENTE IMPERFECTA"}]},{"@type":"WebSite","@id":"https:\/\/revistaliterariaelgatonegro.com\/#website","url":"https:\/\/revistaliterariaelgatonegro.com\/","name":"REVISTA CULTURAL","description":" Un nuevo espacio para la divulgaci\u00f3n literaria, as\u00ed como dem\u00e1s artes ","publisher":{"@id":"https:\/\/revistaliterariaelgatonegro.com\/#\/schema\/person\/6a37dd51e0f101e394e91c123fd12e8a"},"potentialAction":[{"@type":"SearchAction","target":{"@type":"EntryPoint","urlTemplate":"https:\/\/revistaliterariaelgatonegro.com\/?s={search_term_string}"},"query-input":{"@type":"PropertyValueSpecification","valueRequired":true,"valueName":"search_term_string"}}],"inLanguage":"es"},{"@type":["Person","Organization"],"@id":"https:\/\/revistaliterariaelgatonegro.com\/#\/schema\/person\/6a37dd51e0f101e394e91c123fd12e8a","name":"administrador","image":{"@type":"ImageObject","inLanguage":"es","@id":"https:\/\/revistaliterariaelgatonegro.com\/wp-content\/uploads\/2025\/12\/cropped-Logotipo-Logo-Marca-personal-Pastel-Amarillo-12-Photoroom.png","url":"https:\/\/revistaliterariaelgatonegro.com\/wp-content\/uploads\/2025\/12\/cropped-Logotipo-Logo-Marca-personal-Pastel-Amarillo-12-Photoroom.png","contentUrl":"https:\/\/revistaliterariaelgatonegro.com\/wp-content\/uploads\/2025\/12\/cropped-Logotipo-Logo-Marca-personal-Pastel-Amarillo-12-Photoroom.png","width":364,"height":212,"caption":"administrador"},"logo":{"@id":"https:\/\/revistaliterariaelgatonegro.com\/wp-content\/uploads\/2025\/12\/cropped-Logotipo-Logo-Marca-personal-Pastel-Amarillo-12-Photoroom.png"},"sameAs":["http:\/\/s864831950.mialojamiento.es"]}]}},"_links":{"self":[{"href":"https:\/\/revistaliterariaelgatonegro.com\/index.php?rest_route=\/wp\/v2\/product\/21129","targetHints":{"allow":["GET"]}}],"collection":[{"href":"https:\/\/revistaliterariaelgatonegro.com\/index.php?rest_route=\/wp\/v2\/product"}],"about":[{"href":"https:\/\/revistaliterariaelgatonegro.com\/index.php?rest_route=\/wp\/v2\/types\/product"}],"wp:featuredmedia":[{"embeddable":true,"href":"https:\/\/revistaliterariaelgatonegro.com\/index.php?rest_route=\/wp\/v2\/media\/21164"}],"wp:attachment":[{"href":"https:\/\/revistaliterariaelgatonegro.com\/index.php?rest_route=%2Fwp%2Fv2%2Fmedia&parent=21129"}],"wp:term":[{"taxonomy":"product_brand","embeddable":true,"href":"https:\/\/revistaliterariaelgatonegro.com\/index.php?rest_route=%2Fwp%2Fv2%2Fproduct_brand&post=21129"},{"taxonomy":"product_cat","embeddable":true,"href":"https:\/\/revistaliterariaelgatonegro.com\/index.php?rest_route=%2Fwp%2Fv2%2Fproduct_cat&post=21129"},{"taxonomy":"product_tag","embeddable":true,"href":"https:\/\/revistaliterariaelgatonegro.com\/index.php?rest_route=%2Fwp%2Fv2%2Fproduct_tag&post=21129"}],"curies":[{"name":"wp","href":"https:\/\/api.w.org\/{rel}","templated":true}]}}