{"id":21027,"date":"2025-06-17T15:10:23","date_gmt":"2025-06-17T15:10:23","guid":{"rendered":"https:\/\/revistaliterariaelgatonegro.com\/?post_type=product&#038;p=21027"},"modified":"2025-06-17T15:10:23","modified_gmt":"2025-06-17T15:10:23","slug":"aromaterapia-para-dummies","status":"publish","type":"product","link":"https:\/\/revistaliterariaelgatonegro.com\/?product=aromaterapia-para-dummies","title":{"rendered":"AROMATERAPIA PARA DUMMIES"},"content":{"rendered":"<p>Un libro que explica en un tono cercano y amigable qu\u00e9 son los aceites esenciales, de d\u00f3nde proceden, qu\u00e9 beneficios tienen y en qu\u00e9 consiste la aromaterapia, la importancia del sentido del olfato en nuestra vida, as\u00ed como la necesidad de su m\u00e1xima calidad para conseguir resultados valiosos.<\/p>\n<p>Tambi\u00e9n se repasan los distintos tipos de aceites esenciales, y de los m\u00e1s importantes se analizan sus propiedades beneficiosas, sus indicaciones terap\u00e9uticas y sus peligros o contraindicaciones. Adem\u00e1s, se proponen una serie de tratamientos sencillos y potentes que el lector puede aplicar en su casa para las dolencias m\u00e1s habituales con que solemos encontrarnos.<\/p>\n<div id=\"a-p-f\" class=\"f-serif s-7-text autores balance-title underline-space svelte-dmd0gb\">\n<p>&nbsp;<\/p>\n<p>&nbsp;<\/p>\n<\/div>\n","protected":false},"excerpt":{"rendered":"<h3><strong>Enrique Sanz Bascu\u00f1ana<\/strong><\/h3>\n<p>La aromaterapia est\u00e1 enfocada en mejorar el bienestar, aliviar el estr\u00e9s y ayudar a rejuvenecer y regenerar el cuerpo humano.<\/p>\n<ul>\n<li class=\"campo f-size-0 f-w-4 my-2 d-grid svelte-id2jbc\" data-campo=\"Editorial\"><b class=\"f-w-7\">Editorial: <\/b>Hoepli S.p.a.<\/li>\n<li class=\"campo f-size-0 f-w-4 my-2 d-grid svelte-id2jbc\" data-campo=\"ISBN\"><b class=\"f-w-7\">ISBN: <\/b>9791254990490<\/li>\n<li class=\"campo f-size-0 f-w-4 my-2 d-grid svelte-id2jbc\" data-campo=\"Idioma\"><b class=\"f-w-7\">Idioma: <\/b>Castellano<\/li>\n<li class=\"campo f-size-0 f-w-4 my-2 d-grid svelte-id2jbc\" data-campo=\"N\u00famero de p\u00e1ginas\"><b class=\"f-w-7\">N\u00famero de p\u00e1ginas: <\/b>240<\/li>\n<li class=\"campo f-size-0 f-w-4 my-2 d-grid svelte-id2jbc\" data-campo=\"Encuadernaci\u00f3n\"><b class=\"f-w-7\">Encuadernaci\u00f3n: <\/b>Tapa blanda<\/li>\n<\/ul>\n<p>&nbsp;<\/p>\n<p><a href=\"https:\/\/tidd.ly\/4n5JehC\" target=\"_blank\" rel=\"noopener\"><button class=\"boton1\">Libro<\/button><\/a><\/p>\n","protected":false},"featured_media":21028,"template":"","meta":[],"product_brand":[],"product_cat":[191],"product_tag":[192],"class_list":{"0":"post-21027","1":"product","2":"type-product","3":"status-publish","4":"has-post-thumbnail","6":"product_cat-otras-terapias","7":"product_tag-aromaterapia","9":"first","10":"instock","11":"taxable","12":"shipping-taxable","13":"product-type-external"},"yoast_head":"<!-- This site is optimized with the Yoast SEO plugin v27.4 - https:\/\/yoast.com\/product\/yoast-seo-wordpress\/ -->\n<title>AROMATERAPIA PARA DUMMIES - REVISTA CULTURAL<\/title>\n<meta name=\"description\" content=\"La aromaterapia, como parte de las terapias naturales ha conocido un gran auge en los \u00faltimos a\u00f1os, pero muchas veces quienes recurren a ella\" \/>\n<meta name=\"robots\" content=\"index, follow, max-snippet:-1, max-image-preview:large, max-video-preview:-1\" \/>\n<link rel=\"canonical\" href=\"https:\/\/revistaliterariaelgatonegro.com\/?product=aromaterapia-para-dummies\" \/>\n<meta property=\"og:locale\" content=\"es_ES\" \/>\n<meta property=\"og:type\" content=\"article\" \/>\n<meta property=\"og:title\" content=\"AROMATERAPIA PARA DUMMIES - REVISTA CULTURAL\" \/>\n<meta property=\"og:description\" content=\"La aromaterapia, como parte de las terapias naturales ha conocido un gran auge en los \u00faltimos a\u00f1os, pero muchas veces quienes recurren a ella\" \/>\n<meta property=\"og:url\" content=\"https:\/\/revistaliterariaelgatonegro.com\/?product=aromaterapia-para-dummies\" \/>\n<meta property=\"og:site_name\" content=\"REVISTA CULTURAL\" \/>\n<meta property=\"og:image\" content=\"https:\/\/revistaliterariaelgatonegro.com\/wp-content\/uploads\/2025\/06\/aromaterapia-para-dummies.jpg\" \/>\n\t<meta property=\"og:image:width\" content=\"552\" \/>\n\t<meta property=\"og:image:height\" content=\"846\" \/>\n\t<meta property=\"og:image:type\" content=\"image\/jpeg\" \/>\n<meta name=\"twitter:card\" content=\"summary_large_image\" \/>\n<meta name=\"twitter:label1\" content=\"Tiempo de lectura\" \/>\n\t<meta name=\"twitter:data1\" content=\"1 minuto\" \/>\n<script type=\"application\/ld+json\" class=\"yoast-schema-graph\">{\"@context\":\"https:\\\/\\\/schema.org\",\"@graph\":[{\"@type\":\"WebPage\",\"@id\":\"https:\\\/\\\/revistaliterariaelgatonegro.com\\\/?product=aromaterapia-para-dummies\",\"url\":\"https:\\\/\\\/revistaliterariaelgatonegro.com\\\/?product=aromaterapia-para-dummies\",\"name\":\"AROMATERAPIA PARA DUMMIES - REVISTA CULTURAL\",\"isPartOf\":{\"@id\":\"https:\\\/\\\/revistaliterariaelgatonegro.com\\\/#website\"},\"primaryImageOfPage\":{\"@id\":\"https:\\\/\\\/revistaliterariaelgatonegro.com\\\/?product=aromaterapia-para-dummies#primaryimage\"},\"image\":{\"@id\":\"https:\\\/\\\/revistaliterariaelgatonegro.com\\\/?product=aromaterapia-para-dummies#primaryimage\"},\"thumbnailUrl\":\"https:\\\/\\\/revistaliterariaelgatonegro.com\\\/wp-content\\\/uploads\\\/2025\\\/06\\\/aromaterapia-para-dummies.jpg\",\"datePublished\":\"2025-06-17T15:10:23+00:00\",\"description\":\"La aromaterapia, como parte de las terapias naturales ha conocido un gran auge en los \u00faltimos a\u00f1os, pero muchas veces quienes recurren a ella\",\"breadcrumb\":{\"@id\":\"https:\\\/\\\/revistaliterariaelgatonegro.com\\\/?product=aromaterapia-para-dummies#breadcrumb\"},\"inLanguage\":\"es\",\"potentialAction\":[{\"@type\":\"ReadAction\",\"target\":[\"https:\\\/\\\/revistaliterariaelgatonegro.com\\\/?product=aromaterapia-para-dummies\"]}]},{\"@type\":\"ImageObject\",\"inLanguage\":\"es\",\"@id\":\"https:\\\/\\\/revistaliterariaelgatonegro.com\\\/?product=aromaterapia-para-dummies#primaryimage\",\"url\":\"https:\\\/\\\/revistaliterariaelgatonegro.com\\\/wp-content\\\/uploads\\\/2025\\\/06\\\/aromaterapia-para-dummies.jpg\",\"contentUrl\":\"https:\\\/\\\/revistaliterariaelgatonegro.com\\\/wp-content\\\/uploads\\\/2025\\\/06\\\/aromaterapia-para-dummies.jpg\",\"width\":552,\"height\":846},{\"@type\":\"BreadcrumbList\",\"@id\":\"https:\\\/\\\/revistaliterariaelgatonegro.com\\\/?product=aromaterapia-para-dummies#breadcrumb\",\"itemListElement\":[{\"@type\":\"ListItem\",\"position\":1,\"name\":\"Portada\",\"item\":\"https:\\\/\\\/revistaliterariaelgatonegro.com\\\/\"},{\"@type\":\"ListItem\",\"position\":2,\"name\":\"Librer\u00eda\",\"item\":\"https:\\\/\\\/revistaliterariaelgatonegro.com\\\/?page_id=20159\"},{\"@type\":\"ListItem\",\"position\":3,\"name\":\"AROMATERAPIA PARA DUMMIES\"}]},{\"@type\":\"WebSite\",\"@id\":\"https:\\\/\\\/revistaliterariaelgatonegro.com\\\/#website\",\"url\":\"https:\\\/\\\/revistaliterariaelgatonegro.com\\\/\",\"name\":\"REVISTA CULTURAL\",\"description\":\" Un nuevo espacio para la divulgaci\u00f3n literaria, as\u00ed como dem\u00e1s artes \",\"publisher\":{\"@id\":\"https:\\\/\\\/revistaliterariaelgatonegro.com\\\/#\\\/schema\\\/person\\\/6a37dd51e0f101e394e91c123fd12e8a\"},\"potentialAction\":[{\"@type\":\"SearchAction\",\"target\":{\"@type\":\"EntryPoint\",\"urlTemplate\":\"https:\\\/\\\/revistaliterariaelgatonegro.com\\\/?s={search_term_string}\"},\"query-input\":{\"@type\":\"PropertyValueSpecification\",\"valueRequired\":true,\"valueName\":\"search_term_string\"}}],\"inLanguage\":\"es\"},{\"@type\":[\"Person\",\"Organization\"],\"@id\":\"https:\\\/\\\/revistaliterariaelgatonegro.com\\\/#\\\/schema\\\/person\\\/6a37dd51e0f101e394e91c123fd12e8a\",\"name\":\"administrador\",\"image\":{\"@type\":\"ImageObject\",\"inLanguage\":\"es\",\"@id\":\"https:\\\/\\\/revistaliterariaelgatonegro.com\\\/wp-content\\\/uploads\\\/2025\\\/12\\\/cropped-Logotipo-Logo-Marca-personal-Pastel-Amarillo-12-Photoroom.png\",\"url\":\"https:\\\/\\\/revistaliterariaelgatonegro.com\\\/wp-content\\\/uploads\\\/2025\\\/12\\\/cropped-Logotipo-Logo-Marca-personal-Pastel-Amarillo-12-Photoroom.png\",\"contentUrl\":\"https:\\\/\\\/revistaliterariaelgatonegro.com\\\/wp-content\\\/uploads\\\/2025\\\/12\\\/cropped-Logotipo-Logo-Marca-personal-Pastel-Amarillo-12-Photoroom.png\",\"width\":364,\"height\":212,\"caption\":\"administrador\"},\"logo\":{\"@id\":\"https:\\\/\\\/revistaliterariaelgatonegro.com\\\/wp-content\\\/uploads\\\/2025\\\/12\\\/cropped-Logotipo-Logo-Marca-personal-Pastel-Amarillo-12-Photoroom.png\"},\"sameAs\":[\"http:\\\/\\\/s864831950.mialojamiento.es\"]}]}<\/script>\n<!-- \/ Yoast SEO plugin. -->","yoast_head_json":{"title":"AROMATERAPIA PARA DUMMIES - REVISTA CULTURAL","description":"La aromaterapia, como parte de las terapias naturales ha conocido un gran auge en los \u00faltimos a\u00f1os, pero muchas veces quienes recurren a ella","robots":{"index":"index","follow":"follow","max-snippet":"max-snippet:-1","max-image-preview":"max-image-preview:large","max-video-preview":"max-video-preview:-1"},"canonical":"https:\/\/revistaliterariaelgatonegro.com\/?product=aromaterapia-para-dummies","og_locale":"es_ES","og_type":"article","og_title":"AROMATERAPIA PARA DUMMIES - REVISTA CULTURAL","og_description":"La aromaterapia, como parte de las terapias naturales ha conocido un gran auge en los \u00faltimos a\u00f1os, pero muchas veces quienes recurren a ella","og_url":"https:\/\/revistaliterariaelgatonegro.com\/?product=aromaterapia-para-dummies","og_site_name":"REVISTA CULTURAL","og_image":[{"width":552,"height":846,"url":"https:\/\/revistaliterariaelgatonegro.com\/wp-content\/uploads\/2025\/06\/aromaterapia-para-dummies.jpg","type":"image\/jpeg"}],"twitter_card":"summary_large_image","twitter_misc":{"Tiempo de lectura":"1 minuto"},"schema":{"@context":"https:\/\/schema.org","@graph":[{"@type":"WebPage","@id":"https:\/\/revistaliterariaelgatonegro.com\/?product=aromaterapia-para-dummies","url":"https:\/\/revistaliterariaelgatonegro.com\/?product=aromaterapia-para-dummies","name":"AROMATERAPIA PARA DUMMIES - REVISTA CULTURAL","isPartOf":{"@id":"https:\/\/revistaliterariaelgatonegro.com\/#website"},"primaryImageOfPage":{"@id":"https:\/\/revistaliterariaelgatonegro.com\/?product=aromaterapia-para-dummies#primaryimage"},"image":{"@id":"https:\/\/revistaliterariaelgatonegro.com\/?product=aromaterapia-para-dummies#primaryimage"},"thumbnailUrl":"https:\/\/revistaliterariaelgatonegro.com\/wp-content\/uploads\/2025\/06\/aromaterapia-para-dummies.jpg","datePublished":"2025-06-17T15:10:23+00:00","description":"La aromaterapia, como parte de las terapias naturales ha conocido un gran auge en los \u00faltimos a\u00f1os, pero muchas veces quienes recurren a ella","breadcrumb":{"@id":"https:\/\/revistaliterariaelgatonegro.com\/?product=aromaterapia-para-dummies#breadcrumb"},"inLanguage":"es","potentialAction":[{"@type":"ReadAction","target":["https:\/\/revistaliterariaelgatonegro.com\/?product=aromaterapia-para-dummies"]}]},{"@type":"ImageObject","inLanguage":"es","@id":"https:\/\/revistaliterariaelgatonegro.com\/?product=aromaterapia-para-dummies#primaryimage","url":"https:\/\/revistaliterariaelgatonegro.com\/wp-content\/uploads\/2025\/06\/aromaterapia-para-dummies.jpg","contentUrl":"https:\/\/revistaliterariaelgatonegro.com\/wp-content\/uploads\/2025\/06\/aromaterapia-para-dummies.jpg","width":552,"height":846},{"@type":"BreadcrumbList","@id":"https:\/\/revistaliterariaelgatonegro.com\/?product=aromaterapia-para-dummies#breadcrumb","itemListElement":[{"@type":"ListItem","position":1,"name":"Portada","item":"https:\/\/revistaliterariaelgatonegro.com\/"},{"@type":"ListItem","position":2,"name":"Librer\u00eda","item":"https:\/\/revistaliterariaelgatonegro.com\/?page_id=20159"},{"@type":"ListItem","position":3,"name":"AROMATERAPIA PARA DUMMIES"}]},{"@type":"WebSite","@id":"https:\/\/revistaliterariaelgatonegro.com\/#website","url":"https:\/\/revistaliterariaelgatonegro.com\/","name":"REVISTA CULTURAL","description":" Un nuevo espacio para la divulgaci\u00f3n literaria, as\u00ed como dem\u00e1s artes ","publisher":{"@id":"https:\/\/revistaliterariaelgatonegro.com\/#\/schema\/person\/6a37dd51e0f101e394e91c123fd12e8a"},"potentialAction":[{"@type":"SearchAction","target":{"@type":"EntryPoint","urlTemplate":"https:\/\/revistaliterariaelgatonegro.com\/?s={search_term_string}"},"query-input":{"@type":"PropertyValueSpecification","valueRequired":true,"valueName":"search_term_string"}}],"inLanguage":"es"},{"@type":["Person","Organization"],"@id":"https:\/\/revistaliterariaelgatonegro.com\/#\/schema\/person\/6a37dd51e0f101e394e91c123fd12e8a","name":"administrador","image":{"@type":"ImageObject","inLanguage":"es","@id":"https:\/\/revistaliterariaelgatonegro.com\/wp-content\/uploads\/2025\/12\/cropped-Logotipo-Logo-Marca-personal-Pastel-Amarillo-12-Photoroom.png","url":"https:\/\/revistaliterariaelgatonegro.com\/wp-content\/uploads\/2025\/12\/cropped-Logotipo-Logo-Marca-personal-Pastel-Amarillo-12-Photoroom.png","contentUrl":"https:\/\/revistaliterariaelgatonegro.com\/wp-content\/uploads\/2025\/12\/cropped-Logotipo-Logo-Marca-personal-Pastel-Amarillo-12-Photoroom.png","width":364,"height":212,"caption":"administrador"},"logo":{"@id":"https:\/\/revistaliterariaelgatonegro.com\/wp-content\/uploads\/2025\/12\/cropped-Logotipo-Logo-Marca-personal-Pastel-Amarillo-12-Photoroom.png"},"sameAs":["http:\/\/s864831950.mialojamiento.es"]}]}},"_links":{"self":[{"href":"https:\/\/revistaliterariaelgatonegro.com\/index.php?rest_route=\/wp\/v2\/product\/21027","targetHints":{"allow":["GET"]}}],"collection":[{"href":"https:\/\/revistaliterariaelgatonegro.com\/index.php?rest_route=\/wp\/v2\/product"}],"about":[{"href":"https:\/\/revistaliterariaelgatonegro.com\/index.php?rest_route=\/wp\/v2\/types\/product"}],"wp:featuredmedia":[{"embeddable":true,"href":"https:\/\/revistaliterariaelgatonegro.com\/index.php?rest_route=\/wp\/v2\/media\/21028"}],"wp:attachment":[{"href":"https:\/\/revistaliterariaelgatonegro.com\/index.php?rest_route=%2Fwp%2Fv2%2Fmedia&parent=21027"}],"wp:term":[{"taxonomy":"product_brand","embeddable":true,"href":"https:\/\/revistaliterariaelgatonegro.com\/index.php?rest_route=%2Fwp%2Fv2%2Fproduct_brand&post=21027"},{"taxonomy":"product_cat","embeddable":true,"href":"https:\/\/revistaliterariaelgatonegro.com\/index.php?rest_route=%2Fwp%2Fv2%2Fproduct_cat&post=21027"},{"taxonomy":"product_tag","embeddable":true,"href":"https:\/\/revistaliterariaelgatonegro.com\/index.php?rest_route=%2Fwp%2Fv2%2Fproduct_tag&post=21027"}],"curies":[{"name":"wp","href":"https:\/\/api.w.org\/{rel}","templated":true}]}}