{"id":20667,"date":"2025-05-28T17:44:28","date_gmt":"2025-05-28T17:44:28","guid":{"rendered":"https:\/\/revistaliterariaelgatonegro.com\/?post_type=product&#038;p=20667"},"modified":"2025-05-29T21:37:21","modified_gmt":"2025-05-29T21:37:21","slug":"una-noche-de-reyes","status":"publish","type":"product","link":"https:\/\/revistaliterariaelgatonegro.com\/?product=una-noche-de-reyes","title":{"rendered":"UNA NOCHE DE REYES"},"content":{"rendered":"<p>Con una estructura h\u00edbrida entre novela, diario y ensayo, y a medio camino entre la f\u00e1bula y la autoficci\u00f3n,<i>\u00a0Una noche de Reyes<\/i>\u00a0es un relato envolvente sobre la fragilidad del cuerpo y la eternidad de las palabras; un vibrante testimonio sobre la supervivencia gracias al poder transformador de la literatura y la escritura. Porque los libros nos salvan incluso en nuestras noches m\u00e1s oscuras.<\/p>\n<p>En la noche m\u00e1s m\u00e1gica del a\u00f1o, una escritora recibe la visita de los fantasmas de algunas de las autoras m\u00e1s ic\u00f3nicas de la literatura, como Carmen Laforet, Ana Mar\u00eda Matute, Carmen Mart\u00edn Gaite o Elena Quiroga, que cruzan la frontera entre la ficci\u00f3n y la realidad para compartir conversaciones inolvidables sobre la creaci\u00f3n, la memoria y el paso del tiempo.<\/p>\n<p>A trav\u00e9s de estos encuentros, la protagonista\u2014una mujer que mira hacia el pasado para entender el presente\u2014reconstruye su identidad a partir de las casas que ha habitado, las lecturas que la han marcado y los v\u00ednculos familiares que la han definido. Entre reflexiones, libros y confesiones \u00edntimas, narra su historia de amor, la relaci\u00f3n con su madre y el modo en que la escritura le ha dado sentido a su vida.<\/p>\n","protected":false},"excerpt":{"rendered":"<h3><a href=\"https:\/\/revistaliterariaelgatonegro.com\/hablamos-con-noemi-trujillo\">Noem\u00ed Trujillo<\/a><\/h3>\n<p>Una hipn\u00f3tica f\u00e1bula para contar una historia sobre c\u00f3mo los libros pueden cambiar una vida. En la noche m\u00e1s m\u00e1gica del a\u00f1o, una escritora recibe la visita de los fantasmas de algunas de las autoras m\u00e1s ic\u00f3nicas de la literatura<\/p>\n<ul>\n<li class=\"campo f-size-0 f-w-4 my-2 d-grid svelte-id2jbc\" data-campo=\"Editorial\"><b class=\"f-w-7\">Editorial: <\/b>Ediciones Destino<\/li>\n<li class=\"campo f-size-0 f-w-4 my-2 d-grid svelte-id2jbc\" data-campo=\"ISBN\"><b class=\"f-w-7\">ISBN: <\/b>9788423367900<\/li>\n<li class=\"campo f-size-0 f-w-4 my-2 d-grid svelte-id2jbc\" data-campo=\"Idioma\"><b class=\"f-w-7\">Idioma: <\/b>Castellano<\/li>\n<li class=\"campo f-size-0 f-w-4 my-2 d-grid svelte-id2jbc\" data-campo=\"N\u00famero de p\u00e1ginas\"><b class=\"f-w-7\">N\u00famero de p\u00e1ginas: <\/b>264<\/li>\n<li class=\"campo f-size-0 f-w-4 my-2 d-grid svelte-id2jbc\" data-campo=\"Encuadernaci\u00f3n\"><b class=\"f-w-7\">Encuadernaci\u00f3n: <\/b>Tapa blanda<\/li>\n<\/ul>\n<p><a href=\"https:\/\/tidd.ly\/3Ffbhu9\" target=\"_blank\" rel=\"noopener\"><button class=\"boton1\">Libro<\/button><\/a> <a href=\"https:\/\/www.casadellibro.com\/ebook-una-noche-de-reyes-ebook\/9788423367917\/16926276\" target=\"_blank\" rel=\"noopener\"><button class=\"boton1\">eBook<\/button><\/a><\/p>\n","protected":false},"featured_media":20650,"template":"","meta":[],"product_brand":[],"product_cat":[159],"product_tag":[170],"class_list":{"0":"post-20667","1":"product","2":"type-product","3":"status-publish","4":"has-post-thumbnail","6":"product_cat-novela-contemporanea","7":"product_tag-narrativa-espanola","9":"first","10":"instock","11":"sale","12":"taxable","13":"shipping-taxable","14":"product-type-external"},"yoast_head":"<!-- This site is optimized with the Yoast SEO plugin v27.4 - https:\/\/yoast.com\/product\/yoast-seo-wordpress\/ -->\n<title>UNA NOCHE DE REYES - REVISTA CULTURAL<\/title>\n<meta name=\"description\" content=\"Una hipn\u00f3tica f\u00e1bula para contar una historia sobre c\u00f3mo los libros pueden cambiar una vida.\" \/>\n<meta name=\"robots\" content=\"index, follow, max-snippet:-1, max-image-preview:large, max-video-preview:-1\" \/>\n<link rel=\"canonical\" href=\"https:\/\/revistaliterariaelgatonegro.com\/producto\/una-noche-de-reyes\" \/>\n<meta property=\"og:locale\" content=\"es_ES\" \/>\n<meta property=\"og:type\" content=\"article\" \/>\n<meta property=\"og:title\" content=\"UNA NOCHE DE REYES - REVISTA CULTURAL\" \/>\n<meta property=\"og:description\" content=\"Una hipn\u00f3tica f\u00e1bula para contar una historia sobre c\u00f3mo los libros pueden cambiar una vida.\" \/>\n<meta property=\"og:url\" content=\"https:\/\/revistaliterariaelgatonegro.com\/producto\/una-noche-de-reyes\" \/>\n<meta property=\"og:site_name\" content=\"REVISTA CULTURAL\" \/>\n<meta property=\"article:modified_time\" content=\"2025-05-29T21:37:21+00:00\" \/>\n<meta property=\"og:image\" content=\"https:\/\/revistaliterariaelgatonegro.com\/wp-content\/uploads\/2025\/05\/portada_una-noche-de-reyes.webp\" \/>\n\t<meta property=\"og:image:width\" content=\"295\" \/>\n\t<meta property=\"og:image:height\" content=\"502\" \/>\n\t<meta property=\"og:image:type\" content=\"image\/webp\" \/>\n<meta name=\"twitter:card\" content=\"summary_large_image\" \/>\n<meta name=\"twitter:label1\" content=\"Tiempo de lectura\" \/>\n\t<meta name=\"twitter:data1\" content=\"2 minutos\" \/>\n<script type=\"application\/ld+json\" class=\"yoast-schema-graph\">{\"@context\":\"https:\\\/\\\/schema.org\",\"@graph\":[{\"@type\":\"WebPage\",\"@id\":\"https:\\\/\\\/revistaliterariaelgatonegro.com\\\/producto\\\/una-noche-de-reyes\",\"url\":\"https:\\\/\\\/revistaliterariaelgatonegro.com\\\/producto\\\/una-noche-de-reyes\",\"name\":\"UNA NOCHE DE REYES - REVISTA CULTURAL\",\"isPartOf\":{\"@id\":\"https:\\\/\\\/revistaliterariaelgatonegro.com\\\/#website\"},\"primaryImageOfPage\":{\"@id\":\"https:\\\/\\\/revistaliterariaelgatonegro.com\\\/producto\\\/una-noche-de-reyes#primaryimage\"},\"image\":{\"@id\":\"https:\\\/\\\/revistaliterariaelgatonegro.com\\\/producto\\\/una-noche-de-reyes#primaryimage\"},\"thumbnailUrl\":\"https:\\\/\\\/revistaliterariaelgatonegro.com\\\/wp-content\\\/uploads\\\/2025\\\/05\\\/portada_una-noche-de-reyes.webp\",\"datePublished\":\"2025-05-28T17:44:28+00:00\",\"dateModified\":\"2025-05-29T21:37:21+00:00\",\"description\":\"Una hipn\u00f3tica f\u00e1bula para contar una historia sobre c\u00f3mo los libros pueden cambiar una vida.\",\"breadcrumb\":{\"@id\":\"https:\\\/\\\/revistaliterariaelgatonegro.com\\\/producto\\\/una-noche-de-reyes#breadcrumb\"},\"inLanguage\":\"es\",\"potentialAction\":[{\"@type\":\"ReadAction\",\"target\":[\"https:\\\/\\\/revistaliterariaelgatonegro.com\\\/producto\\\/una-noche-de-reyes\"]}]},{\"@type\":\"ImageObject\",\"inLanguage\":\"es\",\"@id\":\"https:\\\/\\\/revistaliterariaelgatonegro.com\\\/producto\\\/una-noche-de-reyes#primaryimage\",\"url\":\"https:\\\/\\\/revistaliterariaelgatonegro.com\\\/wp-content\\\/uploads\\\/2025\\\/05\\\/portada_una-noche-de-reyes.webp\",\"contentUrl\":\"https:\\\/\\\/revistaliterariaelgatonegro.com\\\/wp-content\\\/uploads\\\/2025\\\/05\\\/portada_una-noche-de-reyes.webp\",\"width\":295,\"height\":502},{\"@type\":\"BreadcrumbList\",\"@id\":\"https:\\\/\\\/revistaliterariaelgatonegro.com\\\/producto\\\/una-noche-de-reyes#breadcrumb\",\"itemListElement\":[{\"@type\":\"ListItem\",\"position\":1,\"name\":\"Portada\",\"item\":\"https:\\\/\\\/revistaliterariaelgatonegro.com\\\/\"},{\"@type\":\"ListItem\",\"position\":2,\"name\":\"Librer\u00eda\",\"item\":\"https:\\\/\\\/revistaliterariaelgatonegro.com\\\/?page_id=20159\"},{\"@type\":\"ListItem\",\"position\":3,\"name\":\"UNA NOCHE DE REYES\"}]},{\"@type\":\"WebSite\",\"@id\":\"https:\\\/\\\/revistaliterariaelgatonegro.com\\\/#website\",\"url\":\"https:\\\/\\\/revistaliterariaelgatonegro.com\\\/\",\"name\":\"REVISTA CULTURAL\",\"description\":\" Un nuevo espacio para la divulgaci\u00f3n literaria, as\u00ed como dem\u00e1s artes \",\"publisher\":{\"@id\":\"https:\\\/\\\/revistaliterariaelgatonegro.com\\\/#\\\/schema\\\/person\\\/6a37dd51e0f101e394e91c123fd12e8a\"},\"potentialAction\":[{\"@type\":\"SearchAction\",\"target\":{\"@type\":\"EntryPoint\",\"urlTemplate\":\"https:\\\/\\\/revistaliterariaelgatonegro.com\\\/?s={search_term_string}\"},\"query-input\":{\"@type\":\"PropertyValueSpecification\",\"valueRequired\":true,\"valueName\":\"search_term_string\"}}],\"inLanguage\":\"es\"},{\"@type\":[\"Person\",\"Organization\"],\"@id\":\"https:\\\/\\\/revistaliterariaelgatonegro.com\\\/#\\\/schema\\\/person\\\/6a37dd51e0f101e394e91c123fd12e8a\",\"name\":\"administrador\",\"image\":{\"@type\":\"ImageObject\",\"inLanguage\":\"es\",\"@id\":\"https:\\\/\\\/revistaliterariaelgatonegro.com\\\/wp-content\\\/uploads\\\/2025\\\/12\\\/cropped-Logotipo-Logo-Marca-personal-Pastel-Amarillo-12-Photoroom.png\",\"url\":\"https:\\\/\\\/revistaliterariaelgatonegro.com\\\/wp-content\\\/uploads\\\/2025\\\/12\\\/cropped-Logotipo-Logo-Marca-personal-Pastel-Amarillo-12-Photoroom.png\",\"contentUrl\":\"https:\\\/\\\/revistaliterariaelgatonegro.com\\\/wp-content\\\/uploads\\\/2025\\\/12\\\/cropped-Logotipo-Logo-Marca-personal-Pastel-Amarillo-12-Photoroom.png\",\"width\":364,\"height\":212,\"caption\":\"administrador\"},\"logo\":{\"@id\":\"https:\\\/\\\/revistaliterariaelgatonegro.com\\\/wp-content\\\/uploads\\\/2025\\\/12\\\/cropped-Logotipo-Logo-Marca-personal-Pastel-Amarillo-12-Photoroom.png\"},\"sameAs\":[\"http:\\\/\\\/s864831950.mialojamiento.es\"]}]}<\/script>\n<!-- \/ Yoast SEO plugin. -->","yoast_head_json":{"title":"UNA NOCHE DE REYES - REVISTA CULTURAL","description":"Una hipn\u00f3tica f\u00e1bula para contar una historia sobre c\u00f3mo los libros pueden cambiar una vida.","robots":{"index":"index","follow":"follow","max-snippet":"max-snippet:-1","max-image-preview":"max-image-preview:large","max-video-preview":"max-video-preview:-1"},"canonical":"https:\/\/revistaliterariaelgatonegro.com\/producto\/una-noche-de-reyes","og_locale":"es_ES","og_type":"article","og_title":"UNA NOCHE DE REYES - REVISTA CULTURAL","og_description":"Una hipn\u00f3tica f\u00e1bula para contar una historia sobre c\u00f3mo los libros pueden cambiar una vida.","og_url":"https:\/\/revistaliterariaelgatonegro.com\/producto\/una-noche-de-reyes","og_site_name":"REVISTA CULTURAL","article_modified_time":"2025-05-29T21:37:21+00:00","og_image":[{"width":295,"height":502,"url":"https:\/\/revistaliterariaelgatonegro.com\/wp-content\/uploads\/2025\/05\/portada_una-noche-de-reyes.webp","type":"image\/webp"}],"twitter_card":"summary_large_image","twitter_misc":{"Tiempo de lectura":"2 minutos"},"schema":{"@context":"https:\/\/schema.org","@graph":[{"@type":"WebPage","@id":"https:\/\/revistaliterariaelgatonegro.com\/producto\/una-noche-de-reyes","url":"https:\/\/revistaliterariaelgatonegro.com\/producto\/una-noche-de-reyes","name":"UNA NOCHE DE REYES - REVISTA CULTURAL","isPartOf":{"@id":"https:\/\/revistaliterariaelgatonegro.com\/#website"},"primaryImageOfPage":{"@id":"https:\/\/revistaliterariaelgatonegro.com\/producto\/una-noche-de-reyes#primaryimage"},"image":{"@id":"https:\/\/revistaliterariaelgatonegro.com\/producto\/una-noche-de-reyes#primaryimage"},"thumbnailUrl":"https:\/\/revistaliterariaelgatonegro.com\/wp-content\/uploads\/2025\/05\/portada_una-noche-de-reyes.webp","datePublished":"2025-05-28T17:44:28+00:00","dateModified":"2025-05-29T21:37:21+00:00","description":"Una hipn\u00f3tica f\u00e1bula para contar una historia sobre c\u00f3mo los libros pueden cambiar una vida.","breadcrumb":{"@id":"https:\/\/revistaliterariaelgatonegro.com\/producto\/una-noche-de-reyes#breadcrumb"},"inLanguage":"es","potentialAction":[{"@type":"ReadAction","target":["https:\/\/revistaliterariaelgatonegro.com\/producto\/una-noche-de-reyes"]}]},{"@type":"ImageObject","inLanguage":"es","@id":"https:\/\/revistaliterariaelgatonegro.com\/producto\/una-noche-de-reyes#primaryimage","url":"https:\/\/revistaliterariaelgatonegro.com\/wp-content\/uploads\/2025\/05\/portada_una-noche-de-reyes.webp","contentUrl":"https:\/\/revistaliterariaelgatonegro.com\/wp-content\/uploads\/2025\/05\/portada_una-noche-de-reyes.webp","width":295,"height":502},{"@type":"BreadcrumbList","@id":"https:\/\/revistaliterariaelgatonegro.com\/producto\/una-noche-de-reyes#breadcrumb","itemListElement":[{"@type":"ListItem","position":1,"name":"Portada","item":"https:\/\/revistaliterariaelgatonegro.com\/"},{"@type":"ListItem","position":2,"name":"Librer\u00eda","item":"https:\/\/revistaliterariaelgatonegro.com\/?page_id=20159"},{"@type":"ListItem","position":3,"name":"UNA NOCHE DE REYES"}]},{"@type":"WebSite","@id":"https:\/\/revistaliterariaelgatonegro.com\/#website","url":"https:\/\/revistaliterariaelgatonegro.com\/","name":"REVISTA CULTURAL","description":" Un nuevo espacio para la divulgaci\u00f3n literaria, as\u00ed como dem\u00e1s artes ","publisher":{"@id":"https:\/\/revistaliterariaelgatonegro.com\/#\/schema\/person\/6a37dd51e0f101e394e91c123fd12e8a"},"potentialAction":[{"@type":"SearchAction","target":{"@type":"EntryPoint","urlTemplate":"https:\/\/revistaliterariaelgatonegro.com\/?s={search_term_string}"},"query-input":{"@type":"PropertyValueSpecification","valueRequired":true,"valueName":"search_term_string"}}],"inLanguage":"es"},{"@type":["Person","Organization"],"@id":"https:\/\/revistaliterariaelgatonegro.com\/#\/schema\/person\/6a37dd51e0f101e394e91c123fd12e8a","name":"administrador","image":{"@type":"ImageObject","inLanguage":"es","@id":"https:\/\/revistaliterariaelgatonegro.com\/wp-content\/uploads\/2025\/12\/cropped-Logotipo-Logo-Marca-personal-Pastel-Amarillo-12-Photoroom.png","url":"https:\/\/revistaliterariaelgatonegro.com\/wp-content\/uploads\/2025\/12\/cropped-Logotipo-Logo-Marca-personal-Pastel-Amarillo-12-Photoroom.png","contentUrl":"https:\/\/revistaliterariaelgatonegro.com\/wp-content\/uploads\/2025\/12\/cropped-Logotipo-Logo-Marca-personal-Pastel-Amarillo-12-Photoroom.png","width":364,"height":212,"caption":"administrador"},"logo":{"@id":"https:\/\/revistaliterariaelgatonegro.com\/wp-content\/uploads\/2025\/12\/cropped-Logotipo-Logo-Marca-personal-Pastel-Amarillo-12-Photoroom.png"},"sameAs":["http:\/\/s864831950.mialojamiento.es"]}]}},"_links":{"self":[{"href":"https:\/\/revistaliterariaelgatonegro.com\/index.php?rest_route=\/wp\/v2\/product\/20667","targetHints":{"allow":["GET"]}}],"collection":[{"href":"https:\/\/revistaliterariaelgatonegro.com\/index.php?rest_route=\/wp\/v2\/product"}],"about":[{"href":"https:\/\/revistaliterariaelgatonegro.com\/index.php?rest_route=\/wp\/v2\/types\/product"}],"wp:featuredmedia":[{"embeddable":true,"href":"https:\/\/revistaliterariaelgatonegro.com\/index.php?rest_route=\/wp\/v2\/media\/20650"}],"wp:attachment":[{"href":"https:\/\/revistaliterariaelgatonegro.com\/index.php?rest_route=%2Fwp%2Fv2%2Fmedia&parent=20667"}],"wp:term":[{"taxonomy":"product_brand","embeddable":true,"href":"https:\/\/revistaliterariaelgatonegro.com\/index.php?rest_route=%2Fwp%2Fv2%2Fproduct_brand&post=20667"},{"taxonomy":"product_cat","embeddable":true,"href":"https:\/\/revistaliterariaelgatonegro.com\/index.php?rest_route=%2Fwp%2Fv2%2Fproduct_cat&post=20667"},{"taxonomy":"product_tag","embeddable":true,"href":"https:\/\/revistaliterariaelgatonegro.com\/index.php?rest_route=%2Fwp%2Fv2%2Fproduct_tag&post=20667"}],"curies":[{"name":"wp","href":"https:\/\/api.w.org\/{rel}","templated":true}]}}