{"id":20571,"date":"2025-05-25T14:48:27","date_gmt":"2025-05-25T14:48:27","guid":{"rendered":"https:\/\/revistaliterariaelgatonegro.com\/?post_type=product&#038;p=20571"},"modified":"2025-05-25T14:48:27","modified_gmt":"2025-05-25T14:48:27","slug":"el-caso-paris","status":"publish","type":"product","link":"https:\/\/revistaliterariaelgatonegro.com\/?product=el-caso-paris","title":{"rendered":"EL CASO PAR\u00cdS"},"content":{"rendered":"<p>Par\u00eds, 1942. Una mujer desaparece en mitad de la noche sin dejar rastro, dejando atr\u00e1s al hombre que ama. Sesenta a\u00f1os m\u00e1s tarde, la b\u00fasqueda vuelve a empezar&#8230;<\/p>\n<p>Sylvie Dubois, una chef francesa, es enviada a Par\u00eds para espiar al enemigo, como parte de la resistencia. Por su parte, Christoph Baumann, un soldado alem\u00e1n, est\u00e1 dispuesto a hacer cualquier cosa para salvar a su hermana.<\/p>\n<p>A medida que la chef y el soldado se conocen y son capaces de ver m\u00e1s all\u00e1 de sus uniformes, la guerra parece desaparecer para ellos. Sin embargo, en un mundo enfrentado, el amor puede ser muy peligroso y tener un coste demasiado alto.<\/p>\n<p>Sesenta a\u00f1os m\u00e1s tarde, cuando la salud y la memoria de Christoph se est\u00e1n deteriorando, Julia, su protegida, se dispone a descubrir que pas\u00f3 con la mujer que Christoph perdi\u00f3 en la guerra. \u00bfPodr\u00e1 descubrir la verdad que se oculta tras Sylvie y Christoph, o ser\u00e1 demasiado tarde?<\/p>\n","protected":false},"excerpt":{"rendered":"<h3>Fiona Schneider<\/h3>\n<p>Una emocionante ficci\u00f3n hist\u00f3rica que ofrece una narraci\u00f3n sobrecogedora y sincera de amor y sacrificio ambientada en la Segunda Guerra Mundial<\/p>\n<p><strong>Editorial:<\/strong> Contraluz Editorial<br \/>\n<strong>ISBN:\u00a0<\/strong> 9788418945946<br \/>\n<strong>Idioma:<\/strong> Castellano<br \/>\n<strong>N\u00famero de p\u00e1ginas:<\/strong> 560<br \/>\n<strong>Encuadernaci\u00f3n:<\/strong> Tapa dura<\/p>\n<p><a href=\"https:\/\/tidd.ly\/43M57Li\" target=\"_blank\" rel=\"noopener\"><button class=\"boton1\">Libro<\/button><\/a> <a href=\" https:\/\/tidd.ly\/4mO5LzF \" target=\"_blank\" rel=\"noopener\"><button class=\"boton1\">eBook<\/button><\/a><\/p>\n","protected":false},"featured_media":20580,"template":"","meta":[],"product_brand":[],"product_cat":[159],"product_tag":[161],"class_list":{"0":"post-20571","1":"product","2":"type-product","3":"status-publish","4":"has-post-thumbnail","6":"product_cat-novela-contemporanea","7":"product_tag-narrativa-extranjera","9":"first","10":"instock","11":"sale","12":"taxable","13":"shipping-taxable","14":"product-type-external"},"yoast_head":"<!-- This site is optimized with the Yoast SEO plugin v27.4 - https:\/\/yoast.com\/product\/yoast-seo-wordpress\/ -->\n<title>EL CASO PAR\u00cdS - REVISTA CULTURAL<\/title>\n<meta name=\"description\" content=\"Una emocionante ficci\u00f3n hist\u00f3rica que ofrece una narraci\u00f3n sobrecogedora y sincera de amor y sacrificio ambientada en la Segunda Guerra Mundial.\" \/>\n<meta name=\"robots\" content=\"index, follow, max-snippet:-1, max-image-preview:large, max-video-preview:-1\" \/>\n<link rel=\"canonical\" href=\"https:\/\/revistaliterariaelgatonegro.com\/producto\/el-caso-paris\" \/>\n<meta property=\"og:locale\" content=\"es_ES\" \/>\n<meta property=\"og:type\" content=\"article\" \/>\n<meta property=\"og:title\" content=\"EL CASO PAR\u00cdS - REVISTA CULTURAL\" \/>\n<meta property=\"og:description\" content=\"Una emocionante ficci\u00f3n hist\u00f3rica que ofrece una narraci\u00f3n sobrecogedora y sincera de amor y sacrificio ambientada en la Segunda Guerra Mundial.\" \/>\n<meta property=\"og:url\" content=\"https:\/\/revistaliterariaelgatonegro.com\/producto\/el-caso-paris\" \/>\n<meta property=\"og:site_name\" content=\"REVISTA CULTURAL\" \/>\n<meta property=\"og:image\" content=\"https:\/\/revistaliterariaelgatonegro.com\/wp-content\/uploads\/2025\/05\/el-caso-paris.jpg\" \/>\n\t<meta property=\"og:image:width\" content=\"1000\" \/>\n\t<meta property=\"og:image:height\" content=\"1484\" \/>\n\t<meta property=\"og:image:type\" content=\"image\/jpeg\" \/>\n<meta name=\"twitter:card\" content=\"summary_large_image\" \/>\n<meta name=\"twitter:label1\" content=\"Tiempo de lectura\" \/>\n\t<meta name=\"twitter:data1\" content=\"1 minuto\" \/>\n<script type=\"application\/ld+json\" class=\"yoast-schema-graph\">{\"@context\":\"https:\\\/\\\/schema.org\",\"@graph\":[{\"@type\":\"WebPage\",\"@id\":\"https:\\\/\\\/revistaliterariaelgatonegro.com\\\/producto\\\/el-caso-paris\",\"url\":\"https:\\\/\\\/revistaliterariaelgatonegro.com\\\/producto\\\/el-caso-paris\",\"name\":\"EL CASO PAR\u00cdS - REVISTA CULTURAL\",\"isPartOf\":{\"@id\":\"https:\\\/\\\/revistaliterariaelgatonegro.com\\\/#website\"},\"primaryImageOfPage\":{\"@id\":\"https:\\\/\\\/revistaliterariaelgatonegro.com\\\/producto\\\/el-caso-paris#primaryimage\"},\"image\":{\"@id\":\"https:\\\/\\\/revistaliterariaelgatonegro.com\\\/producto\\\/el-caso-paris#primaryimage\"},\"thumbnailUrl\":\"https:\\\/\\\/revistaliterariaelgatonegro.com\\\/wp-content\\\/uploads\\\/2025\\\/05\\\/el-caso-paris.jpg\",\"datePublished\":\"2025-05-25T14:48:27+00:00\",\"description\":\"Una emocionante ficci\u00f3n hist\u00f3rica que ofrece una narraci\u00f3n sobrecogedora y sincera de amor y sacrificio ambientada en la Segunda Guerra Mundial.\",\"breadcrumb\":{\"@id\":\"https:\\\/\\\/revistaliterariaelgatonegro.com\\\/producto\\\/el-caso-paris#breadcrumb\"},\"inLanguage\":\"es\",\"potentialAction\":[{\"@type\":\"ReadAction\",\"target\":[\"https:\\\/\\\/revistaliterariaelgatonegro.com\\\/producto\\\/el-caso-paris\"]}]},{\"@type\":\"ImageObject\",\"inLanguage\":\"es\",\"@id\":\"https:\\\/\\\/revistaliterariaelgatonegro.com\\\/producto\\\/el-caso-paris#primaryimage\",\"url\":\"https:\\\/\\\/revistaliterariaelgatonegro.com\\\/wp-content\\\/uploads\\\/2025\\\/05\\\/el-caso-paris.jpg\",\"contentUrl\":\"https:\\\/\\\/revistaliterariaelgatonegro.com\\\/wp-content\\\/uploads\\\/2025\\\/05\\\/el-caso-paris.jpg\",\"width\":1000,\"height\":1484},{\"@type\":\"BreadcrumbList\",\"@id\":\"https:\\\/\\\/revistaliterariaelgatonegro.com\\\/producto\\\/el-caso-paris#breadcrumb\",\"itemListElement\":[{\"@type\":\"ListItem\",\"position\":1,\"name\":\"Portada\",\"item\":\"https:\\\/\\\/revistaliterariaelgatonegro.com\\\/\"},{\"@type\":\"ListItem\",\"position\":2,\"name\":\"Librer\u00eda\",\"item\":\"https:\\\/\\\/revistaliterariaelgatonegro.com\\\/?page_id=20159\"},{\"@type\":\"ListItem\",\"position\":3,\"name\":\"EL CASO PAR\u00cdS\"}]},{\"@type\":\"WebSite\",\"@id\":\"https:\\\/\\\/revistaliterariaelgatonegro.com\\\/#website\",\"url\":\"https:\\\/\\\/revistaliterariaelgatonegro.com\\\/\",\"name\":\"REVISTA CULTURAL\",\"description\":\" Un nuevo espacio para la divulgaci\u00f3n literaria, as\u00ed como dem\u00e1s artes \",\"publisher\":{\"@id\":\"https:\\\/\\\/revistaliterariaelgatonegro.com\\\/#\\\/schema\\\/person\\\/6a37dd51e0f101e394e91c123fd12e8a\"},\"potentialAction\":[{\"@type\":\"SearchAction\",\"target\":{\"@type\":\"EntryPoint\",\"urlTemplate\":\"https:\\\/\\\/revistaliterariaelgatonegro.com\\\/?s={search_term_string}\"},\"query-input\":{\"@type\":\"PropertyValueSpecification\",\"valueRequired\":true,\"valueName\":\"search_term_string\"}}],\"inLanguage\":\"es\"},{\"@type\":[\"Person\",\"Organization\"],\"@id\":\"https:\\\/\\\/revistaliterariaelgatonegro.com\\\/#\\\/schema\\\/person\\\/6a37dd51e0f101e394e91c123fd12e8a\",\"name\":\"administrador\",\"image\":{\"@type\":\"ImageObject\",\"inLanguage\":\"es\",\"@id\":\"https:\\\/\\\/revistaliterariaelgatonegro.com\\\/wp-content\\\/uploads\\\/2025\\\/12\\\/cropped-Logotipo-Logo-Marca-personal-Pastel-Amarillo-12-Photoroom.png\",\"url\":\"https:\\\/\\\/revistaliterariaelgatonegro.com\\\/wp-content\\\/uploads\\\/2025\\\/12\\\/cropped-Logotipo-Logo-Marca-personal-Pastel-Amarillo-12-Photoroom.png\",\"contentUrl\":\"https:\\\/\\\/revistaliterariaelgatonegro.com\\\/wp-content\\\/uploads\\\/2025\\\/12\\\/cropped-Logotipo-Logo-Marca-personal-Pastel-Amarillo-12-Photoroom.png\",\"width\":364,\"height\":212,\"caption\":\"administrador\"},\"logo\":{\"@id\":\"https:\\\/\\\/revistaliterariaelgatonegro.com\\\/wp-content\\\/uploads\\\/2025\\\/12\\\/cropped-Logotipo-Logo-Marca-personal-Pastel-Amarillo-12-Photoroom.png\"},\"sameAs\":[\"http:\\\/\\\/s864831950.mialojamiento.es\"]}]}<\/script>\n<!-- \/ Yoast SEO plugin. -->","yoast_head_json":{"title":"EL CASO PAR\u00cdS - REVISTA CULTURAL","description":"Una emocionante ficci\u00f3n hist\u00f3rica que ofrece una narraci\u00f3n sobrecogedora y sincera de amor y sacrificio ambientada en la Segunda Guerra Mundial.","robots":{"index":"index","follow":"follow","max-snippet":"max-snippet:-1","max-image-preview":"max-image-preview:large","max-video-preview":"max-video-preview:-1"},"canonical":"https:\/\/revistaliterariaelgatonegro.com\/producto\/el-caso-paris","og_locale":"es_ES","og_type":"article","og_title":"EL CASO PAR\u00cdS - REVISTA CULTURAL","og_description":"Una emocionante ficci\u00f3n hist\u00f3rica que ofrece una narraci\u00f3n sobrecogedora y sincera de amor y sacrificio ambientada en la Segunda Guerra Mundial.","og_url":"https:\/\/revistaliterariaelgatonegro.com\/producto\/el-caso-paris","og_site_name":"REVISTA CULTURAL","og_image":[{"width":1000,"height":1484,"url":"https:\/\/revistaliterariaelgatonegro.com\/wp-content\/uploads\/2025\/05\/el-caso-paris.jpg","type":"image\/jpeg"}],"twitter_card":"summary_large_image","twitter_misc":{"Tiempo de lectura":"1 minuto"},"schema":{"@context":"https:\/\/schema.org","@graph":[{"@type":"WebPage","@id":"https:\/\/revistaliterariaelgatonegro.com\/producto\/el-caso-paris","url":"https:\/\/revistaliterariaelgatonegro.com\/producto\/el-caso-paris","name":"EL CASO PAR\u00cdS - REVISTA CULTURAL","isPartOf":{"@id":"https:\/\/revistaliterariaelgatonegro.com\/#website"},"primaryImageOfPage":{"@id":"https:\/\/revistaliterariaelgatonegro.com\/producto\/el-caso-paris#primaryimage"},"image":{"@id":"https:\/\/revistaliterariaelgatonegro.com\/producto\/el-caso-paris#primaryimage"},"thumbnailUrl":"https:\/\/revistaliterariaelgatonegro.com\/wp-content\/uploads\/2025\/05\/el-caso-paris.jpg","datePublished":"2025-05-25T14:48:27+00:00","description":"Una emocionante ficci\u00f3n hist\u00f3rica que ofrece una narraci\u00f3n sobrecogedora y sincera de amor y sacrificio ambientada en la Segunda Guerra Mundial.","breadcrumb":{"@id":"https:\/\/revistaliterariaelgatonegro.com\/producto\/el-caso-paris#breadcrumb"},"inLanguage":"es","potentialAction":[{"@type":"ReadAction","target":["https:\/\/revistaliterariaelgatonegro.com\/producto\/el-caso-paris"]}]},{"@type":"ImageObject","inLanguage":"es","@id":"https:\/\/revistaliterariaelgatonegro.com\/producto\/el-caso-paris#primaryimage","url":"https:\/\/revistaliterariaelgatonegro.com\/wp-content\/uploads\/2025\/05\/el-caso-paris.jpg","contentUrl":"https:\/\/revistaliterariaelgatonegro.com\/wp-content\/uploads\/2025\/05\/el-caso-paris.jpg","width":1000,"height":1484},{"@type":"BreadcrumbList","@id":"https:\/\/revistaliterariaelgatonegro.com\/producto\/el-caso-paris#breadcrumb","itemListElement":[{"@type":"ListItem","position":1,"name":"Portada","item":"https:\/\/revistaliterariaelgatonegro.com\/"},{"@type":"ListItem","position":2,"name":"Librer\u00eda","item":"https:\/\/revistaliterariaelgatonegro.com\/?page_id=20159"},{"@type":"ListItem","position":3,"name":"EL CASO PAR\u00cdS"}]},{"@type":"WebSite","@id":"https:\/\/revistaliterariaelgatonegro.com\/#website","url":"https:\/\/revistaliterariaelgatonegro.com\/","name":"REVISTA CULTURAL","description":" Un nuevo espacio para la divulgaci\u00f3n literaria, as\u00ed como dem\u00e1s artes ","publisher":{"@id":"https:\/\/revistaliterariaelgatonegro.com\/#\/schema\/person\/6a37dd51e0f101e394e91c123fd12e8a"},"potentialAction":[{"@type":"SearchAction","target":{"@type":"EntryPoint","urlTemplate":"https:\/\/revistaliterariaelgatonegro.com\/?s={search_term_string}"},"query-input":{"@type":"PropertyValueSpecification","valueRequired":true,"valueName":"search_term_string"}}],"inLanguage":"es"},{"@type":["Person","Organization"],"@id":"https:\/\/revistaliterariaelgatonegro.com\/#\/schema\/person\/6a37dd51e0f101e394e91c123fd12e8a","name":"administrador","image":{"@type":"ImageObject","inLanguage":"es","@id":"https:\/\/revistaliterariaelgatonegro.com\/wp-content\/uploads\/2025\/12\/cropped-Logotipo-Logo-Marca-personal-Pastel-Amarillo-12-Photoroom.png","url":"https:\/\/revistaliterariaelgatonegro.com\/wp-content\/uploads\/2025\/12\/cropped-Logotipo-Logo-Marca-personal-Pastel-Amarillo-12-Photoroom.png","contentUrl":"https:\/\/revistaliterariaelgatonegro.com\/wp-content\/uploads\/2025\/12\/cropped-Logotipo-Logo-Marca-personal-Pastel-Amarillo-12-Photoroom.png","width":364,"height":212,"caption":"administrador"},"logo":{"@id":"https:\/\/revistaliterariaelgatonegro.com\/wp-content\/uploads\/2025\/12\/cropped-Logotipo-Logo-Marca-personal-Pastel-Amarillo-12-Photoroom.png"},"sameAs":["http:\/\/s864831950.mialojamiento.es"]}]}},"_links":{"self":[{"href":"https:\/\/revistaliterariaelgatonegro.com\/index.php?rest_route=\/wp\/v2\/product\/20571","targetHints":{"allow":["GET"]}}],"collection":[{"href":"https:\/\/revistaliterariaelgatonegro.com\/index.php?rest_route=\/wp\/v2\/product"}],"about":[{"href":"https:\/\/revistaliterariaelgatonegro.com\/index.php?rest_route=\/wp\/v2\/types\/product"}],"wp:featuredmedia":[{"embeddable":true,"href":"https:\/\/revistaliterariaelgatonegro.com\/index.php?rest_route=\/wp\/v2\/media\/20580"}],"wp:attachment":[{"href":"https:\/\/revistaliterariaelgatonegro.com\/index.php?rest_route=%2Fwp%2Fv2%2Fmedia&parent=20571"}],"wp:term":[{"taxonomy":"product_brand","embeddable":true,"href":"https:\/\/revistaliterariaelgatonegro.com\/index.php?rest_route=%2Fwp%2Fv2%2Fproduct_brand&post=20571"},{"taxonomy":"product_cat","embeddable":true,"href":"https:\/\/revistaliterariaelgatonegro.com\/index.php?rest_route=%2Fwp%2Fv2%2Fproduct_cat&post=20571"},{"taxonomy":"product_tag","embeddable":true,"href":"https:\/\/revistaliterariaelgatonegro.com\/index.php?rest_route=%2Fwp%2Fv2%2Fproduct_tag&post=20571"}],"curies":[{"name":"wp","href":"https:\/\/api.w.org\/{rel}","templated":true}]}}