{"id":20558,"date":"2025-06-17T18:55:36","date_gmt":"2025-06-17T18:55:36","guid":{"rendered":"https:\/\/revistaliterariaelgatonegro.com\/?post_type=product&#038;p=20558"},"modified":"2025-06-17T18:55:36","modified_gmt":"2025-06-17T18:55:36","slug":"juan-ramon-jimenez-y-las-drogas","status":"publish","type":"product","link":"https:\/\/revistaliterariaelgatonegro.com\/?product=juan-ramon-jimenez-y-las-drogas","title":{"rendered":"JUAN RAM\u00d3N JIMENEZ Y LAS DROGAS"},"content":{"rendered":"<p>Bajo el t\u00edtulo de Juan Ram\u00f3n Jim\u00e9nez y las drogas, Jon\u00e1s S\u00e1nchez Pedrero ha tratado de condensar m\u00e1s de quince a\u00f1os de lectura e indagaci\u00f3n sobre la obra del poeta de Moguer, recogiendo aquellos pasajes que tuvieran que ver con los distintos tratamientos m\u00e9dicos que recibi\u00f3 a lo largo de su vida que pudieran aportar algo de luz sobre su manida \u00abenfermedad\u00bb sin nombre.<\/p>\n<p>Juan Ram\u00f3n Jim\u00e9nez fue un hombre nacido para la poes\u00eda, de una hipersensibilidad consustancial, extraordinaria, que recibi\u00f3 a lo largo de su vida innumerables terapias, algunas de ellas con innegables (por inevitables) repercusiones sobre su salud y tambi\u00e9n sobre su obra, en una relaci\u00f3n no estudiada con la profundidad que hubiera sido deseable.<\/p>\n","protected":false},"excerpt":{"rendered":"<h3><strong>Jon\u00e1s S\u00e1nchez Pedrero<\/strong><\/h3>\n<p class=\"f-serif f-w-4 subtitulo balance-title svelte-dmd0gb\">Desvela c\u00f3mo el s\u00edndrome de abstinencia, debido al consumo de opi\u00e1ceos del Nobel, influy\u00f3 en su obra<\/p>\n<p>Editorial: El Desvelo<br \/>\nISBN: 9788412950984<br \/>\nN\u00famero de p\u00e1ginas: 160<br \/>\nEncuadernaci\u00f3n: Tapa blanda<\/p>\n<p>&nbsp;<\/p>\n<p><a href=\"https:\/\/tidd.ly\/4mtqJ6q\" target=\"_blank\" rel=\"noopener\"><button class=\"boton1\">Libro<\/button><\/a><\/p>\n","protected":false},"featured_media":21051,"template":"","meta":[],"product_brand":[],"product_cat":[193],"product_tag":[194],"class_list":{"0":"post-20558","1":"product","2":"type-product","3":"status-publish","4":"has-post-thumbnail","6":"product_cat-estudios-literarios","7":"product_tag-biografias","9":"first","10":"instock","11":"taxable","12":"shipping-taxable","13":"product-type-external"},"yoast_head":"<!-- This site is optimized with the Yoast SEO plugin v27.4 - https:\/\/yoast.com\/product\/yoast-seo-wordpress\/ -->\n<title>JUAN RAM\u00d3N JIMENEZ Y LAS DROGAS - REVISTA CULTURAL<\/title>\n<meta name=\"description\" content=\"Desvela c\u00f3mo el s\u00edndrome de abstinencia, debido al consumo de opi\u00e1ceos del Nobel, influy\u00f3 en su obra. Juan Ram\u00f3n Jim\u00e9nez fue un hombre nacido\" \/>\n<meta name=\"robots\" content=\"index, follow, max-snippet:-1, max-image-preview:large, max-video-preview:-1\" \/>\n<link rel=\"canonical\" href=\"https:\/\/revistaliterariaelgatonegro.com\/?product=juan-ramon-jimenez-y-las-drogas\" \/>\n<meta property=\"og:locale\" content=\"es_ES\" \/>\n<meta property=\"og:type\" content=\"article\" \/>\n<meta property=\"og:title\" content=\"JUAN RAM\u00d3N JIMENEZ Y LAS DROGAS - REVISTA CULTURAL\" \/>\n<meta property=\"og:description\" content=\"Desvela c\u00f3mo el s\u00edndrome de abstinencia, debido al consumo de opi\u00e1ceos del Nobel, influy\u00f3 en su obra. Juan Ram\u00f3n Jim\u00e9nez fue un hombre nacido\" \/>\n<meta property=\"og:url\" content=\"https:\/\/revistaliterariaelgatonegro.com\/?product=juan-ramon-jimenez-y-las-drogas\" \/>\n<meta property=\"og:site_name\" content=\"REVISTA CULTURAL\" \/>\n<meta property=\"og:image\" content=\"https:\/\/revistaliterariaelgatonegro.com\/wp-content\/uploads\/2025\/06\/Portada-JRJ-y-las-drogas.jpg\" \/>\n\t<meta property=\"og:image:width\" content=\"1623\" \/>\n\t<meta property=\"og:image:height\" content=\"2538\" \/>\n\t<meta property=\"og:image:type\" content=\"image\/jpeg\" \/>\n<meta name=\"twitter:card\" content=\"summary_large_image\" \/>\n<meta name=\"twitter:label1\" content=\"Tiempo de lectura\" \/>\n\t<meta name=\"twitter:data1\" content=\"1 minuto\" \/>\n<script type=\"application\/ld+json\" class=\"yoast-schema-graph\">{\"@context\":\"https:\\\/\\\/schema.org\",\"@graph\":[{\"@type\":\"WebPage\",\"@id\":\"https:\\\/\\\/revistaliterariaelgatonegro.com\\\/?product=juan-ramon-jimenez-y-las-drogas\",\"url\":\"https:\\\/\\\/revistaliterariaelgatonegro.com\\\/?product=juan-ramon-jimenez-y-las-drogas\",\"name\":\"JUAN RAM\u00d3N JIMENEZ Y LAS DROGAS - REVISTA CULTURAL\",\"isPartOf\":{\"@id\":\"https:\\\/\\\/revistaliterariaelgatonegro.com\\\/#website\"},\"primaryImageOfPage\":{\"@id\":\"https:\\\/\\\/revistaliterariaelgatonegro.com\\\/?product=juan-ramon-jimenez-y-las-drogas#primaryimage\"},\"image\":{\"@id\":\"https:\\\/\\\/revistaliterariaelgatonegro.com\\\/?product=juan-ramon-jimenez-y-las-drogas#primaryimage\"},\"thumbnailUrl\":\"https:\\\/\\\/revistaliterariaelgatonegro.com\\\/wp-content\\\/uploads\\\/2025\\\/06\\\/Portada-JRJ-y-las-drogas.jpg\",\"datePublished\":\"2025-06-17T18:55:36+00:00\",\"description\":\"Desvela c\u00f3mo el s\u00edndrome de abstinencia, debido al consumo de opi\u00e1ceos del Nobel, influy\u00f3 en su obra. Juan Ram\u00f3n Jim\u00e9nez fue un hombre nacido\",\"breadcrumb\":{\"@id\":\"https:\\\/\\\/revistaliterariaelgatonegro.com\\\/?product=juan-ramon-jimenez-y-las-drogas#breadcrumb\"},\"inLanguage\":\"es\",\"potentialAction\":[{\"@type\":\"ReadAction\",\"target\":[\"https:\\\/\\\/revistaliterariaelgatonegro.com\\\/?product=juan-ramon-jimenez-y-las-drogas\"]}]},{\"@type\":\"ImageObject\",\"inLanguage\":\"es\",\"@id\":\"https:\\\/\\\/revistaliterariaelgatonegro.com\\\/?product=juan-ramon-jimenez-y-las-drogas#primaryimage\",\"url\":\"https:\\\/\\\/revistaliterariaelgatonegro.com\\\/wp-content\\\/uploads\\\/2025\\\/06\\\/Portada-JRJ-y-las-drogas.jpg\",\"contentUrl\":\"https:\\\/\\\/revistaliterariaelgatonegro.com\\\/wp-content\\\/uploads\\\/2025\\\/06\\\/Portada-JRJ-y-las-drogas.jpg\",\"width\":1623,\"height\":2538},{\"@type\":\"BreadcrumbList\",\"@id\":\"https:\\\/\\\/revistaliterariaelgatonegro.com\\\/?product=juan-ramon-jimenez-y-las-drogas#breadcrumb\",\"itemListElement\":[{\"@type\":\"ListItem\",\"position\":1,\"name\":\"Portada\",\"item\":\"https:\\\/\\\/revistaliterariaelgatonegro.com\\\/\"},{\"@type\":\"ListItem\",\"position\":2,\"name\":\"Librer\u00eda\",\"item\":\"https:\\\/\\\/revistaliterariaelgatonegro.com\\\/?page_id=20159\"},{\"@type\":\"ListItem\",\"position\":3,\"name\":\"JUAN RAM\u00d3N JIMENEZ Y LAS DROGAS\"}]},{\"@type\":\"WebSite\",\"@id\":\"https:\\\/\\\/revistaliterariaelgatonegro.com\\\/#website\",\"url\":\"https:\\\/\\\/revistaliterariaelgatonegro.com\\\/\",\"name\":\"REVISTA CULTURAL\",\"description\":\" Un nuevo espacio para la divulgaci\u00f3n literaria, as\u00ed como dem\u00e1s artes \",\"publisher\":{\"@id\":\"https:\\\/\\\/revistaliterariaelgatonegro.com\\\/#\\\/schema\\\/person\\\/6a37dd51e0f101e394e91c123fd12e8a\"},\"potentialAction\":[{\"@type\":\"SearchAction\",\"target\":{\"@type\":\"EntryPoint\",\"urlTemplate\":\"https:\\\/\\\/revistaliterariaelgatonegro.com\\\/?s={search_term_string}\"},\"query-input\":{\"@type\":\"PropertyValueSpecification\",\"valueRequired\":true,\"valueName\":\"search_term_string\"}}],\"inLanguage\":\"es\"},{\"@type\":[\"Person\",\"Organization\"],\"@id\":\"https:\\\/\\\/revistaliterariaelgatonegro.com\\\/#\\\/schema\\\/person\\\/6a37dd51e0f101e394e91c123fd12e8a\",\"name\":\"administrador\",\"image\":{\"@type\":\"ImageObject\",\"inLanguage\":\"es\",\"@id\":\"https:\\\/\\\/revistaliterariaelgatonegro.com\\\/wp-content\\\/uploads\\\/2025\\\/12\\\/cropped-Logotipo-Logo-Marca-personal-Pastel-Amarillo-12-Photoroom.png\",\"url\":\"https:\\\/\\\/revistaliterariaelgatonegro.com\\\/wp-content\\\/uploads\\\/2025\\\/12\\\/cropped-Logotipo-Logo-Marca-personal-Pastel-Amarillo-12-Photoroom.png\",\"contentUrl\":\"https:\\\/\\\/revistaliterariaelgatonegro.com\\\/wp-content\\\/uploads\\\/2025\\\/12\\\/cropped-Logotipo-Logo-Marca-personal-Pastel-Amarillo-12-Photoroom.png\",\"width\":364,\"height\":212,\"caption\":\"administrador\"},\"logo\":{\"@id\":\"https:\\\/\\\/revistaliterariaelgatonegro.com\\\/wp-content\\\/uploads\\\/2025\\\/12\\\/cropped-Logotipo-Logo-Marca-personal-Pastel-Amarillo-12-Photoroom.png\"},\"sameAs\":[\"http:\\\/\\\/s864831950.mialojamiento.es\"]}]}<\/script>\n<!-- \/ Yoast SEO plugin. -->","yoast_head_json":{"title":"JUAN RAM\u00d3N JIMENEZ Y LAS DROGAS - REVISTA CULTURAL","description":"Desvela c\u00f3mo el s\u00edndrome de abstinencia, debido al consumo de opi\u00e1ceos del Nobel, influy\u00f3 en su obra. Juan Ram\u00f3n Jim\u00e9nez fue un hombre nacido","robots":{"index":"index","follow":"follow","max-snippet":"max-snippet:-1","max-image-preview":"max-image-preview:large","max-video-preview":"max-video-preview:-1"},"canonical":"https:\/\/revistaliterariaelgatonegro.com\/?product=juan-ramon-jimenez-y-las-drogas","og_locale":"es_ES","og_type":"article","og_title":"JUAN RAM\u00d3N JIMENEZ Y LAS DROGAS - REVISTA CULTURAL","og_description":"Desvela c\u00f3mo el s\u00edndrome de abstinencia, debido al consumo de opi\u00e1ceos del Nobel, influy\u00f3 en su obra. Juan Ram\u00f3n Jim\u00e9nez fue un hombre nacido","og_url":"https:\/\/revistaliterariaelgatonegro.com\/?product=juan-ramon-jimenez-y-las-drogas","og_site_name":"REVISTA CULTURAL","og_image":[{"width":1623,"height":2538,"url":"https:\/\/revistaliterariaelgatonegro.com\/wp-content\/uploads\/2025\/06\/Portada-JRJ-y-las-drogas.jpg","type":"image\/jpeg"}],"twitter_card":"summary_large_image","twitter_misc":{"Tiempo de lectura":"1 minuto"},"schema":{"@context":"https:\/\/schema.org","@graph":[{"@type":"WebPage","@id":"https:\/\/revistaliterariaelgatonegro.com\/?product=juan-ramon-jimenez-y-las-drogas","url":"https:\/\/revistaliterariaelgatonegro.com\/?product=juan-ramon-jimenez-y-las-drogas","name":"JUAN RAM\u00d3N JIMENEZ Y LAS DROGAS - REVISTA CULTURAL","isPartOf":{"@id":"https:\/\/revistaliterariaelgatonegro.com\/#website"},"primaryImageOfPage":{"@id":"https:\/\/revistaliterariaelgatonegro.com\/?product=juan-ramon-jimenez-y-las-drogas#primaryimage"},"image":{"@id":"https:\/\/revistaliterariaelgatonegro.com\/?product=juan-ramon-jimenez-y-las-drogas#primaryimage"},"thumbnailUrl":"https:\/\/revistaliterariaelgatonegro.com\/wp-content\/uploads\/2025\/06\/Portada-JRJ-y-las-drogas.jpg","datePublished":"2025-06-17T18:55:36+00:00","description":"Desvela c\u00f3mo el s\u00edndrome de abstinencia, debido al consumo de opi\u00e1ceos del Nobel, influy\u00f3 en su obra. Juan Ram\u00f3n Jim\u00e9nez fue un hombre nacido","breadcrumb":{"@id":"https:\/\/revistaliterariaelgatonegro.com\/?product=juan-ramon-jimenez-y-las-drogas#breadcrumb"},"inLanguage":"es","potentialAction":[{"@type":"ReadAction","target":["https:\/\/revistaliterariaelgatonegro.com\/?product=juan-ramon-jimenez-y-las-drogas"]}]},{"@type":"ImageObject","inLanguage":"es","@id":"https:\/\/revistaliterariaelgatonegro.com\/?product=juan-ramon-jimenez-y-las-drogas#primaryimage","url":"https:\/\/revistaliterariaelgatonegro.com\/wp-content\/uploads\/2025\/06\/Portada-JRJ-y-las-drogas.jpg","contentUrl":"https:\/\/revistaliterariaelgatonegro.com\/wp-content\/uploads\/2025\/06\/Portada-JRJ-y-las-drogas.jpg","width":1623,"height":2538},{"@type":"BreadcrumbList","@id":"https:\/\/revistaliterariaelgatonegro.com\/?product=juan-ramon-jimenez-y-las-drogas#breadcrumb","itemListElement":[{"@type":"ListItem","position":1,"name":"Portada","item":"https:\/\/revistaliterariaelgatonegro.com\/"},{"@type":"ListItem","position":2,"name":"Librer\u00eda","item":"https:\/\/revistaliterariaelgatonegro.com\/?page_id=20159"},{"@type":"ListItem","position":3,"name":"JUAN RAM\u00d3N JIMENEZ Y LAS DROGAS"}]},{"@type":"WebSite","@id":"https:\/\/revistaliterariaelgatonegro.com\/#website","url":"https:\/\/revistaliterariaelgatonegro.com\/","name":"REVISTA CULTURAL","description":" Un nuevo espacio para la divulgaci\u00f3n literaria, as\u00ed como dem\u00e1s artes ","publisher":{"@id":"https:\/\/revistaliterariaelgatonegro.com\/#\/schema\/person\/6a37dd51e0f101e394e91c123fd12e8a"},"potentialAction":[{"@type":"SearchAction","target":{"@type":"EntryPoint","urlTemplate":"https:\/\/revistaliterariaelgatonegro.com\/?s={search_term_string}"},"query-input":{"@type":"PropertyValueSpecification","valueRequired":true,"valueName":"search_term_string"}}],"inLanguage":"es"},{"@type":["Person","Organization"],"@id":"https:\/\/revistaliterariaelgatonegro.com\/#\/schema\/person\/6a37dd51e0f101e394e91c123fd12e8a","name":"administrador","image":{"@type":"ImageObject","inLanguage":"es","@id":"https:\/\/revistaliterariaelgatonegro.com\/wp-content\/uploads\/2025\/12\/cropped-Logotipo-Logo-Marca-personal-Pastel-Amarillo-12-Photoroom.png","url":"https:\/\/revistaliterariaelgatonegro.com\/wp-content\/uploads\/2025\/12\/cropped-Logotipo-Logo-Marca-personal-Pastel-Amarillo-12-Photoroom.png","contentUrl":"https:\/\/revistaliterariaelgatonegro.com\/wp-content\/uploads\/2025\/12\/cropped-Logotipo-Logo-Marca-personal-Pastel-Amarillo-12-Photoroom.png","width":364,"height":212,"caption":"administrador"},"logo":{"@id":"https:\/\/revistaliterariaelgatonegro.com\/wp-content\/uploads\/2025\/12\/cropped-Logotipo-Logo-Marca-personal-Pastel-Amarillo-12-Photoroom.png"},"sameAs":["http:\/\/s864831950.mialojamiento.es"]}]}},"_links":{"self":[{"href":"https:\/\/revistaliterariaelgatonegro.com\/index.php?rest_route=\/wp\/v2\/product\/20558","targetHints":{"allow":["GET"]}}],"collection":[{"href":"https:\/\/revistaliterariaelgatonegro.com\/index.php?rest_route=\/wp\/v2\/product"}],"about":[{"href":"https:\/\/revistaliterariaelgatonegro.com\/index.php?rest_route=\/wp\/v2\/types\/product"}],"wp:featuredmedia":[{"embeddable":true,"href":"https:\/\/revistaliterariaelgatonegro.com\/index.php?rest_route=\/wp\/v2\/media\/21051"}],"wp:attachment":[{"href":"https:\/\/revistaliterariaelgatonegro.com\/index.php?rest_route=%2Fwp%2Fv2%2Fmedia&parent=20558"}],"wp:term":[{"taxonomy":"product_brand","embeddable":true,"href":"https:\/\/revistaliterariaelgatonegro.com\/index.php?rest_route=%2Fwp%2Fv2%2Fproduct_brand&post=20558"},{"taxonomy":"product_cat","embeddable":true,"href":"https:\/\/revistaliterariaelgatonegro.com\/index.php?rest_route=%2Fwp%2Fv2%2Fproduct_cat&post=20558"},{"taxonomy":"product_tag","embeddable":true,"href":"https:\/\/revistaliterariaelgatonegro.com\/index.php?rest_route=%2Fwp%2Fv2%2Fproduct_tag&post=20558"}],"curies":[{"name":"wp","href":"https:\/\/api.w.org\/{rel}","templated":true}]}}