{"id":20555,"date":"2025-05-25T15:00:53","date_gmt":"2025-05-25T15:00:53","guid":{"rendered":"https:\/\/revistaliterariaelgatonegro.com\/?post_type=product&#038;p=20555"},"modified":"2025-05-25T15:00:53","modified_gmt":"2025-05-25T15:00:53","slug":"por-favor-dejame-odiarte","status":"publish","type":"product","link":"https:\/\/revistaliterariaelgatonegro.com\/?product=por-favor-dejame-odiarte","title":{"rendered":"POR FAVOR, DEJAME ODIARTE"},"content":{"rendered":"<p>Y\u00bf\u00a0si bajo el odio se esconde el amor? Jennifer Percy es abogada especializada en gesti\u00f3n de patrimonios e Ian Saint John es economista,\u00a0 \u00a0miembro de la nobleza inglesa, y famoso, uno de los solteros de oro que aparecen en las revistas del coraz\u00f3n. Trabajan juntos en un banco y se odian profundamente, tanto que en una pelea llegaron a las manos y Jennifer le rompi\u00f3 la nariz a Ian de un pu\u00f1etazo. Desde ese incidente, nunca han vuelto a trabajar juntos, pero un acaudalado cliente exige que las mentes m\u00e1s brillantes de la oficina se encarguen de gestionar su patrimonio, y esas mentes son precisamente Jennifer e Ian. Los dos j\u00f3venes se ver\u00e1n obligados a trabajar codo con codo, a pasar muchas horas juntos, incluso fuera de la oficina. Cuando son fotografiados cenando en un restaurante, la prensa del coraz\u00f3n asume que Jennifer es la nueva pareja de Ian, y \u00e9l, cansado de tener que soportar a pretendientes que buscan su fortuna y su t\u00edtulo, le propone mantener esa ficci\u00f3n a cambio de cederle a ella el cliente m\u00e1s importante del banco.Jennifer acepta, pero, poco a poco, tendr\u00e1 que enfrentarse al hecho de que sus sentimientos hacia Ian est\u00e1n cambiando. \u00bfSer\u00e1 verdad que del odio al amor hay solo un paso?<\/p>\n","protected":false},"excerpt":{"rendered":"<h3><a href=\"https:\/\/revistaliterariaelgatonegro.com\/hablamos-con-anna-premoli\">Anna Premoli<\/a><\/h3>\n<p>Premio Bancarella de los libreros italianos.\u00a0M\u00e1s de medio mill\u00f3n de ejemplares vendidos en Italia<\/p>\n<p>&nbsp;<\/p>\n<p><a href=\"https:\/\/tidd.ly\/4kDgLOk\" target=\"_blank\" rel=\"noopener\"><button class=\"boton1\">Libro<\/button><\/a> <a href=\"https:\/\/www.casadellibro.com\/ebook-por-favor-dejame-odiarte-ebook\/9788416223473\/2803379\" target=\"_blank\" rel=\"noopener\"><button class=\"boton1\">eBook<\/button><\/a><\/p>\n<p>Editorial:<br \/>\nPrincipal de los Libros<br \/>\nISBN:<br \/>\n9788416223381<br \/>\nIdioma:<br \/>\nCastellano<br \/>\nN\u00famero de p\u00e1ginas:<br \/>\n304<br \/>\nTiempo de lectura:<br \/>\n7h 13m \u00bfC\u00f3mo se calcula?<br \/>\nEncuadernaci\u00f3n:<br \/>\nTapa blanda con solapas<\/p>\n","protected":false},"featured_media":20581,"template":"","meta":[],"product_brand":[],"product_cat":[176],"product_tag":[189,177],"class_list":{"0":"post-20555","1":"product","2":"type-product","3":"status-publish","4":"has-post-thumbnail","6":"product_cat-novela-romantica-erotica","7":"product_tag-anna-premoli","8":"product_tag-novela-romantica","10":"first","11":"instock","12":"sale","13":"taxable","14":"shipping-taxable","15":"product-type-external"},"yoast_head":"<!-- This site is optimized with the Yoast SEO plugin v27.4 - https:\/\/yoast.com\/product\/yoast-seo-wordpress\/ -->\n<title>POR FAVOR, DEJAME ODIARTE - REVISTA CULTURAL<\/title>\n<meta name=\"description\" content=\"Una historia de amor, costosa y complicada porque Ian y Jenny son personas complicadas, competitivos. Y\u00bf\u00a0si bajo el odio se esconde el amor? Jennifer Percy es abogada especializada en gesti\u00f3n de patrimonios\" \/>\n<meta name=\"robots\" content=\"index, follow, max-snippet:-1, max-image-preview:large, max-video-preview:-1\" \/>\n<link rel=\"canonical\" href=\"https:\/\/revistaliterariaelgatonegro.com\/producto\/por-favor-dejame-odiarte\" \/>\n<meta property=\"og:locale\" content=\"es_ES\" \/>\n<meta property=\"og:type\" content=\"article\" \/>\n<meta property=\"og:title\" content=\"POR FAVOR, DEJAME ODIARTE - REVISTA CULTURAL\" \/>\n<meta property=\"og:description\" content=\"Una historia de amor, costosa y complicada porque Ian y Jenny son personas complicadas, competitivos. Y\u00bf\u00a0si bajo el odio se esconde el amor? Jennifer Percy es abogada especializada en gesti\u00f3n de patrimonios\" \/>\n<meta property=\"og:url\" content=\"https:\/\/revistaliterariaelgatonegro.com\/producto\/por-favor-dejame-odiarte\" \/>\n<meta property=\"og:site_name\" content=\"REVISTA CULTURAL\" \/>\n<meta property=\"og:image\" content=\"https:\/\/revistaliterariaelgatonegro.com\/wp-content\/uploads\/2025\/05\/por-favor-dejame-odiarte.jpg\" \/>\n\t<meta property=\"og:image:width\" content=\"295\" \/>\n\t<meta property=\"og:image:height\" content=\"445\" \/>\n\t<meta property=\"og:image:type\" content=\"image\/jpeg\" \/>\n<meta name=\"twitter:card\" content=\"summary_large_image\" \/>\n<meta name=\"twitter:label1\" content=\"Tiempo de lectura\" \/>\n\t<meta name=\"twitter:data1\" content=\"2 minutos\" \/>\n<script type=\"application\/ld+json\" class=\"yoast-schema-graph\">{\"@context\":\"https:\\\/\\\/schema.org\",\"@graph\":[{\"@type\":\"WebPage\",\"@id\":\"https:\\\/\\\/revistaliterariaelgatonegro.com\\\/producto\\\/por-favor-dejame-odiarte\",\"url\":\"https:\\\/\\\/revistaliterariaelgatonegro.com\\\/producto\\\/por-favor-dejame-odiarte\",\"name\":\"POR FAVOR, DEJAME ODIARTE - REVISTA CULTURAL\",\"isPartOf\":{\"@id\":\"https:\\\/\\\/revistaliterariaelgatonegro.com\\\/#website\"},\"primaryImageOfPage\":{\"@id\":\"https:\\\/\\\/revistaliterariaelgatonegro.com\\\/producto\\\/por-favor-dejame-odiarte#primaryimage\"},\"image\":{\"@id\":\"https:\\\/\\\/revistaliterariaelgatonegro.com\\\/producto\\\/por-favor-dejame-odiarte#primaryimage\"},\"thumbnailUrl\":\"https:\\\/\\\/revistaliterariaelgatonegro.com\\\/wp-content\\\/uploads\\\/2025\\\/05\\\/por-favor-dejame-odiarte.jpg\",\"datePublished\":\"2025-05-25T15:00:53+00:00\",\"description\":\"Una historia de amor, costosa y complicada porque Ian y Jenny son personas complicadas, competitivos. Y\u00bf\u00a0si bajo el odio se esconde el amor? Jennifer Percy es abogada especializada en gesti\u00f3n de patrimonios\",\"breadcrumb\":{\"@id\":\"https:\\\/\\\/revistaliterariaelgatonegro.com\\\/producto\\\/por-favor-dejame-odiarte#breadcrumb\"},\"inLanguage\":\"es\",\"potentialAction\":[{\"@type\":\"ReadAction\",\"target\":[\"https:\\\/\\\/revistaliterariaelgatonegro.com\\\/producto\\\/por-favor-dejame-odiarte\"]}]},{\"@type\":\"ImageObject\",\"inLanguage\":\"es\",\"@id\":\"https:\\\/\\\/revistaliterariaelgatonegro.com\\\/producto\\\/por-favor-dejame-odiarte#primaryimage\",\"url\":\"https:\\\/\\\/revistaliterariaelgatonegro.com\\\/wp-content\\\/uploads\\\/2025\\\/05\\\/por-favor-dejame-odiarte.jpg\",\"contentUrl\":\"https:\\\/\\\/revistaliterariaelgatonegro.com\\\/wp-content\\\/uploads\\\/2025\\\/05\\\/por-favor-dejame-odiarte.jpg\",\"width\":295,\"height\":445},{\"@type\":\"BreadcrumbList\",\"@id\":\"https:\\\/\\\/revistaliterariaelgatonegro.com\\\/producto\\\/por-favor-dejame-odiarte#breadcrumb\",\"itemListElement\":[{\"@type\":\"ListItem\",\"position\":1,\"name\":\"Portada\",\"item\":\"https:\\\/\\\/revistaliterariaelgatonegro.com\\\/\"},{\"@type\":\"ListItem\",\"position\":2,\"name\":\"Librer\u00eda\",\"item\":\"https:\\\/\\\/revistaliterariaelgatonegro.com\\\/?page_id=20159\"},{\"@type\":\"ListItem\",\"position\":3,\"name\":\"POR FAVOR, DEJAME ODIARTE\"}]},{\"@type\":\"WebSite\",\"@id\":\"https:\\\/\\\/revistaliterariaelgatonegro.com\\\/#website\",\"url\":\"https:\\\/\\\/revistaliterariaelgatonegro.com\\\/\",\"name\":\"REVISTA CULTURAL\",\"description\":\" Un nuevo espacio para la divulgaci\u00f3n literaria, as\u00ed como dem\u00e1s artes \",\"publisher\":{\"@id\":\"https:\\\/\\\/revistaliterariaelgatonegro.com\\\/#\\\/schema\\\/person\\\/6a37dd51e0f101e394e91c123fd12e8a\"},\"potentialAction\":[{\"@type\":\"SearchAction\",\"target\":{\"@type\":\"EntryPoint\",\"urlTemplate\":\"https:\\\/\\\/revistaliterariaelgatonegro.com\\\/?s={search_term_string}\"},\"query-input\":{\"@type\":\"PropertyValueSpecification\",\"valueRequired\":true,\"valueName\":\"search_term_string\"}}],\"inLanguage\":\"es\"},{\"@type\":[\"Person\",\"Organization\"],\"@id\":\"https:\\\/\\\/revistaliterariaelgatonegro.com\\\/#\\\/schema\\\/person\\\/6a37dd51e0f101e394e91c123fd12e8a\",\"name\":\"administrador\",\"image\":{\"@type\":\"ImageObject\",\"inLanguage\":\"es\",\"@id\":\"https:\\\/\\\/revistaliterariaelgatonegro.com\\\/wp-content\\\/uploads\\\/2025\\\/12\\\/cropped-Logotipo-Logo-Marca-personal-Pastel-Amarillo-12-Photoroom.png\",\"url\":\"https:\\\/\\\/revistaliterariaelgatonegro.com\\\/wp-content\\\/uploads\\\/2025\\\/12\\\/cropped-Logotipo-Logo-Marca-personal-Pastel-Amarillo-12-Photoroom.png\",\"contentUrl\":\"https:\\\/\\\/revistaliterariaelgatonegro.com\\\/wp-content\\\/uploads\\\/2025\\\/12\\\/cropped-Logotipo-Logo-Marca-personal-Pastel-Amarillo-12-Photoroom.png\",\"width\":364,\"height\":212,\"caption\":\"administrador\"},\"logo\":{\"@id\":\"https:\\\/\\\/revistaliterariaelgatonegro.com\\\/wp-content\\\/uploads\\\/2025\\\/12\\\/cropped-Logotipo-Logo-Marca-personal-Pastel-Amarillo-12-Photoroom.png\"},\"sameAs\":[\"http:\\\/\\\/s864831950.mialojamiento.es\"]}]}<\/script>\n<!-- \/ Yoast SEO plugin. -->","yoast_head_json":{"title":"POR FAVOR, DEJAME ODIARTE - REVISTA CULTURAL","description":"Una historia de amor, costosa y complicada porque Ian y Jenny son personas complicadas, competitivos. Y\u00bf\u00a0si bajo el odio se esconde el amor? Jennifer Percy es abogada especializada en gesti\u00f3n de patrimonios","robots":{"index":"index","follow":"follow","max-snippet":"max-snippet:-1","max-image-preview":"max-image-preview:large","max-video-preview":"max-video-preview:-1"},"canonical":"https:\/\/revistaliterariaelgatonegro.com\/producto\/por-favor-dejame-odiarte","og_locale":"es_ES","og_type":"article","og_title":"POR FAVOR, DEJAME ODIARTE - REVISTA CULTURAL","og_description":"Una historia de amor, costosa y complicada porque Ian y Jenny son personas complicadas, competitivos. Y\u00bf\u00a0si bajo el odio se esconde el amor? Jennifer Percy es abogada especializada en gesti\u00f3n de patrimonios","og_url":"https:\/\/revistaliterariaelgatonegro.com\/producto\/por-favor-dejame-odiarte","og_site_name":"REVISTA CULTURAL","og_image":[{"width":295,"height":445,"url":"https:\/\/revistaliterariaelgatonegro.com\/wp-content\/uploads\/2025\/05\/por-favor-dejame-odiarte.jpg","type":"image\/jpeg"}],"twitter_card":"summary_large_image","twitter_misc":{"Tiempo de lectura":"2 minutos"},"schema":{"@context":"https:\/\/schema.org","@graph":[{"@type":"WebPage","@id":"https:\/\/revistaliterariaelgatonegro.com\/producto\/por-favor-dejame-odiarte","url":"https:\/\/revistaliterariaelgatonegro.com\/producto\/por-favor-dejame-odiarte","name":"POR FAVOR, DEJAME ODIARTE - REVISTA CULTURAL","isPartOf":{"@id":"https:\/\/revistaliterariaelgatonegro.com\/#website"},"primaryImageOfPage":{"@id":"https:\/\/revistaliterariaelgatonegro.com\/producto\/por-favor-dejame-odiarte#primaryimage"},"image":{"@id":"https:\/\/revistaliterariaelgatonegro.com\/producto\/por-favor-dejame-odiarte#primaryimage"},"thumbnailUrl":"https:\/\/revistaliterariaelgatonegro.com\/wp-content\/uploads\/2025\/05\/por-favor-dejame-odiarte.jpg","datePublished":"2025-05-25T15:00:53+00:00","description":"Una historia de amor, costosa y complicada porque Ian y Jenny son personas complicadas, competitivos. Y\u00bf\u00a0si bajo el odio se esconde el amor? Jennifer Percy es abogada especializada en gesti\u00f3n de patrimonios","breadcrumb":{"@id":"https:\/\/revistaliterariaelgatonegro.com\/producto\/por-favor-dejame-odiarte#breadcrumb"},"inLanguage":"es","potentialAction":[{"@type":"ReadAction","target":["https:\/\/revistaliterariaelgatonegro.com\/producto\/por-favor-dejame-odiarte"]}]},{"@type":"ImageObject","inLanguage":"es","@id":"https:\/\/revistaliterariaelgatonegro.com\/producto\/por-favor-dejame-odiarte#primaryimage","url":"https:\/\/revistaliterariaelgatonegro.com\/wp-content\/uploads\/2025\/05\/por-favor-dejame-odiarte.jpg","contentUrl":"https:\/\/revistaliterariaelgatonegro.com\/wp-content\/uploads\/2025\/05\/por-favor-dejame-odiarte.jpg","width":295,"height":445},{"@type":"BreadcrumbList","@id":"https:\/\/revistaliterariaelgatonegro.com\/producto\/por-favor-dejame-odiarte#breadcrumb","itemListElement":[{"@type":"ListItem","position":1,"name":"Portada","item":"https:\/\/revistaliterariaelgatonegro.com\/"},{"@type":"ListItem","position":2,"name":"Librer\u00eda","item":"https:\/\/revistaliterariaelgatonegro.com\/?page_id=20159"},{"@type":"ListItem","position":3,"name":"POR FAVOR, DEJAME ODIARTE"}]},{"@type":"WebSite","@id":"https:\/\/revistaliterariaelgatonegro.com\/#website","url":"https:\/\/revistaliterariaelgatonegro.com\/","name":"REVISTA CULTURAL","description":" Un nuevo espacio para la divulgaci\u00f3n literaria, as\u00ed como dem\u00e1s artes ","publisher":{"@id":"https:\/\/revistaliterariaelgatonegro.com\/#\/schema\/person\/6a37dd51e0f101e394e91c123fd12e8a"},"potentialAction":[{"@type":"SearchAction","target":{"@type":"EntryPoint","urlTemplate":"https:\/\/revistaliterariaelgatonegro.com\/?s={search_term_string}"},"query-input":{"@type":"PropertyValueSpecification","valueRequired":true,"valueName":"search_term_string"}}],"inLanguage":"es"},{"@type":["Person","Organization"],"@id":"https:\/\/revistaliterariaelgatonegro.com\/#\/schema\/person\/6a37dd51e0f101e394e91c123fd12e8a","name":"administrador","image":{"@type":"ImageObject","inLanguage":"es","@id":"https:\/\/revistaliterariaelgatonegro.com\/wp-content\/uploads\/2025\/12\/cropped-Logotipo-Logo-Marca-personal-Pastel-Amarillo-12-Photoroom.png","url":"https:\/\/revistaliterariaelgatonegro.com\/wp-content\/uploads\/2025\/12\/cropped-Logotipo-Logo-Marca-personal-Pastel-Amarillo-12-Photoroom.png","contentUrl":"https:\/\/revistaliterariaelgatonegro.com\/wp-content\/uploads\/2025\/12\/cropped-Logotipo-Logo-Marca-personal-Pastel-Amarillo-12-Photoroom.png","width":364,"height":212,"caption":"administrador"},"logo":{"@id":"https:\/\/revistaliterariaelgatonegro.com\/wp-content\/uploads\/2025\/12\/cropped-Logotipo-Logo-Marca-personal-Pastel-Amarillo-12-Photoroom.png"},"sameAs":["http:\/\/s864831950.mialojamiento.es"]}]}},"_links":{"self":[{"href":"https:\/\/revistaliterariaelgatonegro.com\/index.php?rest_route=\/wp\/v2\/product\/20555","targetHints":{"allow":["GET"]}}],"collection":[{"href":"https:\/\/revistaliterariaelgatonegro.com\/index.php?rest_route=\/wp\/v2\/product"}],"about":[{"href":"https:\/\/revistaliterariaelgatonegro.com\/index.php?rest_route=\/wp\/v2\/types\/product"}],"wp:featuredmedia":[{"embeddable":true,"href":"https:\/\/revistaliterariaelgatonegro.com\/index.php?rest_route=\/wp\/v2\/media\/20581"}],"wp:attachment":[{"href":"https:\/\/revistaliterariaelgatonegro.com\/index.php?rest_route=%2Fwp%2Fv2%2Fmedia&parent=20555"}],"wp:term":[{"taxonomy":"product_brand","embeddable":true,"href":"https:\/\/revistaliterariaelgatonegro.com\/index.php?rest_route=%2Fwp%2Fv2%2Fproduct_brand&post=20555"},{"taxonomy":"product_cat","embeddable":true,"href":"https:\/\/revistaliterariaelgatonegro.com\/index.php?rest_route=%2Fwp%2Fv2%2Fproduct_cat&post=20555"},{"taxonomy":"product_tag","embeddable":true,"href":"https:\/\/revistaliterariaelgatonegro.com\/index.php?rest_route=%2Fwp%2Fv2%2Fproduct_tag&post=20555"}],"curies":[{"name":"wp","href":"https:\/\/api.w.org\/{rel}","templated":true}]}}