{"id":20554,"date":"2025-05-25T15:03:39","date_gmt":"2025-05-25T15:03:39","guid":{"rendered":"https:\/\/revistaliterariaelgatonegro.com\/?post_type=product&#038;p=20554"},"modified":"2025-05-25T15:03:39","modified_gmt":"2025-05-25T15:03:39","slug":"tanto-amor-para-nada","status":"publish","type":"product","link":"https:\/\/revistaliterariaelgatonegro.com\/?product=tanto-amor-para-nada","title":{"rendered":"TANTO AMOR PARA NADA"},"content":{"rendered":"<p>Violeta Brunello se ha cansado de los hombres, especialmente de aquellos que creen que pueden aprovecharse de su brillante inteligencia para lograr sus propios fines. Esta abogada de \u00e9xito acaba de fundar su propia firma y est\u00e1 decidida a no perder m\u00e1s tiempo persiguiendo sue\u00f1os rom\u00e1nticos que en el fondo de su coraz\u00f3n considera ya completamente inalcanzables. Violeta prefiere centrarse en sus nuevos desaf\u00edos laborales y en la famosa lista que escribi\u00f3 una noche de desenfreno. Aunque surgi\u00f3 por casualidad, Violeta r\u00e1pidamente se emociona con la idea de ir tachando uno a uno todos los puntos que componen su lista de deseos y, para conseguirlo, tendr\u00e1 que lanzarse y verse envuelta en aventuras que no cre\u00eda que pudiesen estar hechas para ella\u2026 Una cosa est\u00e1 clara: todo ser\u00eda m\u00e1s f\u00e1cil si Lorenzo Vailati, uno de los socios de la empresa con la que recientemente ha comenzado a trabajar, no hubiera descubierto la existencia de su lista y no se hubiese interesado tanto por ella. Porque Violeta est\u00e1 cansada de los hombres. De todos, pero especialmente de aquellos que son como Lorenzo Vailati.<\/p>\n<p>Una qu\u00edmica irresistible que har\u00e1 que salten chispas<\/p>\n","protected":false},"excerpt":{"rendered":"<h3><a href=\"https:\/\/revistaliterariaelgatonegro.com\/hablamos-con-anna-premoli\">Anna Premoli<\/a><\/h3>\n<p>Una qu\u00edmica irresistible que har\u00e1 que salten chispas<\/p>\n<p>Editorial: Newton Compton Editores<br \/>\nISBN: 9788419620033<br \/>\nIdioma: Castellano<br \/>\nN\u00famero de p\u00e1ginas: 320<br \/>\nEncuadernaci\u00f3n: Tapa dura<\/p>\n<p>&nbsp;<\/p>\n<p><a href=\"https:\/\/tidd.ly\/4mxzVGS\" target=\"_blank\" rel=\"noopener\"><button class=\"boton1\">Libro<\/button><\/a> <a href=\"https:\/\/www.casadellibro.com\/ebook-tanto-amor-para-nada-una-atraccion-irresistible-con-mas-de-un-millon-y-medio-de-lectoras-ebook\/9788419620057\/16989465\" target=\"_blank\" rel=\"noopener\"><button class=\"boton1\">eBook<\/button><\/a><\/p>\n","protected":false},"featured_media":16146,"template":"","meta":[],"product_brand":[],"product_cat":[176],"product_tag":[189,177],"class_list":{"0":"post-20554","1":"product","2":"type-product","3":"status-publish","4":"has-post-thumbnail","6":"product_cat-novela-romantica-erotica","7":"product_tag-anna-premoli","8":"product_tag-novela-romantica","10":"first","11":"instock","12":"sale","13":"taxable","14":"shipping-taxable","15":"product-type-external"},"yoast_head":"<!-- This site is optimized with the Yoast SEO plugin v27.4 - https:\/\/yoast.com\/product\/yoast-seo-wordpress\/ -->\n<title>TANTO AMOR PARA NADA - REVISTA CULTURAL<\/title>\n<meta name=\"description\" content=\"Una qu\u00edmica irresistible que har\u00e1 que salten chispas. Violeta Brunello se ha cansado de los hombres, especialmente de aquellos que creen que pueden\" \/>\n<meta name=\"robots\" content=\"index, follow, max-snippet:-1, max-image-preview:large, max-video-preview:-1\" \/>\n<link rel=\"canonical\" href=\"https:\/\/revistaliterariaelgatonegro.com\/producto\/tanto-amor-para-nada\" \/>\n<meta property=\"og:locale\" content=\"es_ES\" \/>\n<meta property=\"og:type\" content=\"article\" \/>\n<meta property=\"og:title\" content=\"TANTO AMOR PARA NADA - REVISTA CULTURAL\" \/>\n<meta property=\"og:description\" content=\"Una qu\u00edmica irresistible que har\u00e1 que salten chispas. Violeta Brunello se ha cansado de los hombres, especialmente de aquellos que creen que pueden\" \/>\n<meta property=\"og:url\" content=\"https:\/\/revistaliterariaelgatonegro.com\/producto\/tanto-amor-para-nada\" \/>\n<meta property=\"og:site_name\" content=\"REVISTA CULTURAL\" \/>\n<meta property=\"og:image\" content=\"https:\/\/revistaliterariaelgatonegro.com\/wp-content\/uploads\/2024\/10\/Tanto-amor-para-nada.jpg\" \/>\n\t<meta property=\"og:image:width\" content=\"552\" \/>\n\t<meta property=\"og:image:height\" content=\"867\" \/>\n\t<meta property=\"og:image:type\" content=\"image\/jpeg\" \/>\n<meta name=\"twitter:card\" content=\"summary_large_image\" \/>\n<meta name=\"twitter:label1\" content=\"Tiempo de lectura\" \/>\n\t<meta name=\"twitter:data1\" content=\"2 minutos\" \/>\n<script type=\"application\/ld+json\" class=\"yoast-schema-graph\">{\"@context\":\"https:\\\/\\\/schema.org\",\"@graph\":[{\"@type\":\"WebPage\",\"@id\":\"https:\\\/\\\/revistaliterariaelgatonegro.com\\\/producto\\\/tanto-amor-para-nada\",\"url\":\"https:\\\/\\\/revistaliterariaelgatonegro.com\\\/producto\\\/tanto-amor-para-nada\",\"name\":\"TANTO AMOR PARA NADA - REVISTA CULTURAL\",\"isPartOf\":{\"@id\":\"https:\\\/\\\/revistaliterariaelgatonegro.com\\\/#website\"},\"primaryImageOfPage\":{\"@id\":\"https:\\\/\\\/revistaliterariaelgatonegro.com\\\/producto\\\/tanto-amor-para-nada#primaryimage\"},\"image\":{\"@id\":\"https:\\\/\\\/revistaliterariaelgatonegro.com\\\/producto\\\/tanto-amor-para-nada#primaryimage\"},\"thumbnailUrl\":\"https:\\\/\\\/revistaliterariaelgatonegro.com\\\/wp-content\\\/uploads\\\/2024\\\/10\\\/Tanto-amor-para-nada.jpg\",\"datePublished\":\"2025-05-25T15:03:39+00:00\",\"description\":\"Una qu\u00edmica irresistible que har\u00e1 que salten chispas. Violeta Brunello se ha cansado de los hombres, especialmente de aquellos que creen que pueden\",\"breadcrumb\":{\"@id\":\"https:\\\/\\\/revistaliterariaelgatonegro.com\\\/producto\\\/tanto-amor-para-nada#breadcrumb\"},\"inLanguage\":\"es\",\"potentialAction\":[{\"@type\":\"ReadAction\",\"target\":[\"https:\\\/\\\/revistaliterariaelgatonegro.com\\\/producto\\\/tanto-amor-para-nada\"]}]},{\"@type\":\"ImageObject\",\"inLanguage\":\"es\",\"@id\":\"https:\\\/\\\/revistaliterariaelgatonegro.com\\\/producto\\\/tanto-amor-para-nada#primaryimage\",\"url\":\"https:\\\/\\\/revistaliterariaelgatonegro.com\\\/wp-content\\\/uploads\\\/2024\\\/10\\\/Tanto-amor-para-nada.jpg\",\"contentUrl\":\"https:\\\/\\\/revistaliterariaelgatonegro.com\\\/wp-content\\\/uploads\\\/2024\\\/10\\\/Tanto-amor-para-nada.jpg\",\"width\":552,\"height\":867},{\"@type\":\"BreadcrumbList\",\"@id\":\"https:\\\/\\\/revistaliterariaelgatonegro.com\\\/producto\\\/tanto-amor-para-nada#breadcrumb\",\"itemListElement\":[{\"@type\":\"ListItem\",\"position\":1,\"name\":\"Portada\",\"item\":\"https:\\\/\\\/revistaliterariaelgatonegro.com\\\/\"},{\"@type\":\"ListItem\",\"position\":2,\"name\":\"Librer\u00eda\",\"item\":\"https:\\\/\\\/revistaliterariaelgatonegro.com\\\/?page_id=20159\"},{\"@type\":\"ListItem\",\"position\":3,\"name\":\"TANTO AMOR PARA NADA\"}]},{\"@type\":\"WebSite\",\"@id\":\"https:\\\/\\\/revistaliterariaelgatonegro.com\\\/#website\",\"url\":\"https:\\\/\\\/revistaliterariaelgatonegro.com\\\/\",\"name\":\"REVISTA CULTURAL\",\"description\":\" Un nuevo espacio para la divulgaci\u00f3n literaria, as\u00ed como dem\u00e1s artes \",\"publisher\":{\"@id\":\"https:\\\/\\\/revistaliterariaelgatonegro.com\\\/#\\\/schema\\\/person\\\/6a37dd51e0f101e394e91c123fd12e8a\"},\"potentialAction\":[{\"@type\":\"SearchAction\",\"target\":{\"@type\":\"EntryPoint\",\"urlTemplate\":\"https:\\\/\\\/revistaliterariaelgatonegro.com\\\/?s={search_term_string}\"},\"query-input\":{\"@type\":\"PropertyValueSpecification\",\"valueRequired\":true,\"valueName\":\"search_term_string\"}}],\"inLanguage\":\"es\"},{\"@type\":[\"Person\",\"Organization\"],\"@id\":\"https:\\\/\\\/revistaliterariaelgatonegro.com\\\/#\\\/schema\\\/person\\\/6a37dd51e0f101e394e91c123fd12e8a\",\"name\":\"administrador\",\"image\":{\"@type\":\"ImageObject\",\"inLanguage\":\"es\",\"@id\":\"https:\\\/\\\/revistaliterariaelgatonegro.com\\\/wp-content\\\/uploads\\\/2025\\\/12\\\/cropped-Logotipo-Logo-Marca-personal-Pastel-Amarillo-12-Photoroom.png\",\"url\":\"https:\\\/\\\/revistaliterariaelgatonegro.com\\\/wp-content\\\/uploads\\\/2025\\\/12\\\/cropped-Logotipo-Logo-Marca-personal-Pastel-Amarillo-12-Photoroom.png\",\"contentUrl\":\"https:\\\/\\\/revistaliterariaelgatonegro.com\\\/wp-content\\\/uploads\\\/2025\\\/12\\\/cropped-Logotipo-Logo-Marca-personal-Pastel-Amarillo-12-Photoroom.png\",\"width\":364,\"height\":212,\"caption\":\"administrador\"},\"logo\":{\"@id\":\"https:\\\/\\\/revistaliterariaelgatonegro.com\\\/wp-content\\\/uploads\\\/2025\\\/12\\\/cropped-Logotipo-Logo-Marca-personal-Pastel-Amarillo-12-Photoroom.png\"},\"sameAs\":[\"http:\\\/\\\/s864831950.mialojamiento.es\"]}]}<\/script>\n<!-- \/ Yoast SEO plugin. -->","yoast_head_json":{"title":"TANTO AMOR PARA NADA - REVISTA CULTURAL","description":"Una qu\u00edmica irresistible que har\u00e1 que salten chispas. Violeta Brunello se ha cansado de los hombres, especialmente de aquellos que creen que pueden","robots":{"index":"index","follow":"follow","max-snippet":"max-snippet:-1","max-image-preview":"max-image-preview:large","max-video-preview":"max-video-preview:-1"},"canonical":"https:\/\/revistaliterariaelgatonegro.com\/producto\/tanto-amor-para-nada","og_locale":"es_ES","og_type":"article","og_title":"TANTO AMOR PARA NADA - REVISTA CULTURAL","og_description":"Una qu\u00edmica irresistible que har\u00e1 que salten chispas. Violeta Brunello se ha cansado de los hombres, especialmente de aquellos que creen que pueden","og_url":"https:\/\/revistaliterariaelgatonegro.com\/producto\/tanto-amor-para-nada","og_site_name":"REVISTA CULTURAL","og_image":[{"width":552,"height":867,"url":"https:\/\/revistaliterariaelgatonegro.com\/wp-content\/uploads\/2024\/10\/Tanto-amor-para-nada.jpg","type":"image\/jpeg"}],"twitter_card":"summary_large_image","twitter_misc":{"Tiempo de lectura":"2 minutos"},"schema":{"@context":"https:\/\/schema.org","@graph":[{"@type":"WebPage","@id":"https:\/\/revistaliterariaelgatonegro.com\/producto\/tanto-amor-para-nada","url":"https:\/\/revistaliterariaelgatonegro.com\/producto\/tanto-amor-para-nada","name":"TANTO AMOR PARA NADA - REVISTA CULTURAL","isPartOf":{"@id":"https:\/\/revistaliterariaelgatonegro.com\/#website"},"primaryImageOfPage":{"@id":"https:\/\/revistaliterariaelgatonegro.com\/producto\/tanto-amor-para-nada#primaryimage"},"image":{"@id":"https:\/\/revistaliterariaelgatonegro.com\/producto\/tanto-amor-para-nada#primaryimage"},"thumbnailUrl":"https:\/\/revistaliterariaelgatonegro.com\/wp-content\/uploads\/2024\/10\/Tanto-amor-para-nada.jpg","datePublished":"2025-05-25T15:03:39+00:00","description":"Una qu\u00edmica irresistible que har\u00e1 que salten chispas. Violeta Brunello se ha cansado de los hombres, especialmente de aquellos que creen que pueden","breadcrumb":{"@id":"https:\/\/revistaliterariaelgatonegro.com\/producto\/tanto-amor-para-nada#breadcrumb"},"inLanguage":"es","potentialAction":[{"@type":"ReadAction","target":["https:\/\/revistaliterariaelgatonegro.com\/producto\/tanto-amor-para-nada"]}]},{"@type":"ImageObject","inLanguage":"es","@id":"https:\/\/revistaliterariaelgatonegro.com\/producto\/tanto-amor-para-nada#primaryimage","url":"https:\/\/revistaliterariaelgatonegro.com\/wp-content\/uploads\/2024\/10\/Tanto-amor-para-nada.jpg","contentUrl":"https:\/\/revistaliterariaelgatonegro.com\/wp-content\/uploads\/2024\/10\/Tanto-amor-para-nada.jpg","width":552,"height":867},{"@type":"BreadcrumbList","@id":"https:\/\/revistaliterariaelgatonegro.com\/producto\/tanto-amor-para-nada#breadcrumb","itemListElement":[{"@type":"ListItem","position":1,"name":"Portada","item":"https:\/\/revistaliterariaelgatonegro.com\/"},{"@type":"ListItem","position":2,"name":"Librer\u00eda","item":"https:\/\/revistaliterariaelgatonegro.com\/?page_id=20159"},{"@type":"ListItem","position":3,"name":"TANTO AMOR PARA NADA"}]},{"@type":"WebSite","@id":"https:\/\/revistaliterariaelgatonegro.com\/#website","url":"https:\/\/revistaliterariaelgatonegro.com\/","name":"REVISTA CULTURAL","description":" Un nuevo espacio para la divulgaci\u00f3n literaria, as\u00ed como dem\u00e1s artes ","publisher":{"@id":"https:\/\/revistaliterariaelgatonegro.com\/#\/schema\/person\/6a37dd51e0f101e394e91c123fd12e8a"},"potentialAction":[{"@type":"SearchAction","target":{"@type":"EntryPoint","urlTemplate":"https:\/\/revistaliterariaelgatonegro.com\/?s={search_term_string}"},"query-input":{"@type":"PropertyValueSpecification","valueRequired":true,"valueName":"search_term_string"}}],"inLanguage":"es"},{"@type":["Person","Organization"],"@id":"https:\/\/revistaliterariaelgatonegro.com\/#\/schema\/person\/6a37dd51e0f101e394e91c123fd12e8a","name":"administrador","image":{"@type":"ImageObject","inLanguage":"es","@id":"https:\/\/revistaliterariaelgatonegro.com\/wp-content\/uploads\/2025\/12\/cropped-Logotipo-Logo-Marca-personal-Pastel-Amarillo-12-Photoroom.png","url":"https:\/\/revistaliterariaelgatonegro.com\/wp-content\/uploads\/2025\/12\/cropped-Logotipo-Logo-Marca-personal-Pastel-Amarillo-12-Photoroom.png","contentUrl":"https:\/\/revistaliterariaelgatonegro.com\/wp-content\/uploads\/2025\/12\/cropped-Logotipo-Logo-Marca-personal-Pastel-Amarillo-12-Photoroom.png","width":364,"height":212,"caption":"administrador"},"logo":{"@id":"https:\/\/revistaliterariaelgatonegro.com\/wp-content\/uploads\/2025\/12\/cropped-Logotipo-Logo-Marca-personal-Pastel-Amarillo-12-Photoroom.png"},"sameAs":["http:\/\/s864831950.mialojamiento.es"]}]}},"_links":{"self":[{"href":"https:\/\/revistaliterariaelgatonegro.com\/index.php?rest_route=\/wp\/v2\/product\/20554","targetHints":{"allow":["GET"]}}],"collection":[{"href":"https:\/\/revistaliterariaelgatonegro.com\/index.php?rest_route=\/wp\/v2\/product"}],"about":[{"href":"https:\/\/revistaliterariaelgatonegro.com\/index.php?rest_route=\/wp\/v2\/types\/product"}],"wp:featuredmedia":[{"embeddable":true,"href":"https:\/\/revistaliterariaelgatonegro.com\/index.php?rest_route=\/wp\/v2\/media\/16146"}],"wp:attachment":[{"href":"https:\/\/revistaliterariaelgatonegro.com\/index.php?rest_route=%2Fwp%2Fv2%2Fmedia&parent=20554"}],"wp:term":[{"taxonomy":"product_brand","embeddable":true,"href":"https:\/\/revistaliterariaelgatonegro.com\/index.php?rest_route=%2Fwp%2Fv2%2Fproduct_brand&post=20554"},{"taxonomy":"product_cat","embeddable":true,"href":"https:\/\/revistaliterariaelgatonegro.com\/index.php?rest_route=%2Fwp%2Fv2%2Fproduct_cat&post=20554"},{"taxonomy":"product_tag","embeddable":true,"href":"https:\/\/revistaliterariaelgatonegro.com\/index.php?rest_route=%2Fwp%2Fv2%2Fproduct_tag&post=20554"}],"curies":[{"name":"wp","href":"https:\/\/api.w.org\/{rel}","templated":true}]}}