{"id":20551,"date":"2025-05-25T03:33:03","date_gmt":"2025-05-25T03:33:03","guid":{"rendered":"https:\/\/revistaliterariaelgatonegro.com\/?post_type=product&#038;p=20551"},"modified":"2025-05-25T03:34:36","modified_gmt":"2025-05-25T03:34:36","slug":"el-regalo-de-la-modista","status":"publish","type":"product","link":"https:\/\/revistaliterariaelgatonegro.com\/?product=el-regalo-de-la-modista","title":{"rendered":"EL REGALO DE LA MODISTA"},"content":{"rendered":"<p>Par\u00eds, 1940. Con la ciudad ocupada por los nazis, tres j\u00f3venes costureras tratan de salir adelante lo mejor que pueden. Sin embargo, las tres ocultan secretos. Mireille lucha con la Resistencia; a Claire la ha seducido un oficial alem\u00e1n; y Vivienne ni siquiera puede compartir con sus amigas lo que hace, porque eso la condenar\u00eda.<\/p>\n<p>Dos generaciones despu\u00e9s, la nieta inglesa de Claire, Harriet, llega a Par\u00eds. Desarraigada y a la deriva, desesperada por encontrar informaci\u00f3n sobre su pasado, se establece en el mismo edificio de la rue Cardinale, donde tambi\u00e9n trabaja, y descubre la verdad sobre su abuela, y sobre s\u00ed misma, lo que la llevar\u00e1 a desentra\u00f1ar una historia familiar m\u00e1s oscura y dolorosa de lo que pod\u00eda imaginar.<\/p>\n<p>En tiempos de guerra, las tres j\u00f3venes se enfrentar\u00e1n a decisiones imposibles al verse en peligro por las actividades secretas que llevan a cabo. Unidas por la lealtad y amenazadas por la traici\u00f3n, \u00bfpodr\u00e1n sobrevivir a la era m\u00e1s oscura de la historia europea sin acabar destrozadas?<\/p>\n","protected":false},"excerpt":{"rendered":"<h3><a href=\"https:\/\/revistaliterariaelgatonegro.com\/ffffffffff\">Fiona Valpy<\/a><\/h3>\n<p>Tres modistas, m\u00e1s de un secreto y una \u00e9poca, la m\u00e1s oscura de la historia europea, la de la ocupaci\u00f3n nazi de Par\u00eds. \u00bfC\u00f3mo las juzgar\u00e1 la historia? \u00bfY sus familias?<\/p>\n<p>Editorial: Libros de Seda S.L.<br \/>\nISBN: 9788417626501<br \/>\nIdioma: Castellano<br \/>\nN\u00famero de p\u00e1ginas: 320<br \/>\nEncuadernaci\u00f3n: Tapa blanda<\/p>\n<p>&nbsp;<\/p>\n<p><a href=\"https:\/\/tidd.ly\/44SpPdy\" target=\"_blank\" rel=\"noopener\"><button class=\"boton1\">Libro<\/button><\/a> <a href=\"https:\/\/tidd.ly\/4dxlEGn\" target=\"_blank\" rel=\"noopener\"><button class=\"boton1\">eBook<\/button><\/a><\/p>\n","protected":false},"featured_media":15486,"template":"","meta":[],"product_brand":[],"product_cat":[183],"product_tag":[162,161],"class_list":{"0":"post-20551","1":"product","2":"type-product","3":"status-publish","4":"has-post-thumbnail","6":"product_cat-narrativa","7":"product_tag-fiona-valpy","8":"product_tag-narrativa-extranjera","10":"first","11":"instock","12":"taxable","13":"shipping-taxable","14":"product-type-simple"},"yoast_head":"<!-- This site is optimized with the Yoast SEO plugin v27.4 - https:\/\/yoast.com\/product\/yoast-seo-wordpress\/ -->\n<title>EL REGALO DE LA MODISTA - REVISTA CULTURAL<\/title>\n<meta name=\"description\" content=\"Tres modistas, m\u00e1s de un secreto y una \u00e9poca, la m\u00e1s oscura de la historia europea, la de la ocupaci\u00f3n nazi de Par\u00eds.T \u00bfC\u00f3mo las juzgar\u00e1 la historia?\" \/>\n<meta name=\"robots\" content=\"index, follow, max-snippet:-1, max-image-preview:large, max-video-preview:-1\" \/>\n<link rel=\"canonical\" href=\"https:\/\/revistaliterariaelgatonegro.com\/producto\/el-regalo-de-la-modista\" \/>\n<meta property=\"og:locale\" content=\"es_ES\" \/>\n<meta property=\"og:type\" content=\"article\" \/>\n<meta property=\"og:title\" content=\"EL REGALO DE LA MODISTA - REVISTA CULTURAL\" \/>\n<meta property=\"og:description\" content=\"Tres modistas, m\u00e1s de un secreto y una \u00e9poca, la m\u00e1s oscura de la historia europea, la de la ocupaci\u00f3n nazi de Par\u00eds.T \u00bfC\u00f3mo las juzgar\u00e1 la historia?\" \/>\n<meta property=\"og:url\" content=\"https:\/\/revistaliterariaelgatonegro.com\/producto\/el-regalo-de-la-modista\" \/>\n<meta property=\"og:site_name\" content=\"REVISTA CULTURAL\" \/>\n<meta property=\"article:modified_time\" content=\"2025-05-25T03:34:36+00:00\" \/>\n<meta property=\"og:image\" content=\"https:\/\/revistaliterariaelgatonegro.com\/wp-content\/uploads\/2024\/09\/El-regalo-de-la-modista-scaled-1.jpg\" \/>\n\t<meta property=\"og:image:width\" content=\"1745\" \/>\n\t<meta property=\"og:image:height\" content=\"2560\" \/>\n\t<meta property=\"og:image:type\" content=\"image\/jpeg\" \/>\n<meta name=\"twitter:card\" content=\"summary_large_image\" \/>\n<meta name=\"twitter:label1\" content=\"Tiempo de lectura\" \/>\n\t<meta name=\"twitter:data1\" content=\"1 minuto\" \/>\n<script type=\"application\/ld+json\" class=\"yoast-schema-graph\">{\"@context\":\"https:\\\/\\\/schema.org\",\"@graph\":[{\"@type\":\"WebPage\",\"@id\":\"https:\\\/\\\/revistaliterariaelgatonegro.com\\\/producto\\\/el-regalo-de-la-modista\",\"url\":\"https:\\\/\\\/revistaliterariaelgatonegro.com\\\/producto\\\/el-regalo-de-la-modista\",\"name\":\"EL REGALO DE LA MODISTA - REVISTA CULTURAL\",\"isPartOf\":{\"@id\":\"https:\\\/\\\/revistaliterariaelgatonegro.com\\\/#website\"},\"primaryImageOfPage\":{\"@id\":\"https:\\\/\\\/revistaliterariaelgatonegro.com\\\/producto\\\/el-regalo-de-la-modista#primaryimage\"},\"image\":{\"@id\":\"https:\\\/\\\/revistaliterariaelgatonegro.com\\\/producto\\\/el-regalo-de-la-modista#primaryimage\"},\"thumbnailUrl\":\"https:\\\/\\\/revistaliterariaelgatonegro.com\\\/wp-content\\\/uploads\\\/2024\\\/09\\\/El-regalo-de-la-modista-scaled-1.jpg\",\"datePublished\":\"2025-05-25T03:33:03+00:00\",\"dateModified\":\"2025-05-25T03:34:36+00:00\",\"description\":\"Tres modistas, m\u00e1s de un secreto y una \u00e9poca, la m\u00e1s oscura de la historia europea, la de la ocupaci\u00f3n nazi de Par\u00eds.T \u00bfC\u00f3mo las juzgar\u00e1 la historia?\",\"breadcrumb\":{\"@id\":\"https:\\\/\\\/revistaliterariaelgatonegro.com\\\/producto\\\/el-regalo-de-la-modista#breadcrumb\"},\"inLanguage\":\"es\",\"potentialAction\":[{\"@type\":\"ReadAction\",\"target\":[\"https:\\\/\\\/revistaliterariaelgatonegro.com\\\/producto\\\/el-regalo-de-la-modista\"]}]},{\"@type\":\"ImageObject\",\"inLanguage\":\"es\",\"@id\":\"https:\\\/\\\/revistaliterariaelgatonegro.com\\\/producto\\\/el-regalo-de-la-modista#primaryimage\",\"url\":\"https:\\\/\\\/revistaliterariaelgatonegro.com\\\/wp-content\\\/uploads\\\/2024\\\/09\\\/El-regalo-de-la-modista-scaled-1.jpg\",\"contentUrl\":\"https:\\\/\\\/revistaliterariaelgatonegro.com\\\/wp-content\\\/uploads\\\/2024\\\/09\\\/El-regalo-de-la-modista-scaled-1.jpg\",\"width\":1745,\"height\":2560},{\"@type\":\"BreadcrumbList\",\"@id\":\"https:\\\/\\\/revistaliterariaelgatonegro.com\\\/producto\\\/el-regalo-de-la-modista#breadcrumb\",\"itemListElement\":[{\"@type\":\"ListItem\",\"position\":1,\"name\":\"Portada\",\"item\":\"https:\\\/\\\/revistaliterariaelgatonegro.com\\\/\"},{\"@type\":\"ListItem\",\"position\":2,\"name\":\"Librer\u00eda\",\"item\":\"https:\\\/\\\/revistaliterariaelgatonegro.com\\\/?page_id=20159\"},{\"@type\":\"ListItem\",\"position\":3,\"name\":\"EL REGALO DE LA MODISTA\"}]},{\"@type\":\"WebSite\",\"@id\":\"https:\\\/\\\/revistaliterariaelgatonegro.com\\\/#website\",\"url\":\"https:\\\/\\\/revistaliterariaelgatonegro.com\\\/\",\"name\":\"REVISTA CULTURAL\",\"description\":\" Un nuevo espacio para la divulgaci\u00f3n literaria, as\u00ed como dem\u00e1s artes \",\"publisher\":{\"@id\":\"https:\\\/\\\/revistaliterariaelgatonegro.com\\\/#\\\/schema\\\/person\\\/6a37dd51e0f101e394e91c123fd12e8a\"},\"potentialAction\":[{\"@type\":\"SearchAction\",\"target\":{\"@type\":\"EntryPoint\",\"urlTemplate\":\"https:\\\/\\\/revistaliterariaelgatonegro.com\\\/?s={search_term_string}\"},\"query-input\":{\"@type\":\"PropertyValueSpecification\",\"valueRequired\":true,\"valueName\":\"search_term_string\"}}],\"inLanguage\":\"es\"},{\"@type\":[\"Person\",\"Organization\"],\"@id\":\"https:\\\/\\\/revistaliterariaelgatonegro.com\\\/#\\\/schema\\\/person\\\/6a37dd51e0f101e394e91c123fd12e8a\",\"name\":\"administrador\",\"image\":{\"@type\":\"ImageObject\",\"inLanguage\":\"es\",\"@id\":\"https:\\\/\\\/revistaliterariaelgatonegro.com\\\/wp-content\\\/uploads\\\/2025\\\/12\\\/cropped-Logotipo-Logo-Marca-personal-Pastel-Amarillo-12-Photoroom.png\",\"url\":\"https:\\\/\\\/revistaliterariaelgatonegro.com\\\/wp-content\\\/uploads\\\/2025\\\/12\\\/cropped-Logotipo-Logo-Marca-personal-Pastel-Amarillo-12-Photoroom.png\",\"contentUrl\":\"https:\\\/\\\/revistaliterariaelgatonegro.com\\\/wp-content\\\/uploads\\\/2025\\\/12\\\/cropped-Logotipo-Logo-Marca-personal-Pastel-Amarillo-12-Photoroom.png\",\"width\":364,\"height\":212,\"caption\":\"administrador\"},\"logo\":{\"@id\":\"https:\\\/\\\/revistaliterariaelgatonegro.com\\\/wp-content\\\/uploads\\\/2025\\\/12\\\/cropped-Logotipo-Logo-Marca-personal-Pastel-Amarillo-12-Photoroom.png\"},\"sameAs\":[\"http:\\\/\\\/s864831950.mialojamiento.es\"]}]}<\/script>\n<!-- \/ Yoast SEO plugin. -->","yoast_head_json":{"title":"EL REGALO DE LA MODISTA - REVISTA CULTURAL","description":"Tres modistas, m\u00e1s de un secreto y una \u00e9poca, la m\u00e1s oscura de la historia europea, la de la ocupaci\u00f3n nazi de Par\u00eds.T \u00bfC\u00f3mo las juzgar\u00e1 la historia?","robots":{"index":"index","follow":"follow","max-snippet":"max-snippet:-1","max-image-preview":"max-image-preview:large","max-video-preview":"max-video-preview:-1"},"canonical":"https:\/\/revistaliterariaelgatonegro.com\/producto\/el-regalo-de-la-modista","og_locale":"es_ES","og_type":"article","og_title":"EL REGALO DE LA MODISTA - REVISTA CULTURAL","og_description":"Tres modistas, m\u00e1s de un secreto y una \u00e9poca, la m\u00e1s oscura de la historia europea, la de la ocupaci\u00f3n nazi de Par\u00eds.T \u00bfC\u00f3mo las juzgar\u00e1 la historia?","og_url":"https:\/\/revistaliterariaelgatonegro.com\/producto\/el-regalo-de-la-modista","og_site_name":"REVISTA CULTURAL","article_modified_time":"2025-05-25T03:34:36+00:00","og_image":[{"width":1745,"height":2560,"url":"https:\/\/revistaliterariaelgatonegro.com\/wp-content\/uploads\/2024\/09\/El-regalo-de-la-modista-scaled-1.jpg","type":"image\/jpeg"}],"twitter_card":"summary_large_image","twitter_misc":{"Tiempo de lectura":"1 minuto"},"schema":{"@context":"https:\/\/schema.org","@graph":[{"@type":"WebPage","@id":"https:\/\/revistaliterariaelgatonegro.com\/producto\/el-regalo-de-la-modista","url":"https:\/\/revistaliterariaelgatonegro.com\/producto\/el-regalo-de-la-modista","name":"EL REGALO DE LA MODISTA - REVISTA CULTURAL","isPartOf":{"@id":"https:\/\/revistaliterariaelgatonegro.com\/#website"},"primaryImageOfPage":{"@id":"https:\/\/revistaliterariaelgatonegro.com\/producto\/el-regalo-de-la-modista#primaryimage"},"image":{"@id":"https:\/\/revistaliterariaelgatonegro.com\/producto\/el-regalo-de-la-modista#primaryimage"},"thumbnailUrl":"https:\/\/revistaliterariaelgatonegro.com\/wp-content\/uploads\/2024\/09\/El-regalo-de-la-modista-scaled-1.jpg","datePublished":"2025-05-25T03:33:03+00:00","dateModified":"2025-05-25T03:34:36+00:00","description":"Tres modistas, m\u00e1s de un secreto y una \u00e9poca, la m\u00e1s oscura de la historia europea, la de la ocupaci\u00f3n nazi de Par\u00eds.T \u00bfC\u00f3mo las juzgar\u00e1 la historia?","breadcrumb":{"@id":"https:\/\/revistaliterariaelgatonegro.com\/producto\/el-regalo-de-la-modista#breadcrumb"},"inLanguage":"es","potentialAction":[{"@type":"ReadAction","target":["https:\/\/revistaliterariaelgatonegro.com\/producto\/el-regalo-de-la-modista"]}]},{"@type":"ImageObject","inLanguage":"es","@id":"https:\/\/revistaliterariaelgatonegro.com\/producto\/el-regalo-de-la-modista#primaryimage","url":"https:\/\/revistaliterariaelgatonegro.com\/wp-content\/uploads\/2024\/09\/El-regalo-de-la-modista-scaled-1.jpg","contentUrl":"https:\/\/revistaliterariaelgatonegro.com\/wp-content\/uploads\/2024\/09\/El-regalo-de-la-modista-scaled-1.jpg","width":1745,"height":2560},{"@type":"BreadcrumbList","@id":"https:\/\/revistaliterariaelgatonegro.com\/producto\/el-regalo-de-la-modista#breadcrumb","itemListElement":[{"@type":"ListItem","position":1,"name":"Portada","item":"https:\/\/revistaliterariaelgatonegro.com\/"},{"@type":"ListItem","position":2,"name":"Librer\u00eda","item":"https:\/\/revistaliterariaelgatonegro.com\/?page_id=20159"},{"@type":"ListItem","position":3,"name":"EL REGALO DE LA MODISTA"}]},{"@type":"WebSite","@id":"https:\/\/revistaliterariaelgatonegro.com\/#website","url":"https:\/\/revistaliterariaelgatonegro.com\/","name":"REVISTA CULTURAL","description":" Un nuevo espacio para la divulgaci\u00f3n literaria, as\u00ed como dem\u00e1s artes ","publisher":{"@id":"https:\/\/revistaliterariaelgatonegro.com\/#\/schema\/person\/6a37dd51e0f101e394e91c123fd12e8a"},"potentialAction":[{"@type":"SearchAction","target":{"@type":"EntryPoint","urlTemplate":"https:\/\/revistaliterariaelgatonegro.com\/?s={search_term_string}"},"query-input":{"@type":"PropertyValueSpecification","valueRequired":true,"valueName":"search_term_string"}}],"inLanguage":"es"},{"@type":["Person","Organization"],"@id":"https:\/\/revistaliterariaelgatonegro.com\/#\/schema\/person\/6a37dd51e0f101e394e91c123fd12e8a","name":"administrador","image":{"@type":"ImageObject","inLanguage":"es","@id":"https:\/\/revistaliterariaelgatonegro.com\/wp-content\/uploads\/2025\/12\/cropped-Logotipo-Logo-Marca-personal-Pastel-Amarillo-12-Photoroom.png","url":"https:\/\/revistaliterariaelgatonegro.com\/wp-content\/uploads\/2025\/12\/cropped-Logotipo-Logo-Marca-personal-Pastel-Amarillo-12-Photoroom.png","contentUrl":"https:\/\/revistaliterariaelgatonegro.com\/wp-content\/uploads\/2025\/12\/cropped-Logotipo-Logo-Marca-personal-Pastel-Amarillo-12-Photoroom.png","width":364,"height":212,"caption":"administrador"},"logo":{"@id":"https:\/\/revistaliterariaelgatonegro.com\/wp-content\/uploads\/2025\/12\/cropped-Logotipo-Logo-Marca-personal-Pastel-Amarillo-12-Photoroom.png"},"sameAs":["http:\/\/s864831950.mialojamiento.es"]}]}},"_links":{"self":[{"href":"https:\/\/revistaliterariaelgatonegro.com\/index.php?rest_route=\/wp\/v2\/product\/20551","targetHints":{"allow":["GET"]}}],"collection":[{"href":"https:\/\/revistaliterariaelgatonegro.com\/index.php?rest_route=\/wp\/v2\/product"}],"about":[{"href":"https:\/\/revistaliterariaelgatonegro.com\/index.php?rest_route=\/wp\/v2\/types\/product"}],"wp:featuredmedia":[{"embeddable":true,"href":"https:\/\/revistaliterariaelgatonegro.com\/index.php?rest_route=\/wp\/v2\/media\/15486"}],"wp:attachment":[{"href":"https:\/\/revistaliterariaelgatonegro.com\/index.php?rest_route=%2Fwp%2Fv2%2Fmedia&parent=20551"}],"wp:term":[{"taxonomy":"product_brand","embeddable":true,"href":"https:\/\/revistaliterariaelgatonegro.com\/index.php?rest_route=%2Fwp%2Fv2%2Fproduct_brand&post=20551"},{"taxonomy":"product_cat","embeddable":true,"href":"https:\/\/revistaliterariaelgatonegro.com\/index.php?rest_route=%2Fwp%2Fv2%2Fproduct_cat&post=20551"},{"taxonomy":"product_tag","embeddable":true,"href":"https:\/\/revistaliterariaelgatonegro.com\/index.php?rest_route=%2Fwp%2Fv2%2Fproduct_tag&post=20551"}],"curies":[{"name":"wp","href":"https:\/\/api.w.org\/{rel}","templated":true}]}}