{"id":20367,"date":"2025-05-22T12:03:57","date_gmt":"2025-05-22T12:03:57","guid":{"rendered":"https:\/\/revistaliterariaelgatonegro.com\/?post_type=product&#038;p=20367"},"modified":"2025-05-22T12:03:57","modified_gmt":"2025-05-22T12:03:57","slug":"cuando-me-alimente-del-juego","status":"publish","type":"product","link":"https:\/\/revistaliterariaelgatonegro.com\/?product=cuando-me-alimente-del-juego","title":{"rendered":"CUANDO ME ALIMENTE DEL JUEGO"},"content":{"rendered":"<p><i>Cuando me aliment\u00e9 del juego<\/i>\u00a0es una obra tan cruda como esperanzadora, que muestra c\u00f3mo, incluso en la penumbra m\u00e1s profunda, siempre es posible encontrar una chispa de luz.<\/p>\n<p>Este libro es la confesi\u00f3n desgarradora y sincera de Pablo Ojeda, el popular nutricionista que, antes de saltar a la fama en televisi\u00f3n, fue consumido por la ludopat\u00eda e ingresado en un centro de rehabilitaci\u00f3n. Con una honestidad brutal, Pablo nos desvela sus momentos m\u00e1s duros: desde las mentiras que destruyeron a su familia hasta las peque\u00f1as victorias que reconstruyeron su alma.<\/p>\n<p>Pero esta no es s\u00f3lo una historia de adicci\u00f3n; es un viaje hacia el perd\u00f3n, la aceptaci\u00f3n y la lucha incansable por superar los demonios internos. A trav\u00e9s de episodios llenos de humor \u00e1cido, reflexiones conmovedoras y decisiones que parten el coraz\u00f3n, Pablo revela que la verdadera redenci\u00f3n no se encuentra en borrar el pasado, sino en aprender a convivir con \u00e9l.<\/p>\n","protected":false},"excerpt":{"rendered":"<h3>Pablo Ojeda<\/h3>\n<p>De la adicci\u00f3n a la nutrici\u00f3n: una historia de superaci\u00f3n<br \/>\n<strong>Editorial:<\/strong> Alienta Editorial<br \/>\n<strong>ISBN:<\/strong> 9788413444185<br \/>\n<strong>Idioma:<\/strong> Castellano<br \/>\n<strong>N\u00famero de p\u00e1ginas:<\/strong> 224<br \/>\n<strong>Encuadernaci\u00f3n:<\/strong> Tapa blanda<\/p>\n<p>&nbsp;<\/p>\n<p><a href=\"https:\/\/tidd.ly\/3FnS2yr\" target=\"_blank\" rel=\"noopener\"><button class=\"boton1\">Libro<\/button><\/a> <a href=\"https:\/\/tidd.ly\/3YYz881\" target=\"_blank\" rel=\"noopener\"><button class=\"boton1\">eBook<\/button><\/a><\/p>\n","protected":false},"featured_media":20368,"template":"","meta":[],"product_brand":[],"product_cat":[183],"product_tag":[153],"class_list":{"0":"post-20367","1":"product","2":"type-product","3":"status-publish","4":"has-post-thumbnail","6":"product_cat-narrativa","7":"product_tag-autoayuda","9":"first","10":"instock","11":"sale","12":"taxable","13":"shipping-taxable","14":"product-type-external"},"yoast_head":"<!-- This site is optimized with the Yoast SEO plugin v27.4 - https:\/\/yoast.com\/product\/yoast-seo-wordpress\/ -->\n<title>CUANDO ME ALIMENTE DEL JUEGO - REVISTA CULTURAL<\/title>\n<meta name=\"description\" content=\"De la adicci\u00f3n a la nutrici\u00f3n: una historia de superaci\u00f3n\" \/>\n<meta name=\"robots\" content=\"index, follow, max-snippet:-1, max-image-preview:large, max-video-preview:-1\" \/>\n<link rel=\"canonical\" href=\"https:\/\/revistaliterariaelgatonegro.com\/producto\/cuando-me-alimente-del-juego\" \/>\n<meta property=\"og:locale\" content=\"es_ES\" \/>\n<meta property=\"og:type\" content=\"article\" \/>\n<meta property=\"og:title\" content=\"CUANDO ME ALIMENTE DEL JUEGO - REVISTA CULTURAL\" \/>\n<meta property=\"og:description\" content=\"De la adicci\u00f3n a la nutrici\u00f3n: una historia de superaci\u00f3n\" \/>\n<meta property=\"og:url\" content=\"https:\/\/revistaliterariaelgatonegro.com\/producto\/cuando-me-alimente-del-juego\" \/>\n<meta property=\"og:site_name\" content=\"REVISTA CULTURAL\" \/>\n<meta property=\"og:image\" content=\"https:\/\/revistaliterariaelgatonegro.com\/wp-content\/uploads\/2025\/05\/portada_cuando-me-alimente-del-juego_pablo-ojeda_-scaled.jpg\" \/>\n\t<meta property=\"og:image:width\" content=\"1624\" \/>\n\t<meta property=\"og:image:height\" content=\"2560\" \/>\n\t<meta property=\"og:image:type\" content=\"image\/jpeg\" \/>\n<meta name=\"twitter:card\" content=\"summary_large_image\" \/>\n<meta name=\"twitter:label1\" content=\"Tiempo de lectura\" \/>\n\t<meta name=\"twitter:data1\" content=\"1 minuto\" \/>\n<script type=\"application\/ld+json\" class=\"yoast-schema-graph\">{\"@context\":\"https:\\\/\\\/schema.org\",\"@graph\":[{\"@type\":\"WebPage\",\"@id\":\"https:\\\/\\\/revistaliterariaelgatonegro.com\\\/producto\\\/cuando-me-alimente-del-juego\",\"url\":\"https:\\\/\\\/revistaliterariaelgatonegro.com\\\/producto\\\/cuando-me-alimente-del-juego\",\"name\":\"CUANDO ME ALIMENTE DEL JUEGO - REVISTA CULTURAL\",\"isPartOf\":{\"@id\":\"https:\\\/\\\/revistaliterariaelgatonegro.com\\\/#website\"},\"primaryImageOfPage\":{\"@id\":\"https:\\\/\\\/revistaliterariaelgatonegro.com\\\/producto\\\/cuando-me-alimente-del-juego#primaryimage\"},\"image\":{\"@id\":\"https:\\\/\\\/revistaliterariaelgatonegro.com\\\/producto\\\/cuando-me-alimente-del-juego#primaryimage\"},\"thumbnailUrl\":\"https:\\\/\\\/revistaliterariaelgatonegro.com\\\/wp-content\\\/uploads\\\/2025\\\/05\\\/portada_cuando-me-alimente-del-juego_pablo-ojeda_-scaled.jpg\",\"datePublished\":\"2025-05-22T12:03:57+00:00\",\"description\":\"De la adicci\u00f3n a la nutrici\u00f3n: una historia de superaci\u00f3n\",\"breadcrumb\":{\"@id\":\"https:\\\/\\\/revistaliterariaelgatonegro.com\\\/producto\\\/cuando-me-alimente-del-juego#breadcrumb\"},\"inLanguage\":\"es\",\"potentialAction\":[{\"@type\":\"ReadAction\",\"target\":[\"https:\\\/\\\/revistaliterariaelgatonegro.com\\\/producto\\\/cuando-me-alimente-del-juego\"]}]},{\"@type\":\"ImageObject\",\"inLanguage\":\"es\",\"@id\":\"https:\\\/\\\/revistaliterariaelgatonegro.com\\\/producto\\\/cuando-me-alimente-del-juego#primaryimage\",\"url\":\"https:\\\/\\\/revistaliterariaelgatonegro.com\\\/wp-content\\\/uploads\\\/2025\\\/05\\\/portada_cuando-me-alimente-del-juego_pablo-ojeda_-scaled.jpg\",\"contentUrl\":\"https:\\\/\\\/revistaliterariaelgatonegro.com\\\/wp-content\\\/uploads\\\/2025\\\/05\\\/portada_cuando-me-alimente-del-juego_pablo-ojeda_-scaled.jpg\",\"width\":1624,\"height\":2560},{\"@type\":\"BreadcrumbList\",\"@id\":\"https:\\\/\\\/revistaliterariaelgatonegro.com\\\/producto\\\/cuando-me-alimente-del-juego#breadcrumb\",\"itemListElement\":[{\"@type\":\"ListItem\",\"position\":1,\"name\":\"Portada\",\"item\":\"https:\\\/\\\/revistaliterariaelgatonegro.com\\\/\"},{\"@type\":\"ListItem\",\"position\":2,\"name\":\"Librer\u00eda\",\"item\":\"https:\\\/\\\/revistaliterariaelgatonegro.com\\\/?page_id=20159\"},{\"@type\":\"ListItem\",\"position\":3,\"name\":\"CUANDO ME ALIMENTE DEL JUEGO\"}]},{\"@type\":\"WebSite\",\"@id\":\"https:\\\/\\\/revistaliterariaelgatonegro.com\\\/#website\",\"url\":\"https:\\\/\\\/revistaliterariaelgatonegro.com\\\/\",\"name\":\"REVISTA CULTURAL\",\"description\":\" Un nuevo espacio para la divulgaci\u00f3n literaria, as\u00ed como dem\u00e1s artes \",\"publisher\":{\"@id\":\"https:\\\/\\\/revistaliterariaelgatonegro.com\\\/#\\\/schema\\\/person\\\/6a37dd51e0f101e394e91c123fd12e8a\"},\"potentialAction\":[{\"@type\":\"SearchAction\",\"target\":{\"@type\":\"EntryPoint\",\"urlTemplate\":\"https:\\\/\\\/revistaliterariaelgatonegro.com\\\/?s={search_term_string}\"},\"query-input\":{\"@type\":\"PropertyValueSpecification\",\"valueRequired\":true,\"valueName\":\"search_term_string\"}}],\"inLanguage\":\"es\"},{\"@type\":[\"Person\",\"Organization\"],\"@id\":\"https:\\\/\\\/revistaliterariaelgatonegro.com\\\/#\\\/schema\\\/person\\\/6a37dd51e0f101e394e91c123fd12e8a\",\"name\":\"administrador\",\"image\":{\"@type\":\"ImageObject\",\"inLanguage\":\"es\",\"@id\":\"https:\\\/\\\/revistaliterariaelgatonegro.com\\\/wp-content\\\/uploads\\\/2025\\\/12\\\/cropped-Logotipo-Logo-Marca-personal-Pastel-Amarillo-12-Photoroom.png\",\"url\":\"https:\\\/\\\/revistaliterariaelgatonegro.com\\\/wp-content\\\/uploads\\\/2025\\\/12\\\/cropped-Logotipo-Logo-Marca-personal-Pastel-Amarillo-12-Photoroom.png\",\"contentUrl\":\"https:\\\/\\\/revistaliterariaelgatonegro.com\\\/wp-content\\\/uploads\\\/2025\\\/12\\\/cropped-Logotipo-Logo-Marca-personal-Pastel-Amarillo-12-Photoroom.png\",\"width\":364,\"height\":212,\"caption\":\"administrador\"},\"logo\":{\"@id\":\"https:\\\/\\\/revistaliterariaelgatonegro.com\\\/wp-content\\\/uploads\\\/2025\\\/12\\\/cropped-Logotipo-Logo-Marca-personal-Pastel-Amarillo-12-Photoroom.png\"},\"sameAs\":[\"http:\\\/\\\/s864831950.mialojamiento.es\"]}]}<\/script>\n<!-- \/ Yoast SEO plugin. -->","yoast_head_json":{"title":"CUANDO ME ALIMENTE DEL JUEGO - REVISTA CULTURAL","description":"De la adicci\u00f3n a la nutrici\u00f3n: una historia de superaci\u00f3n","robots":{"index":"index","follow":"follow","max-snippet":"max-snippet:-1","max-image-preview":"max-image-preview:large","max-video-preview":"max-video-preview:-1"},"canonical":"https:\/\/revistaliterariaelgatonegro.com\/producto\/cuando-me-alimente-del-juego","og_locale":"es_ES","og_type":"article","og_title":"CUANDO ME ALIMENTE DEL JUEGO - REVISTA CULTURAL","og_description":"De la adicci\u00f3n a la nutrici\u00f3n: una historia de superaci\u00f3n","og_url":"https:\/\/revistaliterariaelgatonegro.com\/producto\/cuando-me-alimente-del-juego","og_site_name":"REVISTA CULTURAL","og_image":[{"width":1624,"height":2560,"url":"https:\/\/revistaliterariaelgatonegro.com\/wp-content\/uploads\/2025\/05\/portada_cuando-me-alimente-del-juego_pablo-ojeda_-scaled.jpg","type":"image\/jpeg"}],"twitter_card":"summary_large_image","twitter_misc":{"Tiempo de lectura":"1 minuto"},"schema":{"@context":"https:\/\/schema.org","@graph":[{"@type":"WebPage","@id":"https:\/\/revistaliterariaelgatonegro.com\/producto\/cuando-me-alimente-del-juego","url":"https:\/\/revistaliterariaelgatonegro.com\/producto\/cuando-me-alimente-del-juego","name":"CUANDO ME ALIMENTE DEL JUEGO - REVISTA CULTURAL","isPartOf":{"@id":"https:\/\/revistaliterariaelgatonegro.com\/#website"},"primaryImageOfPage":{"@id":"https:\/\/revistaliterariaelgatonegro.com\/producto\/cuando-me-alimente-del-juego#primaryimage"},"image":{"@id":"https:\/\/revistaliterariaelgatonegro.com\/producto\/cuando-me-alimente-del-juego#primaryimage"},"thumbnailUrl":"https:\/\/revistaliterariaelgatonegro.com\/wp-content\/uploads\/2025\/05\/portada_cuando-me-alimente-del-juego_pablo-ojeda_-scaled.jpg","datePublished":"2025-05-22T12:03:57+00:00","description":"De la adicci\u00f3n a la nutrici\u00f3n: una historia de superaci\u00f3n","breadcrumb":{"@id":"https:\/\/revistaliterariaelgatonegro.com\/producto\/cuando-me-alimente-del-juego#breadcrumb"},"inLanguage":"es","potentialAction":[{"@type":"ReadAction","target":["https:\/\/revistaliterariaelgatonegro.com\/producto\/cuando-me-alimente-del-juego"]}]},{"@type":"ImageObject","inLanguage":"es","@id":"https:\/\/revistaliterariaelgatonegro.com\/producto\/cuando-me-alimente-del-juego#primaryimage","url":"https:\/\/revistaliterariaelgatonegro.com\/wp-content\/uploads\/2025\/05\/portada_cuando-me-alimente-del-juego_pablo-ojeda_-scaled.jpg","contentUrl":"https:\/\/revistaliterariaelgatonegro.com\/wp-content\/uploads\/2025\/05\/portada_cuando-me-alimente-del-juego_pablo-ojeda_-scaled.jpg","width":1624,"height":2560},{"@type":"BreadcrumbList","@id":"https:\/\/revistaliterariaelgatonegro.com\/producto\/cuando-me-alimente-del-juego#breadcrumb","itemListElement":[{"@type":"ListItem","position":1,"name":"Portada","item":"https:\/\/revistaliterariaelgatonegro.com\/"},{"@type":"ListItem","position":2,"name":"Librer\u00eda","item":"https:\/\/revistaliterariaelgatonegro.com\/?page_id=20159"},{"@type":"ListItem","position":3,"name":"CUANDO ME ALIMENTE DEL JUEGO"}]},{"@type":"WebSite","@id":"https:\/\/revistaliterariaelgatonegro.com\/#website","url":"https:\/\/revistaliterariaelgatonegro.com\/","name":"REVISTA CULTURAL","description":" Un nuevo espacio para la divulgaci\u00f3n literaria, as\u00ed como dem\u00e1s artes ","publisher":{"@id":"https:\/\/revistaliterariaelgatonegro.com\/#\/schema\/person\/6a37dd51e0f101e394e91c123fd12e8a"},"potentialAction":[{"@type":"SearchAction","target":{"@type":"EntryPoint","urlTemplate":"https:\/\/revistaliterariaelgatonegro.com\/?s={search_term_string}"},"query-input":{"@type":"PropertyValueSpecification","valueRequired":true,"valueName":"search_term_string"}}],"inLanguage":"es"},{"@type":["Person","Organization"],"@id":"https:\/\/revistaliterariaelgatonegro.com\/#\/schema\/person\/6a37dd51e0f101e394e91c123fd12e8a","name":"administrador","image":{"@type":"ImageObject","inLanguage":"es","@id":"https:\/\/revistaliterariaelgatonegro.com\/wp-content\/uploads\/2025\/12\/cropped-Logotipo-Logo-Marca-personal-Pastel-Amarillo-12-Photoroom.png","url":"https:\/\/revistaliterariaelgatonegro.com\/wp-content\/uploads\/2025\/12\/cropped-Logotipo-Logo-Marca-personal-Pastel-Amarillo-12-Photoroom.png","contentUrl":"https:\/\/revistaliterariaelgatonegro.com\/wp-content\/uploads\/2025\/12\/cropped-Logotipo-Logo-Marca-personal-Pastel-Amarillo-12-Photoroom.png","width":364,"height":212,"caption":"administrador"},"logo":{"@id":"https:\/\/revistaliterariaelgatonegro.com\/wp-content\/uploads\/2025\/12\/cropped-Logotipo-Logo-Marca-personal-Pastel-Amarillo-12-Photoroom.png"},"sameAs":["http:\/\/s864831950.mialojamiento.es"]}]}},"_links":{"self":[{"href":"https:\/\/revistaliterariaelgatonegro.com\/index.php?rest_route=\/wp\/v2\/product\/20367","targetHints":{"allow":["GET"]}}],"collection":[{"href":"https:\/\/revistaliterariaelgatonegro.com\/index.php?rest_route=\/wp\/v2\/product"}],"about":[{"href":"https:\/\/revistaliterariaelgatonegro.com\/index.php?rest_route=\/wp\/v2\/types\/product"}],"wp:featuredmedia":[{"embeddable":true,"href":"https:\/\/revistaliterariaelgatonegro.com\/index.php?rest_route=\/wp\/v2\/media\/20368"}],"wp:attachment":[{"href":"https:\/\/revistaliterariaelgatonegro.com\/index.php?rest_route=%2Fwp%2Fv2%2Fmedia&parent=20367"}],"wp:term":[{"taxonomy":"product_brand","embeddable":true,"href":"https:\/\/revistaliterariaelgatonegro.com\/index.php?rest_route=%2Fwp%2Fv2%2Fproduct_brand&post=20367"},{"taxonomy":"product_cat","embeddable":true,"href":"https:\/\/revistaliterariaelgatonegro.com\/index.php?rest_route=%2Fwp%2Fv2%2Fproduct_cat&post=20367"},{"taxonomy":"product_tag","embeddable":true,"href":"https:\/\/revistaliterariaelgatonegro.com\/index.php?rest_route=%2Fwp%2Fv2%2Fproduct_tag&post=20367"}],"curies":[{"name":"wp","href":"https:\/\/api.w.org\/{rel}","templated":true}]}}