{"id":20366,"date":"2025-05-22T11:25:27","date_gmt":"2025-05-22T11:25:27","guid":{"rendered":"https:\/\/revistaliterariaelgatonegro.com\/?post_type=product&#038;p=20366"},"modified":"2025-05-22T11:33:35","modified_gmt":"2025-05-22T11:33:35","slug":"apreciada-senora-chistie","status":"publish","type":"product","link":"https:\/\/revistaliterariaelgatonegro.com\/?product=apreciada-senora-chistie","title":{"rendered":"APRECIADA SE\u00d1ORA CHISTIE"},"content":{"rendered":"<p>Despu\u00e9s de la Segunda Guerra Mundial, Emma Marbury, una librera de Dartmouth, Devon, hereda una librer\u00eda de su t\u00eda Pennelope Brent. En medio de la reconstrucci\u00f3n de su vida, Emma se ve inmersa en una trama de intriga y misterio, influenciada por las novelas de Agatha Christie. Con la ayuda de la propia Agatha Christie, que se convierte en una aliada inesperada, Emma se adentra en la resoluci\u00f3n de un crimen que conecta los secretos del pasado con el presente. La historia se complica con la presencia de personajes intrigantes, secretos ocultos y la b\u00fasqueda de la verdad.<\/p>\n","protected":false},"excerpt":{"rendered":"<h3><a href=\"https:\/\/revistaliterariaelgatonegro.com\/hablamos-con-nuria-pradas\">N\u00faria Pradas Andreu<\/a><\/h3>\n<p>Cuando los secretos del pasado se encuentran en una librer\u00eda llena de intrigas por descubrir. Un cozy mystery cautivador que rinde homenaje a la gran maestra del misterio, Agatha Christie.<\/p>\n<p><strong>Editorial:<\/strong> Ediciones Destino<br \/>\n<strong>ISBN:<\/strong> 9788423367009<br \/>\n<strong>Idioma:<\/strong> Castellano<br \/>\n<strong>N\u00famero de p\u00e1ginas:<\/strong>360<br \/>\n<strong>Encuadernaci\u00f3n:<\/strong> Tapa dura con sobrecubierta<\/p>\n<p><a href=\"https:\/\/tidd.ly\/3HkRB8z\" target=\"_blank\" rel=\"noopener\"><button class=\"boton1\">Libro<\/button><\/a> <a href=\"https:\/\/tidd.ly\/4jikeRc\" target=\"_blank\" rel=\"noopener\"><button class=\"boton1\">eBook<\/button><\/a><\/p>\n","protected":false},"featured_media":17747,"template":"","meta":[],"product_brand":[],"product_cat":[181,180],"product_tag":[182,175],"class_list":{"0":"post-20366","1":"product","2":"type-product","3":"status-publish","4":"has-post-thumbnail","6":"product_cat-cozy-mystery","7":"product_cat-novela-negra","8":"product_tag-cozy-mystery","9":"product_tag-misterio","11":"first","12":"instock","13":"sale","14":"taxable","15":"shipping-taxable","16":"product-type-external"},"yoast_head":"<!-- This site is optimized with the Yoast SEO plugin v27.4 - https:\/\/yoast.com\/product\/yoast-seo-wordpress\/ -->\n<title>APRECIADA SE\u00d1ORA CHISTIE - REVISTA CULTURAL<\/title>\n<meta name=\"description\" content=\"Cuando los secretos del pasado se encuentran en una librer\u00eda llena de intrigas por descubrir\" \/>\n<meta name=\"robots\" content=\"index, follow, max-snippet:-1, max-image-preview:large, max-video-preview:-1\" \/>\n<link rel=\"canonical\" href=\"https:\/\/revistaliterariaelgatonegro.com\/producto\/apreciada-senora-chistie\" \/>\n<meta property=\"og:locale\" content=\"es_ES\" \/>\n<meta property=\"og:type\" content=\"article\" \/>\n<meta property=\"og:title\" content=\"APRECIADA SE\u00d1ORA CHISTIE - REVISTA CULTURAL\" \/>\n<meta property=\"og:description\" content=\"Cuando los secretos del pasado se encuentran en una librer\u00eda llena de intrigas por descubrir\" \/>\n<meta property=\"og:url\" content=\"https:\/\/revistaliterariaelgatonegro.com\/producto\/apreciada-senora-chistie\" \/>\n<meta property=\"og:site_name\" content=\"REVISTA CULTURAL\" \/>\n<meta property=\"article:modified_time\" content=\"2025-05-22T11:33:35+00:00\" \/>\n<meta property=\"og:image\" content=\"https:\/\/revistaliterariaelgatonegro.com\/wp-content\/uploads\/2025\/01\/Portada_Apreciada-senora-Christie--scaled.jpg\" \/>\n\t<meta property=\"og:image:width\" content=\"1559\" \/>\n\t<meta property=\"og:image:height\" content=\"2560\" \/>\n\t<meta property=\"og:image:type\" content=\"image\/jpeg\" \/>\n<meta name=\"twitter:card\" content=\"summary_large_image\" \/>\n<meta name=\"twitter:label1\" content=\"Tiempo de lectura\" \/>\n\t<meta name=\"twitter:data1\" content=\"1 minuto\" \/>\n<script type=\"application\/ld+json\" class=\"yoast-schema-graph\">{\"@context\":\"https:\\\/\\\/schema.org\",\"@graph\":[{\"@type\":\"WebPage\",\"@id\":\"https:\\\/\\\/revistaliterariaelgatonegro.com\\\/producto\\\/apreciada-senora-chistie\",\"url\":\"https:\\\/\\\/revistaliterariaelgatonegro.com\\\/producto\\\/apreciada-senora-chistie\",\"name\":\"APRECIADA SE\u00d1ORA CHISTIE - REVISTA CULTURAL\",\"isPartOf\":{\"@id\":\"https:\\\/\\\/revistaliterariaelgatonegro.com\\\/#website\"},\"primaryImageOfPage\":{\"@id\":\"https:\\\/\\\/revistaliterariaelgatonegro.com\\\/producto\\\/apreciada-senora-chistie#primaryimage\"},\"image\":{\"@id\":\"https:\\\/\\\/revistaliterariaelgatonegro.com\\\/producto\\\/apreciada-senora-chistie#primaryimage\"},\"thumbnailUrl\":\"https:\\\/\\\/revistaliterariaelgatonegro.com\\\/wp-content\\\/uploads\\\/2025\\\/01\\\/Portada_Apreciada-senora-Christie--scaled.jpg\",\"datePublished\":\"2025-05-22T11:25:27+00:00\",\"dateModified\":\"2025-05-22T11:33:35+00:00\",\"description\":\"Cuando los secretos del pasado se encuentran en una librer\u00eda llena de intrigas por descubrir\",\"breadcrumb\":{\"@id\":\"https:\\\/\\\/revistaliterariaelgatonegro.com\\\/producto\\\/apreciada-senora-chistie#breadcrumb\"},\"inLanguage\":\"es\",\"potentialAction\":[{\"@type\":\"ReadAction\",\"target\":[\"https:\\\/\\\/revistaliterariaelgatonegro.com\\\/producto\\\/apreciada-senora-chistie\"]}]},{\"@type\":\"ImageObject\",\"inLanguage\":\"es\",\"@id\":\"https:\\\/\\\/revistaliterariaelgatonegro.com\\\/producto\\\/apreciada-senora-chistie#primaryimage\",\"url\":\"https:\\\/\\\/revistaliterariaelgatonegro.com\\\/wp-content\\\/uploads\\\/2025\\\/01\\\/Portada_Apreciada-senora-Christie--scaled.jpg\",\"contentUrl\":\"https:\\\/\\\/revistaliterariaelgatonegro.com\\\/wp-content\\\/uploads\\\/2025\\\/01\\\/Portada_Apreciada-senora-Christie--scaled.jpg\",\"width\":1559,\"height\":2560},{\"@type\":\"BreadcrumbList\",\"@id\":\"https:\\\/\\\/revistaliterariaelgatonegro.com\\\/producto\\\/apreciada-senora-chistie#breadcrumb\",\"itemListElement\":[{\"@type\":\"ListItem\",\"position\":1,\"name\":\"Portada\",\"item\":\"https:\\\/\\\/revistaliterariaelgatonegro.com\\\/\"},{\"@type\":\"ListItem\",\"position\":2,\"name\":\"Librer\u00eda\",\"item\":\"https:\\\/\\\/revistaliterariaelgatonegro.com\\\/?page_id=20159\"},{\"@type\":\"ListItem\",\"position\":3,\"name\":\"APRECIADA SE\u00d1ORA CHISTIE\"}]},{\"@type\":\"WebSite\",\"@id\":\"https:\\\/\\\/revistaliterariaelgatonegro.com\\\/#website\",\"url\":\"https:\\\/\\\/revistaliterariaelgatonegro.com\\\/\",\"name\":\"REVISTA CULTURAL\",\"description\":\" Un nuevo espacio para la divulgaci\u00f3n literaria, as\u00ed como dem\u00e1s artes \",\"publisher\":{\"@id\":\"https:\\\/\\\/revistaliterariaelgatonegro.com\\\/#\\\/schema\\\/person\\\/6a37dd51e0f101e394e91c123fd12e8a\"},\"potentialAction\":[{\"@type\":\"SearchAction\",\"target\":{\"@type\":\"EntryPoint\",\"urlTemplate\":\"https:\\\/\\\/revistaliterariaelgatonegro.com\\\/?s={search_term_string}\"},\"query-input\":{\"@type\":\"PropertyValueSpecification\",\"valueRequired\":true,\"valueName\":\"search_term_string\"}}],\"inLanguage\":\"es\"},{\"@type\":[\"Person\",\"Organization\"],\"@id\":\"https:\\\/\\\/revistaliterariaelgatonegro.com\\\/#\\\/schema\\\/person\\\/6a37dd51e0f101e394e91c123fd12e8a\",\"name\":\"administrador\",\"image\":{\"@type\":\"ImageObject\",\"inLanguage\":\"es\",\"@id\":\"https:\\\/\\\/revistaliterariaelgatonegro.com\\\/wp-content\\\/uploads\\\/2025\\\/12\\\/cropped-Logotipo-Logo-Marca-personal-Pastel-Amarillo-12-Photoroom.png\",\"url\":\"https:\\\/\\\/revistaliterariaelgatonegro.com\\\/wp-content\\\/uploads\\\/2025\\\/12\\\/cropped-Logotipo-Logo-Marca-personal-Pastel-Amarillo-12-Photoroom.png\",\"contentUrl\":\"https:\\\/\\\/revistaliterariaelgatonegro.com\\\/wp-content\\\/uploads\\\/2025\\\/12\\\/cropped-Logotipo-Logo-Marca-personal-Pastel-Amarillo-12-Photoroom.png\",\"width\":364,\"height\":212,\"caption\":\"administrador\"},\"logo\":{\"@id\":\"https:\\\/\\\/revistaliterariaelgatonegro.com\\\/wp-content\\\/uploads\\\/2025\\\/12\\\/cropped-Logotipo-Logo-Marca-personal-Pastel-Amarillo-12-Photoroom.png\"},\"sameAs\":[\"http:\\\/\\\/s864831950.mialojamiento.es\"]}]}<\/script>\n<!-- \/ Yoast SEO plugin. -->","yoast_head_json":{"title":"APRECIADA SE\u00d1ORA CHISTIE - REVISTA CULTURAL","description":"Cuando los secretos del pasado se encuentran en una librer\u00eda llena de intrigas por descubrir","robots":{"index":"index","follow":"follow","max-snippet":"max-snippet:-1","max-image-preview":"max-image-preview:large","max-video-preview":"max-video-preview:-1"},"canonical":"https:\/\/revistaliterariaelgatonegro.com\/producto\/apreciada-senora-chistie","og_locale":"es_ES","og_type":"article","og_title":"APRECIADA SE\u00d1ORA CHISTIE - REVISTA CULTURAL","og_description":"Cuando los secretos del pasado se encuentran en una librer\u00eda llena de intrigas por descubrir","og_url":"https:\/\/revistaliterariaelgatonegro.com\/producto\/apreciada-senora-chistie","og_site_name":"REVISTA CULTURAL","article_modified_time":"2025-05-22T11:33:35+00:00","og_image":[{"width":1559,"height":2560,"url":"https:\/\/revistaliterariaelgatonegro.com\/wp-content\/uploads\/2025\/01\/Portada_Apreciada-senora-Christie--scaled.jpg","type":"image\/jpeg"}],"twitter_card":"summary_large_image","twitter_misc":{"Tiempo de lectura":"1 minuto"},"schema":{"@context":"https:\/\/schema.org","@graph":[{"@type":"WebPage","@id":"https:\/\/revistaliterariaelgatonegro.com\/producto\/apreciada-senora-chistie","url":"https:\/\/revistaliterariaelgatonegro.com\/producto\/apreciada-senora-chistie","name":"APRECIADA SE\u00d1ORA CHISTIE - REVISTA CULTURAL","isPartOf":{"@id":"https:\/\/revistaliterariaelgatonegro.com\/#website"},"primaryImageOfPage":{"@id":"https:\/\/revistaliterariaelgatonegro.com\/producto\/apreciada-senora-chistie#primaryimage"},"image":{"@id":"https:\/\/revistaliterariaelgatonegro.com\/producto\/apreciada-senora-chistie#primaryimage"},"thumbnailUrl":"https:\/\/revistaliterariaelgatonegro.com\/wp-content\/uploads\/2025\/01\/Portada_Apreciada-senora-Christie--scaled.jpg","datePublished":"2025-05-22T11:25:27+00:00","dateModified":"2025-05-22T11:33:35+00:00","description":"Cuando los secretos del pasado se encuentran en una librer\u00eda llena de intrigas por descubrir","breadcrumb":{"@id":"https:\/\/revistaliterariaelgatonegro.com\/producto\/apreciada-senora-chistie#breadcrumb"},"inLanguage":"es","potentialAction":[{"@type":"ReadAction","target":["https:\/\/revistaliterariaelgatonegro.com\/producto\/apreciada-senora-chistie"]}]},{"@type":"ImageObject","inLanguage":"es","@id":"https:\/\/revistaliterariaelgatonegro.com\/producto\/apreciada-senora-chistie#primaryimage","url":"https:\/\/revistaliterariaelgatonegro.com\/wp-content\/uploads\/2025\/01\/Portada_Apreciada-senora-Christie--scaled.jpg","contentUrl":"https:\/\/revistaliterariaelgatonegro.com\/wp-content\/uploads\/2025\/01\/Portada_Apreciada-senora-Christie--scaled.jpg","width":1559,"height":2560},{"@type":"BreadcrumbList","@id":"https:\/\/revistaliterariaelgatonegro.com\/producto\/apreciada-senora-chistie#breadcrumb","itemListElement":[{"@type":"ListItem","position":1,"name":"Portada","item":"https:\/\/revistaliterariaelgatonegro.com\/"},{"@type":"ListItem","position":2,"name":"Librer\u00eda","item":"https:\/\/revistaliterariaelgatonegro.com\/?page_id=20159"},{"@type":"ListItem","position":3,"name":"APRECIADA SE\u00d1ORA CHISTIE"}]},{"@type":"WebSite","@id":"https:\/\/revistaliterariaelgatonegro.com\/#website","url":"https:\/\/revistaliterariaelgatonegro.com\/","name":"REVISTA CULTURAL","description":" Un nuevo espacio para la divulgaci\u00f3n literaria, as\u00ed como dem\u00e1s artes ","publisher":{"@id":"https:\/\/revistaliterariaelgatonegro.com\/#\/schema\/person\/6a37dd51e0f101e394e91c123fd12e8a"},"potentialAction":[{"@type":"SearchAction","target":{"@type":"EntryPoint","urlTemplate":"https:\/\/revistaliterariaelgatonegro.com\/?s={search_term_string}"},"query-input":{"@type":"PropertyValueSpecification","valueRequired":true,"valueName":"search_term_string"}}],"inLanguage":"es"},{"@type":["Person","Organization"],"@id":"https:\/\/revistaliterariaelgatonegro.com\/#\/schema\/person\/6a37dd51e0f101e394e91c123fd12e8a","name":"administrador","image":{"@type":"ImageObject","inLanguage":"es","@id":"https:\/\/revistaliterariaelgatonegro.com\/wp-content\/uploads\/2025\/12\/cropped-Logotipo-Logo-Marca-personal-Pastel-Amarillo-12-Photoroom.png","url":"https:\/\/revistaliterariaelgatonegro.com\/wp-content\/uploads\/2025\/12\/cropped-Logotipo-Logo-Marca-personal-Pastel-Amarillo-12-Photoroom.png","contentUrl":"https:\/\/revistaliterariaelgatonegro.com\/wp-content\/uploads\/2025\/12\/cropped-Logotipo-Logo-Marca-personal-Pastel-Amarillo-12-Photoroom.png","width":364,"height":212,"caption":"administrador"},"logo":{"@id":"https:\/\/revistaliterariaelgatonegro.com\/wp-content\/uploads\/2025\/12\/cropped-Logotipo-Logo-Marca-personal-Pastel-Amarillo-12-Photoroom.png"},"sameAs":["http:\/\/s864831950.mialojamiento.es"]}]}},"_links":{"self":[{"href":"https:\/\/revistaliterariaelgatonegro.com\/index.php?rest_route=\/wp\/v2\/product\/20366","targetHints":{"allow":["GET"]}}],"collection":[{"href":"https:\/\/revistaliterariaelgatonegro.com\/index.php?rest_route=\/wp\/v2\/product"}],"about":[{"href":"https:\/\/revistaliterariaelgatonegro.com\/index.php?rest_route=\/wp\/v2\/types\/product"}],"wp:featuredmedia":[{"embeddable":true,"href":"https:\/\/revistaliterariaelgatonegro.com\/index.php?rest_route=\/wp\/v2\/media\/17747"}],"wp:attachment":[{"href":"https:\/\/revistaliterariaelgatonegro.com\/index.php?rest_route=%2Fwp%2Fv2%2Fmedia&parent=20366"}],"wp:term":[{"taxonomy":"product_brand","embeddable":true,"href":"https:\/\/revistaliterariaelgatonegro.com\/index.php?rest_route=%2Fwp%2Fv2%2Fproduct_brand&post=20366"},{"taxonomy":"product_cat","embeddable":true,"href":"https:\/\/revistaliterariaelgatonegro.com\/index.php?rest_route=%2Fwp%2Fv2%2Fproduct_cat&post=20366"},{"taxonomy":"product_tag","embeddable":true,"href":"https:\/\/revistaliterariaelgatonegro.com\/index.php?rest_route=%2Fwp%2Fv2%2Fproduct_tag&post=20366"}],"curies":[{"name":"wp","href":"https:\/\/api.w.org\/{rel}","templated":true}]}}