{"id":20365,"date":"2025-05-22T12:33:47","date_gmt":"2025-05-22T12:33:47","guid":{"rendered":"https:\/\/revistaliterariaelgatonegro.com\/?post_type=product&#038;p=20365"},"modified":"2025-05-25T03:23:51","modified_gmt":"2025-05-25T03:23:51","slug":"la-increible-historia-de-la-abuelita-que-salvo-la-navidad","status":"publish","type":"product","link":"https:\/\/revistaliterariaelgatonegro.com\/?product=la-increible-historia-de-la-abuelita-que-salvo-la-navidad","title":{"rendered":"LA INCRE\u00cdBLE HISTORIA DE LA ABUELITA QUE SALV\u00d3 LA NAVIDAD"},"content":{"rendered":"<p>Elle ha encontrado una oferta de trabajo que parece estar hecha a su medida. Una ancianita entra\u00f1able busca a alguien que escriba la historia de una casa antigua y de la familia que la habitaba. A cambio, ofrece alojamiento, comida y una generosa recompensa. El \u00fanico requisito parece f\u00e1cil: al candidato debe chiflarle la Navidad.Cuando Elle llega a Mistletoe Square se queda fascinada por la exc\u00e9ntrica se\u00f1ora que la recibe, quien le muestra su maravillosa colecci\u00f3n de adornos navide\u00f1os, heredados de generaci\u00f3n en generaci\u00f3n y con mil historias que contar.Pero esa gran casa cargada de detalles rom\u00e1nticos podr\u00eda no ser la \u00fanica fuente de inspiraci\u00f3n para Elle. Tambi\u00e9n est\u00e1 Ben, el guap\u00edsimo y misterioso vecino. \u00bfY si el destino le estuviese ofreciendo la oportunidad de escribir un nuevo cap\u00edtulo de su vida?<\/p>\n","protected":false},"excerpt":{"rendered":"<h3><strong><a href=\"https:\/\/revistaliterariaelgatonegro.com\/hablamos-con-ali-macnamara\">Ali McNamara<\/a><\/strong><\/h3>\n<p>Una novela llena de magia y alegr\u00eda<\/p>\n<p><strong>Editorial:<\/strong> Newton Compton Editores<br \/>\n<strong>ISBN:<\/strong> 9788410080737<br \/>\n<strong>Idioma:<\/strong> Castellano<br \/>\n<strong>N\u00famero de p\u00e1ginas: <\/strong>352<br \/>\n<strong>Encuadernaci\u00f3n:<\/strong> Tapa dura<\/p>\n<p><a href=\"https:\/\/tidd.ly\/4ksTfTX\" target=\"_blank\" rel=\"noopener\"><button class=\"boton1\">Libro<\/button><\/a> <a href=\"https:\/\/tidd.ly\/4dvrZlt\" target=\"_blank\" rel=\"noopener\"><button class=\"boton1\">eBook<\/button><\/a><\/p>\n","protected":false},"featured_media":17275,"template":"","meta":[],"product_brand":[],"product_cat":[159],"product_tag":[188,161],"class_list":{"0":"post-20365","1":"product","2":"type-product","3":"status-publish","4":"has-post-thumbnail","6":"product_cat-novela-contemporanea","7":"product_tag-ali-mcnamara","8":"product_tag-narrativa-extranjera","10":"first","11":"instock","12":"sale","13":"taxable","14":"shipping-taxable","15":"product-type-external"},"yoast_head":"<!-- This site is optimized with the Yoast SEO plugin v27.4 - https:\/\/yoast.com\/product\/yoast-seo-wordpress\/ -->\n<title>LA INCRE\u00cdBLE HISTORIA DE LA ABUELITA QUE SALV\u00d3 LA NAVIDAD - REVISTA CULTURAL<\/title>\n<meta name=\"robots\" content=\"index, follow, max-snippet:-1, max-image-preview:large, max-video-preview:-1\" \/>\n<link rel=\"canonical\" href=\"https:\/\/revistaliterariaelgatonegro.com\/producto\/la-increible-historia-de-la-abuelita-que-salvo-la-navidad\" \/>\n<meta property=\"og:locale\" content=\"es_ES\" \/>\n<meta property=\"og:type\" content=\"article\" \/>\n<meta property=\"og:title\" content=\"LA INCRE\u00cdBLE HISTORIA DE LA ABUELITA QUE SALV\u00d3 LA NAVIDAD - REVISTA CULTURAL\" \/>\n<meta property=\"og:description\" content=\"Ali McNamara Una novela llena de magia y alegr\u00eda  Editorial: Newton Compton Editores ISBN: 9788410080737 Idioma: Castellano N\u00famero de p\u00e1ginas: 352 Encuadernaci\u00f3n: Tapa dura  Libro eBook\" \/>\n<meta property=\"og:url\" content=\"https:\/\/revistaliterariaelgatonegro.com\/producto\/la-increible-historia-de-la-abuelita-que-salvo-la-navidad\" \/>\n<meta property=\"og:site_name\" content=\"REVISTA CULTURAL\" \/>\n<meta property=\"article:modified_time\" content=\"2025-05-25T03:23:51+00:00\" \/>\n<meta property=\"og:image\" content=\"https:\/\/revistaliterariaelgatonegro.com\/wp-content\/uploads\/2024\/12\/1.SPN-65-LA-INCREI\u2560uBLE-HISTORIA-DE-LA-ABUELITA-QUE-SALVO\u2560u-LA-NAVIDAD.jpg\" \/>\n\t<meta property=\"og:image:width\" content=\"258\" \/>\n\t<meta property=\"og:image:height\" content=\"405\" \/>\n\t<meta property=\"og:image:type\" content=\"image\/jpeg\" \/>\n<meta name=\"twitter:card\" content=\"summary_large_image\" \/>\n<meta name=\"twitter:label1\" content=\"Tiempo de lectura\" \/>\n\t<meta name=\"twitter:data1\" content=\"1 minuto\" \/>\n<script type=\"application\/ld+json\" class=\"yoast-schema-graph\">{\"@context\":\"https:\\\/\\\/schema.org\",\"@graph\":[{\"@type\":\"WebPage\",\"@id\":\"https:\\\/\\\/revistaliterariaelgatonegro.com\\\/producto\\\/la-increible-historia-de-la-abuelita-que-salvo-la-navidad\",\"url\":\"https:\\\/\\\/revistaliterariaelgatonegro.com\\\/producto\\\/la-increible-historia-de-la-abuelita-que-salvo-la-navidad\",\"name\":\"LA INCRE\u00cdBLE HISTORIA DE LA ABUELITA QUE SALV\u00d3 LA NAVIDAD - REVISTA CULTURAL\",\"isPartOf\":{\"@id\":\"https:\\\/\\\/revistaliterariaelgatonegro.com\\\/#website\"},\"primaryImageOfPage\":{\"@id\":\"https:\\\/\\\/revistaliterariaelgatonegro.com\\\/producto\\\/la-increible-historia-de-la-abuelita-que-salvo-la-navidad#primaryimage\"},\"image\":{\"@id\":\"https:\\\/\\\/revistaliterariaelgatonegro.com\\\/producto\\\/la-increible-historia-de-la-abuelita-que-salvo-la-navidad#primaryimage\"},\"thumbnailUrl\":\"https:\\\/\\\/revistaliterariaelgatonegro.com\\\/wp-content\\\/uploads\\\/2024\\\/12\\\/1.SPN-65-LA-INCREI\u2560uBLE-HISTORIA-DE-LA-ABUELITA-QUE-SALVO\u2560u-LA-NAVIDAD.jpg\",\"datePublished\":\"2025-05-22T12:33:47+00:00\",\"dateModified\":\"2025-05-25T03:23:51+00:00\",\"breadcrumb\":{\"@id\":\"https:\\\/\\\/revistaliterariaelgatonegro.com\\\/producto\\\/la-increible-historia-de-la-abuelita-que-salvo-la-navidad#breadcrumb\"},\"inLanguage\":\"es\",\"potentialAction\":[{\"@type\":\"ReadAction\",\"target\":[\"https:\\\/\\\/revistaliterariaelgatonegro.com\\\/producto\\\/la-increible-historia-de-la-abuelita-que-salvo-la-navidad\"]}]},{\"@type\":\"ImageObject\",\"inLanguage\":\"es\",\"@id\":\"https:\\\/\\\/revistaliterariaelgatonegro.com\\\/producto\\\/la-increible-historia-de-la-abuelita-que-salvo-la-navidad#primaryimage\",\"url\":\"https:\\\/\\\/revistaliterariaelgatonegro.com\\\/wp-content\\\/uploads\\\/2024\\\/12\\\/1.SPN-65-LA-INCREI\u2560uBLE-HISTORIA-DE-LA-ABUELITA-QUE-SALVO\u2560u-LA-NAVIDAD.jpg\",\"contentUrl\":\"https:\\\/\\\/revistaliterariaelgatonegro.com\\\/wp-content\\\/uploads\\\/2024\\\/12\\\/1.SPN-65-LA-INCREI\u2560uBLE-HISTORIA-DE-LA-ABUELITA-QUE-SALVO\u2560u-LA-NAVIDAD.jpg\",\"width\":258,\"height\":405},{\"@type\":\"BreadcrumbList\",\"@id\":\"https:\\\/\\\/revistaliterariaelgatonegro.com\\\/producto\\\/la-increible-historia-de-la-abuelita-que-salvo-la-navidad#breadcrumb\",\"itemListElement\":[{\"@type\":\"ListItem\",\"position\":1,\"name\":\"Portada\",\"item\":\"https:\\\/\\\/revistaliterariaelgatonegro.com\\\/\"},{\"@type\":\"ListItem\",\"position\":2,\"name\":\"Librer\u00eda\",\"item\":\"https:\\\/\\\/revistaliterariaelgatonegro.com\\\/?page_id=20159\"},{\"@type\":\"ListItem\",\"position\":3,\"name\":\"LA INCRE\u00cdBLE HISTORIA DE LA ABUELITA QUE SALV\u00d3 LA NAVIDAD\"}]},{\"@type\":\"WebSite\",\"@id\":\"https:\\\/\\\/revistaliterariaelgatonegro.com\\\/#website\",\"url\":\"https:\\\/\\\/revistaliterariaelgatonegro.com\\\/\",\"name\":\"REVISTA CULTURAL\",\"description\":\" Un nuevo espacio para la divulgaci\u00f3n literaria, as\u00ed como dem\u00e1s artes \",\"publisher\":{\"@id\":\"https:\\\/\\\/revistaliterariaelgatonegro.com\\\/#\\\/schema\\\/person\\\/6a37dd51e0f101e394e91c123fd12e8a\"},\"potentialAction\":[{\"@type\":\"SearchAction\",\"target\":{\"@type\":\"EntryPoint\",\"urlTemplate\":\"https:\\\/\\\/revistaliterariaelgatonegro.com\\\/?s={search_term_string}\"},\"query-input\":{\"@type\":\"PropertyValueSpecification\",\"valueRequired\":true,\"valueName\":\"search_term_string\"}}],\"inLanguage\":\"es\"},{\"@type\":[\"Person\",\"Organization\"],\"@id\":\"https:\\\/\\\/revistaliterariaelgatonegro.com\\\/#\\\/schema\\\/person\\\/6a37dd51e0f101e394e91c123fd12e8a\",\"name\":\"administrador\",\"image\":{\"@type\":\"ImageObject\",\"inLanguage\":\"es\",\"@id\":\"https:\\\/\\\/revistaliterariaelgatonegro.com\\\/wp-content\\\/uploads\\\/2025\\\/12\\\/cropped-Logotipo-Logo-Marca-personal-Pastel-Amarillo-12-Photoroom.png\",\"url\":\"https:\\\/\\\/revistaliterariaelgatonegro.com\\\/wp-content\\\/uploads\\\/2025\\\/12\\\/cropped-Logotipo-Logo-Marca-personal-Pastel-Amarillo-12-Photoroom.png\",\"contentUrl\":\"https:\\\/\\\/revistaliterariaelgatonegro.com\\\/wp-content\\\/uploads\\\/2025\\\/12\\\/cropped-Logotipo-Logo-Marca-personal-Pastel-Amarillo-12-Photoroom.png\",\"width\":364,\"height\":212,\"caption\":\"administrador\"},\"logo\":{\"@id\":\"https:\\\/\\\/revistaliterariaelgatonegro.com\\\/wp-content\\\/uploads\\\/2025\\\/12\\\/cropped-Logotipo-Logo-Marca-personal-Pastel-Amarillo-12-Photoroom.png\"},\"sameAs\":[\"http:\\\/\\\/s864831950.mialojamiento.es\"]}]}<\/script>\n<!-- \/ Yoast SEO plugin. -->","yoast_head_json":{"title":"LA INCRE\u00cdBLE HISTORIA DE LA ABUELITA QUE SALV\u00d3 LA NAVIDAD - REVISTA CULTURAL","robots":{"index":"index","follow":"follow","max-snippet":"max-snippet:-1","max-image-preview":"max-image-preview:large","max-video-preview":"max-video-preview:-1"},"canonical":"https:\/\/revistaliterariaelgatonegro.com\/producto\/la-increible-historia-de-la-abuelita-que-salvo-la-navidad","og_locale":"es_ES","og_type":"article","og_title":"LA INCRE\u00cdBLE HISTORIA DE LA ABUELITA QUE SALV\u00d3 LA NAVIDAD - REVISTA CULTURAL","og_description":"Ali McNamara Una novela llena de magia y alegr\u00eda  Editorial: Newton Compton Editores ISBN: 9788410080737 Idioma: Castellano N\u00famero de p\u00e1ginas: 352 Encuadernaci\u00f3n: Tapa dura  Libro eBook","og_url":"https:\/\/revistaliterariaelgatonegro.com\/producto\/la-increible-historia-de-la-abuelita-que-salvo-la-navidad","og_site_name":"REVISTA CULTURAL","article_modified_time":"2025-05-25T03:23:51+00:00","og_image":[{"width":258,"height":405,"url":"https:\/\/revistaliterariaelgatonegro.com\/wp-content\/uploads\/2024\/12\/1.SPN-65-LA-INCREI\u2560uBLE-HISTORIA-DE-LA-ABUELITA-QUE-SALVO\u2560u-LA-NAVIDAD.jpg","type":"image\/jpeg"}],"twitter_card":"summary_large_image","twitter_misc":{"Tiempo de lectura":"1 minuto"},"schema":{"@context":"https:\/\/schema.org","@graph":[{"@type":"WebPage","@id":"https:\/\/revistaliterariaelgatonegro.com\/producto\/la-increible-historia-de-la-abuelita-que-salvo-la-navidad","url":"https:\/\/revistaliterariaelgatonegro.com\/producto\/la-increible-historia-de-la-abuelita-que-salvo-la-navidad","name":"LA INCRE\u00cdBLE HISTORIA DE LA ABUELITA QUE SALV\u00d3 LA NAVIDAD - REVISTA CULTURAL","isPartOf":{"@id":"https:\/\/revistaliterariaelgatonegro.com\/#website"},"primaryImageOfPage":{"@id":"https:\/\/revistaliterariaelgatonegro.com\/producto\/la-increible-historia-de-la-abuelita-que-salvo-la-navidad#primaryimage"},"image":{"@id":"https:\/\/revistaliterariaelgatonegro.com\/producto\/la-increible-historia-de-la-abuelita-que-salvo-la-navidad#primaryimage"},"thumbnailUrl":"https:\/\/revistaliterariaelgatonegro.com\/wp-content\/uploads\/2024\/12\/1.SPN-65-LA-INCREI\u2560uBLE-HISTORIA-DE-LA-ABUELITA-QUE-SALVO\u2560u-LA-NAVIDAD.jpg","datePublished":"2025-05-22T12:33:47+00:00","dateModified":"2025-05-25T03:23:51+00:00","breadcrumb":{"@id":"https:\/\/revistaliterariaelgatonegro.com\/producto\/la-increible-historia-de-la-abuelita-que-salvo-la-navidad#breadcrumb"},"inLanguage":"es","potentialAction":[{"@type":"ReadAction","target":["https:\/\/revistaliterariaelgatonegro.com\/producto\/la-increible-historia-de-la-abuelita-que-salvo-la-navidad"]}]},{"@type":"ImageObject","inLanguage":"es","@id":"https:\/\/revistaliterariaelgatonegro.com\/producto\/la-increible-historia-de-la-abuelita-que-salvo-la-navidad#primaryimage","url":"https:\/\/revistaliterariaelgatonegro.com\/wp-content\/uploads\/2024\/12\/1.SPN-65-LA-INCREI\u2560uBLE-HISTORIA-DE-LA-ABUELITA-QUE-SALVO\u2560u-LA-NAVIDAD.jpg","contentUrl":"https:\/\/revistaliterariaelgatonegro.com\/wp-content\/uploads\/2024\/12\/1.SPN-65-LA-INCREI\u2560uBLE-HISTORIA-DE-LA-ABUELITA-QUE-SALVO\u2560u-LA-NAVIDAD.jpg","width":258,"height":405},{"@type":"BreadcrumbList","@id":"https:\/\/revistaliterariaelgatonegro.com\/producto\/la-increible-historia-de-la-abuelita-que-salvo-la-navidad#breadcrumb","itemListElement":[{"@type":"ListItem","position":1,"name":"Portada","item":"https:\/\/revistaliterariaelgatonegro.com\/"},{"@type":"ListItem","position":2,"name":"Librer\u00eda","item":"https:\/\/revistaliterariaelgatonegro.com\/?page_id=20159"},{"@type":"ListItem","position":3,"name":"LA INCRE\u00cdBLE HISTORIA DE LA ABUELITA QUE SALV\u00d3 LA NAVIDAD"}]},{"@type":"WebSite","@id":"https:\/\/revistaliterariaelgatonegro.com\/#website","url":"https:\/\/revistaliterariaelgatonegro.com\/","name":"REVISTA CULTURAL","description":" Un nuevo espacio para la divulgaci\u00f3n literaria, as\u00ed como dem\u00e1s artes ","publisher":{"@id":"https:\/\/revistaliterariaelgatonegro.com\/#\/schema\/person\/6a37dd51e0f101e394e91c123fd12e8a"},"potentialAction":[{"@type":"SearchAction","target":{"@type":"EntryPoint","urlTemplate":"https:\/\/revistaliterariaelgatonegro.com\/?s={search_term_string}"},"query-input":{"@type":"PropertyValueSpecification","valueRequired":true,"valueName":"search_term_string"}}],"inLanguage":"es"},{"@type":["Person","Organization"],"@id":"https:\/\/revistaliterariaelgatonegro.com\/#\/schema\/person\/6a37dd51e0f101e394e91c123fd12e8a","name":"administrador","image":{"@type":"ImageObject","inLanguage":"es","@id":"https:\/\/revistaliterariaelgatonegro.com\/wp-content\/uploads\/2025\/12\/cropped-Logotipo-Logo-Marca-personal-Pastel-Amarillo-12-Photoroom.png","url":"https:\/\/revistaliterariaelgatonegro.com\/wp-content\/uploads\/2025\/12\/cropped-Logotipo-Logo-Marca-personal-Pastel-Amarillo-12-Photoroom.png","contentUrl":"https:\/\/revistaliterariaelgatonegro.com\/wp-content\/uploads\/2025\/12\/cropped-Logotipo-Logo-Marca-personal-Pastel-Amarillo-12-Photoroom.png","width":364,"height":212,"caption":"administrador"},"logo":{"@id":"https:\/\/revistaliterariaelgatonegro.com\/wp-content\/uploads\/2025\/12\/cropped-Logotipo-Logo-Marca-personal-Pastel-Amarillo-12-Photoroom.png"},"sameAs":["http:\/\/s864831950.mialojamiento.es"]}]}},"_links":{"self":[{"href":"https:\/\/revistaliterariaelgatonegro.com\/index.php?rest_route=\/wp\/v2\/product\/20365","targetHints":{"allow":["GET"]}}],"collection":[{"href":"https:\/\/revistaliterariaelgatonegro.com\/index.php?rest_route=\/wp\/v2\/product"}],"about":[{"href":"https:\/\/revistaliterariaelgatonegro.com\/index.php?rest_route=\/wp\/v2\/types\/product"}],"wp:featuredmedia":[{"embeddable":true,"href":"https:\/\/revistaliterariaelgatonegro.com\/index.php?rest_route=\/wp\/v2\/media\/17275"}],"wp:attachment":[{"href":"https:\/\/revistaliterariaelgatonegro.com\/index.php?rest_route=%2Fwp%2Fv2%2Fmedia&parent=20365"}],"wp:term":[{"taxonomy":"product_brand","embeddable":true,"href":"https:\/\/revistaliterariaelgatonegro.com\/index.php?rest_route=%2Fwp%2Fv2%2Fproduct_brand&post=20365"},{"taxonomy":"product_cat","embeddable":true,"href":"https:\/\/revistaliterariaelgatonegro.com\/index.php?rest_route=%2Fwp%2Fv2%2Fproduct_cat&post=20365"},{"taxonomy":"product_tag","embeddable":true,"href":"https:\/\/revistaliterariaelgatonegro.com\/index.php?rest_route=%2Fwp%2Fv2%2Fproduct_tag&post=20365"}],"curies":[{"name":"wp","href":"https:\/\/api.w.org\/{rel}","templated":true}]}}