{"id":20362,"date":"2025-05-22T12:17:38","date_gmt":"2025-05-22T12:17:38","guid":{"rendered":"https:\/\/revistaliterariaelgatonegro.com\/?post_type=product&#038;p=20362"},"modified":"2025-05-22T12:17:38","modified_gmt":"2025-05-22T12:17:38","slug":"burricornio-99-burro-1-unicornio","status":"publish","type":"product","link":"https:\/\/revistaliterariaelgatonegro.com\/?product=burricornio-99-burro-1-unicornio","title":{"rendered":"BURRICORNIO, 99 % burro, 1 % unicornio"},"content":{"rendered":"<p>La obra cuenta la historia de Bruno, uno de los animales que viven en la granja Bellavista, cuyo sue\u00f1o es convertirse en una estrella del mundo del espect\u00e1culo, como su adorado \u00eddolo Asno, el burro protagonista de la pel\u00edcula Shrek. Su d\u00eda a d\u00eda consiste en empujar un molino, tirar de un carro y espantar moscas con el rabo, pero todo cambia cuando recibe una carta del teatro de las maravillas.<\/p>\n","protected":false},"excerpt":{"rendered":"<h3><a href=\"https:\/\/revistaliterariaelgatonegro.com\/hablamos-con-jose-fragoso\"><strong>Jos\u00e9 Fragoso<\/strong><\/a><\/h3>\n<p>El autor e ilustrador Jos\u00e9 Fragoso publica su \u00faltima obra <em>Burricornio, 99% burro y 1% unicornio<\/em><\/p>\n<p><strong>Editorial<\/strong>: Nopp<br \/>\n<strong>ISBN<\/strong>:9788412928938<br \/>\n<strong>Idioma<\/strong>: Castellano<br \/>\n<strong>N\u00famero de p\u00e1ginas<\/strong>: 64<br \/>\n<strong>Encuadernaci\u00f3n<\/strong>: Tapa blanda<\/p>\n<p><a href=\"https:\/\/tidd.ly\/3H4ZnDs\" target=\"_blank\" rel=\"noopener\"><button class=\"boton1\">Libro<\/button><\/a><\/p>\n","protected":false},"featured_media":18415,"template":"","meta":[],"product_brand":[],"product_cat":[178],"product_tag":[179],"class_list":{"0":"post-20362","1":"product","2":"type-product","3":"status-publish","4":"has-post-thumbnail","6":"product_cat-infantil","7":"product_tag-comic-ninos-6-10-anos","9":"first","10":"instock","11":"sale","12":"taxable","13":"shipping-taxable","14":"product-type-external"},"yoast_head":"<!-- This site is optimized with the Yoast SEO plugin v27.4 - https:\/\/yoast.com\/product\/yoast-seo-wordpress\/ -->\n<title>BURRICORNIO, 99 % burro, 1 % unicornio - REVISTA CULTURAL<\/title>\n<meta name=\"description\" content=\"La obra cuenta la historia de Bruno, uno de los animales que viven en la granja Bellavista, cuyo sue\u00f1o es convertirse en una estrella del mundo del...\" \/>\n<meta name=\"robots\" content=\"index, follow, max-snippet:-1, max-image-preview:large, max-video-preview:-1\" \/>\n<link rel=\"canonical\" href=\"https:\/\/revistaliterariaelgatonegro.com\/producto\/burricornio-99-burro-1-unicornio\" \/>\n<meta property=\"og:locale\" content=\"es_ES\" \/>\n<meta property=\"og:type\" content=\"article\" \/>\n<meta property=\"og:title\" content=\"BURRICORNIO, 99 % burro, 1 % unicornio - REVISTA CULTURAL\" \/>\n<meta property=\"og:description\" content=\"La obra cuenta la historia de Bruno, uno de los animales que viven en la granja Bellavista, cuyo sue\u00f1o es convertirse en una estrella del mundo del...\" \/>\n<meta property=\"og:url\" content=\"https:\/\/revistaliterariaelgatonegro.com\/producto\/burricornio-99-burro-1-unicornio\" \/>\n<meta property=\"og:site_name\" content=\"REVISTA CULTURAL\" \/>\n<meta property=\"og:image\" content=\"https:\/\/revistaliterariaelgatonegro.com\/wp-content\/uploads\/2025\/02\/portada-burricornio.jpg\" \/>\n\t<meta property=\"og:image:width\" content=\"523\" \/>\n\t<meta property=\"og:image:height\" content=\"654\" \/>\n\t<meta property=\"og:image:type\" content=\"image\/jpeg\" \/>\n<meta name=\"twitter:card\" content=\"summary_large_image\" \/>\n<meta name=\"twitter:label1\" content=\"Tiempo de lectura\" \/>\n\t<meta name=\"twitter:data1\" content=\"1 minuto\" \/>\n<script type=\"application\/ld+json\" class=\"yoast-schema-graph\">{\"@context\":\"https:\\\/\\\/schema.org\",\"@graph\":[{\"@type\":\"WebPage\",\"@id\":\"https:\\\/\\\/revistaliterariaelgatonegro.com\\\/producto\\\/burricornio-99-burro-1-unicornio\",\"url\":\"https:\\\/\\\/revistaliterariaelgatonegro.com\\\/producto\\\/burricornio-99-burro-1-unicornio\",\"name\":\"BURRICORNIO, 99 % burro, 1 % unicornio - REVISTA CULTURAL\",\"isPartOf\":{\"@id\":\"https:\\\/\\\/revistaliterariaelgatonegro.com\\\/#website\"},\"primaryImageOfPage\":{\"@id\":\"https:\\\/\\\/revistaliterariaelgatonegro.com\\\/producto\\\/burricornio-99-burro-1-unicornio#primaryimage\"},\"image\":{\"@id\":\"https:\\\/\\\/revistaliterariaelgatonegro.com\\\/producto\\\/burricornio-99-burro-1-unicornio#primaryimage\"},\"thumbnailUrl\":\"https:\\\/\\\/revistaliterariaelgatonegro.com\\\/wp-content\\\/uploads\\\/2025\\\/02\\\/portada-burricornio.jpg\",\"datePublished\":\"2025-05-22T12:17:38+00:00\",\"description\":\"La obra cuenta la historia de Bruno, uno de los animales que viven en la granja Bellavista, cuyo sue\u00f1o es convertirse en una estrella del mundo del...\",\"breadcrumb\":{\"@id\":\"https:\\\/\\\/revistaliterariaelgatonegro.com\\\/producto\\\/burricornio-99-burro-1-unicornio#breadcrumb\"},\"inLanguage\":\"es\",\"potentialAction\":[{\"@type\":\"ReadAction\",\"target\":[\"https:\\\/\\\/revistaliterariaelgatonegro.com\\\/producto\\\/burricornio-99-burro-1-unicornio\"]}]},{\"@type\":\"ImageObject\",\"inLanguage\":\"es\",\"@id\":\"https:\\\/\\\/revistaliterariaelgatonegro.com\\\/producto\\\/burricornio-99-burro-1-unicornio#primaryimage\",\"url\":\"https:\\\/\\\/revistaliterariaelgatonegro.com\\\/wp-content\\\/uploads\\\/2025\\\/02\\\/portada-burricornio.jpg\",\"contentUrl\":\"https:\\\/\\\/revistaliterariaelgatonegro.com\\\/wp-content\\\/uploads\\\/2025\\\/02\\\/portada-burricornio.jpg\",\"width\":523,\"height\":654},{\"@type\":\"BreadcrumbList\",\"@id\":\"https:\\\/\\\/revistaliterariaelgatonegro.com\\\/producto\\\/burricornio-99-burro-1-unicornio#breadcrumb\",\"itemListElement\":[{\"@type\":\"ListItem\",\"position\":1,\"name\":\"Portada\",\"item\":\"https:\\\/\\\/revistaliterariaelgatonegro.com\\\/\"},{\"@type\":\"ListItem\",\"position\":2,\"name\":\"Librer\u00eda\",\"item\":\"https:\\\/\\\/revistaliterariaelgatonegro.com\\\/?page_id=20159\"},{\"@type\":\"ListItem\",\"position\":3,\"name\":\"BURRICORNIO, 99 % burro, 1 % unicornio\"}]},{\"@type\":\"WebSite\",\"@id\":\"https:\\\/\\\/revistaliterariaelgatonegro.com\\\/#website\",\"url\":\"https:\\\/\\\/revistaliterariaelgatonegro.com\\\/\",\"name\":\"REVISTA CULTURAL\",\"description\":\" Un nuevo espacio para la divulgaci\u00f3n literaria, as\u00ed como dem\u00e1s artes \",\"publisher\":{\"@id\":\"https:\\\/\\\/revistaliterariaelgatonegro.com\\\/#\\\/schema\\\/person\\\/6a37dd51e0f101e394e91c123fd12e8a\"},\"potentialAction\":[{\"@type\":\"SearchAction\",\"target\":{\"@type\":\"EntryPoint\",\"urlTemplate\":\"https:\\\/\\\/revistaliterariaelgatonegro.com\\\/?s={search_term_string}\"},\"query-input\":{\"@type\":\"PropertyValueSpecification\",\"valueRequired\":true,\"valueName\":\"search_term_string\"}}],\"inLanguage\":\"es\"},{\"@type\":[\"Person\",\"Organization\"],\"@id\":\"https:\\\/\\\/revistaliterariaelgatonegro.com\\\/#\\\/schema\\\/person\\\/6a37dd51e0f101e394e91c123fd12e8a\",\"name\":\"administrador\",\"image\":{\"@type\":\"ImageObject\",\"inLanguage\":\"es\",\"@id\":\"https:\\\/\\\/revistaliterariaelgatonegro.com\\\/wp-content\\\/uploads\\\/2025\\\/12\\\/cropped-Logotipo-Logo-Marca-personal-Pastel-Amarillo-12-Photoroom.png\",\"url\":\"https:\\\/\\\/revistaliterariaelgatonegro.com\\\/wp-content\\\/uploads\\\/2025\\\/12\\\/cropped-Logotipo-Logo-Marca-personal-Pastel-Amarillo-12-Photoroom.png\",\"contentUrl\":\"https:\\\/\\\/revistaliterariaelgatonegro.com\\\/wp-content\\\/uploads\\\/2025\\\/12\\\/cropped-Logotipo-Logo-Marca-personal-Pastel-Amarillo-12-Photoroom.png\",\"width\":364,\"height\":212,\"caption\":\"administrador\"},\"logo\":{\"@id\":\"https:\\\/\\\/revistaliterariaelgatonegro.com\\\/wp-content\\\/uploads\\\/2025\\\/12\\\/cropped-Logotipo-Logo-Marca-personal-Pastel-Amarillo-12-Photoroom.png\"},\"sameAs\":[\"http:\\\/\\\/s864831950.mialojamiento.es\"]}]}<\/script>\n<!-- \/ Yoast SEO plugin. -->","yoast_head_json":{"title":"BURRICORNIO, 99 % burro, 1 % unicornio - REVISTA CULTURAL","description":"La obra cuenta la historia de Bruno, uno de los animales que viven en la granja Bellavista, cuyo sue\u00f1o es convertirse en una estrella del mundo del...","robots":{"index":"index","follow":"follow","max-snippet":"max-snippet:-1","max-image-preview":"max-image-preview:large","max-video-preview":"max-video-preview:-1"},"canonical":"https:\/\/revistaliterariaelgatonegro.com\/producto\/burricornio-99-burro-1-unicornio","og_locale":"es_ES","og_type":"article","og_title":"BURRICORNIO, 99 % burro, 1 % unicornio - REVISTA CULTURAL","og_description":"La obra cuenta la historia de Bruno, uno de los animales que viven en la granja Bellavista, cuyo sue\u00f1o es convertirse en una estrella del mundo del...","og_url":"https:\/\/revistaliterariaelgatonegro.com\/producto\/burricornio-99-burro-1-unicornio","og_site_name":"REVISTA CULTURAL","og_image":[{"width":523,"height":654,"url":"https:\/\/revistaliterariaelgatonegro.com\/wp-content\/uploads\/2025\/02\/portada-burricornio.jpg","type":"image\/jpeg"}],"twitter_card":"summary_large_image","twitter_misc":{"Tiempo de lectura":"1 minuto"},"schema":{"@context":"https:\/\/schema.org","@graph":[{"@type":"WebPage","@id":"https:\/\/revistaliterariaelgatonegro.com\/producto\/burricornio-99-burro-1-unicornio","url":"https:\/\/revistaliterariaelgatonegro.com\/producto\/burricornio-99-burro-1-unicornio","name":"BURRICORNIO, 99 % burro, 1 % unicornio - REVISTA CULTURAL","isPartOf":{"@id":"https:\/\/revistaliterariaelgatonegro.com\/#website"},"primaryImageOfPage":{"@id":"https:\/\/revistaliterariaelgatonegro.com\/producto\/burricornio-99-burro-1-unicornio#primaryimage"},"image":{"@id":"https:\/\/revistaliterariaelgatonegro.com\/producto\/burricornio-99-burro-1-unicornio#primaryimage"},"thumbnailUrl":"https:\/\/revistaliterariaelgatonegro.com\/wp-content\/uploads\/2025\/02\/portada-burricornio.jpg","datePublished":"2025-05-22T12:17:38+00:00","description":"La obra cuenta la historia de Bruno, uno de los animales que viven en la granja Bellavista, cuyo sue\u00f1o es convertirse en una estrella del mundo del...","breadcrumb":{"@id":"https:\/\/revistaliterariaelgatonegro.com\/producto\/burricornio-99-burro-1-unicornio#breadcrumb"},"inLanguage":"es","potentialAction":[{"@type":"ReadAction","target":["https:\/\/revistaliterariaelgatonegro.com\/producto\/burricornio-99-burro-1-unicornio"]}]},{"@type":"ImageObject","inLanguage":"es","@id":"https:\/\/revistaliterariaelgatonegro.com\/producto\/burricornio-99-burro-1-unicornio#primaryimage","url":"https:\/\/revistaliterariaelgatonegro.com\/wp-content\/uploads\/2025\/02\/portada-burricornio.jpg","contentUrl":"https:\/\/revistaliterariaelgatonegro.com\/wp-content\/uploads\/2025\/02\/portada-burricornio.jpg","width":523,"height":654},{"@type":"BreadcrumbList","@id":"https:\/\/revistaliterariaelgatonegro.com\/producto\/burricornio-99-burro-1-unicornio#breadcrumb","itemListElement":[{"@type":"ListItem","position":1,"name":"Portada","item":"https:\/\/revistaliterariaelgatonegro.com\/"},{"@type":"ListItem","position":2,"name":"Librer\u00eda","item":"https:\/\/revistaliterariaelgatonegro.com\/?page_id=20159"},{"@type":"ListItem","position":3,"name":"BURRICORNIO, 99 % burro, 1 % unicornio"}]},{"@type":"WebSite","@id":"https:\/\/revistaliterariaelgatonegro.com\/#website","url":"https:\/\/revistaliterariaelgatonegro.com\/","name":"REVISTA CULTURAL","description":" Un nuevo espacio para la divulgaci\u00f3n literaria, as\u00ed como dem\u00e1s artes ","publisher":{"@id":"https:\/\/revistaliterariaelgatonegro.com\/#\/schema\/person\/6a37dd51e0f101e394e91c123fd12e8a"},"potentialAction":[{"@type":"SearchAction","target":{"@type":"EntryPoint","urlTemplate":"https:\/\/revistaliterariaelgatonegro.com\/?s={search_term_string}"},"query-input":{"@type":"PropertyValueSpecification","valueRequired":true,"valueName":"search_term_string"}}],"inLanguage":"es"},{"@type":["Person","Organization"],"@id":"https:\/\/revistaliterariaelgatonegro.com\/#\/schema\/person\/6a37dd51e0f101e394e91c123fd12e8a","name":"administrador","image":{"@type":"ImageObject","inLanguage":"es","@id":"https:\/\/revistaliterariaelgatonegro.com\/wp-content\/uploads\/2025\/12\/cropped-Logotipo-Logo-Marca-personal-Pastel-Amarillo-12-Photoroom.png","url":"https:\/\/revistaliterariaelgatonegro.com\/wp-content\/uploads\/2025\/12\/cropped-Logotipo-Logo-Marca-personal-Pastel-Amarillo-12-Photoroom.png","contentUrl":"https:\/\/revistaliterariaelgatonegro.com\/wp-content\/uploads\/2025\/12\/cropped-Logotipo-Logo-Marca-personal-Pastel-Amarillo-12-Photoroom.png","width":364,"height":212,"caption":"administrador"},"logo":{"@id":"https:\/\/revistaliterariaelgatonegro.com\/wp-content\/uploads\/2025\/12\/cropped-Logotipo-Logo-Marca-personal-Pastel-Amarillo-12-Photoroom.png"},"sameAs":["http:\/\/s864831950.mialojamiento.es"]}]}},"_links":{"self":[{"href":"https:\/\/revistaliterariaelgatonegro.com\/index.php?rest_route=\/wp\/v2\/product\/20362","targetHints":{"allow":["GET"]}}],"collection":[{"href":"https:\/\/revistaliterariaelgatonegro.com\/index.php?rest_route=\/wp\/v2\/product"}],"about":[{"href":"https:\/\/revistaliterariaelgatonegro.com\/index.php?rest_route=\/wp\/v2\/types\/product"}],"wp:featuredmedia":[{"embeddable":true,"href":"https:\/\/revistaliterariaelgatonegro.com\/index.php?rest_route=\/wp\/v2\/media\/18415"}],"wp:attachment":[{"href":"https:\/\/revistaliterariaelgatonegro.com\/index.php?rest_route=%2Fwp%2Fv2%2Fmedia&parent=20362"}],"wp:term":[{"taxonomy":"product_brand","embeddable":true,"href":"https:\/\/revistaliterariaelgatonegro.com\/index.php?rest_route=%2Fwp%2Fv2%2Fproduct_brand&post=20362"},{"taxonomy":"product_cat","embeddable":true,"href":"https:\/\/revistaliterariaelgatonegro.com\/index.php?rest_route=%2Fwp%2Fv2%2Fproduct_cat&post=20362"},{"taxonomy":"product_tag","embeddable":true,"href":"https:\/\/revistaliterariaelgatonegro.com\/index.php?rest_route=%2Fwp%2Fv2%2Fproduct_tag&post=20362"}],"curies":[{"name":"wp","href":"https:\/\/api.w.org\/{rel}","templated":true}]}}