{"id":20354,"date":"2025-05-22T16:43:22","date_gmt":"2025-05-22T16:43:22","guid":{"rendered":"https:\/\/revistaliterariaelgatonegro.com\/?post_type=product&#038;p=20354"},"modified":"2025-05-22T16:43:22","modified_gmt":"2025-05-22T16:43:22","slug":"la-esposa-del-mercader","status":"publish","type":"product","link":"https:\/\/revistaliterariaelgatonegro.com\/?product=la-esposa-del-mercader","title":{"rendered":"LA ESPOSA DEL MERCADER"},"content":{"rendered":"<p><i>La esposa del mercader\u00a0<\/i>inicia una poderosa y cautivadora saga sobre el amor y el odio, la aventura , la confianza y la enemistad, y sobre dos personajes cuyo destino quedar\u00e1 siempre unido de forma indisoluble.<\/p>\n<p>La joven inglesa Isabella Saunders se ha quedado sola en el mundo: sin un hogar y sin recursos, su belleza y fascinante cabellera pelirroja en la Singapur de 1860 se convierten en un gran escollo para conseguir un trabajo como institutriz. Todo su mundo se transformar\u00e1 cuando conoce a Bram Deagan, un apuesto y decidido irland\u00e9s llegado desde la lejana Australia para conocer de primera mano los nuevos productos de Oriente y hacer realidad su sue\u00f1o de convertirse en un pr\u00f3spero comerciante. Isabella deber\u00e1 decidir si las nuevas colonias, las lejanas y peligrosas tierras del continente m\u00e1s olvidado, pueden convertirse en su nuevo hogar. \u00bfHallar\u00e1 el amor y la felicidad en el extremo opuesto del mundo?<\/p>\n<p>&nbsp;<\/p>\n<p>&nbsp;<\/p>\n","protected":false},"excerpt":{"rendered":"<h3><a href=\"https:\/\/revistaliterariaelgatonegro.com\/hablamos-con-anne-jacobs-2\">Anna Jacobs<\/a><\/h3>\n<p>Una tierra lejana y peligrosa. Una mujer sin miedo a nada. Un destino por construir<\/p>\n<p><strong>Editorial:<\/strong> Editorial Planeta<br \/>\n<strong>ISBN:<\/strong> 9788408298809<br \/>\n<strong>Idioma:<\/strong> Castellano<br \/>\n<strong>N\u00famero de p\u00e1ginas:<\/strong> 464<br \/>\n<strong>Encuadernaci\u00f3n:<\/strong> Tapa dura<\/p>\n<p><a href=\"https:\/\/tidd.ly\/4dpqWU4\" target=\"_blank\" rel=\"noopener\"><button class=\"boton1\">Libro<\/button><\/a> <a href=\"https:\/\/tidd.ly\/4mt9IcA\" target=\"_blank\" rel=\"noopener\"><button class=\"boton1\">eBook<\/button><\/a><\/p>\n","protected":false},"featured_media":20355,"template":"","meta":[],"product_brand":[],"product_cat":[176],"product_tag":[177],"class_list":{"0":"post-20354","1":"product","2":"type-product","3":"status-publish","4":"has-post-thumbnail","6":"product_cat-novela-romantica-erotica","7":"product_tag-novela-romantica","9":"first","10":"instock","11":"sale","12":"product-type-external"},"yoast_head":"<!-- This site is optimized with the Yoast SEO plugin v27.4 - https:\/\/yoast.com\/product\/yoast-seo-wordpress\/ -->\n<title>LA ESPOSA DEL MERCADER - REVISTA CULTURAL<\/title>\n<meta name=\"description\" content=\"Una tierra lejana y peligrosa. Una mujer sin miedo a nada. Un destino por construir\" \/>\n<meta name=\"robots\" content=\"index, follow, max-snippet:-1, max-image-preview:large, max-video-preview:-1\" \/>\n<link rel=\"canonical\" href=\"https:\/\/revistaliterariaelgatonegro.com\/producto\/la-esposa-del-mercader\" \/>\n<meta property=\"og:locale\" content=\"es_ES\" \/>\n<meta property=\"og:type\" content=\"article\" \/>\n<meta property=\"og:title\" content=\"LA ESPOSA DEL MERCADER - REVISTA CULTURAL\" \/>\n<meta property=\"og:description\" content=\"Una tierra lejana y peligrosa. Una mujer sin miedo a nada. Un destino por construir\" \/>\n<meta property=\"og:url\" content=\"https:\/\/revistaliterariaelgatonegro.com\/producto\/la-esposa-del-mercader\" \/>\n<meta property=\"og:site_name\" content=\"REVISTA CULTURAL\" \/>\n<meta property=\"og:image\" content=\"https:\/\/revistaliterariaelgatonegro.com\/wp-content\/uploads\/2025\/05\/la-esposa-del-mercader.jpg\" \/>\n\t<meta property=\"og:image:width\" content=\"280\" \/>\n\t<meta property=\"og:image:height\" content=\"425\" \/>\n\t<meta property=\"og:image:type\" content=\"image\/jpeg\" \/>\n<meta name=\"twitter:card\" content=\"summary_large_image\" \/>\n<meta name=\"twitter:label1\" content=\"Tiempo de lectura\" \/>\n\t<meta name=\"twitter:data1\" content=\"1 minuto\" \/>\n<script type=\"application\/ld+json\" class=\"yoast-schema-graph\">{\"@context\":\"https:\\\/\\\/schema.org\",\"@graph\":[{\"@type\":\"WebPage\",\"@id\":\"https:\\\/\\\/revistaliterariaelgatonegro.com\\\/producto\\\/la-esposa-del-mercader\",\"url\":\"https:\\\/\\\/revistaliterariaelgatonegro.com\\\/producto\\\/la-esposa-del-mercader\",\"name\":\"LA ESPOSA DEL MERCADER - REVISTA CULTURAL\",\"isPartOf\":{\"@id\":\"https:\\\/\\\/revistaliterariaelgatonegro.com\\\/#website\"},\"primaryImageOfPage\":{\"@id\":\"https:\\\/\\\/revistaliterariaelgatonegro.com\\\/producto\\\/la-esposa-del-mercader#primaryimage\"},\"image\":{\"@id\":\"https:\\\/\\\/revistaliterariaelgatonegro.com\\\/producto\\\/la-esposa-del-mercader#primaryimage\"},\"thumbnailUrl\":\"https:\\\/\\\/revistaliterariaelgatonegro.com\\\/wp-content\\\/uploads\\\/2025\\\/05\\\/la-esposa-del-mercader.jpg\",\"datePublished\":\"2025-05-22T16:43:22+00:00\",\"description\":\"Una tierra lejana y peligrosa. Una mujer sin miedo a nada. Un destino por construir\",\"breadcrumb\":{\"@id\":\"https:\\\/\\\/revistaliterariaelgatonegro.com\\\/producto\\\/la-esposa-del-mercader#breadcrumb\"},\"inLanguage\":\"es\",\"potentialAction\":[{\"@type\":\"ReadAction\",\"target\":[\"https:\\\/\\\/revistaliterariaelgatonegro.com\\\/producto\\\/la-esposa-del-mercader\"]}]},{\"@type\":\"ImageObject\",\"inLanguage\":\"es\",\"@id\":\"https:\\\/\\\/revistaliterariaelgatonegro.com\\\/producto\\\/la-esposa-del-mercader#primaryimage\",\"url\":\"https:\\\/\\\/revistaliterariaelgatonegro.com\\\/wp-content\\\/uploads\\\/2025\\\/05\\\/la-esposa-del-mercader.jpg\",\"contentUrl\":\"https:\\\/\\\/revistaliterariaelgatonegro.com\\\/wp-content\\\/uploads\\\/2025\\\/05\\\/la-esposa-del-mercader.jpg\",\"width\":280,\"height\":425},{\"@type\":\"BreadcrumbList\",\"@id\":\"https:\\\/\\\/revistaliterariaelgatonegro.com\\\/producto\\\/la-esposa-del-mercader#breadcrumb\",\"itemListElement\":[{\"@type\":\"ListItem\",\"position\":1,\"name\":\"Portada\",\"item\":\"https:\\\/\\\/revistaliterariaelgatonegro.com\\\/\"},{\"@type\":\"ListItem\",\"position\":2,\"name\":\"Librer\u00eda\",\"item\":\"https:\\\/\\\/revistaliterariaelgatonegro.com\\\/?page_id=20159\"},{\"@type\":\"ListItem\",\"position\":3,\"name\":\"LA ESPOSA DEL MERCADER\"}]},{\"@type\":\"WebSite\",\"@id\":\"https:\\\/\\\/revistaliterariaelgatonegro.com\\\/#website\",\"url\":\"https:\\\/\\\/revistaliterariaelgatonegro.com\\\/\",\"name\":\"REVISTA CULTURAL\",\"description\":\" Un nuevo espacio para la divulgaci\u00f3n literaria, as\u00ed como dem\u00e1s artes \",\"publisher\":{\"@id\":\"https:\\\/\\\/revistaliterariaelgatonegro.com\\\/#\\\/schema\\\/person\\\/6a37dd51e0f101e394e91c123fd12e8a\"},\"potentialAction\":[{\"@type\":\"SearchAction\",\"target\":{\"@type\":\"EntryPoint\",\"urlTemplate\":\"https:\\\/\\\/revistaliterariaelgatonegro.com\\\/?s={search_term_string}\"},\"query-input\":{\"@type\":\"PropertyValueSpecification\",\"valueRequired\":true,\"valueName\":\"search_term_string\"}}],\"inLanguage\":\"es\"},{\"@type\":[\"Person\",\"Organization\"],\"@id\":\"https:\\\/\\\/revistaliterariaelgatonegro.com\\\/#\\\/schema\\\/person\\\/6a37dd51e0f101e394e91c123fd12e8a\",\"name\":\"administrador\",\"image\":{\"@type\":\"ImageObject\",\"inLanguage\":\"es\",\"@id\":\"https:\\\/\\\/revistaliterariaelgatonegro.com\\\/wp-content\\\/uploads\\\/2025\\\/12\\\/cropped-Logotipo-Logo-Marca-personal-Pastel-Amarillo-12-Photoroom.png\",\"url\":\"https:\\\/\\\/revistaliterariaelgatonegro.com\\\/wp-content\\\/uploads\\\/2025\\\/12\\\/cropped-Logotipo-Logo-Marca-personal-Pastel-Amarillo-12-Photoroom.png\",\"contentUrl\":\"https:\\\/\\\/revistaliterariaelgatonegro.com\\\/wp-content\\\/uploads\\\/2025\\\/12\\\/cropped-Logotipo-Logo-Marca-personal-Pastel-Amarillo-12-Photoroom.png\",\"width\":364,\"height\":212,\"caption\":\"administrador\"},\"logo\":{\"@id\":\"https:\\\/\\\/revistaliterariaelgatonegro.com\\\/wp-content\\\/uploads\\\/2025\\\/12\\\/cropped-Logotipo-Logo-Marca-personal-Pastel-Amarillo-12-Photoroom.png\"},\"sameAs\":[\"http:\\\/\\\/s864831950.mialojamiento.es\"]}]}<\/script>\n<!-- \/ Yoast SEO plugin. -->","yoast_head_json":{"title":"LA ESPOSA DEL MERCADER - REVISTA CULTURAL","description":"Una tierra lejana y peligrosa. Una mujer sin miedo a nada. Un destino por construir","robots":{"index":"index","follow":"follow","max-snippet":"max-snippet:-1","max-image-preview":"max-image-preview:large","max-video-preview":"max-video-preview:-1"},"canonical":"https:\/\/revistaliterariaelgatonegro.com\/producto\/la-esposa-del-mercader","og_locale":"es_ES","og_type":"article","og_title":"LA ESPOSA DEL MERCADER - REVISTA CULTURAL","og_description":"Una tierra lejana y peligrosa. Una mujer sin miedo a nada. Un destino por construir","og_url":"https:\/\/revistaliterariaelgatonegro.com\/producto\/la-esposa-del-mercader","og_site_name":"REVISTA CULTURAL","og_image":[{"width":280,"height":425,"url":"https:\/\/revistaliterariaelgatonegro.com\/wp-content\/uploads\/2025\/05\/la-esposa-del-mercader.jpg","type":"image\/jpeg"}],"twitter_card":"summary_large_image","twitter_misc":{"Tiempo de lectura":"1 minuto"},"schema":{"@context":"https:\/\/schema.org","@graph":[{"@type":"WebPage","@id":"https:\/\/revistaliterariaelgatonegro.com\/producto\/la-esposa-del-mercader","url":"https:\/\/revistaliterariaelgatonegro.com\/producto\/la-esposa-del-mercader","name":"LA ESPOSA DEL MERCADER - REVISTA CULTURAL","isPartOf":{"@id":"https:\/\/revistaliterariaelgatonegro.com\/#website"},"primaryImageOfPage":{"@id":"https:\/\/revistaliterariaelgatonegro.com\/producto\/la-esposa-del-mercader#primaryimage"},"image":{"@id":"https:\/\/revistaliterariaelgatonegro.com\/producto\/la-esposa-del-mercader#primaryimage"},"thumbnailUrl":"https:\/\/revistaliterariaelgatonegro.com\/wp-content\/uploads\/2025\/05\/la-esposa-del-mercader.jpg","datePublished":"2025-05-22T16:43:22+00:00","description":"Una tierra lejana y peligrosa. Una mujer sin miedo a nada. Un destino por construir","breadcrumb":{"@id":"https:\/\/revistaliterariaelgatonegro.com\/producto\/la-esposa-del-mercader#breadcrumb"},"inLanguage":"es","potentialAction":[{"@type":"ReadAction","target":["https:\/\/revistaliterariaelgatonegro.com\/producto\/la-esposa-del-mercader"]}]},{"@type":"ImageObject","inLanguage":"es","@id":"https:\/\/revistaliterariaelgatonegro.com\/producto\/la-esposa-del-mercader#primaryimage","url":"https:\/\/revistaliterariaelgatonegro.com\/wp-content\/uploads\/2025\/05\/la-esposa-del-mercader.jpg","contentUrl":"https:\/\/revistaliterariaelgatonegro.com\/wp-content\/uploads\/2025\/05\/la-esposa-del-mercader.jpg","width":280,"height":425},{"@type":"BreadcrumbList","@id":"https:\/\/revistaliterariaelgatonegro.com\/producto\/la-esposa-del-mercader#breadcrumb","itemListElement":[{"@type":"ListItem","position":1,"name":"Portada","item":"https:\/\/revistaliterariaelgatonegro.com\/"},{"@type":"ListItem","position":2,"name":"Librer\u00eda","item":"https:\/\/revistaliterariaelgatonegro.com\/?page_id=20159"},{"@type":"ListItem","position":3,"name":"LA ESPOSA DEL MERCADER"}]},{"@type":"WebSite","@id":"https:\/\/revistaliterariaelgatonegro.com\/#website","url":"https:\/\/revistaliterariaelgatonegro.com\/","name":"REVISTA CULTURAL","description":" Un nuevo espacio para la divulgaci\u00f3n literaria, as\u00ed como dem\u00e1s artes ","publisher":{"@id":"https:\/\/revistaliterariaelgatonegro.com\/#\/schema\/person\/6a37dd51e0f101e394e91c123fd12e8a"},"potentialAction":[{"@type":"SearchAction","target":{"@type":"EntryPoint","urlTemplate":"https:\/\/revistaliterariaelgatonegro.com\/?s={search_term_string}"},"query-input":{"@type":"PropertyValueSpecification","valueRequired":true,"valueName":"search_term_string"}}],"inLanguage":"es"},{"@type":["Person","Organization"],"@id":"https:\/\/revistaliterariaelgatonegro.com\/#\/schema\/person\/6a37dd51e0f101e394e91c123fd12e8a","name":"administrador","image":{"@type":"ImageObject","inLanguage":"es","@id":"https:\/\/revistaliterariaelgatonegro.com\/wp-content\/uploads\/2025\/12\/cropped-Logotipo-Logo-Marca-personal-Pastel-Amarillo-12-Photoroom.png","url":"https:\/\/revistaliterariaelgatonegro.com\/wp-content\/uploads\/2025\/12\/cropped-Logotipo-Logo-Marca-personal-Pastel-Amarillo-12-Photoroom.png","contentUrl":"https:\/\/revistaliterariaelgatonegro.com\/wp-content\/uploads\/2025\/12\/cropped-Logotipo-Logo-Marca-personal-Pastel-Amarillo-12-Photoroom.png","width":364,"height":212,"caption":"administrador"},"logo":{"@id":"https:\/\/revistaliterariaelgatonegro.com\/wp-content\/uploads\/2025\/12\/cropped-Logotipo-Logo-Marca-personal-Pastel-Amarillo-12-Photoroom.png"},"sameAs":["http:\/\/s864831950.mialojamiento.es"]}]}},"_links":{"self":[{"href":"https:\/\/revistaliterariaelgatonegro.com\/index.php?rest_route=\/wp\/v2\/product\/20354","targetHints":{"allow":["GET"]}}],"collection":[{"href":"https:\/\/revistaliterariaelgatonegro.com\/index.php?rest_route=\/wp\/v2\/product"}],"about":[{"href":"https:\/\/revistaliterariaelgatonegro.com\/index.php?rest_route=\/wp\/v2\/types\/product"}],"wp:featuredmedia":[{"embeddable":true,"href":"https:\/\/revistaliterariaelgatonegro.com\/index.php?rest_route=\/wp\/v2\/media\/20355"}],"wp:attachment":[{"href":"https:\/\/revistaliterariaelgatonegro.com\/index.php?rest_route=%2Fwp%2Fv2%2Fmedia&parent=20354"}],"wp:term":[{"taxonomy":"product_brand","embeddable":true,"href":"https:\/\/revistaliterariaelgatonegro.com\/index.php?rest_route=%2Fwp%2Fv2%2Fproduct_brand&post=20354"},{"taxonomy":"product_cat","embeddable":true,"href":"https:\/\/revistaliterariaelgatonegro.com\/index.php?rest_route=%2Fwp%2Fv2%2Fproduct_cat&post=20354"},{"taxonomy":"product_tag","embeddable":true,"href":"https:\/\/revistaliterariaelgatonegro.com\/index.php?rest_route=%2Fwp%2Fv2%2Fproduct_tag&post=20354"}],"curies":[{"name":"wp","href":"https:\/\/api.w.org\/{rel}","templated":true}]}}