{"id":20353,"date":"2025-05-22T16:13:56","date_gmt":"2025-05-22T16:13:56","guid":{"rendered":"https:\/\/revistaliterariaelgatonegro.com\/?post_type=product&#038;p=20353"},"modified":"2025-05-22T16:13:56","modified_gmt":"2025-05-22T16:13:56","slug":"estrellas-de-ciudad","status":"publish","type":"product","link":"https:\/\/revistaliterariaelgatonegro.com\/?product=estrellas-de-ciudad","title":{"rendered":"ESTRELLAS DE CIUDAD"},"content":{"rendered":"<p>Zora Pavlova, la nueva promesa de Hollywood, tiene un objetivo claro: conseguir el papel que le permitir\u00e1 demostrarle al mundo qu\u00e9 tipo de actriz es en realidad. Con lo que Zora no contaba era con que su pareja, el actor del momento, le pusiera los cuernos delante de medio mundo haciendo que su reputaci\u00f3n peligrara y alej\u00e1ndola de su oportunidad de brillar.<\/p>\n<p>Giovanni Brunelli tiene al alcance de su mano todo lo que cualquier estrella de rock podr\u00eda desear: un contrato con una de las mejores discogr\u00e1ficas de Estados Unidos, una oportunidad para dar el salto definitivo a una fama sin fin, y el atractivo y carisma necesario para dejar huella all\u00e1 donde pase. \u00bfQu\u00e9 lo detiene? Su incapacidad para componer nada que le guste y una reciente espiral de decisiones que no lo est\u00e1n dejando en buen lugar.<\/p>\n<p>Zora y Gio necesitan desesperadamente que su imagen cambie para conseguir aquello que m\u00e1s anhelan y estar\u00e1n dispuestos a lo que sea con tal de hacerlo realidad. Incluso mantener una relaci\u00f3n falsa pactada por sus equipos. \u00bfQu\u00e9 son cuatro meses comparados con la promesa de alcanzar sus sue\u00f1os?<\/p>\n<p>Quiz\u00e1s lo es todo. O quiz\u00e1s no es nada.<\/p>\n","protected":false},"excerpt":{"rendered":"<h3><a href=\"https:\/\/revistaliterariaelgatonegro.com\/hablamos-con-carla-marti\">Carla Mart\u00ed<\/a><\/h3>\n<p>Zora y Gio necesitan desesperadamente que su imagen cambie para conseguir aquello que m\u00e1s anhelan y estar\u00e1n dispuestos a lo que sea con tal de hacerlo realidad<\/p>\n<p><strong>Editorial:<\/strong> Contraluz Editorial<br \/>\n<strong>ISBN:<\/strong> 9788419822413<br \/>\n<strong>Idioma<\/strong>: Castellano<br \/>\n<strong>N\u00famero de p\u00e1ginas:<\/strong> 528<br \/>\n<strong>Encuadernaci\u00f3n:<\/strong> Tapa blanda<\/p>\n<p>&nbsp;<\/p>\n<p><a href=\"https:\/\/tidd.ly\/3Fm57by\" target=\"_blank\" rel=\"noopener\"><button class=\"boton1\">Libro<\/button><\/a> <a href=\"https:\/\/tidd.ly\/4jgo2T1\" target=\"_blank\" rel=\"noopener\"><button class=\"boton1\">eBook<\/button><\/a><\/p>\n","protected":false},"featured_media":18978,"template":"","meta":[],"product_brand":[],"product_cat":[176],"product_tag":[177],"class_list":{"0":"post-20353","1":"product","2":"type-product","3":"status-publish","4":"has-post-thumbnail","6":"product_cat-novela-romantica-erotica","7":"product_tag-novela-romantica","9":"first","10":"instock","11":"sale","12":"taxable","13":"shipping-taxable","14":"product-type-external"},"yoast_head":"<!-- This site is optimized with the Yoast SEO plugin v27.4 - https:\/\/yoast.com\/product\/yoast-seo-wordpress\/ -->\n<title>ESTRELLAS DE CIUDAD - REVISTA CULTURAL<\/title>\n<meta name=\"description\" content=\"Zora y Gio necesitan desesperadamente que su imagen cambie para conseguir aquello que m\u00e1s anhelan y estar\u00e1n dispuestos a lo que sea\" \/>\n<meta name=\"robots\" content=\"index, follow, max-snippet:-1, max-image-preview:large, max-video-preview:-1\" \/>\n<link rel=\"canonical\" href=\"https:\/\/revistaliterariaelgatonegro.com\/producto\/estrellas-de-ciudad\" \/>\n<meta property=\"og:locale\" content=\"es_ES\" \/>\n<meta property=\"og:type\" content=\"article\" \/>\n<meta property=\"og:title\" content=\"ESTRELLAS DE CIUDAD - REVISTA CULTURAL\" \/>\n<meta property=\"og:description\" content=\"Zora y Gio necesitan desesperadamente que su imagen cambie para conseguir aquello que m\u00e1s anhelan y estar\u00e1n dispuestos a lo que sea\" \/>\n<meta property=\"og:url\" content=\"https:\/\/revistaliterariaelgatonegro.com\/producto\/estrellas-de-ciudad\" \/>\n<meta property=\"og:site_name\" content=\"REVISTA CULTURAL\" \/>\n<meta property=\"og:image\" content=\"https:\/\/revistaliterariaelgatonegro.com\/wp-content\/uploads\/2025\/03\/estrellas-de-ciudad.jpg\" \/>\n\t<meta property=\"og:image:width\" content=\"1000\" \/>\n\t<meta property=\"og:image:height\" content=\"1488\" \/>\n\t<meta property=\"og:image:type\" content=\"image\/jpeg\" \/>\n<meta name=\"twitter:card\" content=\"summary_large_image\" \/>\n<meta name=\"twitter:label1\" content=\"Tiempo de lectura\" \/>\n\t<meta name=\"twitter:data1\" content=\"2 minutos\" \/>\n<script type=\"application\/ld+json\" class=\"yoast-schema-graph\">{\"@context\":\"https:\\\/\\\/schema.org\",\"@graph\":[{\"@type\":\"WebPage\",\"@id\":\"https:\\\/\\\/revistaliterariaelgatonegro.com\\\/producto\\\/estrellas-de-ciudad\",\"url\":\"https:\\\/\\\/revistaliterariaelgatonegro.com\\\/producto\\\/estrellas-de-ciudad\",\"name\":\"ESTRELLAS DE CIUDAD - REVISTA CULTURAL\",\"isPartOf\":{\"@id\":\"https:\\\/\\\/revistaliterariaelgatonegro.com\\\/#website\"},\"primaryImageOfPage\":{\"@id\":\"https:\\\/\\\/revistaliterariaelgatonegro.com\\\/producto\\\/estrellas-de-ciudad#primaryimage\"},\"image\":{\"@id\":\"https:\\\/\\\/revistaliterariaelgatonegro.com\\\/producto\\\/estrellas-de-ciudad#primaryimage\"},\"thumbnailUrl\":\"https:\\\/\\\/revistaliterariaelgatonegro.com\\\/wp-content\\\/uploads\\\/2025\\\/03\\\/estrellas-de-ciudad.jpg\",\"datePublished\":\"2025-05-22T16:13:56+00:00\",\"description\":\"Zora y Gio necesitan desesperadamente que su imagen cambie para conseguir aquello que m\u00e1s anhelan y estar\u00e1n dispuestos a lo que sea\",\"breadcrumb\":{\"@id\":\"https:\\\/\\\/revistaliterariaelgatonegro.com\\\/producto\\\/estrellas-de-ciudad#breadcrumb\"},\"inLanguage\":\"es\",\"potentialAction\":[{\"@type\":\"ReadAction\",\"target\":[\"https:\\\/\\\/revistaliterariaelgatonegro.com\\\/producto\\\/estrellas-de-ciudad\"]}]},{\"@type\":\"ImageObject\",\"inLanguage\":\"es\",\"@id\":\"https:\\\/\\\/revistaliterariaelgatonegro.com\\\/producto\\\/estrellas-de-ciudad#primaryimage\",\"url\":\"https:\\\/\\\/revistaliterariaelgatonegro.com\\\/wp-content\\\/uploads\\\/2025\\\/03\\\/estrellas-de-ciudad.jpg\",\"contentUrl\":\"https:\\\/\\\/revistaliterariaelgatonegro.com\\\/wp-content\\\/uploads\\\/2025\\\/03\\\/estrellas-de-ciudad.jpg\",\"width\":1000,\"height\":1488},{\"@type\":\"BreadcrumbList\",\"@id\":\"https:\\\/\\\/revistaliterariaelgatonegro.com\\\/producto\\\/estrellas-de-ciudad#breadcrumb\",\"itemListElement\":[{\"@type\":\"ListItem\",\"position\":1,\"name\":\"Portada\",\"item\":\"https:\\\/\\\/revistaliterariaelgatonegro.com\\\/\"},{\"@type\":\"ListItem\",\"position\":2,\"name\":\"Librer\u00eda\",\"item\":\"https:\\\/\\\/revistaliterariaelgatonegro.com\\\/?page_id=20159\"},{\"@type\":\"ListItem\",\"position\":3,\"name\":\"ESTRELLAS DE CIUDAD\"}]},{\"@type\":\"WebSite\",\"@id\":\"https:\\\/\\\/revistaliterariaelgatonegro.com\\\/#website\",\"url\":\"https:\\\/\\\/revistaliterariaelgatonegro.com\\\/\",\"name\":\"REVISTA CULTURAL\",\"description\":\" Un nuevo espacio para la divulgaci\u00f3n literaria, as\u00ed como dem\u00e1s artes \",\"publisher\":{\"@id\":\"https:\\\/\\\/revistaliterariaelgatonegro.com\\\/#\\\/schema\\\/person\\\/6a37dd51e0f101e394e91c123fd12e8a\"},\"potentialAction\":[{\"@type\":\"SearchAction\",\"target\":{\"@type\":\"EntryPoint\",\"urlTemplate\":\"https:\\\/\\\/revistaliterariaelgatonegro.com\\\/?s={search_term_string}\"},\"query-input\":{\"@type\":\"PropertyValueSpecification\",\"valueRequired\":true,\"valueName\":\"search_term_string\"}}],\"inLanguage\":\"es\"},{\"@type\":[\"Person\",\"Organization\"],\"@id\":\"https:\\\/\\\/revistaliterariaelgatonegro.com\\\/#\\\/schema\\\/person\\\/6a37dd51e0f101e394e91c123fd12e8a\",\"name\":\"administrador\",\"image\":{\"@type\":\"ImageObject\",\"inLanguage\":\"es\",\"@id\":\"https:\\\/\\\/revistaliterariaelgatonegro.com\\\/wp-content\\\/uploads\\\/2025\\\/12\\\/cropped-Logotipo-Logo-Marca-personal-Pastel-Amarillo-12-Photoroom.png\",\"url\":\"https:\\\/\\\/revistaliterariaelgatonegro.com\\\/wp-content\\\/uploads\\\/2025\\\/12\\\/cropped-Logotipo-Logo-Marca-personal-Pastel-Amarillo-12-Photoroom.png\",\"contentUrl\":\"https:\\\/\\\/revistaliterariaelgatonegro.com\\\/wp-content\\\/uploads\\\/2025\\\/12\\\/cropped-Logotipo-Logo-Marca-personal-Pastel-Amarillo-12-Photoroom.png\",\"width\":364,\"height\":212,\"caption\":\"administrador\"},\"logo\":{\"@id\":\"https:\\\/\\\/revistaliterariaelgatonegro.com\\\/wp-content\\\/uploads\\\/2025\\\/12\\\/cropped-Logotipo-Logo-Marca-personal-Pastel-Amarillo-12-Photoroom.png\"},\"sameAs\":[\"http:\\\/\\\/s864831950.mialojamiento.es\"]}]}<\/script>\n<!-- \/ Yoast SEO plugin. -->","yoast_head_json":{"title":"ESTRELLAS DE CIUDAD - REVISTA CULTURAL","description":"Zora y Gio necesitan desesperadamente que su imagen cambie para conseguir aquello que m\u00e1s anhelan y estar\u00e1n dispuestos a lo que sea","robots":{"index":"index","follow":"follow","max-snippet":"max-snippet:-1","max-image-preview":"max-image-preview:large","max-video-preview":"max-video-preview:-1"},"canonical":"https:\/\/revistaliterariaelgatonegro.com\/producto\/estrellas-de-ciudad","og_locale":"es_ES","og_type":"article","og_title":"ESTRELLAS DE CIUDAD - REVISTA CULTURAL","og_description":"Zora y Gio necesitan desesperadamente que su imagen cambie para conseguir aquello que m\u00e1s anhelan y estar\u00e1n dispuestos a lo que sea","og_url":"https:\/\/revistaliterariaelgatonegro.com\/producto\/estrellas-de-ciudad","og_site_name":"REVISTA CULTURAL","og_image":[{"width":1000,"height":1488,"url":"https:\/\/revistaliterariaelgatonegro.com\/wp-content\/uploads\/2025\/03\/estrellas-de-ciudad.jpg","type":"image\/jpeg"}],"twitter_card":"summary_large_image","twitter_misc":{"Tiempo de lectura":"2 minutos"},"schema":{"@context":"https:\/\/schema.org","@graph":[{"@type":"WebPage","@id":"https:\/\/revistaliterariaelgatonegro.com\/producto\/estrellas-de-ciudad","url":"https:\/\/revistaliterariaelgatonegro.com\/producto\/estrellas-de-ciudad","name":"ESTRELLAS DE CIUDAD - REVISTA CULTURAL","isPartOf":{"@id":"https:\/\/revistaliterariaelgatonegro.com\/#website"},"primaryImageOfPage":{"@id":"https:\/\/revistaliterariaelgatonegro.com\/producto\/estrellas-de-ciudad#primaryimage"},"image":{"@id":"https:\/\/revistaliterariaelgatonegro.com\/producto\/estrellas-de-ciudad#primaryimage"},"thumbnailUrl":"https:\/\/revistaliterariaelgatonegro.com\/wp-content\/uploads\/2025\/03\/estrellas-de-ciudad.jpg","datePublished":"2025-05-22T16:13:56+00:00","description":"Zora y Gio necesitan desesperadamente que su imagen cambie para conseguir aquello que m\u00e1s anhelan y estar\u00e1n dispuestos a lo que sea","breadcrumb":{"@id":"https:\/\/revistaliterariaelgatonegro.com\/producto\/estrellas-de-ciudad#breadcrumb"},"inLanguage":"es","potentialAction":[{"@type":"ReadAction","target":["https:\/\/revistaliterariaelgatonegro.com\/producto\/estrellas-de-ciudad"]}]},{"@type":"ImageObject","inLanguage":"es","@id":"https:\/\/revistaliterariaelgatonegro.com\/producto\/estrellas-de-ciudad#primaryimage","url":"https:\/\/revistaliterariaelgatonegro.com\/wp-content\/uploads\/2025\/03\/estrellas-de-ciudad.jpg","contentUrl":"https:\/\/revistaliterariaelgatonegro.com\/wp-content\/uploads\/2025\/03\/estrellas-de-ciudad.jpg","width":1000,"height":1488},{"@type":"BreadcrumbList","@id":"https:\/\/revistaliterariaelgatonegro.com\/producto\/estrellas-de-ciudad#breadcrumb","itemListElement":[{"@type":"ListItem","position":1,"name":"Portada","item":"https:\/\/revistaliterariaelgatonegro.com\/"},{"@type":"ListItem","position":2,"name":"Librer\u00eda","item":"https:\/\/revistaliterariaelgatonegro.com\/?page_id=20159"},{"@type":"ListItem","position":3,"name":"ESTRELLAS DE CIUDAD"}]},{"@type":"WebSite","@id":"https:\/\/revistaliterariaelgatonegro.com\/#website","url":"https:\/\/revistaliterariaelgatonegro.com\/","name":"REVISTA CULTURAL","description":" Un nuevo espacio para la divulgaci\u00f3n literaria, as\u00ed como dem\u00e1s artes ","publisher":{"@id":"https:\/\/revistaliterariaelgatonegro.com\/#\/schema\/person\/6a37dd51e0f101e394e91c123fd12e8a"},"potentialAction":[{"@type":"SearchAction","target":{"@type":"EntryPoint","urlTemplate":"https:\/\/revistaliterariaelgatonegro.com\/?s={search_term_string}"},"query-input":{"@type":"PropertyValueSpecification","valueRequired":true,"valueName":"search_term_string"}}],"inLanguage":"es"},{"@type":["Person","Organization"],"@id":"https:\/\/revistaliterariaelgatonegro.com\/#\/schema\/person\/6a37dd51e0f101e394e91c123fd12e8a","name":"administrador","image":{"@type":"ImageObject","inLanguage":"es","@id":"https:\/\/revistaliterariaelgatonegro.com\/wp-content\/uploads\/2025\/12\/cropped-Logotipo-Logo-Marca-personal-Pastel-Amarillo-12-Photoroom.png","url":"https:\/\/revistaliterariaelgatonegro.com\/wp-content\/uploads\/2025\/12\/cropped-Logotipo-Logo-Marca-personal-Pastel-Amarillo-12-Photoroom.png","contentUrl":"https:\/\/revistaliterariaelgatonegro.com\/wp-content\/uploads\/2025\/12\/cropped-Logotipo-Logo-Marca-personal-Pastel-Amarillo-12-Photoroom.png","width":364,"height":212,"caption":"administrador"},"logo":{"@id":"https:\/\/revistaliterariaelgatonegro.com\/wp-content\/uploads\/2025\/12\/cropped-Logotipo-Logo-Marca-personal-Pastel-Amarillo-12-Photoroom.png"},"sameAs":["http:\/\/s864831950.mialojamiento.es"]}]}},"_links":{"self":[{"href":"https:\/\/revistaliterariaelgatonegro.com\/index.php?rest_route=\/wp\/v2\/product\/20353","targetHints":{"allow":["GET"]}}],"collection":[{"href":"https:\/\/revistaliterariaelgatonegro.com\/index.php?rest_route=\/wp\/v2\/product"}],"about":[{"href":"https:\/\/revistaliterariaelgatonegro.com\/index.php?rest_route=\/wp\/v2\/types\/product"}],"wp:featuredmedia":[{"embeddable":true,"href":"https:\/\/revistaliterariaelgatonegro.com\/index.php?rest_route=\/wp\/v2\/media\/18978"}],"wp:attachment":[{"href":"https:\/\/revistaliterariaelgatonegro.com\/index.php?rest_route=%2Fwp%2Fv2%2Fmedia&parent=20353"}],"wp:term":[{"taxonomy":"product_brand","embeddable":true,"href":"https:\/\/revistaliterariaelgatonegro.com\/index.php?rest_route=%2Fwp%2Fv2%2Fproduct_brand&post=20353"},{"taxonomy":"product_cat","embeddable":true,"href":"https:\/\/revistaliterariaelgatonegro.com\/index.php?rest_route=%2Fwp%2Fv2%2Fproduct_cat&post=20353"},{"taxonomy":"product_tag","embeddable":true,"href":"https:\/\/revistaliterariaelgatonegro.com\/index.php?rest_route=%2Fwp%2Fv2%2Fproduct_tag&post=20353"}],"curies":[{"name":"wp","href":"https:\/\/api.w.org\/{rel}","templated":true}]}}