{"id":20350,"date":"2025-05-22T15:37:04","date_gmt":"2025-05-22T15:37:04","guid":{"rendered":"https:\/\/revistaliterariaelgatonegro.com\/?post_type=product&#038;p=20350"},"modified":"2025-05-22T15:37:04","modified_gmt":"2025-05-22T15:37:04","slug":"caida-libre","status":"publish","type":"product","link":"https:\/\/revistaliterariaelgatonegro.com\/?product=caida-libre","title":{"rendered":"CA\u00cdDA LIBRE"},"content":{"rendered":"<p>Scarlett Vandermeer nada a contracorriente. Est\u00e1 cursando tercero en la Universidad de Stanford y su especialidad es el salto de trampol\u00edn. Prefiere pasar desapercibida para poder concentrarse en ingresar en la Facultad de Medicina y en recuperarse de la lesi\u00f3n que estuvo a punto de acabar con su carrera. No tiene tiempo para relaciones, o al menos eso es lo que se dice a s\u00ed misma.<\/p>\n<p>Lukas Blomqvist, capit\u00e1n de nataci\u00f3n, campe\u00f3n del mundo y el chico de oro de todo lo que tenga que ver con el agua, adora la disciplina. Gracias a su capacidad para centrarse plenamente en cada brazada, bate r\u00e9cords y gana medallas de oro. A primera vista, Lukas y Scarlett no tienen nada en com\u00fan. Hasta que un secreto bien guardado sale a la luz y lo cambia todo.<\/p>\n<p>Entonces llegan a un acuerdo. Y, a medida que se incrementa la tensi\u00f3n por la llegada de los Juegos Ol\u00edmpicos, tambi\u00e9n aumenta la tensi\u00f3n entre ellos. Se supon\u00eda que lo suyo solo iba a ser algo sexual, temporal y mutuamente placentero. Sin embargo, al darse cuenta de que le es imposible mantenerse alejada de Lukas, Scarlett comprende que quiz\u00e1 su coraz\u00f3n se est\u00e9 adentrando en aguas peligrosas&#8230;<\/p>\n","protected":false},"excerpt":{"rendered":"<h3>Ali Hazelwood<\/h3>\n<p>Un nadador de competici\u00f3n y una saltadora de trampol\u00edn experta se adentran en aguas prohibidas en este ardiente romance universitario de la autora de La hip\u00f3tesis del amor<\/p>\n<p><strong>Editorial:<\/strong> Contraluz Editorial<br \/>\n<strong>ISBN: <\/strong>9788419822543<br \/>\n<strong>Idioma:<\/strong> Castellano<br \/>\n<strong>N\u00famero de p\u00e1ginas:<\/strong> 628<br \/>\n<strong>Encuadernaci\u00f3n:<\/strong> Tapa blanda<\/p>\n<p><a href=\"https:\/\/tidd.ly\/3SjjoZs\" target=\"_blank\" rel=\"noopener\"><button class=\"boton1\">Libro<\/button><\/a> <a href=\"https:\/\/tidd.ly\/43D5tnr\" target=\"_blank\" rel=\"noopener\"><button class=\"boton1\">eBook<\/button><\/a><\/p>\n","protected":false},"featured_media":19078,"template":"","meta":[],"product_brand":[],"product_cat":[176],"product_tag":[177],"class_list":{"0":"post-20350","1":"product","2":"type-product","3":"status-publish","4":"has-post-thumbnail","6":"product_cat-novela-romantica-erotica","7":"product_tag-novela-romantica","9":"first","10":"instock","11":"sale","12":"taxable","13":"shipping-taxable","14":"product-type-external"},"yoast_head":"<!-- This site is optimized with the Yoast SEO plugin v27.4 - https:\/\/yoast.com\/product\/yoast-seo-wordpress\/ -->\n<title>CA\u00cdDA LIBRE - REVISTA CULTURAL<\/title>\n<meta name=\"description\" content=\"Un nadador de competici\u00f3n y una saltadora de trampol\u00edn experta se adentran en aguas prohibidas\" \/>\n<meta name=\"robots\" content=\"index, follow, max-snippet:-1, max-image-preview:large, max-video-preview:-1\" \/>\n<link rel=\"canonical\" href=\"https:\/\/revistaliterariaelgatonegro.com\/producto\/caida-libre\" \/>\n<meta property=\"og:locale\" content=\"es_ES\" \/>\n<meta property=\"og:type\" content=\"article\" \/>\n<meta property=\"og:title\" content=\"CA\u00cdDA LIBRE - REVISTA CULTURAL\" \/>\n<meta property=\"og:description\" content=\"Un nadador de competici\u00f3n y una saltadora de trampol\u00edn experta se adentran en aguas prohibidas\" \/>\n<meta property=\"og:url\" content=\"https:\/\/revistaliterariaelgatonegro.com\/producto\/caida-libre\" \/>\n<meta property=\"og:site_name\" content=\"REVISTA CULTURAL\" \/>\n<meta property=\"og:image\" content=\"https:\/\/revistaliterariaelgatonegro.com\/wp-content\/uploads\/2025\/03\/caida-libre.jpg\" \/>\n\t<meta property=\"og:image:width\" content=\"1000\" \/>\n\t<meta property=\"og:image:height\" content=\"1465\" \/>\n\t<meta property=\"og:image:type\" content=\"image\/jpeg\" \/>\n<meta name=\"twitter:card\" content=\"summary_large_image\" \/>\n<meta name=\"twitter:label1\" content=\"Tiempo de lectura\" \/>\n\t<meta name=\"twitter:data1\" content=\"2 minutos\" \/>\n<script type=\"application\/ld+json\" class=\"yoast-schema-graph\">{\"@context\":\"https:\\\/\\\/schema.org\",\"@graph\":[{\"@type\":\"WebPage\",\"@id\":\"https:\\\/\\\/revistaliterariaelgatonegro.com\\\/producto\\\/caida-libre\",\"url\":\"https:\\\/\\\/revistaliterariaelgatonegro.com\\\/producto\\\/caida-libre\",\"name\":\"CA\u00cdDA LIBRE - REVISTA CULTURAL\",\"isPartOf\":{\"@id\":\"https:\\\/\\\/revistaliterariaelgatonegro.com\\\/#website\"},\"primaryImageOfPage\":{\"@id\":\"https:\\\/\\\/revistaliterariaelgatonegro.com\\\/producto\\\/caida-libre#primaryimage\"},\"image\":{\"@id\":\"https:\\\/\\\/revistaliterariaelgatonegro.com\\\/producto\\\/caida-libre#primaryimage\"},\"thumbnailUrl\":\"https:\\\/\\\/revistaliterariaelgatonegro.com\\\/wp-content\\\/uploads\\\/2025\\\/03\\\/caida-libre.jpg\",\"datePublished\":\"2025-05-22T15:37:04+00:00\",\"description\":\"Un nadador de competici\u00f3n y una saltadora de trampol\u00edn experta se adentran en aguas prohibidas\",\"breadcrumb\":{\"@id\":\"https:\\\/\\\/revistaliterariaelgatonegro.com\\\/producto\\\/caida-libre#breadcrumb\"},\"inLanguage\":\"es\",\"potentialAction\":[{\"@type\":\"ReadAction\",\"target\":[\"https:\\\/\\\/revistaliterariaelgatonegro.com\\\/producto\\\/caida-libre\"]}]},{\"@type\":\"ImageObject\",\"inLanguage\":\"es\",\"@id\":\"https:\\\/\\\/revistaliterariaelgatonegro.com\\\/producto\\\/caida-libre#primaryimage\",\"url\":\"https:\\\/\\\/revistaliterariaelgatonegro.com\\\/wp-content\\\/uploads\\\/2025\\\/03\\\/caida-libre.jpg\",\"contentUrl\":\"https:\\\/\\\/revistaliterariaelgatonegro.com\\\/wp-content\\\/uploads\\\/2025\\\/03\\\/caida-libre.jpg\",\"width\":1000,\"height\":1465},{\"@type\":\"BreadcrumbList\",\"@id\":\"https:\\\/\\\/revistaliterariaelgatonegro.com\\\/producto\\\/caida-libre#breadcrumb\",\"itemListElement\":[{\"@type\":\"ListItem\",\"position\":1,\"name\":\"Portada\",\"item\":\"https:\\\/\\\/revistaliterariaelgatonegro.com\\\/\"},{\"@type\":\"ListItem\",\"position\":2,\"name\":\"Librer\u00eda\",\"item\":\"https:\\\/\\\/revistaliterariaelgatonegro.com\\\/?page_id=20159\"},{\"@type\":\"ListItem\",\"position\":3,\"name\":\"CA\u00cdDA LIBRE\"}]},{\"@type\":\"WebSite\",\"@id\":\"https:\\\/\\\/revistaliterariaelgatonegro.com\\\/#website\",\"url\":\"https:\\\/\\\/revistaliterariaelgatonegro.com\\\/\",\"name\":\"REVISTA CULTURAL\",\"description\":\" Un nuevo espacio para la divulgaci\u00f3n literaria, as\u00ed como dem\u00e1s artes \",\"publisher\":{\"@id\":\"https:\\\/\\\/revistaliterariaelgatonegro.com\\\/#\\\/schema\\\/person\\\/6a37dd51e0f101e394e91c123fd12e8a\"},\"potentialAction\":[{\"@type\":\"SearchAction\",\"target\":{\"@type\":\"EntryPoint\",\"urlTemplate\":\"https:\\\/\\\/revistaliterariaelgatonegro.com\\\/?s={search_term_string}\"},\"query-input\":{\"@type\":\"PropertyValueSpecification\",\"valueRequired\":true,\"valueName\":\"search_term_string\"}}],\"inLanguage\":\"es\"},{\"@type\":[\"Person\",\"Organization\"],\"@id\":\"https:\\\/\\\/revistaliterariaelgatonegro.com\\\/#\\\/schema\\\/person\\\/6a37dd51e0f101e394e91c123fd12e8a\",\"name\":\"administrador\",\"image\":{\"@type\":\"ImageObject\",\"inLanguage\":\"es\",\"@id\":\"https:\\\/\\\/revistaliterariaelgatonegro.com\\\/wp-content\\\/uploads\\\/2025\\\/12\\\/cropped-Logotipo-Logo-Marca-personal-Pastel-Amarillo-12-Photoroom.png\",\"url\":\"https:\\\/\\\/revistaliterariaelgatonegro.com\\\/wp-content\\\/uploads\\\/2025\\\/12\\\/cropped-Logotipo-Logo-Marca-personal-Pastel-Amarillo-12-Photoroom.png\",\"contentUrl\":\"https:\\\/\\\/revistaliterariaelgatonegro.com\\\/wp-content\\\/uploads\\\/2025\\\/12\\\/cropped-Logotipo-Logo-Marca-personal-Pastel-Amarillo-12-Photoroom.png\",\"width\":364,\"height\":212,\"caption\":\"administrador\"},\"logo\":{\"@id\":\"https:\\\/\\\/revistaliterariaelgatonegro.com\\\/wp-content\\\/uploads\\\/2025\\\/12\\\/cropped-Logotipo-Logo-Marca-personal-Pastel-Amarillo-12-Photoroom.png\"},\"sameAs\":[\"http:\\\/\\\/s864831950.mialojamiento.es\"]}]}<\/script>\n<!-- \/ Yoast SEO plugin. -->","yoast_head_json":{"title":"CA\u00cdDA LIBRE - REVISTA CULTURAL","description":"Un nadador de competici\u00f3n y una saltadora de trampol\u00edn experta se adentran en aguas prohibidas","robots":{"index":"index","follow":"follow","max-snippet":"max-snippet:-1","max-image-preview":"max-image-preview:large","max-video-preview":"max-video-preview:-1"},"canonical":"https:\/\/revistaliterariaelgatonegro.com\/producto\/caida-libre","og_locale":"es_ES","og_type":"article","og_title":"CA\u00cdDA LIBRE - REVISTA CULTURAL","og_description":"Un nadador de competici\u00f3n y una saltadora de trampol\u00edn experta se adentran en aguas prohibidas","og_url":"https:\/\/revistaliterariaelgatonegro.com\/producto\/caida-libre","og_site_name":"REVISTA CULTURAL","og_image":[{"width":1000,"height":1465,"url":"https:\/\/revistaliterariaelgatonegro.com\/wp-content\/uploads\/2025\/03\/caida-libre.jpg","type":"image\/jpeg"}],"twitter_card":"summary_large_image","twitter_misc":{"Tiempo de lectura":"2 minutos"},"schema":{"@context":"https:\/\/schema.org","@graph":[{"@type":"WebPage","@id":"https:\/\/revistaliterariaelgatonegro.com\/producto\/caida-libre","url":"https:\/\/revistaliterariaelgatonegro.com\/producto\/caida-libre","name":"CA\u00cdDA LIBRE - REVISTA CULTURAL","isPartOf":{"@id":"https:\/\/revistaliterariaelgatonegro.com\/#website"},"primaryImageOfPage":{"@id":"https:\/\/revistaliterariaelgatonegro.com\/producto\/caida-libre#primaryimage"},"image":{"@id":"https:\/\/revistaliterariaelgatonegro.com\/producto\/caida-libre#primaryimage"},"thumbnailUrl":"https:\/\/revistaliterariaelgatonegro.com\/wp-content\/uploads\/2025\/03\/caida-libre.jpg","datePublished":"2025-05-22T15:37:04+00:00","description":"Un nadador de competici\u00f3n y una saltadora de trampol\u00edn experta se adentran en aguas prohibidas","breadcrumb":{"@id":"https:\/\/revistaliterariaelgatonegro.com\/producto\/caida-libre#breadcrumb"},"inLanguage":"es","potentialAction":[{"@type":"ReadAction","target":["https:\/\/revistaliterariaelgatonegro.com\/producto\/caida-libre"]}]},{"@type":"ImageObject","inLanguage":"es","@id":"https:\/\/revistaliterariaelgatonegro.com\/producto\/caida-libre#primaryimage","url":"https:\/\/revistaliterariaelgatonegro.com\/wp-content\/uploads\/2025\/03\/caida-libre.jpg","contentUrl":"https:\/\/revistaliterariaelgatonegro.com\/wp-content\/uploads\/2025\/03\/caida-libre.jpg","width":1000,"height":1465},{"@type":"BreadcrumbList","@id":"https:\/\/revistaliterariaelgatonegro.com\/producto\/caida-libre#breadcrumb","itemListElement":[{"@type":"ListItem","position":1,"name":"Portada","item":"https:\/\/revistaliterariaelgatonegro.com\/"},{"@type":"ListItem","position":2,"name":"Librer\u00eda","item":"https:\/\/revistaliterariaelgatonegro.com\/?page_id=20159"},{"@type":"ListItem","position":3,"name":"CA\u00cdDA LIBRE"}]},{"@type":"WebSite","@id":"https:\/\/revistaliterariaelgatonegro.com\/#website","url":"https:\/\/revistaliterariaelgatonegro.com\/","name":"REVISTA CULTURAL","description":" Un nuevo espacio para la divulgaci\u00f3n literaria, as\u00ed como dem\u00e1s artes ","publisher":{"@id":"https:\/\/revistaliterariaelgatonegro.com\/#\/schema\/person\/6a37dd51e0f101e394e91c123fd12e8a"},"potentialAction":[{"@type":"SearchAction","target":{"@type":"EntryPoint","urlTemplate":"https:\/\/revistaliterariaelgatonegro.com\/?s={search_term_string}"},"query-input":{"@type":"PropertyValueSpecification","valueRequired":true,"valueName":"search_term_string"}}],"inLanguage":"es"},{"@type":["Person","Organization"],"@id":"https:\/\/revistaliterariaelgatonegro.com\/#\/schema\/person\/6a37dd51e0f101e394e91c123fd12e8a","name":"administrador","image":{"@type":"ImageObject","inLanguage":"es","@id":"https:\/\/revistaliterariaelgatonegro.com\/wp-content\/uploads\/2025\/12\/cropped-Logotipo-Logo-Marca-personal-Pastel-Amarillo-12-Photoroom.png","url":"https:\/\/revistaliterariaelgatonegro.com\/wp-content\/uploads\/2025\/12\/cropped-Logotipo-Logo-Marca-personal-Pastel-Amarillo-12-Photoroom.png","contentUrl":"https:\/\/revistaliterariaelgatonegro.com\/wp-content\/uploads\/2025\/12\/cropped-Logotipo-Logo-Marca-personal-Pastel-Amarillo-12-Photoroom.png","width":364,"height":212,"caption":"administrador"},"logo":{"@id":"https:\/\/revistaliterariaelgatonegro.com\/wp-content\/uploads\/2025\/12\/cropped-Logotipo-Logo-Marca-personal-Pastel-Amarillo-12-Photoroom.png"},"sameAs":["http:\/\/s864831950.mialojamiento.es"]}]}},"_links":{"self":[{"href":"https:\/\/revistaliterariaelgatonegro.com\/index.php?rest_route=\/wp\/v2\/product\/20350","targetHints":{"allow":["GET"]}}],"collection":[{"href":"https:\/\/revistaliterariaelgatonegro.com\/index.php?rest_route=\/wp\/v2\/product"}],"about":[{"href":"https:\/\/revistaliterariaelgatonegro.com\/index.php?rest_route=\/wp\/v2\/types\/product"}],"wp:featuredmedia":[{"embeddable":true,"href":"https:\/\/revistaliterariaelgatonegro.com\/index.php?rest_route=\/wp\/v2\/media\/19078"}],"wp:attachment":[{"href":"https:\/\/revistaliterariaelgatonegro.com\/index.php?rest_route=%2Fwp%2Fv2%2Fmedia&parent=20350"}],"wp:term":[{"taxonomy":"product_brand","embeddable":true,"href":"https:\/\/revistaliterariaelgatonegro.com\/index.php?rest_route=%2Fwp%2Fv2%2Fproduct_brand&post=20350"},{"taxonomy":"product_cat","embeddable":true,"href":"https:\/\/revistaliterariaelgatonegro.com\/index.php?rest_route=%2Fwp%2Fv2%2Fproduct_cat&post=20350"},{"taxonomy":"product_tag","embeddable":true,"href":"https:\/\/revistaliterariaelgatonegro.com\/index.php?rest_route=%2Fwp%2Fv2%2Fproduct_tag&post=20350"}],"curies":[{"name":"wp","href":"https:\/\/api.w.org\/{rel}","templated":true}]}}