{"id":20349,"date":"2025-05-23T01:08:38","date_gmt":"2025-05-23T01:08:38","guid":{"rendered":"https:\/\/revistaliterariaelgatonegro.com\/?post_type=product&#038;p=20349"},"modified":"2025-05-23T01:08:38","modified_gmt":"2025-05-23T01:08:38","slug":"las-mil-y-una-historias-de-a-j-fikry","status":"publish","type":"product","link":"https:\/\/revistaliterariaelgatonegro.com\/?product=las-mil-y-una-historias-de-a-j-fikry","title":{"rendered":"LAS MIL Y UNA HISTORIAS DE A. J. FIKRY"},"content":{"rendered":"<p>La vida de A. J. Fikry no es en absoluto lo que el esperaba. Su librer\u00eda est\u00e1 al borde de la quiebra, ha perdido a su mujer y, para colmo, le han robado enfrente de sus narices su posesi\u00f3n m\u00e1s preciada: una primera edici\u00f3n de una rara colecci\u00f3n de poemas de Edgar Allan Poe.<\/p>\n<p>Ha llegado a un punto en el que se ha dado por vencido con la gente, y los libros, en lugar de ofrecer consuelo, se han convertido en un recordatorio m\u00e1s de un mundo que cambia demasiado deprisa. Pero una noche su vida se transforma de repente cuando se encuentra a una ni\u00f1a de dos a\u00f1os sola en la secci\u00f3n infantil. No hay rastro de su madre, solo una nota que dice: \u00abQuiero que Maya crezca en un lugar con libros y entre gente que se preocupe por ese tipo de cosas. La quiero mucho, pero ya no puedo cuidar de ella\u00bb.<\/p>\n<p>La b\u00fasqueda de la madre de Maya, del libro robado de A. J. y de consejos sobre el cuidado de ni\u00f1os no se hace esperar, y la gente del pueblo no tarda en darse cuenta de la transformaci\u00f3n de la librer\u00eda y de su propietario, algo que interesa especialmente a la encantadora y exc\u00e9ntrica representante de ventas de Knightley Press, Amelia Loman, que hace el arduo viaje a Alice Island tres veces al a\u00f1o para presentar sus libros al malhumorado propietario.<\/p>\n","protected":false},"excerpt":{"rendered":"<h3>Gabrielle Zevin<\/h3>\n<p><span data-huuid=\"6094698881058636814\">U<\/span><span data-huuid=\"6094698881058636039\">na novela conmovedora, divertida, llena de coraz\u00f3n y que celebrar el amor por los libros<\/span><\/p>\n<p><strong>Editorial:<\/strong> Adn Editorial Grupo Anaya<br \/>\n<strong>ISBN:<\/strong> 9788410138865<br \/>\n<strong>Idioma:<\/strong> Castellano<br \/>\n<strong>N\u00famero de p\u00e1ginas:<\/strong> 256<br \/>\n<strong>Encuadernaci\u00f3n:<\/strong> Tapa blanda<\/p>\n<p>&nbsp;<\/p>\n<p><a href=\"https:\/\/tidd.ly\/44PVFaQ\" target=\"_blank\" rel=\"noopener\"><button class=\"boton1\">Libro<\/button><\/a> <a href=\"https:\/\/tidd.ly\/4mATa2D\" target=\"_blank\" rel=\"noopener\"><button class=\"boton1\">eBook<\/button><\/a><\/p>\n","protected":false},"featured_media":19102,"template":"","meta":[],"product_brand":[],"product_cat":[159],"product_tag":[161],"class_list":{"0":"post-20349","1":"product","2":"type-product","3":"status-publish","4":"has-post-thumbnail","6":"product_cat-novela-contemporanea","7":"product_tag-narrativa-extranjera","9":"first","10":"instock","11":"sale","12":"taxable","13":"shipping-taxable","14":"product-type-external"},"yoast_head":"<!-- This site is optimized with the Yoast SEO plugin v27.4 - https:\/\/yoast.com\/product\/yoast-seo-wordpress\/ -->\n<title>LAS MIL Y UNA HISTORIAS DE A. J. FIKRY - REVISTA CULTURAL<\/title>\n<meta name=\"description\" content=\"Una novela conmovedora, divertida, llena de coraz\u00f3n y que celebrar el amor por los libros\" \/>\n<meta name=\"robots\" content=\"index, follow, max-snippet:-1, max-image-preview:large, max-video-preview:-1\" \/>\n<link rel=\"canonical\" href=\"https:\/\/revistaliterariaelgatonegro.com\/producto\/las-mil-y-una-historias-de-a-j-fikry\" \/>\n<meta property=\"og:locale\" content=\"es_ES\" \/>\n<meta property=\"og:type\" content=\"article\" \/>\n<meta property=\"og:title\" content=\"LAS MIL Y UNA HISTORIAS DE A. J. FIKRY - REVISTA CULTURAL\" \/>\n<meta property=\"og:description\" content=\"Una novela conmovedora, divertida, llena de coraz\u00f3n y que celebrar el amor por los libros\" \/>\n<meta property=\"og:url\" content=\"https:\/\/revistaliterariaelgatonegro.com\/producto\/las-mil-y-una-historias-de-a-j-fikry\" \/>\n<meta property=\"og:site_name\" content=\"REVISTA CULTURAL\" \/>\n<meta property=\"og:image\" content=\"https:\/\/revistaliterariaelgatonegro.com\/wp-content\/uploads\/2025\/03\/AdN-Zevin-Firky.jpg\" \/>\n\t<meta property=\"og:image:width\" content=\"1272\" \/>\n\t<meta property=\"og:image:height\" content=\"1819\" \/>\n\t<meta property=\"og:image:type\" content=\"image\/jpeg\" \/>\n<meta name=\"twitter:card\" content=\"summary_large_image\" \/>\n<meta name=\"twitter:label1\" content=\"Tiempo de lectura\" \/>\n\t<meta name=\"twitter:data1\" content=\"2 minutos\" \/>\n<script type=\"application\/ld+json\" class=\"yoast-schema-graph\">{\"@context\":\"https:\\\/\\\/schema.org\",\"@graph\":[{\"@type\":\"WebPage\",\"@id\":\"https:\\\/\\\/revistaliterariaelgatonegro.com\\\/producto\\\/las-mil-y-una-historias-de-a-j-fikry\",\"url\":\"https:\\\/\\\/revistaliterariaelgatonegro.com\\\/producto\\\/las-mil-y-una-historias-de-a-j-fikry\",\"name\":\"LAS MIL Y UNA HISTORIAS DE A. J. FIKRY - REVISTA CULTURAL\",\"isPartOf\":{\"@id\":\"https:\\\/\\\/revistaliterariaelgatonegro.com\\\/#website\"},\"primaryImageOfPage\":{\"@id\":\"https:\\\/\\\/revistaliterariaelgatonegro.com\\\/producto\\\/las-mil-y-una-historias-de-a-j-fikry#primaryimage\"},\"image\":{\"@id\":\"https:\\\/\\\/revistaliterariaelgatonegro.com\\\/producto\\\/las-mil-y-una-historias-de-a-j-fikry#primaryimage\"},\"thumbnailUrl\":\"https:\\\/\\\/revistaliterariaelgatonegro.com\\\/wp-content\\\/uploads\\\/2025\\\/03\\\/AdN-Zevin-Firky.jpg\",\"datePublished\":\"2025-05-23T01:08:38+00:00\",\"description\":\"Una novela conmovedora, divertida, llena de coraz\u00f3n y que celebrar el amor por los libros\",\"breadcrumb\":{\"@id\":\"https:\\\/\\\/revistaliterariaelgatonegro.com\\\/producto\\\/las-mil-y-una-historias-de-a-j-fikry#breadcrumb\"},\"inLanguage\":\"es\",\"potentialAction\":[{\"@type\":\"ReadAction\",\"target\":[\"https:\\\/\\\/revistaliterariaelgatonegro.com\\\/producto\\\/las-mil-y-una-historias-de-a-j-fikry\"]}]},{\"@type\":\"ImageObject\",\"inLanguage\":\"es\",\"@id\":\"https:\\\/\\\/revistaliterariaelgatonegro.com\\\/producto\\\/las-mil-y-una-historias-de-a-j-fikry#primaryimage\",\"url\":\"https:\\\/\\\/revistaliterariaelgatonegro.com\\\/wp-content\\\/uploads\\\/2025\\\/03\\\/AdN-Zevin-Firky.jpg\",\"contentUrl\":\"https:\\\/\\\/revistaliterariaelgatonegro.com\\\/wp-content\\\/uploads\\\/2025\\\/03\\\/AdN-Zevin-Firky.jpg\",\"width\":1272,\"height\":1819},{\"@type\":\"BreadcrumbList\",\"@id\":\"https:\\\/\\\/revistaliterariaelgatonegro.com\\\/producto\\\/las-mil-y-una-historias-de-a-j-fikry#breadcrumb\",\"itemListElement\":[{\"@type\":\"ListItem\",\"position\":1,\"name\":\"Portada\",\"item\":\"https:\\\/\\\/revistaliterariaelgatonegro.com\\\/\"},{\"@type\":\"ListItem\",\"position\":2,\"name\":\"Librer\u00eda\",\"item\":\"https:\\\/\\\/revistaliterariaelgatonegro.com\\\/?page_id=20159\"},{\"@type\":\"ListItem\",\"position\":3,\"name\":\"LAS MIL Y UNA HISTORIAS DE A. J. FIKRY\"}]},{\"@type\":\"WebSite\",\"@id\":\"https:\\\/\\\/revistaliterariaelgatonegro.com\\\/#website\",\"url\":\"https:\\\/\\\/revistaliterariaelgatonegro.com\\\/\",\"name\":\"REVISTA CULTURAL\",\"description\":\" Un nuevo espacio para la divulgaci\u00f3n literaria, as\u00ed como dem\u00e1s artes \",\"publisher\":{\"@id\":\"https:\\\/\\\/revistaliterariaelgatonegro.com\\\/#\\\/schema\\\/person\\\/6a37dd51e0f101e394e91c123fd12e8a\"},\"potentialAction\":[{\"@type\":\"SearchAction\",\"target\":{\"@type\":\"EntryPoint\",\"urlTemplate\":\"https:\\\/\\\/revistaliterariaelgatonegro.com\\\/?s={search_term_string}\"},\"query-input\":{\"@type\":\"PropertyValueSpecification\",\"valueRequired\":true,\"valueName\":\"search_term_string\"}}],\"inLanguage\":\"es\"},{\"@type\":[\"Person\",\"Organization\"],\"@id\":\"https:\\\/\\\/revistaliterariaelgatonegro.com\\\/#\\\/schema\\\/person\\\/6a37dd51e0f101e394e91c123fd12e8a\",\"name\":\"administrador\",\"image\":{\"@type\":\"ImageObject\",\"inLanguage\":\"es\",\"@id\":\"https:\\\/\\\/revistaliterariaelgatonegro.com\\\/wp-content\\\/uploads\\\/2025\\\/12\\\/cropped-Logotipo-Logo-Marca-personal-Pastel-Amarillo-12-Photoroom.png\",\"url\":\"https:\\\/\\\/revistaliterariaelgatonegro.com\\\/wp-content\\\/uploads\\\/2025\\\/12\\\/cropped-Logotipo-Logo-Marca-personal-Pastel-Amarillo-12-Photoroom.png\",\"contentUrl\":\"https:\\\/\\\/revistaliterariaelgatonegro.com\\\/wp-content\\\/uploads\\\/2025\\\/12\\\/cropped-Logotipo-Logo-Marca-personal-Pastel-Amarillo-12-Photoroom.png\",\"width\":364,\"height\":212,\"caption\":\"administrador\"},\"logo\":{\"@id\":\"https:\\\/\\\/revistaliterariaelgatonegro.com\\\/wp-content\\\/uploads\\\/2025\\\/12\\\/cropped-Logotipo-Logo-Marca-personal-Pastel-Amarillo-12-Photoroom.png\"},\"sameAs\":[\"http:\\\/\\\/s864831950.mialojamiento.es\"]}]}<\/script>\n<!-- \/ Yoast SEO plugin. -->","yoast_head_json":{"title":"LAS MIL Y UNA HISTORIAS DE A. J. FIKRY - REVISTA CULTURAL","description":"Una novela conmovedora, divertida, llena de coraz\u00f3n y que celebrar el amor por los libros","robots":{"index":"index","follow":"follow","max-snippet":"max-snippet:-1","max-image-preview":"max-image-preview:large","max-video-preview":"max-video-preview:-1"},"canonical":"https:\/\/revistaliterariaelgatonegro.com\/producto\/las-mil-y-una-historias-de-a-j-fikry","og_locale":"es_ES","og_type":"article","og_title":"LAS MIL Y UNA HISTORIAS DE A. J. FIKRY - REVISTA CULTURAL","og_description":"Una novela conmovedora, divertida, llena de coraz\u00f3n y que celebrar el amor por los libros","og_url":"https:\/\/revistaliterariaelgatonegro.com\/producto\/las-mil-y-una-historias-de-a-j-fikry","og_site_name":"REVISTA CULTURAL","og_image":[{"width":1272,"height":1819,"url":"https:\/\/revistaliterariaelgatonegro.com\/wp-content\/uploads\/2025\/03\/AdN-Zevin-Firky.jpg","type":"image\/jpeg"}],"twitter_card":"summary_large_image","twitter_misc":{"Tiempo de lectura":"2 minutos"},"schema":{"@context":"https:\/\/schema.org","@graph":[{"@type":"WebPage","@id":"https:\/\/revistaliterariaelgatonegro.com\/producto\/las-mil-y-una-historias-de-a-j-fikry","url":"https:\/\/revistaliterariaelgatonegro.com\/producto\/las-mil-y-una-historias-de-a-j-fikry","name":"LAS MIL Y UNA HISTORIAS DE A. J. FIKRY - REVISTA CULTURAL","isPartOf":{"@id":"https:\/\/revistaliterariaelgatonegro.com\/#website"},"primaryImageOfPage":{"@id":"https:\/\/revistaliterariaelgatonegro.com\/producto\/las-mil-y-una-historias-de-a-j-fikry#primaryimage"},"image":{"@id":"https:\/\/revistaliterariaelgatonegro.com\/producto\/las-mil-y-una-historias-de-a-j-fikry#primaryimage"},"thumbnailUrl":"https:\/\/revistaliterariaelgatonegro.com\/wp-content\/uploads\/2025\/03\/AdN-Zevin-Firky.jpg","datePublished":"2025-05-23T01:08:38+00:00","description":"Una novela conmovedora, divertida, llena de coraz\u00f3n y que celebrar el amor por los libros","breadcrumb":{"@id":"https:\/\/revistaliterariaelgatonegro.com\/producto\/las-mil-y-una-historias-de-a-j-fikry#breadcrumb"},"inLanguage":"es","potentialAction":[{"@type":"ReadAction","target":["https:\/\/revistaliterariaelgatonegro.com\/producto\/las-mil-y-una-historias-de-a-j-fikry"]}]},{"@type":"ImageObject","inLanguage":"es","@id":"https:\/\/revistaliterariaelgatonegro.com\/producto\/las-mil-y-una-historias-de-a-j-fikry#primaryimage","url":"https:\/\/revistaliterariaelgatonegro.com\/wp-content\/uploads\/2025\/03\/AdN-Zevin-Firky.jpg","contentUrl":"https:\/\/revistaliterariaelgatonegro.com\/wp-content\/uploads\/2025\/03\/AdN-Zevin-Firky.jpg","width":1272,"height":1819},{"@type":"BreadcrumbList","@id":"https:\/\/revistaliterariaelgatonegro.com\/producto\/las-mil-y-una-historias-de-a-j-fikry#breadcrumb","itemListElement":[{"@type":"ListItem","position":1,"name":"Portada","item":"https:\/\/revistaliterariaelgatonegro.com\/"},{"@type":"ListItem","position":2,"name":"Librer\u00eda","item":"https:\/\/revistaliterariaelgatonegro.com\/?page_id=20159"},{"@type":"ListItem","position":3,"name":"LAS MIL Y UNA HISTORIAS DE A. J. FIKRY"}]},{"@type":"WebSite","@id":"https:\/\/revistaliterariaelgatonegro.com\/#website","url":"https:\/\/revistaliterariaelgatonegro.com\/","name":"REVISTA CULTURAL","description":" Un nuevo espacio para la divulgaci\u00f3n literaria, as\u00ed como dem\u00e1s artes ","publisher":{"@id":"https:\/\/revistaliterariaelgatonegro.com\/#\/schema\/person\/6a37dd51e0f101e394e91c123fd12e8a"},"potentialAction":[{"@type":"SearchAction","target":{"@type":"EntryPoint","urlTemplate":"https:\/\/revistaliterariaelgatonegro.com\/?s={search_term_string}"},"query-input":{"@type":"PropertyValueSpecification","valueRequired":true,"valueName":"search_term_string"}}],"inLanguage":"es"},{"@type":["Person","Organization"],"@id":"https:\/\/revistaliterariaelgatonegro.com\/#\/schema\/person\/6a37dd51e0f101e394e91c123fd12e8a","name":"administrador","image":{"@type":"ImageObject","inLanguage":"es","@id":"https:\/\/revistaliterariaelgatonegro.com\/wp-content\/uploads\/2025\/12\/cropped-Logotipo-Logo-Marca-personal-Pastel-Amarillo-12-Photoroom.png","url":"https:\/\/revistaliterariaelgatonegro.com\/wp-content\/uploads\/2025\/12\/cropped-Logotipo-Logo-Marca-personal-Pastel-Amarillo-12-Photoroom.png","contentUrl":"https:\/\/revistaliterariaelgatonegro.com\/wp-content\/uploads\/2025\/12\/cropped-Logotipo-Logo-Marca-personal-Pastel-Amarillo-12-Photoroom.png","width":364,"height":212,"caption":"administrador"},"logo":{"@id":"https:\/\/revistaliterariaelgatonegro.com\/wp-content\/uploads\/2025\/12\/cropped-Logotipo-Logo-Marca-personal-Pastel-Amarillo-12-Photoroom.png"},"sameAs":["http:\/\/s864831950.mialojamiento.es"]}]}},"_links":{"self":[{"href":"https:\/\/revistaliterariaelgatonegro.com\/index.php?rest_route=\/wp\/v2\/product\/20349","targetHints":{"allow":["GET"]}}],"collection":[{"href":"https:\/\/revistaliterariaelgatonegro.com\/index.php?rest_route=\/wp\/v2\/product"}],"about":[{"href":"https:\/\/revistaliterariaelgatonegro.com\/index.php?rest_route=\/wp\/v2\/types\/product"}],"wp:featuredmedia":[{"embeddable":true,"href":"https:\/\/revistaliterariaelgatonegro.com\/index.php?rest_route=\/wp\/v2\/media\/19102"}],"wp:attachment":[{"href":"https:\/\/revistaliterariaelgatonegro.com\/index.php?rest_route=%2Fwp%2Fv2%2Fmedia&parent=20349"}],"wp:term":[{"taxonomy":"product_brand","embeddable":true,"href":"https:\/\/revistaliterariaelgatonegro.com\/index.php?rest_route=%2Fwp%2Fv2%2Fproduct_brand&post=20349"},{"taxonomy":"product_cat","embeddable":true,"href":"https:\/\/revistaliterariaelgatonegro.com\/index.php?rest_route=%2Fwp%2Fv2%2Fproduct_cat&post=20349"},{"taxonomy":"product_tag","embeddable":true,"href":"https:\/\/revistaliterariaelgatonegro.com\/index.php?rest_route=%2Fwp%2Fv2%2Fproduct_tag&post=20349"}],"curies":[{"name":"wp","href":"https:\/\/api.w.org\/{rel}","templated":true}]}}