{"id":20343,"date":"2025-05-23T01:20:50","date_gmt":"2025-05-23T01:20:50","guid":{"rendered":"https:\/\/revistaliterariaelgatonegro.com\/?post_type=product&#038;p=20343"},"modified":"2025-05-23T01:20:50","modified_gmt":"2025-05-23T01:20:50","slug":"la-prolongada-adolescencia-de-un-poeta-diletante","status":"publish","type":"product","link":"https:\/\/revistaliterariaelgatonegro.com\/?product=la-prolongada-adolescencia-de-un-poeta-diletante","title":{"rendered":"LA PROLONGADA ADOLESCENCIA DE UN POETA DILETANTE"},"content":{"rendered":"<p>Un viaje profundo por los territorios de la alienaci\u00f3n, las tensiones de pareja, la sed de los artistas y la nostalgia por una autenticidad perdida. Sergio M\u00e1rquez, un camarero sacudido por el desarraigo rural de su ni\u00f1ez, su inquietud musical y el desencanto urbano, se debate entre las noches eternas de Granada y el tedio de una vida que nunca lleg\u00f3 a ser lo que promet\u00eda. Entre copas, conversaciones de barra y las notas que logra arrancarle a su viol\u00edn, el protagonista persigue un sue\u00f1o que siempre se le escapa, como un gato callejero al que nunca logras acariciar. A su lado, Ana, su esposa, vive atrapada en una relaci\u00f3n que se tambalea entre la nostalgia y el desd\u00e9n, mientras el amor se convierte en un campo minado de silencios, reproches y miradas esquivas. Juntos, son la pareja perfecta para explorar lo que pasa cuando el entusiasmo de los veinte se estrella contra la precariedad de los cuarenta. <\/p>\n","protected":false},"excerpt":{"rendered":"<h3>Yorka Zarco<\/h3>\n<p>Con una prosa honesta y realista, aunque embargada de lirismo, Yonka Zarco arrastra al lector por las calles de una Granada donde la noche se convierte en un refugio para los que buscan escapar de la monoton\u00eda<\/p>\n<p><strong>Editorial:<\/strong> Editorial C\u00e1ntico<br \/>\n<strong>ISBN:<\/strong> 9788410288607<br \/>\n<strong>Idioma:<\/strong> Castellano<br \/>\n<strong>N\u00famero de p\u00e1ginas:<\/strong>320<br \/>\n<strong>Encuadernaci\u00f3n:<\/strong> Tapa blanda<\/p>\n<p>&nbsp;<\/p>\n<p><a href=\"https:\/\/tidd.ly\/4je0rCo\" target=\"_blank\" rel=\"noopener\"><button class=\"boton1\">Libro<\/button><\/a><\/p>\n","protected":false},"featured_media":20344,"template":"","meta":[],"product_brand":[],"product_cat":[159],"product_tag":[170],"class_list":{"0":"post-20343","1":"product","2":"type-product","3":"status-publish","4":"has-post-thumbnail","6":"product_cat-novela-contemporanea","7":"product_tag-narrativa-espanola","9":"first","10":"instock","11":"taxable","12":"shipping-taxable","13":"product-type-external"},"yoast_head":"<!-- This site is optimized with the Yoast SEO plugin v27.4 - https:\/\/yoast.com\/product\/yoast-seo-wordpress\/ -->\n<title>LA PROLONGADA ADOLESCENCIA DE UN POETA DILETANTE - REVISTA CULTURAL<\/title>\n<meta name=\"description\" content=\"Con una prosa honesta y realista, aunque embargada de lirismo, Yonka Zarco arrastra al lector por las calles de una Granada donde la noche se convierte\" \/>\n<meta name=\"robots\" content=\"index, follow, max-snippet:-1, max-image-preview:large, max-video-preview:-1\" \/>\n<link rel=\"canonical\" href=\"https:\/\/revistaliterariaelgatonegro.com\/producto\/la-prolongada-adolescencia-de-un-poeta-diletante\" \/>\n<meta property=\"og:locale\" content=\"es_ES\" \/>\n<meta property=\"og:type\" content=\"article\" \/>\n<meta property=\"og:title\" content=\"LA PROLONGADA ADOLESCENCIA DE UN POETA DILETANTE - REVISTA CULTURAL\" \/>\n<meta property=\"og:description\" content=\"Con una prosa honesta y realista, aunque embargada de lirismo, Yonka Zarco arrastra al lector por las calles de una Granada donde la noche se convierte\" \/>\n<meta property=\"og:url\" content=\"https:\/\/revistaliterariaelgatonegro.com\/producto\/la-prolongada-adolescencia-de-un-poeta-diletante\" \/>\n<meta property=\"og:site_name\" content=\"REVISTA CULTURAL\" \/>\n<meta property=\"og:image\" content=\"https:\/\/revistaliterariaelgatonegro.com\/wp-content\/uploads\/2025\/05\/prolongada.jpg\" \/>\n\t<meta property=\"og:image:width\" content=\"544\" \/>\n\t<meta property=\"og:image:height\" content=\"830\" \/>\n\t<meta property=\"og:image:type\" content=\"image\/jpeg\" \/>\n<meta name=\"twitter:card\" content=\"summary_large_image\" \/>\n<meta name=\"twitter:label1\" content=\"Tiempo de lectura\" \/>\n\t<meta name=\"twitter:data1\" content=\"1 minuto\" \/>\n<script type=\"application\/ld+json\" class=\"yoast-schema-graph\">{\"@context\":\"https:\\\/\\\/schema.org\",\"@graph\":[{\"@type\":\"WebPage\",\"@id\":\"https:\\\/\\\/revistaliterariaelgatonegro.com\\\/producto\\\/la-prolongada-adolescencia-de-un-poeta-diletante\",\"url\":\"https:\\\/\\\/revistaliterariaelgatonegro.com\\\/producto\\\/la-prolongada-adolescencia-de-un-poeta-diletante\",\"name\":\"LA PROLONGADA ADOLESCENCIA DE UN POETA DILETANTE - REVISTA CULTURAL\",\"isPartOf\":{\"@id\":\"https:\\\/\\\/revistaliterariaelgatonegro.com\\\/#website\"},\"primaryImageOfPage\":{\"@id\":\"https:\\\/\\\/revistaliterariaelgatonegro.com\\\/producto\\\/la-prolongada-adolescencia-de-un-poeta-diletante#primaryimage\"},\"image\":{\"@id\":\"https:\\\/\\\/revistaliterariaelgatonegro.com\\\/producto\\\/la-prolongada-adolescencia-de-un-poeta-diletante#primaryimage\"},\"thumbnailUrl\":\"https:\\\/\\\/revistaliterariaelgatonegro.com\\\/wp-content\\\/uploads\\\/2025\\\/05\\\/prolongada.jpg\",\"datePublished\":\"2025-05-23T01:20:50+00:00\",\"description\":\"Con una prosa honesta y realista, aunque embargada de lirismo, Yonka Zarco arrastra al lector por las calles de una Granada donde la noche se convierte\",\"breadcrumb\":{\"@id\":\"https:\\\/\\\/revistaliterariaelgatonegro.com\\\/producto\\\/la-prolongada-adolescencia-de-un-poeta-diletante#breadcrumb\"},\"inLanguage\":\"es\",\"potentialAction\":[{\"@type\":\"ReadAction\",\"target\":[\"https:\\\/\\\/revistaliterariaelgatonegro.com\\\/producto\\\/la-prolongada-adolescencia-de-un-poeta-diletante\"]}]},{\"@type\":\"ImageObject\",\"inLanguage\":\"es\",\"@id\":\"https:\\\/\\\/revistaliterariaelgatonegro.com\\\/producto\\\/la-prolongada-adolescencia-de-un-poeta-diletante#primaryimage\",\"url\":\"https:\\\/\\\/revistaliterariaelgatonegro.com\\\/wp-content\\\/uploads\\\/2025\\\/05\\\/prolongada.jpg\",\"contentUrl\":\"https:\\\/\\\/revistaliterariaelgatonegro.com\\\/wp-content\\\/uploads\\\/2025\\\/05\\\/prolongada.jpg\",\"width\":544,\"height\":830,\"caption\":\"Screenshot\"},{\"@type\":\"BreadcrumbList\",\"@id\":\"https:\\\/\\\/revistaliterariaelgatonegro.com\\\/producto\\\/la-prolongada-adolescencia-de-un-poeta-diletante#breadcrumb\",\"itemListElement\":[{\"@type\":\"ListItem\",\"position\":1,\"name\":\"Portada\",\"item\":\"https:\\\/\\\/revistaliterariaelgatonegro.com\\\/\"},{\"@type\":\"ListItem\",\"position\":2,\"name\":\"Librer\u00eda\",\"item\":\"https:\\\/\\\/revistaliterariaelgatonegro.com\\\/?page_id=20159\"},{\"@type\":\"ListItem\",\"position\":3,\"name\":\"LA PROLONGADA ADOLESCENCIA DE UN POETA DILETANTE\"}]},{\"@type\":\"WebSite\",\"@id\":\"https:\\\/\\\/revistaliterariaelgatonegro.com\\\/#website\",\"url\":\"https:\\\/\\\/revistaliterariaelgatonegro.com\\\/\",\"name\":\"REVISTA CULTURAL\",\"description\":\" Un nuevo espacio para la divulgaci\u00f3n literaria, as\u00ed como dem\u00e1s artes \",\"publisher\":{\"@id\":\"https:\\\/\\\/revistaliterariaelgatonegro.com\\\/#\\\/schema\\\/person\\\/6a37dd51e0f101e394e91c123fd12e8a\"},\"potentialAction\":[{\"@type\":\"SearchAction\",\"target\":{\"@type\":\"EntryPoint\",\"urlTemplate\":\"https:\\\/\\\/revistaliterariaelgatonegro.com\\\/?s={search_term_string}\"},\"query-input\":{\"@type\":\"PropertyValueSpecification\",\"valueRequired\":true,\"valueName\":\"search_term_string\"}}],\"inLanguage\":\"es\"},{\"@type\":[\"Person\",\"Organization\"],\"@id\":\"https:\\\/\\\/revistaliterariaelgatonegro.com\\\/#\\\/schema\\\/person\\\/6a37dd51e0f101e394e91c123fd12e8a\",\"name\":\"administrador\",\"image\":{\"@type\":\"ImageObject\",\"inLanguage\":\"es\",\"@id\":\"https:\\\/\\\/revistaliterariaelgatonegro.com\\\/wp-content\\\/uploads\\\/2025\\\/12\\\/cropped-Logotipo-Logo-Marca-personal-Pastel-Amarillo-12-Photoroom.png\",\"url\":\"https:\\\/\\\/revistaliterariaelgatonegro.com\\\/wp-content\\\/uploads\\\/2025\\\/12\\\/cropped-Logotipo-Logo-Marca-personal-Pastel-Amarillo-12-Photoroom.png\",\"contentUrl\":\"https:\\\/\\\/revistaliterariaelgatonegro.com\\\/wp-content\\\/uploads\\\/2025\\\/12\\\/cropped-Logotipo-Logo-Marca-personal-Pastel-Amarillo-12-Photoroom.png\",\"width\":364,\"height\":212,\"caption\":\"administrador\"},\"logo\":{\"@id\":\"https:\\\/\\\/revistaliterariaelgatonegro.com\\\/wp-content\\\/uploads\\\/2025\\\/12\\\/cropped-Logotipo-Logo-Marca-personal-Pastel-Amarillo-12-Photoroom.png\"},\"sameAs\":[\"http:\\\/\\\/s864831950.mialojamiento.es\"]}]}<\/script>\n<!-- \/ Yoast SEO plugin. -->","yoast_head_json":{"title":"LA PROLONGADA ADOLESCENCIA DE UN POETA DILETANTE - REVISTA CULTURAL","description":"Con una prosa honesta y realista, aunque embargada de lirismo, Yonka Zarco arrastra al lector por las calles de una Granada donde la noche se convierte","robots":{"index":"index","follow":"follow","max-snippet":"max-snippet:-1","max-image-preview":"max-image-preview:large","max-video-preview":"max-video-preview:-1"},"canonical":"https:\/\/revistaliterariaelgatonegro.com\/producto\/la-prolongada-adolescencia-de-un-poeta-diletante","og_locale":"es_ES","og_type":"article","og_title":"LA PROLONGADA ADOLESCENCIA DE UN POETA DILETANTE - REVISTA CULTURAL","og_description":"Con una prosa honesta y realista, aunque embargada de lirismo, Yonka Zarco arrastra al lector por las calles de una Granada donde la noche se convierte","og_url":"https:\/\/revistaliterariaelgatonegro.com\/producto\/la-prolongada-adolescencia-de-un-poeta-diletante","og_site_name":"REVISTA CULTURAL","og_image":[{"width":544,"height":830,"url":"https:\/\/revistaliterariaelgatonegro.com\/wp-content\/uploads\/2025\/05\/prolongada.jpg","type":"image\/jpeg"}],"twitter_card":"summary_large_image","twitter_misc":{"Tiempo de lectura":"1 minuto"},"schema":{"@context":"https:\/\/schema.org","@graph":[{"@type":"WebPage","@id":"https:\/\/revistaliterariaelgatonegro.com\/producto\/la-prolongada-adolescencia-de-un-poeta-diletante","url":"https:\/\/revistaliterariaelgatonegro.com\/producto\/la-prolongada-adolescencia-de-un-poeta-diletante","name":"LA PROLONGADA ADOLESCENCIA DE UN POETA DILETANTE - REVISTA CULTURAL","isPartOf":{"@id":"https:\/\/revistaliterariaelgatonegro.com\/#website"},"primaryImageOfPage":{"@id":"https:\/\/revistaliterariaelgatonegro.com\/producto\/la-prolongada-adolescencia-de-un-poeta-diletante#primaryimage"},"image":{"@id":"https:\/\/revistaliterariaelgatonegro.com\/producto\/la-prolongada-adolescencia-de-un-poeta-diletante#primaryimage"},"thumbnailUrl":"https:\/\/revistaliterariaelgatonegro.com\/wp-content\/uploads\/2025\/05\/prolongada.jpg","datePublished":"2025-05-23T01:20:50+00:00","description":"Con una prosa honesta y realista, aunque embargada de lirismo, Yonka Zarco arrastra al lector por las calles de una Granada donde la noche se convierte","breadcrumb":{"@id":"https:\/\/revistaliterariaelgatonegro.com\/producto\/la-prolongada-adolescencia-de-un-poeta-diletante#breadcrumb"},"inLanguage":"es","potentialAction":[{"@type":"ReadAction","target":["https:\/\/revistaliterariaelgatonegro.com\/producto\/la-prolongada-adolescencia-de-un-poeta-diletante"]}]},{"@type":"ImageObject","inLanguage":"es","@id":"https:\/\/revistaliterariaelgatonegro.com\/producto\/la-prolongada-adolescencia-de-un-poeta-diletante#primaryimage","url":"https:\/\/revistaliterariaelgatonegro.com\/wp-content\/uploads\/2025\/05\/prolongada.jpg","contentUrl":"https:\/\/revistaliterariaelgatonegro.com\/wp-content\/uploads\/2025\/05\/prolongada.jpg","width":544,"height":830,"caption":"Screenshot"},{"@type":"BreadcrumbList","@id":"https:\/\/revistaliterariaelgatonegro.com\/producto\/la-prolongada-adolescencia-de-un-poeta-diletante#breadcrumb","itemListElement":[{"@type":"ListItem","position":1,"name":"Portada","item":"https:\/\/revistaliterariaelgatonegro.com\/"},{"@type":"ListItem","position":2,"name":"Librer\u00eda","item":"https:\/\/revistaliterariaelgatonegro.com\/?page_id=20159"},{"@type":"ListItem","position":3,"name":"LA PROLONGADA ADOLESCENCIA DE UN POETA DILETANTE"}]},{"@type":"WebSite","@id":"https:\/\/revistaliterariaelgatonegro.com\/#website","url":"https:\/\/revistaliterariaelgatonegro.com\/","name":"REVISTA CULTURAL","description":" Un nuevo espacio para la divulgaci\u00f3n literaria, as\u00ed como dem\u00e1s artes ","publisher":{"@id":"https:\/\/revistaliterariaelgatonegro.com\/#\/schema\/person\/6a37dd51e0f101e394e91c123fd12e8a"},"potentialAction":[{"@type":"SearchAction","target":{"@type":"EntryPoint","urlTemplate":"https:\/\/revistaliterariaelgatonegro.com\/?s={search_term_string}"},"query-input":{"@type":"PropertyValueSpecification","valueRequired":true,"valueName":"search_term_string"}}],"inLanguage":"es"},{"@type":["Person","Organization"],"@id":"https:\/\/revistaliterariaelgatonegro.com\/#\/schema\/person\/6a37dd51e0f101e394e91c123fd12e8a","name":"administrador","image":{"@type":"ImageObject","inLanguage":"es","@id":"https:\/\/revistaliterariaelgatonegro.com\/wp-content\/uploads\/2025\/12\/cropped-Logotipo-Logo-Marca-personal-Pastel-Amarillo-12-Photoroom.png","url":"https:\/\/revistaliterariaelgatonegro.com\/wp-content\/uploads\/2025\/12\/cropped-Logotipo-Logo-Marca-personal-Pastel-Amarillo-12-Photoroom.png","contentUrl":"https:\/\/revistaliterariaelgatonegro.com\/wp-content\/uploads\/2025\/12\/cropped-Logotipo-Logo-Marca-personal-Pastel-Amarillo-12-Photoroom.png","width":364,"height":212,"caption":"administrador"},"logo":{"@id":"https:\/\/revistaliterariaelgatonegro.com\/wp-content\/uploads\/2025\/12\/cropped-Logotipo-Logo-Marca-personal-Pastel-Amarillo-12-Photoroom.png"},"sameAs":["http:\/\/s864831950.mialojamiento.es"]}]}},"_links":{"self":[{"href":"https:\/\/revistaliterariaelgatonegro.com\/index.php?rest_route=\/wp\/v2\/product\/20343","targetHints":{"allow":["GET"]}}],"collection":[{"href":"https:\/\/revistaliterariaelgatonegro.com\/index.php?rest_route=\/wp\/v2\/product"}],"about":[{"href":"https:\/\/revistaliterariaelgatonegro.com\/index.php?rest_route=\/wp\/v2\/types\/product"}],"wp:featuredmedia":[{"embeddable":true,"href":"https:\/\/revistaliterariaelgatonegro.com\/index.php?rest_route=\/wp\/v2\/media\/20344"}],"wp:attachment":[{"href":"https:\/\/revistaliterariaelgatonegro.com\/index.php?rest_route=%2Fwp%2Fv2%2Fmedia&parent=20343"}],"wp:term":[{"taxonomy":"product_brand","embeddable":true,"href":"https:\/\/revistaliterariaelgatonegro.com\/index.php?rest_route=%2Fwp%2Fv2%2Fproduct_brand&post=20343"},{"taxonomy":"product_cat","embeddable":true,"href":"https:\/\/revistaliterariaelgatonegro.com\/index.php?rest_route=%2Fwp%2Fv2%2Fproduct_cat&post=20343"},{"taxonomy":"product_tag","embeddable":true,"href":"https:\/\/revistaliterariaelgatonegro.com\/index.php?rest_route=%2Fwp%2Fv2%2Fproduct_tag&post=20343"}],"curies":[{"name":"wp","href":"https:\/\/api.w.org\/{rel}","templated":true}]}}