{"id":20275,"date":"2025-05-20T05:37:22","date_gmt":"2025-05-20T05:37:22","guid":{"rendered":"https:\/\/revistaliterariaelgatonegro.com\/?post_type=product&#038;p=20275"},"modified":"2025-05-22T09:49:13","modified_gmt":"2025-05-22T09:49:13","slug":"una-estrella-sobre-el-rio-elba","status":"publish","type":"product","link":"https:\/\/revistaliterariaelgatonegro.com\/?product=una-estrella-sobre-el-rio-elba","title":{"rendered":"UNA ESTRELLA SOBRE EL RIO ELBA"},"content":{"rendered":"<p>Lily y Johannes lo tienen todo en contra para enamorarse, ella est\u00e1 a punto de casarse y \u00e9l guarda un terrible secreto, pero el coraz\u00f3n no entiende de normas ni de clases sociales y en una ciudad como Hamburgo no hay nada imposible.<\/p>\n<p>Lily Karsten es hija de una de las familias navieras m\u00e1s importantes de Hamburgo. Vive en una preciosa villa en Bellevue, la mejor zona de la ciudad, y est\u00e1 comprometida con el noble Henry von Cappeln. Aunque su sue\u00f1o es convertirse en escritora, sabe que su destino es ser madre y esposa. En un caluroso d\u00eda de verano de 1886, en la botadura de uno de los barcos de la empresa, una r\u00e1faga de viento empuja su sombrero hacia el r\u00edo Elba. Uno de los trabajadores intenta recuperarlo y resulta gravemente herido. Johannes Bolten, compa\u00f1ero del operario, se personar\u00e1 en la villa familiar para exigir una indemnizaci\u00f3n y el ordenado y planificado mundo de Lily Karsten saltar\u00e1 por los aires: de la mano de Johannes conocer\u00e1 los bajos fondos de Hamburgo, la zona del puerto, donde malviven estibadores, limpiadores, familias humildes y rufianes, quienes luchan por sobrevivir d\u00eda tras d\u00eda.<\/p>\n<p>&nbsp;<\/p>\n","protected":false},"excerpt":{"rendered":"<h3><a href=\"https:\/\/revistaliterariaelgatonegro.com\/hablamos-con-miriam-georg\">M<strong>iriam Georg<\/strong><\/a><\/h3>\n<p>Una novela muy\u00a0 que nos abre una puerta al pasado y aborda temas de total actualidad<\/p>\n<p><strong>Editorial:<\/strong> Espasa<br \/>\n<strong>ISBN:<\/strong> 9788467066067<br \/>\n<strong>Idioma:<\/strong> Castellano<br \/>\n<strong>N\u00famero de p\u00e1ginas:<\/strong> 688<br \/>\n<strong>Encuadernaci\u00f3n:<\/strong> Tapa blanda<\/p>\n<p><a href=\"https:\/\/tidd.ly\/4duNOBF\" target=\"_blank\" rel=\"noopener\"><button class=\"boton1\">Libro<\/button><\/a><\/p>\n","protected":false},"featured_media":19179,"template":"","meta":[],"product_brand":[],"product_cat":[172],"product_tag":[184,174],"class_list":{"0":"post-20275","1":"product","2":"type-product","3":"status-publish","4":"has-post-thumbnail","6":"product_cat-romantica-historica","7":"product_tag-miriam-georg","8":"product_tag-romantica-historica","10":"first","11":"instock","12":"sale","13":"taxable","14":"shipping-taxable","15":"product-type-external"},"yoast_head":"<!-- This site is optimized with the Yoast SEO plugin v27.4 - https:\/\/yoast.com\/product\/yoast-seo-wordpress\/ -->\n<title>UNA ESTRELLA SOBRE EL RIO ELBA - REVISTA CULTURAL<\/title>\n<meta name=\"description\" content=\"Una novela muy\u00a0 que nos abre una puerta al pasado y aborda temas de total actualidad...\" \/>\n<meta name=\"robots\" content=\"index, follow, max-snippet:-1, max-image-preview:large, max-video-preview:-1\" \/>\n<link rel=\"canonical\" href=\"https:\/\/revistaliterariaelgatonegro.com\/producto\/una-estrella-sobre-el-rio-elba\" \/>\n<meta property=\"og:locale\" content=\"es_ES\" \/>\n<meta property=\"og:type\" content=\"article\" \/>\n<meta property=\"og:title\" content=\"UNA ESTRELLA SOBRE EL RIO ELBA - REVISTA CULTURAL\" \/>\n<meta property=\"og:description\" content=\"Una novela muy\u00a0 que nos abre una puerta al pasado y aborda temas de total actualidad...\" \/>\n<meta property=\"og:url\" content=\"https:\/\/revistaliterariaelgatonegro.com\/producto\/una-estrella-sobre-el-rio-elba\" \/>\n<meta property=\"og:site_name\" content=\"REVISTA CULTURAL\" \/>\n<meta property=\"article:modified_time\" content=\"2025-05-22T09:49:13+00:00\" \/>\n<meta property=\"og:image\" content=\"https:\/\/revistaliterariaelgatonegro.com\/wp-content\/uploads\/2025\/03\/un-a-estrella.jpg\" \/>\n\t<meta property=\"og:image:width\" content=\"292\" \/>\n\t<meta property=\"og:image:height\" content=\"445\" \/>\n\t<meta property=\"og:image:type\" content=\"image\/jpeg\" \/>\n<meta name=\"twitter:card\" content=\"summary_large_image\" \/>\n<meta name=\"twitter:label1\" content=\"Tiempo de lectura\" \/>\n\t<meta name=\"twitter:data1\" content=\"2 minutos\" \/>\n<script type=\"application\/ld+json\" class=\"yoast-schema-graph\">{\"@context\":\"https:\\\/\\\/schema.org\",\"@graph\":[{\"@type\":\"WebPage\",\"@id\":\"https:\\\/\\\/revistaliterariaelgatonegro.com\\\/producto\\\/una-estrella-sobre-el-rio-elba\",\"url\":\"https:\\\/\\\/revistaliterariaelgatonegro.com\\\/producto\\\/una-estrella-sobre-el-rio-elba\",\"name\":\"UNA ESTRELLA SOBRE EL RIO ELBA - REVISTA CULTURAL\",\"isPartOf\":{\"@id\":\"https:\\\/\\\/revistaliterariaelgatonegro.com\\\/#website\"},\"primaryImageOfPage\":{\"@id\":\"https:\\\/\\\/revistaliterariaelgatonegro.com\\\/producto\\\/una-estrella-sobre-el-rio-elba#primaryimage\"},\"image\":{\"@id\":\"https:\\\/\\\/revistaliterariaelgatonegro.com\\\/producto\\\/una-estrella-sobre-el-rio-elba#primaryimage\"},\"thumbnailUrl\":\"https:\\\/\\\/revistaliterariaelgatonegro.com\\\/wp-content\\\/uploads\\\/2025\\\/03\\\/un-a-estrella.jpg\",\"datePublished\":\"2025-05-20T05:37:22+00:00\",\"dateModified\":\"2025-05-22T09:49:13+00:00\",\"description\":\"Una novela muy\u00a0 que nos abre una puerta al pasado y aborda temas de total actualidad...\",\"breadcrumb\":{\"@id\":\"https:\\\/\\\/revistaliterariaelgatonegro.com\\\/producto\\\/una-estrella-sobre-el-rio-elba#breadcrumb\"},\"inLanguage\":\"es\",\"potentialAction\":[{\"@type\":\"ReadAction\",\"target\":[\"https:\\\/\\\/revistaliterariaelgatonegro.com\\\/producto\\\/una-estrella-sobre-el-rio-elba\"]}]},{\"@type\":\"ImageObject\",\"inLanguage\":\"es\",\"@id\":\"https:\\\/\\\/revistaliterariaelgatonegro.com\\\/producto\\\/una-estrella-sobre-el-rio-elba#primaryimage\",\"url\":\"https:\\\/\\\/revistaliterariaelgatonegro.com\\\/wp-content\\\/uploads\\\/2025\\\/03\\\/un-a-estrella.jpg\",\"contentUrl\":\"https:\\\/\\\/revistaliterariaelgatonegro.com\\\/wp-content\\\/uploads\\\/2025\\\/03\\\/un-a-estrella.jpg\",\"width\":292,\"height\":445},{\"@type\":\"BreadcrumbList\",\"@id\":\"https:\\\/\\\/revistaliterariaelgatonegro.com\\\/producto\\\/una-estrella-sobre-el-rio-elba#breadcrumb\",\"itemListElement\":[{\"@type\":\"ListItem\",\"position\":1,\"name\":\"Portada\",\"item\":\"https:\\\/\\\/revistaliterariaelgatonegro.com\\\/\"},{\"@type\":\"ListItem\",\"position\":2,\"name\":\"Librer\u00eda\",\"item\":\"https:\\\/\\\/revistaliterariaelgatonegro.com\\\/?page_id=20159\"},{\"@type\":\"ListItem\",\"position\":3,\"name\":\"UNA ESTRELLA SOBRE EL RIO ELBA\"}]},{\"@type\":\"WebSite\",\"@id\":\"https:\\\/\\\/revistaliterariaelgatonegro.com\\\/#website\",\"url\":\"https:\\\/\\\/revistaliterariaelgatonegro.com\\\/\",\"name\":\"REVISTA CULTURAL\",\"description\":\" Un nuevo espacio para la divulgaci\u00f3n literaria, as\u00ed como dem\u00e1s artes \",\"publisher\":{\"@id\":\"https:\\\/\\\/revistaliterariaelgatonegro.com\\\/#\\\/schema\\\/person\\\/6a37dd51e0f101e394e91c123fd12e8a\"},\"potentialAction\":[{\"@type\":\"SearchAction\",\"target\":{\"@type\":\"EntryPoint\",\"urlTemplate\":\"https:\\\/\\\/revistaliterariaelgatonegro.com\\\/?s={search_term_string}\"},\"query-input\":{\"@type\":\"PropertyValueSpecification\",\"valueRequired\":true,\"valueName\":\"search_term_string\"}}],\"inLanguage\":\"es\"},{\"@type\":[\"Person\",\"Organization\"],\"@id\":\"https:\\\/\\\/revistaliterariaelgatonegro.com\\\/#\\\/schema\\\/person\\\/6a37dd51e0f101e394e91c123fd12e8a\",\"name\":\"administrador\",\"image\":{\"@type\":\"ImageObject\",\"inLanguage\":\"es\",\"@id\":\"https:\\\/\\\/revistaliterariaelgatonegro.com\\\/wp-content\\\/uploads\\\/2025\\\/12\\\/cropped-Logotipo-Logo-Marca-personal-Pastel-Amarillo-12-Photoroom.png\",\"url\":\"https:\\\/\\\/revistaliterariaelgatonegro.com\\\/wp-content\\\/uploads\\\/2025\\\/12\\\/cropped-Logotipo-Logo-Marca-personal-Pastel-Amarillo-12-Photoroom.png\",\"contentUrl\":\"https:\\\/\\\/revistaliterariaelgatonegro.com\\\/wp-content\\\/uploads\\\/2025\\\/12\\\/cropped-Logotipo-Logo-Marca-personal-Pastel-Amarillo-12-Photoroom.png\",\"width\":364,\"height\":212,\"caption\":\"administrador\"},\"logo\":{\"@id\":\"https:\\\/\\\/revistaliterariaelgatonegro.com\\\/wp-content\\\/uploads\\\/2025\\\/12\\\/cropped-Logotipo-Logo-Marca-personal-Pastel-Amarillo-12-Photoroom.png\"},\"sameAs\":[\"http:\\\/\\\/s864831950.mialojamiento.es\"]}]}<\/script>\n<!-- \/ Yoast SEO plugin. -->","yoast_head_json":{"title":"UNA ESTRELLA SOBRE EL RIO ELBA - REVISTA CULTURAL","description":"Una novela muy\u00a0 que nos abre una puerta al pasado y aborda temas de total actualidad...","robots":{"index":"index","follow":"follow","max-snippet":"max-snippet:-1","max-image-preview":"max-image-preview:large","max-video-preview":"max-video-preview:-1"},"canonical":"https:\/\/revistaliterariaelgatonegro.com\/producto\/una-estrella-sobre-el-rio-elba","og_locale":"es_ES","og_type":"article","og_title":"UNA ESTRELLA SOBRE EL RIO ELBA - REVISTA CULTURAL","og_description":"Una novela muy\u00a0 que nos abre una puerta al pasado y aborda temas de total actualidad...","og_url":"https:\/\/revistaliterariaelgatonegro.com\/producto\/una-estrella-sobre-el-rio-elba","og_site_name":"REVISTA CULTURAL","article_modified_time":"2025-05-22T09:49:13+00:00","og_image":[{"width":292,"height":445,"url":"https:\/\/revistaliterariaelgatonegro.com\/wp-content\/uploads\/2025\/03\/un-a-estrella.jpg","type":"image\/jpeg"}],"twitter_card":"summary_large_image","twitter_misc":{"Tiempo de lectura":"2 minutos"},"schema":{"@context":"https:\/\/schema.org","@graph":[{"@type":"WebPage","@id":"https:\/\/revistaliterariaelgatonegro.com\/producto\/una-estrella-sobre-el-rio-elba","url":"https:\/\/revistaliterariaelgatonegro.com\/producto\/una-estrella-sobre-el-rio-elba","name":"UNA ESTRELLA SOBRE EL RIO ELBA - REVISTA CULTURAL","isPartOf":{"@id":"https:\/\/revistaliterariaelgatonegro.com\/#website"},"primaryImageOfPage":{"@id":"https:\/\/revistaliterariaelgatonegro.com\/producto\/una-estrella-sobre-el-rio-elba#primaryimage"},"image":{"@id":"https:\/\/revistaliterariaelgatonegro.com\/producto\/una-estrella-sobre-el-rio-elba#primaryimage"},"thumbnailUrl":"https:\/\/revistaliterariaelgatonegro.com\/wp-content\/uploads\/2025\/03\/un-a-estrella.jpg","datePublished":"2025-05-20T05:37:22+00:00","dateModified":"2025-05-22T09:49:13+00:00","description":"Una novela muy\u00a0 que nos abre una puerta al pasado y aborda temas de total actualidad...","breadcrumb":{"@id":"https:\/\/revistaliterariaelgatonegro.com\/producto\/una-estrella-sobre-el-rio-elba#breadcrumb"},"inLanguage":"es","potentialAction":[{"@type":"ReadAction","target":["https:\/\/revistaliterariaelgatonegro.com\/producto\/una-estrella-sobre-el-rio-elba"]}]},{"@type":"ImageObject","inLanguage":"es","@id":"https:\/\/revistaliterariaelgatonegro.com\/producto\/una-estrella-sobre-el-rio-elba#primaryimage","url":"https:\/\/revistaliterariaelgatonegro.com\/wp-content\/uploads\/2025\/03\/un-a-estrella.jpg","contentUrl":"https:\/\/revistaliterariaelgatonegro.com\/wp-content\/uploads\/2025\/03\/un-a-estrella.jpg","width":292,"height":445},{"@type":"BreadcrumbList","@id":"https:\/\/revistaliterariaelgatonegro.com\/producto\/una-estrella-sobre-el-rio-elba#breadcrumb","itemListElement":[{"@type":"ListItem","position":1,"name":"Portada","item":"https:\/\/revistaliterariaelgatonegro.com\/"},{"@type":"ListItem","position":2,"name":"Librer\u00eda","item":"https:\/\/revistaliterariaelgatonegro.com\/?page_id=20159"},{"@type":"ListItem","position":3,"name":"UNA ESTRELLA SOBRE EL RIO ELBA"}]},{"@type":"WebSite","@id":"https:\/\/revistaliterariaelgatonegro.com\/#website","url":"https:\/\/revistaliterariaelgatonegro.com\/","name":"REVISTA CULTURAL","description":" Un nuevo espacio para la divulgaci\u00f3n literaria, as\u00ed como dem\u00e1s artes ","publisher":{"@id":"https:\/\/revistaliterariaelgatonegro.com\/#\/schema\/person\/6a37dd51e0f101e394e91c123fd12e8a"},"potentialAction":[{"@type":"SearchAction","target":{"@type":"EntryPoint","urlTemplate":"https:\/\/revistaliterariaelgatonegro.com\/?s={search_term_string}"},"query-input":{"@type":"PropertyValueSpecification","valueRequired":true,"valueName":"search_term_string"}}],"inLanguage":"es"},{"@type":["Person","Organization"],"@id":"https:\/\/revistaliterariaelgatonegro.com\/#\/schema\/person\/6a37dd51e0f101e394e91c123fd12e8a","name":"administrador","image":{"@type":"ImageObject","inLanguage":"es","@id":"https:\/\/revistaliterariaelgatonegro.com\/wp-content\/uploads\/2025\/12\/cropped-Logotipo-Logo-Marca-personal-Pastel-Amarillo-12-Photoroom.png","url":"https:\/\/revistaliterariaelgatonegro.com\/wp-content\/uploads\/2025\/12\/cropped-Logotipo-Logo-Marca-personal-Pastel-Amarillo-12-Photoroom.png","contentUrl":"https:\/\/revistaliterariaelgatonegro.com\/wp-content\/uploads\/2025\/12\/cropped-Logotipo-Logo-Marca-personal-Pastel-Amarillo-12-Photoroom.png","width":364,"height":212,"caption":"administrador"},"logo":{"@id":"https:\/\/revistaliterariaelgatonegro.com\/wp-content\/uploads\/2025\/12\/cropped-Logotipo-Logo-Marca-personal-Pastel-Amarillo-12-Photoroom.png"},"sameAs":["http:\/\/s864831950.mialojamiento.es"]}]}},"_links":{"self":[{"href":"https:\/\/revistaliterariaelgatonegro.com\/index.php?rest_route=\/wp\/v2\/product\/20275","targetHints":{"allow":["GET"]}}],"collection":[{"href":"https:\/\/revistaliterariaelgatonegro.com\/index.php?rest_route=\/wp\/v2\/product"}],"about":[{"href":"https:\/\/revistaliterariaelgatonegro.com\/index.php?rest_route=\/wp\/v2\/types\/product"}],"wp:featuredmedia":[{"embeddable":true,"href":"https:\/\/revistaliterariaelgatonegro.com\/index.php?rest_route=\/wp\/v2\/media\/19179"}],"wp:attachment":[{"href":"https:\/\/revistaliterariaelgatonegro.com\/index.php?rest_route=%2Fwp%2Fv2%2Fmedia&parent=20275"}],"wp:term":[{"taxonomy":"product_brand","embeddable":true,"href":"https:\/\/revistaliterariaelgatonegro.com\/index.php?rest_route=%2Fwp%2Fv2%2Fproduct_brand&post=20275"},{"taxonomy":"product_cat","embeddable":true,"href":"https:\/\/revistaliterariaelgatonegro.com\/index.php?rest_route=%2Fwp%2Fv2%2Fproduct_cat&post=20275"},{"taxonomy":"product_tag","embeddable":true,"href":"https:\/\/revistaliterariaelgatonegro.com\/index.php?rest_route=%2Fwp%2Fv2%2Fproduct_tag&post=20275"}],"curies":[{"name":"wp","href":"https:\/\/api.w.org\/{rel}","templated":true}]}}