{"id":20273,"date":"2025-05-20T05:33:15","date_gmt":"2025-05-20T05:33:15","guid":{"rendered":"https:\/\/revistaliterariaelgatonegro.com\/?post_type=product&#038;p=20273"},"modified":"2025-05-22T10:50:32","modified_gmt":"2025-05-22T10:50:32","slug":"un-invierno-junto-al-mar","status":"publish","type":"product","link":"https:\/\/revistaliterariaelgatonegro.com\/?product=un-invierno-junto-al-mar","title":{"rendered":"UN INVIERNO JUNTO AL MAR"},"content":{"rendered":"<p>Una historia sencilla, sin grandes giros de trama. Una novela para leer con tranquilidad, con una pluma delicada y unos personajes que se ganar\u00e1n un hueco en nuestros corazones. Ambientada en la \u00e9poca de Regencia, pero en una localidad peque\u00f1a, con una comunidad bastante unida.<\/p>\n<p>Una historia que nos transmite paz, armon\u00eda, tranquilidad, reflexiones. Con gran importancia de la familia y los roles de la mujer en la \u00e9poca, que eran totalmente injustos.<\/p>\n<p>Cuando los duques de Kent alquilan el vecino Woolbrook Cottage para pasar el invierno, las hermanas Summers reciben el encargo de hospedar a tres miembros del personal de los duques en su hotel. Pronto, no obstante, se dar\u00e1n cuenta de que a los tres hombres les acompa\u00f1an secretos y de que, adem\u00e1s, quiz\u00e1 el amor haya llegado a su hogar.<\/p>\n<p>Entretanto, Emily Summers, que sue\u00f1a con convertirse en escritora, presenta un manuscrito en una editorial local. Pero el desencanto la invade cuando el editor lo rechaza. Sin embargo, un apuesto competidor le promete que tomar\u00e1 en cuenta su novela si primero escribe para \u00e9l una gu\u00eda de Sidmouth. As\u00ed las cosas, Emily se pondr\u00e1 manos a la obra con la ayuda del apuesto secretario del duque. Sin embargo, nada resultar\u00e1 f\u00e1cil cuando, de repente, alguien del pasado se presente en el Sea View y\u2026 \u00bfQu\u00e9 har\u00e1? \u00bfSeguir\u00e1 persiguiendo sus sue\u00f1os literarios?<\/p>\n","protected":false},"excerpt":{"rendered":"<h3>Julie Klassen<\/h3>\n<p><em>Un invierno junto al mar<\/em> es el segundo libro de la serie de las hermanas Summers que se inici\u00f3 con <em>Un hotel junto al mar<\/em><\/p>\n<p>Editorial: Libros de Seda S.L.<br \/>\nISBN:9788419386458<br \/>\nIdioma: Castellano<br \/>\nN\u00famero de p\u00e1ginas: 384<br \/>\nEncuadernaci\u00f3n: Tapa blanda<\/p>\n<p>&nbsp;<\/p>\n<p><a href=\"https:\/\/tidd.ly\/4jgR453\" target=\"_blank\" rel=\"noopener\"><button class=\"boton1\">Libro<\/button><\/a> <a href=\"https:\/\/tidd.ly\/3Fn6gj5\" target=\"_blank\" rel=\"noopener\"><button class=\"boton1\">eBook<\/button><\/a><\/p>\n","protected":false},"featured_media":19624,"template":"","meta":[],"product_brand":[],"product_cat":[176],"product_tag":[171,177],"class_list":{"0":"post-20273","1":"product","2":"type-product","3":"status-publish","4":"has-post-thumbnail","6":"product_cat-novela-romantica-erotica","7":"product_tag-julie-klassen","8":"product_tag-novela-romantica","10":"first","11":"instock","12":"sale","13":"taxable","14":"shipping-taxable","15":"product-type-external"},"yoast_head":"<!-- This site is optimized with the Yoast SEO plugin v27.4 - https:\/\/yoast.com\/product\/yoast-seo-wordpress\/ -->\n<title>UN INVIERNO JUNTO AL MAR - REVISTA CULTURAL<\/title>\n<meta name=\"description\" content=\"Un invierno junto al mar es el segundo libro de la serie de las hermanas Summers que se inici\u00f3 con Un hotel junto al mar\" \/>\n<meta name=\"robots\" content=\"index, follow, max-snippet:-1, max-image-preview:large, max-video-preview:-1\" \/>\n<link rel=\"canonical\" href=\"https:\/\/revistaliterariaelgatonegro.com\/producto\/un-invierno-junto-al-mar\" \/>\n<meta property=\"og:locale\" content=\"es_ES\" \/>\n<meta property=\"og:type\" content=\"article\" \/>\n<meta property=\"og:title\" content=\"UN INVIERNO JUNTO AL MAR - REVISTA CULTURAL\" \/>\n<meta property=\"og:description\" content=\"Un invierno junto al mar es el segundo libro de la serie de las hermanas Summers que se inici\u00f3 con Un hotel junto al mar\" \/>\n<meta property=\"og:url\" content=\"https:\/\/revistaliterariaelgatonegro.com\/producto\/un-invierno-junto-al-mar\" \/>\n<meta property=\"og:site_name\" content=\"REVISTA CULTURAL\" \/>\n<meta property=\"article:modified_time\" content=\"2025-05-22T10:50:32+00:00\" \/>\n<meta property=\"og:image\" content=\"https:\/\/revistaliterariaelgatonegro.com\/wp-content\/uploads\/2025\/04\/un-invierno-junto.jpg\" \/>\n\t<meta property=\"og:image:width\" content=\"900\" \/>\n\t<meta property=\"og:image:height\" content=\"1299\" \/>\n\t<meta property=\"og:image:type\" content=\"image\/jpeg\" \/>\n<meta name=\"twitter:card\" content=\"summary_large_image\" \/>\n<meta name=\"twitter:label1\" content=\"Tiempo de lectura\" \/>\n\t<meta name=\"twitter:data1\" content=\"2 minutos\" \/>\n<script type=\"application\/ld+json\" class=\"yoast-schema-graph\">{\"@context\":\"https:\\\/\\\/schema.org\",\"@graph\":[{\"@type\":\"WebPage\",\"@id\":\"https:\\\/\\\/revistaliterariaelgatonegro.com\\\/producto\\\/un-invierno-junto-al-mar\",\"url\":\"https:\\\/\\\/revistaliterariaelgatonegro.com\\\/producto\\\/un-invierno-junto-al-mar\",\"name\":\"UN INVIERNO JUNTO AL MAR - REVISTA CULTURAL\",\"isPartOf\":{\"@id\":\"https:\\\/\\\/revistaliterariaelgatonegro.com\\\/#website\"},\"primaryImageOfPage\":{\"@id\":\"https:\\\/\\\/revistaliterariaelgatonegro.com\\\/producto\\\/un-invierno-junto-al-mar#primaryimage\"},\"image\":{\"@id\":\"https:\\\/\\\/revistaliterariaelgatonegro.com\\\/producto\\\/un-invierno-junto-al-mar#primaryimage\"},\"thumbnailUrl\":\"https:\\\/\\\/revistaliterariaelgatonegro.com\\\/wp-content\\\/uploads\\\/2025\\\/04\\\/un-invierno-junto.jpg\",\"datePublished\":\"2025-05-20T05:33:15+00:00\",\"dateModified\":\"2025-05-22T10:50:32+00:00\",\"description\":\"Un invierno junto al mar es el segundo libro de la serie de las hermanas Summers que se inici\u00f3 con Un hotel junto al mar\",\"breadcrumb\":{\"@id\":\"https:\\\/\\\/revistaliterariaelgatonegro.com\\\/producto\\\/un-invierno-junto-al-mar#breadcrumb\"},\"inLanguage\":\"es\",\"potentialAction\":[{\"@type\":\"ReadAction\",\"target\":[\"https:\\\/\\\/revistaliterariaelgatonegro.com\\\/producto\\\/un-invierno-junto-al-mar\"]}]},{\"@type\":\"ImageObject\",\"inLanguage\":\"es\",\"@id\":\"https:\\\/\\\/revistaliterariaelgatonegro.com\\\/producto\\\/un-invierno-junto-al-mar#primaryimage\",\"url\":\"https:\\\/\\\/revistaliterariaelgatonegro.com\\\/wp-content\\\/uploads\\\/2025\\\/04\\\/un-invierno-junto.jpg\",\"contentUrl\":\"https:\\\/\\\/revistaliterariaelgatonegro.com\\\/wp-content\\\/uploads\\\/2025\\\/04\\\/un-invierno-junto.jpg\",\"width\":900,\"height\":1299},{\"@type\":\"BreadcrumbList\",\"@id\":\"https:\\\/\\\/revistaliterariaelgatonegro.com\\\/producto\\\/un-invierno-junto-al-mar#breadcrumb\",\"itemListElement\":[{\"@type\":\"ListItem\",\"position\":1,\"name\":\"Portada\",\"item\":\"https:\\\/\\\/revistaliterariaelgatonegro.com\\\/\"},{\"@type\":\"ListItem\",\"position\":2,\"name\":\"Librer\u00eda\",\"item\":\"https:\\\/\\\/revistaliterariaelgatonegro.com\\\/?page_id=20159\"},{\"@type\":\"ListItem\",\"position\":3,\"name\":\"UN INVIERNO JUNTO AL MAR\"}]},{\"@type\":\"WebSite\",\"@id\":\"https:\\\/\\\/revistaliterariaelgatonegro.com\\\/#website\",\"url\":\"https:\\\/\\\/revistaliterariaelgatonegro.com\\\/\",\"name\":\"REVISTA CULTURAL\",\"description\":\" Un nuevo espacio para la divulgaci\u00f3n literaria, as\u00ed como dem\u00e1s artes \",\"publisher\":{\"@id\":\"https:\\\/\\\/revistaliterariaelgatonegro.com\\\/#\\\/schema\\\/person\\\/6a37dd51e0f101e394e91c123fd12e8a\"},\"potentialAction\":[{\"@type\":\"SearchAction\",\"target\":{\"@type\":\"EntryPoint\",\"urlTemplate\":\"https:\\\/\\\/revistaliterariaelgatonegro.com\\\/?s={search_term_string}\"},\"query-input\":{\"@type\":\"PropertyValueSpecification\",\"valueRequired\":true,\"valueName\":\"search_term_string\"}}],\"inLanguage\":\"es\"},{\"@type\":[\"Person\",\"Organization\"],\"@id\":\"https:\\\/\\\/revistaliterariaelgatonegro.com\\\/#\\\/schema\\\/person\\\/6a37dd51e0f101e394e91c123fd12e8a\",\"name\":\"administrador\",\"image\":{\"@type\":\"ImageObject\",\"inLanguage\":\"es\",\"@id\":\"https:\\\/\\\/revistaliterariaelgatonegro.com\\\/wp-content\\\/uploads\\\/2025\\\/12\\\/cropped-Logotipo-Logo-Marca-personal-Pastel-Amarillo-12-Photoroom.png\",\"url\":\"https:\\\/\\\/revistaliterariaelgatonegro.com\\\/wp-content\\\/uploads\\\/2025\\\/12\\\/cropped-Logotipo-Logo-Marca-personal-Pastel-Amarillo-12-Photoroom.png\",\"contentUrl\":\"https:\\\/\\\/revistaliterariaelgatonegro.com\\\/wp-content\\\/uploads\\\/2025\\\/12\\\/cropped-Logotipo-Logo-Marca-personal-Pastel-Amarillo-12-Photoroom.png\",\"width\":364,\"height\":212,\"caption\":\"administrador\"},\"logo\":{\"@id\":\"https:\\\/\\\/revistaliterariaelgatonegro.com\\\/wp-content\\\/uploads\\\/2025\\\/12\\\/cropped-Logotipo-Logo-Marca-personal-Pastel-Amarillo-12-Photoroom.png\"},\"sameAs\":[\"http:\\\/\\\/s864831950.mialojamiento.es\"]}]}<\/script>\n<!-- \/ Yoast SEO plugin. -->","yoast_head_json":{"title":"UN INVIERNO JUNTO AL MAR - REVISTA CULTURAL","description":"Un invierno junto al mar es el segundo libro de la serie de las hermanas Summers que se inici\u00f3 con Un hotel junto al mar","robots":{"index":"index","follow":"follow","max-snippet":"max-snippet:-1","max-image-preview":"max-image-preview:large","max-video-preview":"max-video-preview:-1"},"canonical":"https:\/\/revistaliterariaelgatonegro.com\/producto\/un-invierno-junto-al-mar","og_locale":"es_ES","og_type":"article","og_title":"UN INVIERNO JUNTO AL MAR - REVISTA CULTURAL","og_description":"Un invierno junto al mar es el segundo libro de la serie de las hermanas Summers que se inici\u00f3 con Un hotel junto al mar","og_url":"https:\/\/revistaliterariaelgatonegro.com\/producto\/un-invierno-junto-al-mar","og_site_name":"REVISTA CULTURAL","article_modified_time":"2025-05-22T10:50:32+00:00","og_image":[{"width":900,"height":1299,"url":"https:\/\/revistaliterariaelgatonegro.com\/wp-content\/uploads\/2025\/04\/un-invierno-junto.jpg","type":"image\/jpeg"}],"twitter_card":"summary_large_image","twitter_misc":{"Tiempo de lectura":"2 minutos"},"schema":{"@context":"https:\/\/schema.org","@graph":[{"@type":"WebPage","@id":"https:\/\/revistaliterariaelgatonegro.com\/producto\/un-invierno-junto-al-mar","url":"https:\/\/revistaliterariaelgatonegro.com\/producto\/un-invierno-junto-al-mar","name":"UN INVIERNO JUNTO AL MAR - REVISTA CULTURAL","isPartOf":{"@id":"https:\/\/revistaliterariaelgatonegro.com\/#website"},"primaryImageOfPage":{"@id":"https:\/\/revistaliterariaelgatonegro.com\/producto\/un-invierno-junto-al-mar#primaryimage"},"image":{"@id":"https:\/\/revistaliterariaelgatonegro.com\/producto\/un-invierno-junto-al-mar#primaryimage"},"thumbnailUrl":"https:\/\/revistaliterariaelgatonegro.com\/wp-content\/uploads\/2025\/04\/un-invierno-junto.jpg","datePublished":"2025-05-20T05:33:15+00:00","dateModified":"2025-05-22T10:50:32+00:00","description":"Un invierno junto al mar es el segundo libro de la serie de las hermanas Summers que se inici\u00f3 con Un hotel junto al mar","breadcrumb":{"@id":"https:\/\/revistaliterariaelgatonegro.com\/producto\/un-invierno-junto-al-mar#breadcrumb"},"inLanguage":"es","potentialAction":[{"@type":"ReadAction","target":["https:\/\/revistaliterariaelgatonegro.com\/producto\/un-invierno-junto-al-mar"]}]},{"@type":"ImageObject","inLanguage":"es","@id":"https:\/\/revistaliterariaelgatonegro.com\/producto\/un-invierno-junto-al-mar#primaryimage","url":"https:\/\/revistaliterariaelgatonegro.com\/wp-content\/uploads\/2025\/04\/un-invierno-junto.jpg","contentUrl":"https:\/\/revistaliterariaelgatonegro.com\/wp-content\/uploads\/2025\/04\/un-invierno-junto.jpg","width":900,"height":1299},{"@type":"BreadcrumbList","@id":"https:\/\/revistaliterariaelgatonegro.com\/producto\/un-invierno-junto-al-mar#breadcrumb","itemListElement":[{"@type":"ListItem","position":1,"name":"Portada","item":"https:\/\/revistaliterariaelgatonegro.com\/"},{"@type":"ListItem","position":2,"name":"Librer\u00eda","item":"https:\/\/revistaliterariaelgatonegro.com\/?page_id=20159"},{"@type":"ListItem","position":3,"name":"UN INVIERNO JUNTO AL MAR"}]},{"@type":"WebSite","@id":"https:\/\/revistaliterariaelgatonegro.com\/#website","url":"https:\/\/revistaliterariaelgatonegro.com\/","name":"REVISTA CULTURAL","description":" Un nuevo espacio para la divulgaci\u00f3n literaria, as\u00ed como dem\u00e1s artes ","publisher":{"@id":"https:\/\/revistaliterariaelgatonegro.com\/#\/schema\/person\/6a37dd51e0f101e394e91c123fd12e8a"},"potentialAction":[{"@type":"SearchAction","target":{"@type":"EntryPoint","urlTemplate":"https:\/\/revistaliterariaelgatonegro.com\/?s={search_term_string}"},"query-input":{"@type":"PropertyValueSpecification","valueRequired":true,"valueName":"search_term_string"}}],"inLanguage":"es"},{"@type":["Person","Organization"],"@id":"https:\/\/revistaliterariaelgatonegro.com\/#\/schema\/person\/6a37dd51e0f101e394e91c123fd12e8a","name":"administrador","image":{"@type":"ImageObject","inLanguage":"es","@id":"https:\/\/revistaliterariaelgatonegro.com\/wp-content\/uploads\/2025\/12\/cropped-Logotipo-Logo-Marca-personal-Pastel-Amarillo-12-Photoroom.png","url":"https:\/\/revistaliterariaelgatonegro.com\/wp-content\/uploads\/2025\/12\/cropped-Logotipo-Logo-Marca-personal-Pastel-Amarillo-12-Photoroom.png","contentUrl":"https:\/\/revistaliterariaelgatonegro.com\/wp-content\/uploads\/2025\/12\/cropped-Logotipo-Logo-Marca-personal-Pastel-Amarillo-12-Photoroom.png","width":364,"height":212,"caption":"administrador"},"logo":{"@id":"https:\/\/revistaliterariaelgatonegro.com\/wp-content\/uploads\/2025\/12\/cropped-Logotipo-Logo-Marca-personal-Pastel-Amarillo-12-Photoroom.png"},"sameAs":["http:\/\/s864831950.mialojamiento.es"]}]}},"_links":{"self":[{"href":"https:\/\/revistaliterariaelgatonegro.com\/index.php?rest_route=\/wp\/v2\/product\/20273","targetHints":{"allow":["GET"]}}],"collection":[{"href":"https:\/\/revistaliterariaelgatonegro.com\/index.php?rest_route=\/wp\/v2\/product"}],"about":[{"href":"https:\/\/revistaliterariaelgatonegro.com\/index.php?rest_route=\/wp\/v2\/types\/product"}],"wp:featuredmedia":[{"embeddable":true,"href":"https:\/\/revistaliterariaelgatonegro.com\/index.php?rest_route=\/wp\/v2\/media\/19624"}],"wp:attachment":[{"href":"https:\/\/revistaliterariaelgatonegro.com\/index.php?rest_route=%2Fwp%2Fv2%2Fmedia&parent=20273"}],"wp:term":[{"taxonomy":"product_brand","embeddable":true,"href":"https:\/\/revistaliterariaelgatonegro.com\/index.php?rest_route=%2Fwp%2Fv2%2Fproduct_brand&post=20273"},{"taxonomy":"product_cat","embeddable":true,"href":"https:\/\/revistaliterariaelgatonegro.com\/index.php?rest_route=%2Fwp%2Fv2%2Fproduct_cat&post=20273"},{"taxonomy":"product_tag","embeddable":true,"href":"https:\/\/revistaliterariaelgatonegro.com\/index.php?rest_route=%2Fwp%2Fv2%2Fproduct_tag&post=20273"}],"curies":[{"name":"wp","href":"https:\/\/api.w.org\/{rel}","templated":true}]}}