{"id":20268,"date":"2025-05-20T05:23:57","date_gmt":"2025-05-20T05:23:57","guid":{"rendered":"https:\/\/revistaliterariaelgatonegro.com\/?post_type=product&#038;p=20268"},"modified":"2025-05-22T10:58:16","modified_gmt":"2025-05-22T10:58:16","slug":"la-guerra-de-audrey","status":"publish","type":"product","link":"https:\/\/revistaliterariaelgatonegro.com\/?product=la-guerra-de-audrey","title":{"rendered":"LA GUERRA DE AUDREY"},"content":{"rendered":"<p>La guerra de Audrey revela el cap\u00edtulo oculto de la vida de la actriz, capturando los inmensos desaf\u00edos que enfrent\u00f3 mientras soportaba el hambre, los bombardeos y la implacable invasi\u00f3n de las fuerzas nazis.<\/p>\n<p>Elegante, desgarradora e inspiradora, esta historia situada durante la \u00e9poca m\u00e1s oscura de la historia reciente occidental es un canto a la coraje de una fr\u00e1gil ni\u00f1a que se convierte en una valerosa mujer.<\/p>\n<p>Sum\u00e9rgete en el fascinante mundo de las novelas gr\u00e1ficas espa\u00f1olas, donde el arte de la vi\u00f1eta se fusiona con narrativas profundas y envolventes. Las novelas gr\u00e1ficas espa\u00f1olas exploran historias ut\u00f3nomas con tramas literarias complejas y personajes multifac\u00e9ticos. Descubre c\u00f3mo los talentosos autores y artistas espa\u00f1oles transforman la vida cotidiana o la fantas\u00eda en obras maestras, visuales y literarias.<\/p>\n","protected":false},"excerpt":{"rendered":"<h3 data-campo=\"Editorial\">Loreto Aroca y Salva Rubio<\/h3>\n<p>Audrey Hepburn y sus aventuras, vivencias y sufrimientos durante la Segunda Guerra Mundial.<\/p>\n<ul>\n<li><b class=\"f-w-7\">Editorial: <\/b>Planeta C\u00f3mic<\/li>\n<li class=\"campo f-size-0 f-w-4 my-2 d-grid svelte-id2jbc\" data-campo=\"ISBN\"><b class=\"f-w-7\">ISBN: <\/b>9788411618007<\/li>\n<li class=\"campo f-size-0 f-w-4 my-2 d-grid svelte-id2jbc\" data-campo=\"Idioma\"><b class=\"f-w-7\">Idioma: <\/b>Castellano<\/li>\n<li class=\"campo f-size-0 f-w-4 my-2 d-grid svelte-id2jbc\" data-campo=\"N\u00famero de p\u00e1ginas\"><b class=\"f-w-7\">N\u00famero de p\u00e1ginas: <\/b>152<\/li>\n<li class=\"campo f-size-0 f-w-4 my-2 d-grid svelte-id2jbc\" data-campo=\"Encuadernaci\u00f3n\"><b class=\"f-w-7\">Encuadernaci\u00f3n: <\/b>Tapa dura<\/li>\n<\/ul>\n<p>&nbsp;<\/p>\n<p><a href=\"https:\/\/tidd.ly\/3SdnL8v\" target=\"_blank\" rel=\"noopener\"><button class=\"boton1\">Libro<\/button><\/a> <a href=\"https:\/\/tidd.ly\/4k3vthr\" target=\"_blank\" rel=\"noopener\"><button class=\"boton1\">eBook<\/button><\/a><\/p>\n","protected":false},"featured_media":19836,"template":"","meta":[],"product_brand":[],"product_cat":[168],"product_tag":[169],"class_list":{"0":"post-20268","1":"product","2":"type-product","3":"status-publish","4":"has-post-thumbnail","6":"product_cat-novela-grafica","7":"product_tag-grafica","9":"first","10":"instock","11":"sale","12":"taxable","13":"shipping-taxable","14":"product-type-external"},"yoast_head":"<!-- This site is optimized with the Yoast SEO plugin v27.4 - https:\/\/yoast.com\/product\/yoast-seo-wordpress\/ -->\n<title>LA GUERRA DE AUDREY - REVISTA CULTURAL<\/title>\n<meta name=\"robots\" content=\"index, follow, max-snippet:-1, max-image-preview:large, max-video-preview:-1\" \/>\n<link rel=\"canonical\" href=\"https:\/\/revistaliterariaelgatonegro.com\/producto\/la-guerra-de-audrey\" \/>\n<meta property=\"og:locale\" content=\"es_ES\" \/>\n<meta property=\"og:type\" content=\"article\" \/>\n<meta property=\"og:title\" content=\"LA GUERRA DE AUDREY - REVISTA CULTURAL\" \/>\n<meta property=\"og:description\" content=\"Loreto Aroca y Salva Rubio Audrey Hepburn y sus aventuras, vivencias y sufrimientos durante la Segunda Guerra Mundial.   Editorial: Planeta C\u00f3mic  ISBN: 9788411618007  Idioma: Castellano  N\u00famero de p\u00e1ginas: 152  Encuadernaci\u00f3n: Tapa dura  &nbsp;  Libro eBook\" \/>\n<meta property=\"og:url\" content=\"https:\/\/revistaliterariaelgatonegro.com\/producto\/la-guerra-de-audrey\" \/>\n<meta property=\"og:site_name\" content=\"REVISTA CULTURAL\" \/>\n<meta property=\"article:modified_time\" content=\"2025-05-22T10:58:16+00:00\" \/>\n<meta property=\"og:image\" content=\"https:\/\/revistaliterariaelgatonegro.com\/wp-content\/uploads\/2025\/04\/la-guerra-de-audrey.jpg\" \/>\n\t<meta property=\"og:image:width\" content=\"381\" \/>\n\t<meta property=\"og:image:height\" content=\"492\" \/>\n\t<meta property=\"og:image:type\" content=\"image\/jpeg\" \/>\n<meta name=\"twitter:card\" content=\"summary_large_image\" \/>\n<meta name=\"twitter:label1\" content=\"Tiempo de lectura\" \/>\n\t<meta name=\"twitter:data1\" content=\"1 minuto\" \/>\n<script type=\"application\/ld+json\" class=\"yoast-schema-graph\">{\"@context\":\"https:\\\/\\\/schema.org\",\"@graph\":[{\"@type\":\"WebPage\",\"@id\":\"https:\\\/\\\/revistaliterariaelgatonegro.com\\\/producto\\\/la-guerra-de-audrey\",\"url\":\"https:\\\/\\\/revistaliterariaelgatonegro.com\\\/producto\\\/la-guerra-de-audrey\",\"name\":\"LA GUERRA DE AUDREY - REVISTA CULTURAL\",\"isPartOf\":{\"@id\":\"https:\\\/\\\/revistaliterariaelgatonegro.com\\\/#website\"},\"primaryImageOfPage\":{\"@id\":\"https:\\\/\\\/revistaliterariaelgatonegro.com\\\/producto\\\/la-guerra-de-audrey#primaryimage\"},\"image\":{\"@id\":\"https:\\\/\\\/revistaliterariaelgatonegro.com\\\/producto\\\/la-guerra-de-audrey#primaryimage\"},\"thumbnailUrl\":\"https:\\\/\\\/revistaliterariaelgatonegro.com\\\/wp-content\\\/uploads\\\/2025\\\/04\\\/la-guerra-de-audrey.jpg\",\"datePublished\":\"2025-05-20T05:23:57+00:00\",\"dateModified\":\"2025-05-22T10:58:16+00:00\",\"breadcrumb\":{\"@id\":\"https:\\\/\\\/revistaliterariaelgatonegro.com\\\/producto\\\/la-guerra-de-audrey#breadcrumb\"},\"inLanguage\":\"es\",\"potentialAction\":[{\"@type\":\"ReadAction\",\"target\":[\"https:\\\/\\\/revistaliterariaelgatonegro.com\\\/producto\\\/la-guerra-de-audrey\"]}]},{\"@type\":\"ImageObject\",\"inLanguage\":\"es\",\"@id\":\"https:\\\/\\\/revistaliterariaelgatonegro.com\\\/producto\\\/la-guerra-de-audrey#primaryimage\",\"url\":\"https:\\\/\\\/revistaliterariaelgatonegro.com\\\/wp-content\\\/uploads\\\/2025\\\/04\\\/la-guerra-de-audrey.jpg\",\"contentUrl\":\"https:\\\/\\\/revistaliterariaelgatonegro.com\\\/wp-content\\\/uploads\\\/2025\\\/04\\\/la-guerra-de-audrey.jpg\",\"width\":381,\"height\":492},{\"@type\":\"BreadcrumbList\",\"@id\":\"https:\\\/\\\/revistaliterariaelgatonegro.com\\\/producto\\\/la-guerra-de-audrey#breadcrumb\",\"itemListElement\":[{\"@type\":\"ListItem\",\"position\":1,\"name\":\"Portada\",\"item\":\"https:\\\/\\\/revistaliterariaelgatonegro.com\\\/\"},{\"@type\":\"ListItem\",\"position\":2,\"name\":\"Librer\u00eda\",\"item\":\"https:\\\/\\\/revistaliterariaelgatonegro.com\\\/?page_id=20159\"},{\"@type\":\"ListItem\",\"position\":3,\"name\":\"LA GUERRA DE AUDREY\"}]},{\"@type\":\"WebSite\",\"@id\":\"https:\\\/\\\/revistaliterariaelgatonegro.com\\\/#website\",\"url\":\"https:\\\/\\\/revistaliterariaelgatonegro.com\\\/\",\"name\":\"REVISTA CULTURAL\",\"description\":\" Un nuevo espacio para la divulgaci\u00f3n literaria, as\u00ed como dem\u00e1s artes \",\"publisher\":{\"@id\":\"https:\\\/\\\/revistaliterariaelgatonegro.com\\\/#\\\/schema\\\/person\\\/6a37dd51e0f101e394e91c123fd12e8a\"},\"potentialAction\":[{\"@type\":\"SearchAction\",\"target\":{\"@type\":\"EntryPoint\",\"urlTemplate\":\"https:\\\/\\\/revistaliterariaelgatonegro.com\\\/?s={search_term_string}\"},\"query-input\":{\"@type\":\"PropertyValueSpecification\",\"valueRequired\":true,\"valueName\":\"search_term_string\"}}],\"inLanguage\":\"es\"},{\"@type\":[\"Person\",\"Organization\"],\"@id\":\"https:\\\/\\\/revistaliterariaelgatonegro.com\\\/#\\\/schema\\\/person\\\/6a37dd51e0f101e394e91c123fd12e8a\",\"name\":\"administrador\",\"image\":{\"@type\":\"ImageObject\",\"inLanguage\":\"es\",\"@id\":\"https:\\\/\\\/revistaliterariaelgatonegro.com\\\/wp-content\\\/uploads\\\/2025\\\/12\\\/cropped-Logotipo-Logo-Marca-personal-Pastel-Amarillo-12-Photoroom.png\",\"url\":\"https:\\\/\\\/revistaliterariaelgatonegro.com\\\/wp-content\\\/uploads\\\/2025\\\/12\\\/cropped-Logotipo-Logo-Marca-personal-Pastel-Amarillo-12-Photoroom.png\",\"contentUrl\":\"https:\\\/\\\/revistaliterariaelgatonegro.com\\\/wp-content\\\/uploads\\\/2025\\\/12\\\/cropped-Logotipo-Logo-Marca-personal-Pastel-Amarillo-12-Photoroom.png\",\"width\":364,\"height\":212,\"caption\":\"administrador\"},\"logo\":{\"@id\":\"https:\\\/\\\/revistaliterariaelgatonegro.com\\\/wp-content\\\/uploads\\\/2025\\\/12\\\/cropped-Logotipo-Logo-Marca-personal-Pastel-Amarillo-12-Photoroom.png\"},\"sameAs\":[\"http:\\\/\\\/s864831950.mialojamiento.es\"]}]}<\/script>\n<!-- \/ Yoast SEO plugin. -->","yoast_head_json":{"title":"LA GUERRA DE AUDREY - REVISTA CULTURAL","robots":{"index":"index","follow":"follow","max-snippet":"max-snippet:-1","max-image-preview":"max-image-preview:large","max-video-preview":"max-video-preview:-1"},"canonical":"https:\/\/revistaliterariaelgatonegro.com\/producto\/la-guerra-de-audrey","og_locale":"es_ES","og_type":"article","og_title":"LA GUERRA DE AUDREY - REVISTA CULTURAL","og_description":"Loreto Aroca y Salva Rubio Audrey Hepburn y sus aventuras, vivencias y sufrimientos durante la Segunda Guerra Mundial.   Editorial: Planeta C\u00f3mic  ISBN: 9788411618007  Idioma: Castellano  N\u00famero de p\u00e1ginas: 152  Encuadernaci\u00f3n: Tapa dura  &nbsp;  Libro eBook","og_url":"https:\/\/revistaliterariaelgatonegro.com\/producto\/la-guerra-de-audrey","og_site_name":"REVISTA CULTURAL","article_modified_time":"2025-05-22T10:58:16+00:00","og_image":[{"width":381,"height":492,"url":"https:\/\/revistaliterariaelgatonegro.com\/wp-content\/uploads\/2025\/04\/la-guerra-de-audrey.jpg","type":"image\/jpeg"}],"twitter_card":"summary_large_image","twitter_misc":{"Tiempo de lectura":"1 minuto"},"schema":{"@context":"https:\/\/schema.org","@graph":[{"@type":"WebPage","@id":"https:\/\/revistaliterariaelgatonegro.com\/producto\/la-guerra-de-audrey","url":"https:\/\/revistaliterariaelgatonegro.com\/producto\/la-guerra-de-audrey","name":"LA GUERRA DE AUDREY - REVISTA CULTURAL","isPartOf":{"@id":"https:\/\/revistaliterariaelgatonegro.com\/#website"},"primaryImageOfPage":{"@id":"https:\/\/revistaliterariaelgatonegro.com\/producto\/la-guerra-de-audrey#primaryimage"},"image":{"@id":"https:\/\/revistaliterariaelgatonegro.com\/producto\/la-guerra-de-audrey#primaryimage"},"thumbnailUrl":"https:\/\/revistaliterariaelgatonegro.com\/wp-content\/uploads\/2025\/04\/la-guerra-de-audrey.jpg","datePublished":"2025-05-20T05:23:57+00:00","dateModified":"2025-05-22T10:58:16+00:00","breadcrumb":{"@id":"https:\/\/revistaliterariaelgatonegro.com\/producto\/la-guerra-de-audrey#breadcrumb"},"inLanguage":"es","potentialAction":[{"@type":"ReadAction","target":["https:\/\/revistaliterariaelgatonegro.com\/producto\/la-guerra-de-audrey"]}]},{"@type":"ImageObject","inLanguage":"es","@id":"https:\/\/revistaliterariaelgatonegro.com\/producto\/la-guerra-de-audrey#primaryimage","url":"https:\/\/revistaliterariaelgatonegro.com\/wp-content\/uploads\/2025\/04\/la-guerra-de-audrey.jpg","contentUrl":"https:\/\/revistaliterariaelgatonegro.com\/wp-content\/uploads\/2025\/04\/la-guerra-de-audrey.jpg","width":381,"height":492},{"@type":"BreadcrumbList","@id":"https:\/\/revistaliterariaelgatonegro.com\/producto\/la-guerra-de-audrey#breadcrumb","itemListElement":[{"@type":"ListItem","position":1,"name":"Portada","item":"https:\/\/revistaliterariaelgatonegro.com\/"},{"@type":"ListItem","position":2,"name":"Librer\u00eda","item":"https:\/\/revistaliterariaelgatonegro.com\/?page_id=20159"},{"@type":"ListItem","position":3,"name":"LA GUERRA DE AUDREY"}]},{"@type":"WebSite","@id":"https:\/\/revistaliterariaelgatonegro.com\/#website","url":"https:\/\/revistaliterariaelgatonegro.com\/","name":"REVISTA CULTURAL","description":" Un nuevo espacio para la divulgaci\u00f3n literaria, as\u00ed como dem\u00e1s artes ","publisher":{"@id":"https:\/\/revistaliterariaelgatonegro.com\/#\/schema\/person\/6a37dd51e0f101e394e91c123fd12e8a"},"potentialAction":[{"@type":"SearchAction","target":{"@type":"EntryPoint","urlTemplate":"https:\/\/revistaliterariaelgatonegro.com\/?s={search_term_string}"},"query-input":{"@type":"PropertyValueSpecification","valueRequired":true,"valueName":"search_term_string"}}],"inLanguage":"es"},{"@type":["Person","Organization"],"@id":"https:\/\/revistaliterariaelgatonegro.com\/#\/schema\/person\/6a37dd51e0f101e394e91c123fd12e8a","name":"administrador","image":{"@type":"ImageObject","inLanguage":"es","@id":"https:\/\/revistaliterariaelgatonegro.com\/wp-content\/uploads\/2025\/12\/cropped-Logotipo-Logo-Marca-personal-Pastel-Amarillo-12-Photoroom.png","url":"https:\/\/revistaliterariaelgatonegro.com\/wp-content\/uploads\/2025\/12\/cropped-Logotipo-Logo-Marca-personal-Pastel-Amarillo-12-Photoroom.png","contentUrl":"https:\/\/revistaliterariaelgatonegro.com\/wp-content\/uploads\/2025\/12\/cropped-Logotipo-Logo-Marca-personal-Pastel-Amarillo-12-Photoroom.png","width":364,"height":212,"caption":"administrador"},"logo":{"@id":"https:\/\/revistaliterariaelgatonegro.com\/wp-content\/uploads\/2025\/12\/cropped-Logotipo-Logo-Marca-personal-Pastel-Amarillo-12-Photoroom.png"},"sameAs":["http:\/\/s864831950.mialojamiento.es"]}]}},"_links":{"self":[{"href":"https:\/\/revistaliterariaelgatonegro.com\/index.php?rest_route=\/wp\/v2\/product\/20268","targetHints":{"allow":["GET"]}}],"collection":[{"href":"https:\/\/revistaliterariaelgatonegro.com\/index.php?rest_route=\/wp\/v2\/product"}],"about":[{"href":"https:\/\/revistaliterariaelgatonegro.com\/index.php?rest_route=\/wp\/v2\/types\/product"}],"wp:featuredmedia":[{"embeddable":true,"href":"https:\/\/revistaliterariaelgatonegro.com\/index.php?rest_route=\/wp\/v2\/media\/19836"}],"wp:attachment":[{"href":"https:\/\/revistaliterariaelgatonegro.com\/index.php?rest_route=%2Fwp%2Fv2%2Fmedia&parent=20268"}],"wp:term":[{"taxonomy":"product_brand","embeddable":true,"href":"https:\/\/revistaliterariaelgatonegro.com\/index.php?rest_route=%2Fwp%2Fv2%2Fproduct_brand&post=20268"},{"taxonomy":"product_cat","embeddable":true,"href":"https:\/\/revistaliterariaelgatonegro.com\/index.php?rest_route=%2Fwp%2Fv2%2Fproduct_cat&post=20268"},{"taxonomy":"product_tag","embeddable":true,"href":"https:\/\/revistaliterariaelgatonegro.com\/index.php?rest_route=%2Fwp%2Fv2%2Fproduct_tag&post=20268"}],"curies":[{"name":"wp","href":"https:\/\/api.w.org\/{rel}","templated":true}]}}