{"id":20263,"date":"2025-05-20T05:15:49","date_gmt":"2025-05-20T05:15:49","guid":{"rendered":"https:\/\/revistaliterariaelgatonegro.com\/?post_type=product&#038;p=20263"},"modified":"2025-05-22T11:01:58","modified_gmt":"2025-05-22T11:01:58","slug":"la-transmigracion","status":"publish","type":"product","link":"https:\/\/revistaliterariaelgatonegro.com\/?product=la-transmigracion","title":{"rendered":"LA TRANSMIGRACI\u00d3N"},"content":{"rendered":"<p>Todo cambia tan r\u00e1pido que la realidad que conocemos puede desaparecer en cualquier momento. Con una prosa precisa y envolvente, Juan Jacinto Mu\u00f1oz-Rengel nos sumerge en su obra m\u00e1s ambiciosa, una novela coral que se despliega por pa\u00edses de todos los confines para contarnos el colapso del mundo. Las ciudades caer\u00e1n, una tras otra, y los protagonistas habr\u00e1n de poner a prueba sus certezas y los l\u00edmites de su moral. Pero en el mundo, incluso antes del cambio, el mal ya campaba a sus anchas.<\/p>\n<p>Vivimos en un mundo l\u00edquido, complejo y vol\u00e1til, en el que cualquier cosa puede suceder y nuestras identidades escapan cada vez m\u00e1s a nuestro control. \u00bfY si tambi\u00e9n las almas empezaran a migrar de un cuerpo a otro? Si apareci\u00e9ramos en un cuerpo ajeno, \u00bfintentar\u00edamos volver a casa, quiz\u00e1 a kil\u00f3metros de distancia, donde nadie nos reconocer\u00e1? \u00bfO buscar\u00edamos esa otra vivienda que abre el juego de llaves de nuestro abrigo? \u00bfQui\u00e9n nos esperar\u00e1 all\u00ed dentro? El abismo apenas comienza a adivinarse. Porque cuando te despojan de tu cuerpo, no solo te roban la identidad, tambi\u00e9n te arrancan tu vida, te separan de los tuyos y de todo lo que importa. \u00bfD\u00f3nde est\u00e1n tus hijos? \u00bfDe qui\u00e9nes son los ni\u00f1os que vagan perdidos por las calles? \u00bfDe verdad son ni\u00f1os?<\/p>\n","protected":false},"excerpt":{"rendered":"<h3 data-campo=\"Editorial\">Juan Jacinto Mu\u00f1oz-Rengel<\/h3>\n<p data-campo=\"Editorial\">Una novela sin precedentes sobre la identidad y los g\u00e9neros, sobre el cuerpo y nuestra dependencia del cuerpo, sobre los v\u00ednculos, la enfermedad y la fragilidad humana.<\/p>\n<ul>\n<li class=\"campo f-size-0 f-w-4 my-2 d-grid svelte-id2jbc\" data-campo=\"Editorial\"><b class=\"f-w-7\">Editorial: <\/b>Adn Editorial Grupo Anaya<\/li>\n<li class=\"campo f-size-0 f-w-4 my-2 d-grid svelte-id2jbc\" data-campo=\"ISBN\"><b class=\"f-w-7\">ISBN: <\/b>9788410138964<\/li>\n<li class=\"campo f-size-0 f-w-4 my-2 d-grid svelte-id2jbc\" data-campo=\"Idioma\"><b class=\"f-w-7\">Idioma: <\/b>Castellano<\/li>\n<li class=\"campo f-size-0 f-w-4 my-2 d-grid svelte-id2jbc\" data-campo=\"N\u00famero de p\u00e1ginas\"><b class=\"f-w-7\">N\u00famero de p\u00e1ginas: <\/b>272<\/li>\n<li class=\"campo f-size-0 f-w-4 my-2 d-grid svelte-id2jbc\" data-campo=\"Encuadernaci\u00f3n\"><b class=\"f-w-7\">Encuadernaci\u00f3n: <\/b>Tapa blanda<\/li>\n<\/ul>\n<p>&nbsp;<\/p>\n<p><a href=\"https:\/\/tidd.ly\/45kx4Li\" target=\"_blank\" rel=\"noopener\"><button class=\"boton1\">Libro<\/button><\/a> <a href=\"https:\/\/tidd.ly\/4dCTr0L\" target=\"_blank\" rel=\"noopener\"><button class=\"boton1\">eBook<\/button><\/a><\/p>\n","protected":false},"featured_media":19925,"template":"","meta":[],"product_brand":[],"product_cat":[159],"product_tag":[170],"class_list":{"0":"post-20263","1":"product","2":"type-product","3":"status-publish","4":"has-post-thumbnail","6":"product_cat-novela-contemporanea","7":"product_tag-narrativa-espanola","9":"first","10":"instock","11":"sale","12":"taxable","13":"shipping-taxable","14":"product-type-external"},"yoast_head":"<!-- This site is optimized with the Yoast SEO plugin v27.4 - https:\/\/yoast.com\/product\/yoast-seo-wordpress\/ -->\n<title>LA TRANSMIGRACI\u00d3N - REVISTA CULTURAL<\/title>\n<meta name=\"description\" content=\"Una novela sin precedentes sobre la identidad y los g\u00e9neros, sobre el cuerpo y nuestra dependencia del cuerpo, sobre los v\u00ednculos, la enfermedad...\" \/>\n<meta name=\"robots\" content=\"index, follow, max-snippet:-1, max-image-preview:large, max-video-preview:-1\" \/>\n<link rel=\"canonical\" href=\"https:\/\/revistaliterariaelgatonegro.com\/producto\/la-transmigracion\" \/>\n<meta property=\"og:locale\" content=\"es_ES\" \/>\n<meta property=\"og:type\" content=\"article\" \/>\n<meta property=\"og:title\" content=\"LA TRANSMIGRACI\u00d3N - REVISTA CULTURAL\" \/>\n<meta property=\"og:description\" content=\"Una novela sin precedentes sobre la identidad y los g\u00e9neros, sobre el cuerpo y nuestra dependencia del cuerpo, sobre los v\u00ednculos, la enfermedad...\" \/>\n<meta property=\"og:url\" content=\"https:\/\/revistaliterariaelgatonegro.com\/producto\/la-transmigracion\" \/>\n<meta property=\"og:site_name\" content=\"REVISTA CULTURAL\" \/>\n<meta property=\"article:modified_time\" content=\"2025-05-22T11:01:58+00:00\" \/>\n<meta property=\"og:image\" content=\"https:\/\/revistaliterariaelgatonegro.com\/wp-content\/uploads\/2025\/04\/AdN-Transmigracion-Munoz-Rengel-OK-1-scaled.jpg\" \/>\n\t<meta property=\"og:image:width\" content=\"1710\" \/>\n\t<meta property=\"og:image:height\" content=\"2560\" \/>\n\t<meta property=\"og:image:type\" content=\"image\/jpeg\" \/>\n<meta name=\"twitter:card\" content=\"summary_large_image\" \/>\n<meta name=\"twitter:label1\" content=\"Tiempo de lectura\" \/>\n\t<meta name=\"twitter:data1\" content=\"2 minutos\" \/>\n<script type=\"application\/ld+json\" class=\"yoast-schema-graph\">{\"@context\":\"https:\\\/\\\/schema.org\",\"@graph\":[{\"@type\":\"WebPage\",\"@id\":\"https:\\\/\\\/revistaliterariaelgatonegro.com\\\/producto\\\/la-transmigracion\",\"url\":\"https:\\\/\\\/revistaliterariaelgatonegro.com\\\/producto\\\/la-transmigracion\",\"name\":\"LA TRANSMIGRACI\u00d3N - REVISTA CULTURAL\",\"isPartOf\":{\"@id\":\"https:\\\/\\\/revistaliterariaelgatonegro.com\\\/#website\"},\"primaryImageOfPage\":{\"@id\":\"https:\\\/\\\/revistaliterariaelgatonegro.com\\\/producto\\\/la-transmigracion#primaryimage\"},\"image\":{\"@id\":\"https:\\\/\\\/revistaliterariaelgatonegro.com\\\/producto\\\/la-transmigracion#primaryimage\"},\"thumbnailUrl\":\"https:\\\/\\\/revistaliterariaelgatonegro.com\\\/wp-content\\\/uploads\\\/2025\\\/04\\\/AdN-Transmigracion-Munoz-Rengel-OK-1-scaled.jpg\",\"datePublished\":\"2025-05-20T05:15:49+00:00\",\"dateModified\":\"2025-05-22T11:01:58+00:00\",\"description\":\"Una novela sin precedentes sobre la identidad y los g\u00e9neros, sobre el cuerpo y nuestra dependencia del cuerpo, sobre los v\u00ednculos, la enfermedad...\",\"breadcrumb\":{\"@id\":\"https:\\\/\\\/revistaliterariaelgatonegro.com\\\/producto\\\/la-transmigracion#breadcrumb\"},\"inLanguage\":\"es\",\"potentialAction\":[{\"@type\":\"ReadAction\",\"target\":[\"https:\\\/\\\/revistaliterariaelgatonegro.com\\\/producto\\\/la-transmigracion\"]}]},{\"@type\":\"ImageObject\",\"inLanguage\":\"es\",\"@id\":\"https:\\\/\\\/revistaliterariaelgatonegro.com\\\/producto\\\/la-transmigracion#primaryimage\",\"url\":\"https:\\\/\\\/revistaliterariaelgatonegro.com\\\/wp-content\\\/uploads\\\/2025\\\/04\\\/AdN-Transmigracion-Munoz-Rengel-OK-1-scaled.jpg\",\"contentUrl\":\"https:\\\/\\\/revistaliterariaelgatonegro.com\\\/wp-content\\\/uploads\\\/2025\\\/04\\\/AdN-Transmigracion-Munoz-Rengel-OK-1-scaled.jpg\",\"width\":1710,\"height\":2560},{\"@type\":\"BreadcrumbList\",\"@id\":\"https:\\\/\\\/revistaliterariaelgatonegro.com\\\/producto\\\/la-transmigracion#breadcrumb\",\"itemListElement\":[{\"@type\":\"ListItem\",\"position\":1,\"name\":\"Portada\",\"item\":\"https:\\\/\\\/revistaliterariaelgatonegro.com\\\/\"},{\"@type\":\"ListItem\",\"position\":2,\"name\":\"Librer\u00eda\",\"item\":\"https:\\\/\\\/revistaliterariaelgatonegro.com\\\/?page_id=20159\"},{\"@type\":\"ListItem\",\"position\":3,\"name\":\"LA TRANSMIGRACI\u00d3N\"}]},{\"@type\":\"WebSite\",\"@id\":\"https:\\\/\\\/revistaliterariaelgatonegro.com\\\/#website\",\"url\":\"https:\\\/\\\/revistaliterariaelgatonegro.com\\\/\",\"name\":\"REVISTA CULTURAL\",\"description\":\" Un nuevo espacio para la divulgaci\u00f3n literaria, as\u00ed como dem\u00e1s artes \",\"publisher\":{\"@id\":\"https:\\\/\\\/revistaliterariaelgatonegro.com\\\/#\\\/schema\\\/person\\\/6a37dd51e0f101e394e91c123fd12e8a\"},\"potentialAction\":[{\"@type\":\"SearchAction\",\"target\":{\"@type\":\"EntryPoint\",\"urlTemplate\":\"https:\\\/\\\/revistaliterariaelgatonegro.com\\\/?s={search_term_string}\"},\"query-input\":{\"@type\":\"PropertyValueSpecification\",\"valueRequired\":true,\"valueName\":\"search_term_string\"}}],\"inLanguage\":\"es\"},{\"@type\":[\"Person\",\"Organization\"],\"@id\":\"https:\\\/\\\/revistaliterariaelgatonegro.com\\\/#\\\/schema\\\/person\\\/6a37dd51e0f101e394e91c123fd12e8a\",\"name\":\"administrador\",\"image\":{\"@type\":\"ImageObject\",\"inLanguage\":\"es\",\"@id\":\"https:\\\/\\\/revistaliterariaelgatonegro.com\\\/wp-content\\\/uploads\\\/2025\\\/12\\\/cropped-Logotipo-Logo-Marca-personal-Pastel-Amarillo-12-Photoroom.png\",\"url\":\"https:\\\/\\\/revistaliterariaelgatonegro.com\\\/wp-content\\\/uploads\\\/2025\\\/12\\\/cropped-Logotipo-Logo-Marca-personal-Pastel-Amarillo-12-Photoroom.png\",\"contentUrl\":\"https:\\\/\\\/revistaliterariaelgatonegro.com\\\/wp-content\\\/uploads\\\/2025\\\/12\\\/cropped-Logotipo-Logo-Marca-personal-Pastel-Amarillo-12-Photoroom.png\",\"width\":364,\"height\":212,\"caption\":\"administrador\"},\"logo\":{\"@id\":\"https:\\\/\\\/revistaliterariaelgatonegro.com\\\/wp-content\\\/uploads\\\/2025\\\/12\\\/cropped-Logotipo-Logo-Marca-personal-Pastel-Amarillo-12-Photoroom.png\"},\"sameAs\":[\"http:\\\/\\\/s864831950.mialojamiento.es\"]}]}<\/script>\n<!-- \/ Yoast SEO plugin. -->","yoast_head_json":{"title":"LA TRANSMIGRACI\u00d3N - REVISTA CULTURAL","description":"Una novela sin precedentes sobre la identidad y los g\u00e9neros, sobre el cuerpo y nuestra dependencia del cuerpo, sobre los v\u00ednculos, la enfermedad...","robots":{"index":"index","follow":"follow","max-snippet":"max-snippet:-1","max-image-preview":"max-image-preview:large","max-video-preview":"max-video-preview:-1"},"canonical":"https:\/\/revistaliterariaelgatonegro.com\/producto\/la-transmigracion","og_locale":"es_ES","og_type":"article","og_title":"LA TRANSMIGRACI\u00d3N - REVISTA CULTURAL","og_description":"Una novela sin precedentes sobre la identidad y los g\u00e9neros, sobre el cuerpo y nuestra dependencia del cuerpo, sobre los v\u00ednculos, la enfermedad...","og_url":"https:\/\/revistaliterariaelgatonegro.com\/producto\/la-transmigracion","og_site_name":"REVISTA CULTURAL","article_modified_time":"2025-05-22T11:01:58+00:00","og_image":[{"width":1710,"height":2560,"url":"https:\/\/revistaliterariaelgatonegro.com\/wp-content\/uploads\/2025\/04\/AdN-Transmigracion-Munoz-Rengel-OK-1-scaled.jpg","type":"image\/jpeg"}],"twitter_card":"summary_large_image","twitter_misc":{"Tiempo de lectura":"2 minutos"},"schema":{"@context":"https:\/\/schema.org","@graph":[{"@type":"WebPage","@id":"https:\/\/revistaliterariaelgatonegro.com\/producto\/la-transmigracion","url":"https:\/\/revistaliterariaelgatonegro.com\/producto\/la-transmigracion","name":"LA TRANSMIGRACI\u00d3N - REVISTA CULTURAL","isPartOf":{"@id":"https:\/\/revistaliterariaelgatonegro.com\/#website"},"primaryImageOfPage":{"@id":"https:\/\/revistaliterariaelgatonegro.com\/producto\/la-transmigracion#primaryimage"},"image":{"@id":"https:\/\/revistaliterariaelgatonegro.com\/producto\/la-transmigracion#primaryimage"},"thumbnailUrl":"https:\/\/revistaliterariaelgatonegro.com\/wp-content\/uploads\/2025\/04\/AdN-Transmigracion-Munoz-Rengel-OK-1-scaled.jpg","datePublished":"2025-05-20T05:15:49+00:00","dateModified":"2025-05-22T11:01:58+00:00","description":"Una novela sin precedentes sobre la identidad y los g\u00e9neros, sobre el cuerpo y nuestra dependencia del cuerpo, sobre los v\u00ednculos, la enfermedad...","breadcrumb":{"@id":"https:\/\/revistaliterariaelgatonegro.com\/producto\/la-transmigracion#breadcrumb"},"inLanguage":"es","potentialAction":[{"@type":"ReadAction","target":["https:\/\/revistaliterariaelgatonegro.com\/producto\/la-transmigracion"]}]},{"@type":"ImageObject","inLanguage":"es","@id":"https:\/\/revistaliterariaelgatonegro.com\/producto\/la-transmigracion#primaryimage","url":"https:\/\/revistaliterariaelgatonegro.com\/wp-content\/uploads\/2025\/04\/AdN-Transmigracion-Munoz-Rengel-OK-1-scaled.jpg","contentUrl":"https:\/\/revistaliterariaelgatonegro.com\/wp-content\/uploads\/2025\/04\/AdN-Transmigracion-Munoz-Rengel-OK-1-scaled.jpg","width":1710,"height":2560},{"@type":"BreadcrumbList","@id":"https:\/\/revistaliterariaelgatonegro.com\/producto\/la-transmigracion#breadcrumb","itemListElement":[{"@type":"ListItem","position":1,"name":"Portada","item":"https:\/\/revistaliterariaelgatonegro.com\/"},{"@type":"ListItem","position":2,"name":"Librer\u00eda","item":"https:\/\/revistaliterariaelgatonegro.com\/?page_id=20159"},{"@type":"ListItem","position":3,"name":"LA TRANSMIGRACI\u00d3N"}]},{"@type":"WebSite","@id":"https:\/\/revistaliterariaelgatonegro.com\/#website","url":"https:\/\/revistaliterariaelgatonegro.com\/","name":"REVISTA CULTURAL","description":" Un nuevo espacio para la divulgaci\u00f3n literaria, as\u00ed como dem\u00e1s artes ","publisher":{"@id":"https:\/\/revistaliterariaelgatonegro.com\/#\/schema\/person\/6a37dd51e0f101e394e91c123fd12e8a"},"potentialAction":[{"@type":"SearchAction","target":{"@type":"EntryPoint","urlTemplate":"https:\/\/revistaliterariaelgatonegro.com\/?s={search_term_string}"},"query-input":{"@type":"PropertyValueSpecification","valueRequired":true,"valueName":"search_term_string"}}],"inLanguage":"es"},{"@type":["Person","Organization"],"@id":"https:\/\/revistaliterariaelgatonegro.com\/#\/schema\/person\/6a37dd51e0f101e394e91c123fd12e8a","name":"administrador","image":{"@type":"ImageObject","inLanguage":"es","@id":"https:\/\/revistaliterariaelgatonegro.com\/wp-content\/uploads\/2025\/12\/cropped-Logotipo-Logo-Marca-personal-Pastel-Amarillo-12-Photoroom.png","url":"https:\/\/revistaliterariaelgatonegro.com\/wp-content\/uploads\/2025\/12\/cropped-Logotipo-Logo-Marca-personal-Pastel-Amarillo-12-Photoroom.png","contentUrl":"https:\/\/revistaliterariaelgatonegro.com\/wp-content\/uploads\/2025\/12\/cropped-Logotipo-Logo-Marca-personal-Pastel-Amarillo-12-Photoroom.png","width":364,"height":212,"caption":"administrador"},"logo":{"@id":"https:\/\/revistaliterariaelgatonegro.com\/wp-content\/uploads\/2025\/12\/cropped-Logotipo-Logo-Marca-personal-Pastel-Amarillo-12-Photoroom.png"},"sameAs":["http:\/\/s864831950.mialojamiento.es"]}]}},"_links":{"self":[{"href":"https:\/\/revistaliterariaelgatonegro.com\/index.php?rest_route=\/wp\/v2\/product\/20263","targetHints":{"allow":["GET"]}}],"collection":[{"href":"https:\/\/revistaliterariaelgatonegro.com\/index.php?rest_route=\/wp\/v2\/product"}],"about":[{"href":"https:\/\/revistaliterariaelgatonegro.com\/index.php?rest_route=\/wp\/v2\/types\/product"}],"wp:featuredmedia":[{"embeddable":true,"href":"https:\/\/revistaliterariaelgatonegro.com\/index.php?rest_route=\/wp\/v2\/media\/19925"}],"wp:attachment":[{"href":"https:\/\/revistaliterariaelgatonegro.com\/index.php?rest_route=%2Fwp%2Fv2%2Fmedia&parent=20263"}],"wp:term":[{"taxonomy":"product_brand","embeddable":true,"href":"https:\/\/revistaliterariaelgatonegro.com\/index.php?rest_route=%2Fwp%2Fv2%2Fproduct_brand&post=20263"},{"taxonomy":"product_cat","embeddable":true,"href":"https:\/\/revistaliterariaelgatonegro.com\/index.php?rest_route=%2Fwp%2Fv2%2Fproduct_cat&post=20263"},{"taxonomy":"product_tag","embeddable":true,"href":"https:\/\/revistaliterariaelgatonegro.com\/index.php?rest_route=%2Fwp%2Fv2%2Fproduct_tag&post=20263"}],"curies":[{"name":"wp","href":"https:\/\/api.w.org\/{rel}","templated":true}]}}