{"id":20220,"date":"2025-05-19T19:53:03","date_gmt":"2025-05-19T19:53:03","guid":{"rendered":"https:\/\/revistaliterariaelgatonegro.com\/?post_type=product&#038;p=20220"},"modified":"2025-05-22T10:54:12","modified_gmt":"2025-05-22T10:54:12","slug":"el-fracaso-de-mi-exito","status":"publish","type":"product","link":"https:\/\/revistaliterariaelgatonegro.com\/?product=el-fracaso-de-mi-exito","title":{"rendered":"EL FRACASO DE MI \u00c9XITO"},"content":{"rendered":"<p><strong>\u00bfPor qu\u00e9 unos tienen \u00e9xito y otros fracasan una y otra vez?<\/strong> Esta es la pregunta que se repite constantemente Gonzalo Montenegro, un autor que languidece en su piso madrile\u00f1o sin entender por qu\u00e9 ya nadie quiere publicar sus libros, por qu\u00e9 a nadie le interesa lo que tiene que decir, por qu\u00e9 ?seg\u00fan \u00e9l? solo triunfan la mediocridad y la ignorancia<\/p>\n<p>Divorciado y con una hija adolescente a la que apenas ve, que vive enganchada a su m\u00f3vil y que, a pesar de los esfuerzos de su padre, no ha le\u00eddo un libro en su vida, un d\u00eda Gonzalo recibe un encargo que detesta pero que no tiene m\u00e1s remedio que aceptar para poder pagar las facturas: escribir la autobiograf\u00eda del futbolista m\u00e1s famoso del momento.<\/p>\n<p>Aburrido y asqueado, decide que ese ser\u00e1 el \u00faltimo libro que escribir\u00e1, aunque tiene la espinita clavada de que su hija nunca ha le\u00eddo nada suyo. Para conseguirlo abre una cuenta en Instagram haci\u00e9ndose pasar por un joven y apasionado poeta digital. De forma inesperada, la cuenta se vuelve viral. Por fin, Gonzalo tiene \u00e9xito, miles de seguidores y empieza a ganar dinero, sin querer recordar que est\u00e1 violando todos sus principios morales y literarios.<\/p>\n<p>&nbsp;<\/p>\n<p>&nbsp;<\/p>\n","protected":false},"excerpt":{"rendered":"<h3>Gervasio Posadas<\/h3>\n<p>Una gran s\u00e1tira sobre el fracaso en un mundo dominado por la necesidad de \u00e9xito.<\/p>\n<ul>\n<li><strong>Editorial:<\/strong> Espasa<br \/>\n<strong>ISBN:<\/strong> 9788467075984<br \/>\n<strong>Idioma:<\/strong> Castellano<br \/>\nN\u00famero de p\u00e1ginas:376<\/li>\n<li><strong>Encuadernaci\u00f3n:<\/strong> Tapa blanda<\/li>\n<\/ul>\n<p>&nbsp;<\/p>\n<p><a href=\"https:\/\/tidd.ly\/43l9pb3\" target=\"_blank\" rel=\"noopener\"><button class=\"boton1\">Libro<\/button><\/a> <a href=\"https:\/\/tidd.ly\/43l9pb3\" target=\"_blank\" rel=\"noopener\"><button class=\"boton1\">eBook<\/button><\/a><\/p>\n","protected":false},"featured_media":20102,"template":"","meta":[],"product_brand":[],"product_cat":[159],"product_tag":[160],"class_list":{"0":"post-20220","1":"product","2":"type-product","3":"status-publish","4":"has-post-thumbnail","6":"product_cat-novela-contemporanea","7":"product_tag-narrativa-hispanoamericana","9":"first","10":"instock","11":"sale","12":"taxable","13":"shipping-taxable","14":"product-type-external"},"yoast_head":"<!-- This site is optimized with the Yoast SEO plugin v27.4 - https:\/\/yoast.com\/product\/yoast-seo-wordpress\/ -->\n<title>EL FRACASO DE MI \u00c9XITO - REVISTA CULTURAL<\/title>\n<meta name=\"description\" content=\"\u00bfPor qu\u00e9 unos tienen \u00e9xito y otros fracasan una y otra vez? Esta es la pregunta que se repite constantemente Gonzalo Montenegro, un autor...\" \/>\n<meta name=\"robots\" content=\"index, follow, max-snippet:-1, max-image-preview:large, max-video-preview:-1\" \/>\n<link rel=\"canonical\" href=\"https:\/\/revistaliterariaelgatonegro.com\/producto\/el-fracaso-de-mi-exito\" \/>\n<meta property=\"og:locale\" content=\"es_ES\" \/>\n<meta property=\"og:type\" content=\"article\" \/>\n<meta property=\"og:title\" content=\"EL FRACASO DE MI \u00c9XITO - REVISTA CULTURAL\" \/>\n<meta property=\"og:description\" content=\"\u00bfPor qu\u00e9 unos tienen \u00e9xito y otros fracasan una y otra vez? Esta es la pregunta que se repite constantemente Gonzalo Montenegro, un autor...\" \/>\n<meta property=\"og:url\" content=\"https:\/\/revistaliterariaelgatonegro.com\/producto\/el-fracaso-de-mi-exito\" \/>\n<meta property=\"og:site_name\" content=\"REVISTA CULTURAL\" \/>\n<meta property=\"article:modified_time\" content=\"2025-05-22T10:54:12+00:00\" \/>\n<meta property=\"og:image\" content=\"https:\/\/revistaliterariaelgatonegro.com\/wp-content\/uploads\/2025\/05\/el-fracaso-de-mi-exito.jpg\" \/>\n\t<meta property=\"og:image:width\" content=\"308\" \/>\n\t<meta property=\"og:image:height\" content=\"466\" \/>\n\t<meta property=\"og:image:type\" content=\"image\/jpeg\" \/>\n<meta name=\"twitter:card\" content=\"summary_large_image\" \/>\n<meta name=\"twitter:label1\" content=\"Tiempo de lectura\" \/>\n\t<meta name=\"twitter:data1\" content=\"2 minutos\" \/>\n<script type=\"application\/ld+json\" class=\"yoast-schema-graph\">{\"@context\":\"https:\\\/\\\/schema.org\",\"@graph\":[{\"@type\":\"WebPage\",\"@id\":\"https:\\\/\\\/revistaliterariaelgatonegro.com\\\/producto\\\/el-fracaso-de-mi-exito\",\"url\":\"https:\\\/\\\/revistaliterariaelgatonegro.com\\\/producto\\\/el-fracaso-de-mi-exito\",\"name\":\"EL FRACASO DE MI \u00c9XITO - REVISTA CULTURAL\",\"isPartOf\":{\"@id\":\"https:\\\/\\\/revistaliterariaelgatonegro.com\\\/#website\"},\"primaryImageOfPage\":{\"@id\":\"https:\\\/\\\/revistaliterariaelgatonegro.com\\\/producto\\\/el-fracaso-de-mi-exito#primaryimage\"},\"image\":{\"@id\":\"https:\\\/\\\/revistaliterariaelgatonegro.com\\\/producto\\\/el-fracaso-de-mi-exito#primaryimage\"},\"thumbnailUrl\":\"https:\\\/\\\/revistaliterariaelgatonegro.com\\\/wp-content\\\/uploads\\\/2025\\\/05\\\/el-fracaso-de-mi-exito.jpg\",\"datePublished\":\"2025-05-19T19:53:03+00:00\",\"dateModified\":\"2025-05-22T10:54:12+00:00\",\"description\":\"\u00bfPor qu\u00e9 unos tienen \u00e9xito y otros fracasan una y otra vez? Esta es la pregunta que se repite constantemente Gonzalo Montenegro, un autor...\",\"breadcrumb\":{\"@id\":\"https:\\\/\\\/revistaliterariaelgatonegro.com\\\/producto\\\/el-fracaso-de-mi-exito#breadcrumb\"},\"inLanguage\":\"es\",\"potentialAction\":[{\"@type\":\"ReadAction\",\"target\":[\"https:\\\/\\\/revistaliterariaelgatonegro.com\\\/producto\\\/el-fracaso-de-mi-exito\"]}]},{\"@type\":\"ImageObject\",\"inLanguage\":\"es\",\"@id\":\"https:\\\/\\\/revistaliterariaelgatonegro.com\\\/producto\\\/el-fracaso-de-mi-exito#primaryimage\",\"url\":\"https:\\\/\\\/revistaliterariaelgatonegro.com\\\/wp-content\\\/uploads\\\/2025\\\/05\\\/el-fracaso-de-mi-exito.jpg\",\"contentUrl\":\"https:\\\/\\\/revistaliterariaelgatonegro.com\\\/wp-content\\\/uploads\\\/2025\\\/05\\\/el-fracaso-de-mi-exito.jpg\",\"width\":308,\"height\":466},{\"@type\":\"BreadcrumbList\",\"@id\":\"https:\\\/\\\/revistaliterariaelgatonegro.com\\\/producto\\\/el-fracaso-de-mi-exito#breadcrumb\",\"itemListElement\":[{\"@type\":\"ListItem\",\"position\":1,\"name\":\"Portada\",\"item\":\"https:\\\/\\\/revistaliterariaelgatonegro.com\\\/\"},{\"@type\":\"ListItem\",\"position\":2,\"name\":\"Librer\u00eda\",\"item\":\"https:\\\/\\\/revistaliterariaelgatonegro.com\\\/?page_id=20159\"},{\"@type\":\"ListItem\",\"position\":3,\"name\":\"EL FRACASO DE MI \u00c9XITO\"}]},{\"@type\":\"WebSite\",\"@id\":\"https:\\\/\\\/revistaliterariaelgatonegro.com\\\/#website\",\"url\":\"https:\\\/\\\/revistaliterariaelgatonegro.com\\\/\",\"name\":\"REVISTA CULTURAL\",\"description\":\" Un nuevo espacio para la divulgaci\u00f3n literaria, as\u00ed como dem\u00e1s artes \",\"publisher\":{\"@id\":\"https:\\\/\\\/revistaliterariaelgatonegro.com\\\/#\\\/schema\\\/person\\\/6a37dd51e0f101e394e91c123fd12e8a\"},\"potentialAction\":[{\"@type\":\"SearchAction\",\"target\":{\"@type\":\"EntryPoint\",\"urlTemplate\":\"https:\\\/\\\/revistaliterariaelgatonegro.com\\\/?s={search_term_string}\"},\"query-input\":{\"@type\":\"PropertyValueSpecification\",\"valueRequired\":true,\"valueName\":\"search_term_string\"}}],\"inLanguage\":\"es\"},{\"@type\":[\"Person\",\"Organization\"],\"@id\":\"https:\\\/\\\/revistaliterariaelgatonegro.com\\\/#\\\/schema\\\/person\\\/6a37dd51e0f101e394e91c123fd12e8a\",\"name\":\"administrador\",\"image\":{\"@type\":\"ImageObject\",\"inLanguage\":\"es\",\"@id\":\"https:\\\/\\\/revistaliterariaelgatonegro.com\\\/wp-content\\\/uploads\\\/2025\\\/12\\\/cropped-Logotipo-Logo-Marca-personal-Pastel-Amarillo-12-Photoroom.png\",\"url\":\"https:\\\/\\\/revistaliterariaelgatonegro.com\\\/wp-content\\\/uploads\\\/2025\\\/12\\\/cropped-Logotipo-Logo-Marca-personal-Pastel-Amarillo-12-Photoroom.png\",\"contentUrl\":\"https:\\\/\\\/revistaliterariaelgatonegro.com\\\/wp-content\\\/uploads\\\/2025\\\/12\\\/cropped-Logotipo-Logo-Marca-personal-Pastel-Amarillo-12-Photoroom.png\",\"width\":364,\"height\":212,\"caption\":\"administrador\"},\"logo\":{\"@id\":\"https:\\\/\\\/revistaliterariaelgatonegro.com\\\/wp-content\\\/uploads\\\/2025\\\/12\\\/cropped-Logotipo-Logo-Marca-personal-Pastel-Amarillo-12-Photoroom.png\"},\"sameAs\":[\"http:\\\/\\\/s864831950.mialojamiento.es\"]}]}<\/script>\n<!-- \/ Yoast SEO plugin. -->","yoast_head_json":{"title":"EL FRACASO DE MI \u00c9XITO - REVISTA CULTURAL","description":"\u00bfPor qu\u00e9 unos tienen \u00e9xito y otros fracasan una y otra vez? Esta es la pregunta que se repite constantemente Gonzalo Montenegro, un autor...","robots":{"index":"index","follow":"follow","max-snippet":"max-snippet:-1","max-image-preview":"max-image-preview:large","max-video-preview":"max-video-preview:-1"},"canonical":"https:\/\/revistaliterariaelgatonegro.com\/producto\/el-fracaso-de-mi-exito","og_locale":"es_ES","og_type":"article","og_title":"EL FRACASO DE MI \u00c9XITO - REVISTA CULTURAL","og_description":"\u00bfPor qu\u00e9 unos tienen \u00e9xito y otros fracasan una y otra vez? Esta es la pregunta que se repite constantemente Gonzalo Montenegro, un autor...","og_url":"https:\/\/revistaliterariaelgatonegro.com\/producto\/el-fracaso-de-mi-exito","og_site_name":"REVISTA CULTURAL","article_modified_time":"2025-05-22T10:54:12+00:00","og_image":[{"width":308,"height":466,"url":"https:\/\/revistaliterariaelgatonegro.com\/wp-content\/uploads\/2025\/05\/el-fracaso-de-mi-exito.jpg","type":"image\/jpeg"}],"twitter_card":"summary_large_image","twitter_misc":{"Tiempo de lectura":"2 minutos"},"schema":{"@context":"https:\/\/schema.org","@graph":[{"@type":"WebPage","@id":"https:\/\/revistaliterariaelgatonegro.com\/producto\/el-fracaso-de-mi-exito","url":"https:\/\/revistaliterariaelgatonegro.com\/producto\/el-fracaso-de-mi-exito","name":"EL FRACASO DE MI \u00c9XITO - REVISTA CULTURAL","isPartOf":{"@id":"https:\/\/revistaliterariaelgatonegro.com\/#website"},"primaryImageOfPage":{"@id":"https:\/\/revistaliterariaelgatonegro.com\/producto\/el-fracaso-de-mi-exito#primaryimage"},"image":{"@id":"https:\/\/revistaliterariaelgatonegro.com\/producto\/el-fracaso-de-mi-exito#primaryimage"},"thumbnailUrl":"https:\/\/revistaliterariaelgatonegro.com\/wp-content\/uploads\/2025\/05\/el-fracaso-de-mi-exito.jpg","datePublished":"2025-05-19T19:53:03+00:00","dateModified":"2025-05-22T10:54:12+00:00","description":"\u00bfPor qu\u00e9 unos tienen \u00e9xito y otros fracasan una y otra vez? Esta es la pregunta que se repite constantemente Gonzalo Montenegro, un autor...","breadcrumb":{"@id":"https:\/\/revistaliterariaelgatonegro.com\/producto\/el-fracaso-de-mi-exito#breadcrumb"},"inLanguage":"es","potentialAction":[{"@type":"ReadAction","target":["https:\/\/revistaliterariaelgatonegro.com\/producto\/el-fracaso-de-mi-exito"]}]},{"@type":"ImageObject","inLanguage":"es","@id":"https:\/\/revistaliterariaelgatonegro.com\/producto\/el-fracaso-de-mi-exito#primaryimage","url":"https:\/\/revistaliterariaelgatonegro.com\/wp-content\/uploads\/2025\/05\/el-fracaso-de-mi-exito.jpg","contentUrl":"https:\/\/revistaliterariaelgatonegro.com\/wp-content\/uploads\/2025\/05\/el-fracaso-de-mi-exito.jpg","width":308,"height":466},{"@type":"BreadcrumbList","@id":"https:\/\/revistaliterariaelgatonegro.com\/producto\/el-fracaso-de-mi-exito#breadcrumb","itemListElement":[{"@type":"ListItem","position":1,"name":"Portada","item":"https:\/\/revistaliterariaelgatonegro.com\/"},{"@type":"ListItem","position":2,"name":"Librer\u00eda","item":"https:\/\/revistaliterariaelgatonegro.com\/?page_id=20159"},{"@type":"ListItem","position":3,"name":"EL FRACASO DE MI \u00c9XITO"}]},{"@type":"WebSite","@id":"https:\/\/revistaliterariaelgatonegro.com\/#website","url":"https:\/\/revistaliterariaelgatonegro.com\/","name":"REVISTA CULTURAL","description":" Un nuevo espacio para la divulgaci\u00f3n literaria, as\u00ed como dem\u00e1s artes ","publisher":{"@id":"https:\/\/revistaliterariaelgatonegro.com\/#\/schema\/person\/6a37dd51e0f101e394e91c123fd12e8a"},"potentialAction":[{"@type":"SearchAction","target":{"@type":"EntryPoint","urlTemplate":"https:\/\/revistaliterariaelgatonegro.com\/?s={search_term_string}"},"query-input":{"@type":"PropertyValueSpecification","valueRequired":true,"valueName":"search_term_string"}}],"inLanguage":"es"},{"@type":["Person","Organization"],"@id":"https:\/\/revistaliterariaelgatonegro.com\/#\/schema\/person\/6a37dd51e0f101e394e91c123fd12e8a","name":"administrador","image":{"@type":"ImageObject","inLanguage":"es","@id":"https:\/\/revistaliterariaelgatonegro.com\/wp-content\/uploads\/2025\/12\/cropped-Logotipo-Logo-Marca-personal-Pastel-Amarillo-12-Photoroom.png","url":"https:\/\/revistaliterariaelgatonegro.com\/wp-content\/uploads\/2025\/12\/cropped-Logotipo-Logo-Marca-personal-Pastel-Amarillo-12-Photoroom.png","contentUrl":"https:\/\/revistaliterariaelgatonegro.com\/wp-content\/uploads\/2025\/12\/cropped-Logotipo-Logo-Marca-personal-Pastel-Amarillo-12-Photoroom.png","width":364,"height":212,"caption":"administrador"},"logo":{"@id":"https:\/\/revistaliterariaelgatonegro.com\/wp-content\/uploads\/2025\/12\/cropped-Logotipo-Logo-Marca-personal-Pastel-Amarillo-12-Photoroom.png"},"sameAs":["http:\/\/s864831950.mialojamiento.es"]}]}},"_links":{"self":[{"href":"https:\/\/revistaliterariaelgatonegro.com\/index.php?rest_route=\/wp\/v2\/product\/20220","targetHints":{"allow":["GET"]}}],"collection":[{"href":"https:\/\/revistaliterariaelgatonegro.com\/index.php?rest_route=\/wp\/v2\/product"}],"about":[{"href":"https:\/\/revistaliterariaelgatonegro.com\/index.php?rest_route=\/wp\/v2\/types\/product"}],"wp:featuredmedia":[{"embeddable":true,"href":"https:\/\/revistaliterariaelgatonegro.com\/index.php?rest_route=\/wp\/v2\/media\/20102"}],"wp:attachment":[{"href":"https:\/\/revistaliterariaelgatonegro.com\/index.php?rest_route=%2Fwp%2Fv2%2Fmedia&parent=20220"}],"wp:term":[{"taxonomy":"product_brand","embeddable":true,"href":"https:\/\/revistaliterariaelgatonegro.com\/index.php?rest_route=%2Fwp%2Fv2%2Fproduct_brand&post=20220"},{"taxonomy":"product_cat","embeddable":true,"href":"https:\/\/revistaliterariaelgatonegro.com\/index.php?rest_route=%2Fwp%2Fv2%2Fproduct_cat&post=20220"},{"taxonomy":"product_tag","embeddable":true,"href":"https:\/\/revistaliterariaelgatonegro.com\/index.php?rest_route=%2Fwp%2Fv2%2Fproduct_tag&post=20220"}],"curies":[{"name":"wp","href":"https:\/\/api.w.org\/{rel}","templated":true}]}}