{"id":49,"date":"2021-03-15T23:08:50","date_gmt":"2021-03-15T23:08:50","guid":{"rendered":"http:\/\/s864831950.mialojamiento.es\/?page_id=49"},"modified":"2024-09-30T17:31:30","modified_gmt":"2024-09-30T17:31:30","slug":"el-equipo-de-editando-con-mi-gato","status":"publish","type":"page","link":"https:\/\/revistaliterariaelgatonegro.com\/?page_id=49","title":{"rendered":"Nosotros"},"content":{"rendered":"\n<p>La cultura es fundamental para el desarrollo personal y colectivo. La cultura es m\u00fasica, literatura, cine, teatro\u2026 Es una manera de expresar nuestra individualidad y comprender nuestra identidad como sociedad. Adem\u00e1s, puede elevar la calidad de vida de las personas, fomentar el pensamiento cr\u00edtico y la creatividad, y aumentar la tolerancia y la empat\u00eda. En la revista somos muy conscientes de la importancia de dar difusi\u00f3n a la cultura. En nuestra revista encontrar\u00e1s entrevistas a escritores, m\u00fasicos, fot\u00f3grafos, dramaturgos, actores&#8230;rese\u00f1as de obras de teatro, libros, recomendaciones de libros, art\u00edculos sobre arte, pintura, pel\u00edculas&#8230;<\/p>\n\n\n\n<p>Nuestra intenci\u00f3n es hacer una revista cultural amena, con la m\u00e1xima variedad de temas posibles, que el lector al sumergirse en nuestra revista sienta la cultura como algo afable.<\/p>\n\n\n\n<p><em>El Gato Negro<\/em>, es una revista hecha con mucho mimo y dedicaci\u00f3n, elegimos minuciosamente los temas a tratar, as\u00ed como los entrevistados. Aparte de nuestra web, tenemos una revista con publicaci\u00f3n bimestral.<\/p>\n\n\n\n<p>Nuestro prop\u00f3sito es seguir haciendo una revista cultural atractiva para el lector y con una amplia difusi\u00f3n.<\/p>\n\n\n\n<p class=\"has-text-align-right\">El Equipo de El Gato Negro os desea una feliz lectura<\/p>\n\n\n\n<figure class=\"wp-block-gallery has-nested-images columns-default is-cropped wp-block-gallery-1 is-layout-flex wp-block-gallery-is-layout-flex\">\n<figure class=\"wp-block-image size-large\"><img decoding=\"async\" width=\"700\" height=\"1244\" data-id=\"15860\" src=\"https:\/\/revistaliterariaelgatonegro.com\/wp-content\/uploads\/2024\/09\/2-700x1244.jpg\" alt=\"\" class=\"wp-image-15860\" srcset=\"https:\/\/revistaliterariaelgatonegro.com\/wp-content\/uploads\/2024\/09\/2-700x1244.jpg 700w, https:\/\/revistaliterariaelgatonegro.com\/wp-content\/uploads\/2024\/09\/2-300x533.jpg 300w, https:\/\/revistaliterariaelgatonegro.com\/wp-content\/uploads\/2024\/09\/2-64x114.jpg 64w, https:\/\/revistaliterariaelgatonegro.com\/wp-content\/uploads\/2024\/09\/2-169x300.jpg 169w, https:\/\/revistaliterariaelgatonegro.com\/wp-content\/uploads\/2024\/09\/2-768x1365.jpg 768w, https:\/\/revistaliterariaelgatonegro.com\/wp-content\/uploads\/2024\/09\/2-864x1536.jpg 864w, https:\/\/revistaliterariaelgatonegro.com\/wp-content\/uploads\/2024\/09\/2.jpg 1080w\" sizes=\"(max-width: 700px) 100vw, 700px\" \/><\/figure>\n\n\n\n<figure class=\"wp-block-image size-large\"><img decoding=\"async\" width=\"700\" height=\"1244\" data-id=\"15858\" src=\"https:\/\/revistaliterariaelgatonegro.com\/wp-content\/uploads\/2024\/09\/1-700x1244.jpg\" alt=\"\" class=\"wp-image-15858\" srcset=\"https:\/\/revistaliterariaelgatonegro.com\/wp-content\/uploads\/2024\/09\/1-700x1244.jpg 700w, https:\/\/revistaliterariaelgatonegro.com\/wp-content\/uploads\/2024\/09\/1-300x533.jpg 300w, https:\/\/revistaliterariaelgatonegro.com\/wp-content\/uploads\/2024\/09\/1-64x114.jpg 64w, https:\/\/revistaliterariaelgatonegro.com\/wp-content\/uploads\/2024\/09\/1-169x300.jpg 169w, https:\/\/revistaliterariaelgatonegro.com\/wp-content\/uploads\/2024\/09\/1-768x1365.jpg 768w, https:\/\/revistaliterariaelgatonegro.com\/wp-content\/uploads\/2024\/09\/1-864x1536.jpg 864w, https:\/\/revistaliterariaelgatonegro.com\/wp-content\/uploads\/2024\/09\/1.jpg 1080w\" sizes=\"(max-width: 700px) 100vw, 700px\" \/><\/figure>\n\n\n\n<figure class=\"wp-block-image size-large\"><img decoding=\"async\" width=\"700\" height=\"1244\" data-id=\"15861\" src=\"https:\/\/revistaliterariaelgatonegro.com\/wp-content\/uploads\/2024\/09\/3-700x1244.jpg\" alt=\"\" class=\"wp-image-15861\" srcset=\"https:\/\/revistaliterariaelgatonegro.com\/wp-content\/uploads\/2024\/09\/3-700x1244.jpg 700w, https:\/\/revistaliterariaelgatonegro.com\/wp-content\/uploads\/2024\/09\/3-300x533.jpg 300w, https:\/\/revistaliterariaelgatonegro.com\/wp-content\/uploads\/2024\/09\/3-64x114.jpg 64w, https:\/\/revistaliterariaelgatonegro.com\/wp-content\/uploads\/2024\/09\/3-169x300.jpg 169w, https:\/\/revistaliterariaelgatonegro.com\/wp-content\/uploads\/2024\/09\/3-768x1365.jpg 768w, https:\/\/revistaliterariaelgatonegro.com\/wp-content\/uploads\/2024\/09\/3-864x1536.jpg 864w, https:\/\/revistaliterariaelgatonegro.com\/wp-content\/uploads\/2024\/09\/3.jpg 1080w\" sizes=\"(max-width: 700px) 100vw, 700px\" \/><\/figure>\n<\/figure>\n","protected":false},"excerpt":{"rendered":"<p>La cultura es fundamental para el desarrollo personal y colectivo. La cultura es m\u00fasica, literatura, cine, teatro\u2026 Es<\/p>\n","protected":false},"author":1,"featured_media":0,"parent":0,"menu_order":0,"comment_status":"closed","ping_status":"closed","template":"","meta":{"footnotes":""},"class_list":["post-49","page","type-page","status-publish","hentry"],"yoast_head":"<!-- This site is optimized with the Yoast SEO plugin v27.4 - https:\/\/yoast.com\/product\/yoast-seo-wordpress\/ -->\n<title>Nosotros - REVISTA CULTURAL<\/title>\n<meta name=\"robots\" content=\"index, follow, max-snippet:-1, max-image-preview:large, max-video-preview:-1\" \/>\n<link rel=\"canonical\" href=\"https:\/\/revistaliterariaelgatonegro.com\/?page_id=49\" \/>\n<meta property=\"og:locale\" content=\"es_ES\" \/>\n<meta property=\"og:type\" content=\"article\" \/>\n<meta property=\"og:title\" content=\"Nosotros - REVISTA CULTURAL\" \/>\n<meta property=\"og:description\" content=\"La cultura es fundamental para el desarrollo personal y colectivo. La cultura es m\u00fasica, literatura, cine, teatro\u2026 Es\" \/>\n<meta property=\"og:url\" content=\"https:\/\/revistaliterariaelgatonegro.com\/?page_id=49\" \/>\n<meta property=\"og:site_name\" content=\"REVISTA CULTURAL\" \/>\n<meta property=\"article:modified_time\" content=\"2024-09-30T17:31:30+00:00\" \/>\n<meta property=\"og:image\" content=\"https:\/\/revistaliterariaelgatonegro.com\/wp-content\/uploads\/2024\/09\/2-700x1244.jpg\" \/>\n<meta name=\"twitter:card\" content=\"summary_large_image\" \/>\n<meta name=\"twitter:label1\" content=\"Tiempo de lectura\" \/>\n\t<meta name=\"twitter:data1\" content=\"2 minutos\" \/>\n<script type=\"application\/ld+json\" class=\"yoast-schema-graph\">{\"@context\":\"https:\\\/\\\/schema.org\",\"@graph\":[{\"@type\":\"WebPage\",\"@id\":\"https:\\\/\\\/revistaliterariaelgatonegro.com\\\/?page_id=49\",\"url\":\"https:\\\/\\\/revistaliterariaelgatonegro.com\\\/?page_id=49\",\"name\":\"Nosotros - REVISTA CULTURAL\",\"isPartOf\":{\"@id\":\"https:\\\/\\\/revistaliterariaelgatonegro.com\\\/#website\"},\"primaryImageOfPage\":{\"@id\":\"https:\\\/\\\/revistaliterariaelgatonegro.com\\\/?page_id=49#primaryimage\"},\"image\":{\"@id\":\"https:\\\/\\\/revistaliterariaelgatonegro.com\\\/?page_id=49#primaryimage\"},\"thumbnailUrl\":\"https:\\\/\\\/revistaliterariaelgatonegro.com\\\/wp-content\\\/uploads\\\/2024\\\/09\\\/2-700x1244.jpg\",\"datePublished\":\"2021-03-15T23:08:50+00:00\",\"dateModified\":\"2024-09-30T17:31:30+00:00\",\"breadcrumb\":{\"@id\":\"https:\\\/\\\/revistaliterariaelgatonegro.com\\\/?page_id=49#breadcrumb\"},\"inLanguage\":\"es\",\"potentialAction\":[{\"@type\":\"ReadAction\",\"target\":[\"https:\\\/\\\/revistaliterariaelgatonegro.com\\\/?page_id=49\"]}]},{\"@type\":\"ImageObject\",\"inLanguage\":\"es\",\"@id\":\"https:\\\/\\\/revistaliterariaelgatonegro.com\\\/?page_id=49#primaryimage\",\"url\":\"https:\\\/\\\/revistaliterariaelgatonegro.com\\\/wp-content\\\/uploads\\\/2024\\\/09\\\/2.jpg\",\"contentUrl\":\"https:\\\/\\\/revistaliterariaelgatonegro.com\\\/wp-content\\\/uploads\\\/2024\\\/09\\\/2.jpg\",\"width\":1080,\"height\":1920},{\"@type\":\"BreadcrumbList\",\"@id\":\"https:\\\/\\\/revistaliterariaelgatonegro.com\\\/?page_id=49#breadcrumb\",\"itemListElement\":[{\"@type\":\"ListItem\",\"position\":1,\"name\":\"Portada\",\"item\":\"https:\\\/\\\/revistaliterariaelgatonegro.com\\\/\"},{\"@type\":\"ListItem\",\"position\":2,\"name\":\"Nosotros\"}]},{\"@type\":\"WebSite\",\"@id\":\"https:\\\/\\\/revistaliterariaelgatonegro.com\\\/#website\",\"url\":\"https:\\\/\\\/revistaliterariaelgatonegro.com\\\/\",\"name\":\"REVISTA CULTURAL\",\"description\":\" Un nuevo espacio para la divulgaci\u00f3n literaria, as\u00ed como dem\u00e1s artes \",\"publisher\":{\"@id\":\"https:\\\/\\\/revistaliterariaelgatonegro.com\\\/#\\\/schema\\\/person\\\/6a37dd51e0f101e394e91c123fd12e8a\"},\"potentialAction\":[{\"@type\":\"SearchAction\",\"target\":{\"@type\":\"EntryPoint\",\"urlTemplate\":\"https:\\\/\\\/revistaliterariaelgatonegro.com\\\/?s={search_term_string}\"},\"query-input\":{\"@type\":\"PropertyValueSpecification\",\"valueRequired\":true,\"valueName\":\"search_term_string\"}}],\"inLanguage\":\"es\"},{\"@type\":[\"Person\",\"Organization\"],\"@id\":\"https:\\\/\\\/revistaliterariaelgatonegro.com\\\/#\\\/schema\\\/person\\\/6a37dd51e0f101e394e91c123fd12e8a\",\"name\":\"administrador\",\"image\":{\"@type\":\"ImageObject\",\"inLanguage\":\"es\",\"@id\":\"https:\\\/\\\/revistaliterariaelgatonegro.com\\\/wp-content\\\/uploads\\\/2025\\\/12\\\/cropped-Logotipo-Logo-Marca-personal-Pastel-Amarillo-12-Photoroom.png\",\"url\":\"https:\\\/\\\/revistaliterariaelgatonegro.com\\\/wp-content\\\/uploads\\\/2025\\\/12\\\/cropped-Logotipo-Logo-Marca-personal-Pastel-Amarillo-12-Photoroom.png\",\"contentUrl\":\"https:\\\/\\\/revistaliterariaelgatonegro.com\\\/wp-content\\\/uploads\\\/2025\\\/12\\\/cropped-Logotipo-Logo-Marca-personal-Pastel-Amarillo-12-Photoroom.png\",\"width\":364,\"height\":212,\"caption\":\"administrador\"},\"logo\":{\"@id\":\"https:\\\/\\\/revistaliterariaelgatonegro.com\\\/wp-content\\\/uploads\\\/2025\\\/12\\\/cropped-Logotipo-Logo-Marca-personal-Pastel-Amarillo-12-Photoroom.png\"},\"sameAs\":[\"http:\\\/\\\/s864831950.mialojamiento.es\"]}]}<\/script>\n<!-- \/ Yoast SEO plugin. -->","yoast_head_json":{"title":"Nosotros - REVISTA CULTURAL","robots":{"index":"index","follow":"follow","max-snippet":"max-snippet:-1","max-image-preview":"max-image-preview:large","max-video-preview":"max-video-preview:-1"},"canonical":"https:\/\/revistaliterariaelgatonegro.com\/?page_id=49","og_locale":"es_ES","og_type":"article","og_title":"Nosotros - REVISTA CULTURAL","og_description":"La cultura es fundamental para el desarrollo personal y colectivo. La cultura es m\u00fasica, literatura, cine, teatro\u2026 Es","og_url":"https:\/\/revistaliterariaelgatonegro.com\/?page_id=49","og_site_name":"REVISTA CULTURAL","article_modified_time":"2024-09-30T17:31:30+00:00","og_image":[{"url":"https:\/\/revistaliterariaelgatonegro.com\/wp-content\/uploads\/2024\/09\/2-700x1244.jpg","type":"","width":"","height":""}],"twitter_card":"summary_large_image","twitter_misc":{"Tiempo de lectura":"2 minutos"},"schema":{"@context":"https:\/\/schema.org","@graph":[{"@type":"WebPage","@id":"https:\/\/revistaliterariaelgatonegro.com\/?page_id=49","url":"https:\/\/revistaliterariaelgatonegro.com\/?page_id=49","name":"Nosotros - REVISTA CULTURAL","isPartOf":{"@id":"https:\/\/revistaliterariaelgatonegro.com\/#website"},"primaryImageOfPage":{"@id":"https:\/\/revistaliterariaelgatonegro.com\/?page_id=49#primaryimage"},"image":{"@id":"https:\/\/revistaliterariaelgatonegro.com\/?page_id=49#primaryimage"},"thumbnailUrl":"https:\/\/revistaliterariaelgatonegro.com\/wp-content\/uploads\/2024\/09\/2-700x1244.jpg","datePublished":"2021-03-15T23:08:50+00:00","dateModified":"2024-09-30T17:31:30+00:00","breadcrumb":{"@id":"https:\/\/revistaliterariaelgatonegro.com\/?page_id=49#breadcrumb"},"inLanguage":"es","potentialAction":[{"@type":"ReadAction","target":["https:\/\/revistaliterariaelgatonegro.com\/?page_id=49"]}]},{"@type":"ImageObject","inLanguage":"es","@id":"https:\/\/revistaliterariaelgatonegro.com\/?page_id=49#primaryimage","url":"https:\/\/revistaliterariaelgatonegro.com\/wp-content\/uploads\/2024\/09\/2.jpg","contentUrl":"https:\/\/revistaliterariaelgatonegro.com\/wp-content\/uploads\/2024\/09\/2.jpg","width":1080,"height":1920},{"@type":"BreadcrumbList","@id":"https:\/\/revistaliterariaelgatonegro.com\/?page_id=49#breadcrumb","itemListElement":[{"@type":"ListItem","position":1,"name":"Portada","item":"https:\/\/revistaliterariaelgatonegro.com\/"},{"@type":"ListItem","position":2,"name":"Nosotros"}]},{"@type":"WebSite","@id":"https:\/\/revistaliterariaelgatonegro.com\/#website","url":"https:\/\/revistaliterariaelgatonegro.com\/","name":"REVISTA CULTURAL","description":" Un nuevo espacio para la divulgaci\u00f3n literaria, as\u00ed como dem\u00e1s artes ","publisher":{"@id":"https:\/\/revistaliterariaelgatonegro.com\/#\/schema\/person\/6a37dd51e0f101e394e91c123fd12e8a"},"potentialAction":[{"@type":"SearchAction","target":{"@type":"EntryPoint","urlTemplate":"https:\/\/revistaliterariaelgatonegro.com\/?s={search_term_string}"},"query-input":{"@type":"PropertyValueSpecification","valueRequired":true,"valueName":"search_term_string"}}],"inLanguage":"es"},{"@type":["Person","Organization"],"@id":"https:\/\/revistaliterariaelgatonegro.com\/#\/schema\/person\/6a37dd51e0f101e394e91c123fd12e8a","name":"administrador","image":{"@type":"ImageObject","inLanguage":"es","@id":"https:\/\/revistaliterariaelgatonegro.com\/wp-content\/uploads\/2025\/12\/cropped-Logotipo-Logo-Marca-personal-Pastel-Amarillo-12-Photoroom.png","url":"https:\/\/revistaliterariaelgatonegro.com\/wp-content\/uploads\/2025\/12\/cropped-Logotipo-Logo-Marca-personal-Pastel-Amarillo-12-Photoroom.png","contentUrl":"https:\/\/revistaliterariaelgatonegro.com\/wp-content\/uploads\/2025\/12\/cropped-Logotipo-Logo-Marca-personal-Pastel-Amarillo-12-Photoroom.png","width":364,"height":212,"caption":"administrador"},"logo":{"@id":"https:\/\/revistaliterariaelgatonegro.com\/wp-content\/uploads\/2025\/12\/cropped-Logotipo-Logo-Marca-personal-Pastel-Amarillo-12-Photoroom.png"},"sameAs":["http:\/\/s864831950.mialojamiento.es"]}]}},"_links":{"self":[{"href":"https:\/\/revistaliterariaelgatonegro.com\/index.php?rest_route=\/wp\/v2\/pages\/49","targetHints":{"allow":["GET"]}}],"collection":[{"href":"https:\/\/revistaliterariaelgatonegro.com\/index.php?rest_route=\/wp\/v2\/pages"}],"about":[{"href":"https:\/\/revistaliterariaelgatonegro.com\/index.php?rest_route=\/wp\/v2\/types\/page"}],"author":[{"embeddable":true,"href":"https:\/\/revistaliterariaelgatonegro.com\/index.php?rest_route=\/wp\/v2\/users\/1"}],"replies":[{"embeddable":true,"href":"https:\/\/revistaliterariaelgatonegro.com\/index.php?rest_route=%2Fwp%2Fv2%2Fcomments&post=49"}],"version-history":[{"count":47,"href":"https:\/\/revistaliterariaelgatonegro.com\/index.php?rest_route=\/wp\/v2\/pages\/49\/revisions"}],"predecessor-version":[{"id":15862,"href":"https:\/\/revistaliterariaelgatonegro.com\/index.php?rest_route=\/wp\/v2\/pages\/49\/revisions\/15862"}],"wp:attachment":[{"href":"https:\/\/revistaliterariaelgatonegro.com\/index.php?rest_route=%2Fwp%2Fv2%2Fmedia&parent=49"}],"curies":[{"name":"wp","href":"https:\/\/api.w.org\/{rel}","templated":true}]}}