{"id":3281,"date":"2021-10-20T18:09:42","date_gmt":"2021-10-20T18:09:42","guid":{"rendered":"https:\/\/revistaliterariaelgatonegro.com\/?p=3281"},"modified":"2021-12-03T23:23:52","modified_gmt":"2021-12-03T23:23:52","slug":"mamen-comunicacion-y-el-gato-negro","status":"publish","type":"page","link":"https:\/\/revistaliterariaelgatonegro.com\/?page_id=3281","title":{"rendered":"Mamen Comunicaci\u00f3n"},"content":{"rendered":"\n<p class=\"has-drop-cap\"> Desde <a href=\"https:\/\/revistaliterariaelgatonegro.com\/\" target=\"_blank\" rel=\"noreferrer noopener\">El Gato Negro<\/a>, estamos entusiasmados con esta maravillosa colaboraci\u00f3n con <a href=\"https:\/\/www.mamencomunicacion.com\/\" target=\"_blank\" rel=\"noreferrer noopener\">Mamen Comunicaci\u00f3n<\/a>, ya que nos brinda la oportunidad de compartir con todos vosotros, libros, autores, entrevistas, tertulias\u2026 que ponen alas a nuestros sue\u00f1os, y nos permiten llenar nuestra vida de mariposas de colores, girasoles brillantes y rayos de luz que son la cultura y las artes en todas sus disciplinas.&nbsp;&nbsp;<\/p>\n\n\n\n<p>&nbsp;Mamen Comunicaci\u00f3n es una agencia de comunicaci\u00f3n que ofrece servicios personalizados, y tremendamente comprometida con la cultura; es una Agencia de Comunicaci\u00f3n y Relaciones P\u00fablicas con una dilatada experiencia en:<\/p>\n\n\n\n<ul class=\"wp-block-list\"><li>Comunicaci\u00f3n corporativa e institucional.<\/li><li>Gabinete de Prensa<\/li><li>Eventos<\/li><li>Management \/ Representaci\u00f3n.<\/li><\/ul>\n\n\n\n<p>[dflip id=\u00bb3300&#8243; ][\/dflip]<\/p>\n\n\n\n<p>Como nos explica su directora, Mamen Diaz Saura:<\/p>\n\n\n\n<p>\u00abMi agencia lleva m\u00e1s de 20 a\u00f1os. Es una agencia boutique como la llamo yo. Trato personal, exquisito y cuidado. As\u00ed es como me gusta tratar a los clientes y a la prensa. Presumimos de nuestra grata relaci\u00f3n con ellos porque como siempre me dec\u00edan mis maestros Arturo Fern\u00e1ndez (el actor) o Jos\u00e9 Luis Lopez V\u00e1zquez, con los que comenc\u00e9 en este medio a llevar en prensa:<em> \u201cChatina\u201d<\/em>, cada medio que nos cubra, es uno o muchos espectadores u oyentes que vendr\u00e1n a vernos. Y siempre hay que estar agradecidos al medio y al que nos ve o escucha.\u201d\u00bb<\/p>\n\n\n\n<p>Mamen Comunicaci\u00f3n esta tremendamente con la cultura, y para El Gato Negro es un honor colaborar dando a conocer desde nuestras humildes p\u00e1ginas a los excelentes libros y escritores, que trabajan Mamen Comunicaci\u00f3n, y todos aquellos eventos culturales que organiza. Entre otros:<\/p>\n\n\n\n<p>Coloquios de la Fundaci\u00f3n Wellington<\/p>\n\n\n\n<figure class=\"wp-block-gallery columns-3 is-cropped wp-block-gallery-1 is-layout-flex wp-block-gallery-is-layout-flex\"><ul class=\"blocks-gallery-grid\"><li class=\"blocks-gallery-item\"><figure><img decoding=\"async\" width=\"700\" height=\"475\" src=\"https:\/\/revistaliterariaelgatonegro.com\/wp-content\/uploads\/2021\/10\/los_coloquios_de_wellington_5.jpg\" alt=\"\" data-id=\"3284\" data-link=\"https:\/\/revistaliterariaelgatonegro.com\/?attachment_id=3284\" class=\"wp-image-3284\" srcset=\"https:\/\/revistaliterariaelgatonegro.com\/wp-content\/uploads\/2021\/10\/los_coloquios_de_wellington_5.jpg 700w, https:\/\/revistaliterariaelgatonegro.com\/wp-content\/uploads\/2021\/10\/los_coloquios_de_wellington_5-300x204.jpg 300w, https:\/\/revistaliterariaelgatonegro.com\/wp-content\/uploads\/2021\/10\/los_coloquios_de_wellington_5-64x43.jpg 64w\" sizes=\"(max-width: 700px) 100vw, 700px\" \/><\/figure><\/li><li class=\"blocks-gallery-item\"><figure><img decoding=\"async\" width=\"700\" height=\"475\" src=\"https:\/\/revistaliterariaelgatonegro.com\/wp-content\/uploads\/2021\/10\/los_coloquios_del_wellington10.jpg\" alt=\"\" data-id=\"3285\" data-link=\"https:\/\/revistaliterariaelgatonegro.com\/?attachment_id=3285\" class=\"wp-image-3285\" srcset=\"https:\/\/revistaliterariaelgatonegro.com\/wp-content\/uploads\/2021\/10\/los_coloquios_del_wellington10.jpg 700w, https:\/\/revistaliterariaelgatonegro.com\/wp-content\/uploads\/2021\/10\/los_coloquios_del_wellington10-300x204.jpg 300w, https:\/\/revistaliterariaelgatonegro.com\/wp-content\/uploads\/2021\/10\/los_coloquios_del_wellington10-64x43.jpg 64w\" sizes=\"(max-width: 700px) 100vw, 700px\" \/><\/figure><\/li><li class=\"blocks-gallery-item\"><figure><img decoding=\"async\" width=\"700\" height=\"475\" src=\"https:\/\/revistaliterariaelgatonegro.com\/wp-content\/uploads\/2021\/10\/los_coloquios_del_wellington7.jpg\" alt=\"\" data-id=\"3286\" data-full-url=\"https:\/\/revistaliterariaelgatonegro.com\/wp-content\/uploads\/2021\/10\/los_coloquios_del_wellington7.jpg\" data-link=\"https:\/\/revistaliterariaelgatonegro.com\/?attachment_id=3286\" class=\"wp-image-3286\" srcset=\"https:\/\/revistaliterariaelgatonegro.com\/wp-content\/uploads\/2021\/10\/los_coloquios_del_wellington7.jpg 700w, https:\/\/revistaliterariaelgatonegro.com\/wp-content\/uploads\/2021\/10\/los_coloquios_del_wellington7-300x204.jpg 300w, https:\/\/revistaliterariaelgatonegro.com\/wp-content\/uploads\/2021\/10\/los_coloquios_del_wellington7-64x43.jpg 64w\" sizes=\"(max-width: 700px) 100vw, 700px\" \/><\/figure><\/li><\/ul><\/figure>\n\n\n\n<p>Presentaci\u00f3n del artista sirio-americano Malek Jandali en Espa\u00f1a para el concierto ben\u00e9fico organizado por las Damas Diplom\u00e1ticas \u00c1rabes en Espa\u00f1a.<\/p>\n\n\n\n<figure class=\"wp-block-gallery columns-3 is-cropped wp-block-gallery-2 is-layout-flex wp-block-gallery-is-layout-flex\"><ul class=\"blocks-gallery-grid\"><li class=\"blocks-gallery-item\"><figure><img decoding=\"async\" width=\"700\" height=\"475\" src=\"https:\/\/revistaliterariaelgatonegro.com\/wp-content\/uploads\/2021\/10\/malek_1.jpg\" alt=\"\" data-id=\"3287\" data-link=\"https:\/\/revistaliterariaelgatonegro.com\/?attachment_id=3287\" class=\"wp-image-3287\" srcset=\"https:\/\/revistaliterariaelgatonegro.com\/wp-content\/uploads\/2021\/10\/malek_1.jpg 700w, https:\/\/revistaliterariaelgatonegro.com\/wp-content\/uploads\/2021\/10\/malek_1-300x204.jpg 300w, https:\/\/revistaliterariaelgatonegro.com\/wp-content\/uploads\/2021\/10\/malek_1-64x43.jpg 64w\" sizes=\"(max-width: 700px) 100vw, 700px\" \/><\/figure><\/li><li class=\"blocks-gallery-item\"><figure><img decoding=\"async\" width=\"700\" height=\"475\" src=\"https:\/\/revistaliterariaelgatonegro.com\/wp-content\/uploads\/2021\/10\/malek_6.png\" alt=\"\" data-id=\"3288\" data-link=\"https:\/\/revistaliterariaelgatonegro.com\/?attachment_id=3288\" class=\"wp-image-3288\" srcset=\"https:\/\/revistaliterariaelgatonegro.com\/wp-content\/uploads\/2021\/10\/malek_6.png 700w, https:\/\/revistaliterariaelgatonegro.com\/wp-content\/uploads\/2021\/10\/malek_6-300x204.png 300w, https:\/\/revistaliterariaelgatonegro.com\/wp-content\/uploads\/2021\/10\/malek_6-64x43.png 64w\" sizes=\"(max-width: 700px) 100vw, 700px\" \/><\/figure><\/li><li class=\"blocks-gallery-item\"><figure><img decoding=\"async\" width=\"700\" height=\"475\" src=\"https:\/\/revistaliterariaelgatonegro.com\/wp-content\/uploads\/2021\/10\/malek_2.jpg\" alt=\"\" data-id=\"3289\" data-full-url=\"https:\/\/revistaliterariaelgatonegro.com\/wp-content\/uploads\/2021\/10\/malek_2.jpg\" data-link=\"https:\/\/revistaliterariaelgatonegro.com\/?attachment_id=3289\" class=\"wp-image-3289\" srcset=\"https:\/\/revistaliterariaelgatonegro.com\/wp-content\/uploads\/2021\/10\/malek_2.jpg 700w, https:\/\/revistaliterariaelgatonegro.com\/wp-content\/uploads\/2021\/10\/malek_2-300x204.jpg 300w, https:\/\/revistaliterariaelgatonegro.com\/wp-content\/uploads\/2021\/10\/malek_2-64x43.jpg 64w\" sizes=\"(max-width: 700px) 100vw, 700px\" \/><\/figure><\/li><\/ul><\/figure>\n\n\n\n<p>Presentaci\u00f3n a medios y estreno oficial de \u00abDIEZ NEGRITOS\u00bb de Agatha Christie<\/p>\n\n\n\n<figure class=\"wp-block-gallery columns-3 is-cropped wp-block-gallery-3 is-layout-flex wp-block-gallery-is-layout-flex\"><ul class=\"blocks-gallery-grid\"><li class=\"blocks-gallery-item\"><figure><img decoding=\"async\" width=\"475\" height=\"700\" src=\"https:\/\/revistaliterariaelgatonegro.com\/wp-content\/uploads\/2021\/10\/10_negritos_1.png\" alt=\"\" data-id=\"3290\" data-link=\"https:\/\/revistaliterariaelgatonegro.com\/?attachment_id=3290\" class=\"wp-image-3290\" srcset=\"https:\/\/revistaliterariaelgatonegro.com\/wp-content\/uploads\/2021\/10\/10_negritos_1.png 475w, https:\/\/revistaliterariaelgatonegro.com\/wp-content\/uploads\/2021\/10\/10_negritos_1-300x442.png 300w, https:\/\/revistaliterariaelgatonegro.com\/wp-content\/uploads\/2021\/10\/10_negritos_1-64x94.png 64w, https:\/\/revistaliterariaelgatonegro.com\/wp-content\/uploads\/2021\/10\/10_negritos_1-204x300.png 204w\" sizes=\"(max-width: 475px) 100vw, 475px\" \/><\/figure><\/li><li class=\"blocks-gallery-item\"><figure><img decoding=\"async\" width=\"475\" height=\"700\" src=\"https:\/\/revistaliterariaelgatonegro.com\/wp-content\/uploads\/2021\/10\/10_negritos_05.png\" alt=\"\" data-id=\"3292\" data-link=\"https:\/\/revistaliterariaelgatonegro.com\/?attachment_id=3292\" class=\"wp-image-3292\" srcset=\"https:\/\/revistaliterariaelgatonegro.com\/wp-content\/uploads\/2021\/10\/10_negritos_05.png 475w, https:\/\/revistaliterariaelgatonegro.com\/wp-content\/uploads\/2021\/10\/10_negritos_05-300x442.png 300w, https:\/\/revistaliterariaelgatonegro.com\/wp-content\/uploads\/2021\/10\/10_negritos_05-64x94.png 64w, https:\/\/revistaliterariaelgatonegro.com\/wp-content\/uploads\/2021\/10\/10_negritos_05-204x300.png 204w\" sizes=\"(max-width: 475px) 100vw, 475px\" \/><\/figure><\/li><li class=\"blocks-gallery-item\"><figure><img decoding=\"async\" width=\"475\" height=\"700\" src=\"https:\/\/revistaliterariaelgatonegro.com\/wp-content\/uploads\/2021\/10\/10_negritos07.png\" alt=\"\" data-id=\"3297\" data-full-url=\"https:\/\/revistaliterariaelgatonegro.com\/wp-content\/uploads\/2021\/10\/10_negritos07.png\" data-link=\"https:\/\/revistaliterariaelgatonegro.com\/?attachment_id=3297\" class=\"wp-image-3297\" srcset=\"https:\/\/revistaliterariaelgatonegro.com\/wp-content\/uploads\/2021\/10\/10_negritos07.png 475w, https:\/\/revistaliterariaelgatonegro.com\/wp-content\/uploads\/2021\/10\/10_negritos07-300x442.png 300w, https:\/\/revistaliterariaelgatonegro.com\/wp-content\/uploads\/2021\/10\/10_negritos07-64x94.png 64w, https:\/\/revistaliterariaelgatonegro.com\/wp-content\/uploads\/2021\/10\/10_negritos07-204x300.png 204w\" sizes=\"(max-width: 475px) 100vw, 475px\" \/><\/figure><\/li><\/ul><\/figure>\n\n\n\n<p> La noche de la Fashion Night Out<\/p>\n\n\n\n<figure class=\"wp-block-gallery columns-2 is-cropped wp-block-gallery-4 is-layout-flex wp-block-gallery-is-layout-flex\"><ul class=\"blocks-gallery-grid\"><li class=\"blocks-gallery-item\"><figure><img decoding=\"async\" width=\"700\" height=\"475\" src=\"https:\/\/revistaliterariaelgatonegro.com\/wp-content\/uploads\/2021\/10\/evento_ferrari_3.jpg\" alt=\"\" data-id=\"3294\" data-link=\"https:\/\/revistaliterariaelgatonegro.com\/?attachment_id=3294\" class=\"wp-image-3294\" srcset=\"https:\/\/revistaliterariaelgatonegro.com\/wp-content\/uploads\/2021\/10\/evento_ferrari_3.jpg 700w, https:\/\/revistaliterariaelgatonegro.com\/wp-content\/uploads\/2021\/10\/evento_ferrari_3-300x204.jpg 300w, https:\/\/revistaliterariaelgatonegro.com\/wp-content\/uploads\/2021\/10\/evento_ferrari_3-64x43.jpg 64w\" sizes=\"(max-width: 700px) 100vw, 700px\" \/><\/figure><\/li><li class=\"blocks-gallery-item\"><figure><img decoding=\"async\" width=\"700\" height=\"475\" src=\"https:\/\/revistaliterariaelgatonegro.com\/wp-content\/uploads\/2021\/10\/evento_ferrari_6.jpg\" alt=\"\" data-id=\"3295\" data-full-url=\"https:\/\/revistaliterariaelgatonegro.com\/wp-content\/uploads\/2021\/10\/evento_ferrari_6.jpg\" data-link=\"https:\/\/revistaliterariaelgatonegro.com\/?attachment_id=3295\" class=\"wp-image-3295\" srcset=\"https:\/\/revistaliterariaelgatonegro.com\/wp-content\/uploads\/2021\/10\/evento_ferrari_6.jpg 700w, https:\/\/revistaliterariaelgatonegro.com\/wp-content\/uploads\/2021\/10\/evento_ferrari_6-300x204.jpg 300w, https:\/\/revistaliterariaelgatonegro.com\/wp-content\/uploads\/2021\/10\/evento_ferrari_6-64x43.jpg 64w\" sizes=\"(max-width: 700px) 100vw, 700px\" \/><\/figure><\/li><\/ul><\/figure>\n\n\n\n<p><\/p>\n","protected":false},"excerpt":{"rendered":"<p>Desde El Gato Negro, estamos entusiasmados con esta maravillosa colaboraci\u00f3n con Mamen Comunicaci\u00f3n, ya que nos brinda la<\/p>\n","protected":false},"author":1,"featured_media":3282,"parent":0,"menu_order":18,"comment_status":"open","ping_status":"open","template":"","meta":{"footnotes":""},"class_list":["post-3281","page","type-page","status-publish","has-post-thumbnail","hentry"],"yoast_head":"<!-- This site is optimized with the Yoast SEO plugin v27.4 - https:\/\/yoast.com\/product\/yoast-seo-wordpress\/ -->\n<title>Mamen Comunicaci\u00f3n - REVISTA CULTURAL<\/title>\n<meta name=\"description\" content=\"Mamen Comunicaci\u00f3n, y el Gato Negro, han empezado a colaborar. Mamen Comunicaci\u00f3n es una agencia de comunicaci\u00f3n que ofrece servicios personalizados, y tremendamente comprometida con la cultura; es una Agencia de Comunicaci\u00f3n y Relaciones P\u00fablicas, y tremendamente comprometida con la cultura.\" \/>\n<meta name=\"robots\" content=\"index, follow, max-snippet:-1, max-image-preview:large, max-video-preview:-1\" \/>\n<link rel=\"canonical\" href=\"https:\/\/revistaliterariaelgatonegro.com\/?page_id=3281\" \/>\n<meta property=\"og:locale\" content=\"es_ES\" \/>\n<meta property=\"og:type\" content=\"article\" \/>\n<meta property=\"og:title\" content=\"Mamen Comunicaci\u00f3n - REVISTA CULTURAL\" \/>\n<meta property=\"og:description\" content=\"Mamen Comunicaci\u00f3n, y el Gato Negro, han empezado a colaborar. Mamen Comunicaci\u00f3n es una agencia de comunicaci\u00f3n que ofrece servicios personalizados, y tremendamente comprometida con la cultura; es una Agencia de Comunicaci\u00f3n y Relaciones P\u00fablicas, y tremendamente comprometida con la cultura.\" \/>\n<meta property=\"og:url\" content=\"https:\/\/revistaliterariaelgatonegro.com\/?page_id=3281\" \/>\n<meta property=\"og:site_name\" content=\"REVISTA CULTURAL\" \/>\n<meta property=\"article:modified_time\" content=\"2021-12-03T23:23:52+00:00\" \/>\n<meta property=\"og:image\" content=\"https:\/\/revistaliterariaelgatonegro.com\/wp-content\/uploads\/2021\/10\/mamen-comunicacion-y-el-gato-negro.jpg\" \/>\n\t<meta property=\"og:image:width\" content=\"945\" \/>\n\t<meta property=\"og:image:height\" content=\"531\" \/>\n\t<meta property=\"og:image:type\" content=\"image\/jpeg\" \/>\n<meta name=\"twitter:card\" content=\"summary_large_image\" \/>\n<meta name=\"twitter:label1\" content=\"Tiempo de lectura\" \/>\n\t<meta name=\"twitter:data1\" content=\"4 minutos\" \/>\n<script type=\"application\/ld+json\" class=\"yoast-schema-graph\">{\"@context\":\"https:\\\/\\\/schema.org\",\"@graph\":[{\"@type\":\"WebPage\",\"@id\":\"https:\\\/\\\/revistaliterariaelgatonegro.com\\\/?page_id=3281\",\"url\":\"https:\\\/\\\/revistaliterariaelgatonegro.com\\\/?page_id=3281\",\"name\":\"Mamen Comunicaci\u00f3n - REVISTA CULTURAL\",\"isPartOf\":{\"@id\":\"https:\\\/\\\/revistaliterariaelgatonegro.com\\\/#website\"},\"primaryImageOfPage\":{\"@id\":\"https:\\\/\\\/revistaliterariaelgatonegro.com\\\/?page_id=3281#primaryimage\"},\"image\":{\"@id\":\"https:\\\/\\\/revistaliterariaelgatonegro.com\\\/?page_id=3281#primaryimage\"},\"thumbnailUrl\":\"https:\\\/\\\/revistaliterariaelgatonegro.com\\\/wp-content\\\/uploads\\\/2021\\\/10\\\/mamen-comunicacion-y-el-gato-negro.jpg\",\"datePublished\":\"2021-10-20T18:09:42+00:00\",\"dateModified\":\"2021-12-03T23:23:52+00:00\",\"description\":\"Mamen Comunicaci\u00f3n, y el Gato Negro, han empezado a colaborar. Mamen Comunicaci\u00f3n es una agencia de comunicaci\u00f3n que ofrece servicios personalizados, y tremendamente comprometida con la cultura; es una Agencia de Comunicaci\u00f3n y Relaciones P\u00fablicas, y tremendamente comprometida con la cultura.\",\"breadcrumb\":{\"@id\":\"https:\\\/\\\/revistaliterariaelgatonegro.com\\\/?page_id=3281#breadcrumb\"},\"inLanguage\":\"es\",\"potentialAction\":[{\"@type\":\"ReadAction\",\"target\":[\"https:\\\/\\\/revistaliterariaelgatonegro.com\\\/?page_id=3281\"]}]},{\"@type\":\"ImageObject\",\"inLanguage\":\"es\",\"@id\":\"https:\\\/\\\/revistaliterariaelgatonegro.com\\\/?page_id=3281#primaryimage\",\"url\":\"https:\\\/\\\/revistaliterariaelgatonegro.com\\\/wp-content\\\/uploads\\\/2021\\\/10\\\/mamen-comunicacion-y-el-gato-negro.jpg\",\"contentUrl\":\"https:\\\/\\\/revistaliterariaelgatonegro.com\\\/wp-content\\\/uploads\\\/2021\\\/10\\\/mamen-comunicacion-y-el-gato-negro.jpg\",\"width\":945,\"height\":531},{\"@type\":\"BreadcrumbList\",\"@id\":\"https:\\\/\\\/revistaliterariaelgatonegro.com\\\/?page_id=3281#breadcrumb\",\"itemListElement\":[{\"@type\":\"ListItem\",\"position\":1,\"name\":\"Portada\",\"item\":\"https:\\\/\\\/revistaliterariaelgatonegro.com\\\/\"},{\"@type\":\"ListItem\",\"position\":2,\"name\":\"Mamen Comunicaci\u00f3n\"}]},{\"@type\":\"WebSite\",\"@id\":\"https:\\\/\\\/revistaliterariaelgatonegro.com\\\/#website\",\"url\":\"https:\\\/\\\/revistaliterariaelgatonegro.com\\\/\",\"name\":\"REVISTA CULTURAL\",\"description\":\" Un nuevo espacio para la divulgaci\u00f3n literaria, as\u00ed como dem\u00e1s artes \",\"publisher\":{\"@id\":\"https:\\\/\\\/revistaliterariaelgatonegro.com\\\/#\\\/schema\\\/person\\\/6a37dd51e0f101e394e91c123fd12e8a\"},\"potentialAction\":[{\"@type\":\"SearchAction\",\"target\":{\"@type\":\"EntryPoint\",\"urlTemplate\":\"https:\\\/\\\/revistaliterariaelgatonegro.com\\\/?s={search_term_string}\"},\"query-input\":{\"@type\":\"PropertyValueSpecification\",\"valueRequired\":true,\"valueName\":\"search_term_string\"}}],\"inLanguage\":\"es\"},{\"@type\":[\"Person\",\"Organization\"],\"@id\":\"https:\\\/\\\/revistaliterariaelgatonegro.com\\\/#\\\/schema\\\/person\\\/6a37dd51e0f101e394e91c123fd12e8a\",\"name\":\"administrador\",\"image\":{\"@type\":\"ImageObject\",\"inLanguage\":\"es\",\"@id\":\"https:\\\/\\\/revistaliterariaelgatonegro.com\\\/wp-content\\\/uploads\\\/2025\\\/12\\\/cropped-Logotipo-Logo-Marca-personal-Pastel-Amarillo-12-Photoroom.png\",\"url\":\"https:\\\/\\\/revistaliterariaelgatonegro.com\\\/wp-content\\\/uploads\\\/2025\\\/12\\\/cropped-Logotipo-Logo-Marca-personal-Pastel-Amarillo-12-Photoroom.png\",\"contentUrl\":\"https:\\\/\\\/revistaliterariaelgatonegro.com\\\/wp-content\\\/uploads\\\/2025\\\/12\\\/cropped-Logotipo-Logo-Marca-personal-Pastel-Amarillo-12-Photoroom.png\",\"width\":364,\"height\":212,\"caption\":\"administrador\"},\"logo\":{\"@id\":\"https:\\\/\\\/revistaliterariaelgatonegro.com\\\/wp-content\\\/uploads\\\/2025\\\/12\\\/cropped-Logotipo-Logo-Marca-personal-Pastel-Amarillo-12-Photoroom.png\"},\"sameAs\":[\"http:\\\/\\\/s864831950.mialojamiento.es\"]}]}<\/script>\n<!-- \/ Yoast SEO plugin. -->","yoast_head_json":{"title":"Mamen Comunicaci\u00f3n - REVISTA CULTURAL","description":"Mamen Comunicaci\u00f3n, y el Gato Negro, han empezado a colaborar. Mamen Comunicaci\u00f3n es una agencia de comunicaci\u00f3n que ofrece servicios personalizados, y tremendamente comprometida con la cultura; es una Agencia de Comunicaci\u00f3n y Relaciones P\u00fablicas, y tremendamente comprometida con la cultura.","robots":{"index":"index","follow":"follow","max-snippet":"max-snippet:-1","max-image-preview":"max-image-preview:large","max-video-preview":"max-video-preview:-1"},"canonical":"https:\/\/revistaliterariaelgatonegro.com\/?page_id=3281","og_locale":"es_ES","og_type":"article","og_title":"Mamen Comunicaci\u00f3n - REVISTA CULTURAL","og_description":"Mamen Comunicaci\u00f3n, y el Gato Negro, han empezado a colaborar. Mamen Comunicaci\u00f3n es una agencia de comunicaci\u00f3n que ofrece servicios personalizados, y tremendamente comprometida con la cultura; es una Agencia de Comunicaci\u00f3n y Relaciones P\u00fablicas, y tremendamente comprometida con la cultura.","og_url":"https:\/\/revistaliterariaelgatonegro.com\/?page_id=3281","og_site_name":"REVISTA CULTURAL","article_modified_time":"2021-12-03T23:23:52+00:00","og_image":[{"width":945,"height":531,"url":"https:\/\/revistaliterariaelgatonegro.com\/wp-content\/uploads\/2021\/10\/mamen-comunicacion-y-el-gato-negro.jpg","type":"image\/jpeg"}],"twitter_card":"summary_large_image","twitter_misc":{"Tiempo de lectura":"4 minutos"},"schema":{"@context":"https:\/\/schema.org","@graph":[{"@type":"WebPage","@id":"https:\/\/revistaliterariaelgatonegro.com\/?page_id=3281","url":"https:\/\/revistaliterariaelgatonegro.com\/?page_id=3281","name":"Mamen Comunicaci\u00f3n - REVISTA CULTURAL","isPartOf":{"@id":"https:\/\/revistaliterariaelgatonegro.com\/#website"},"primaryImageOfPage":{"@id":"https:\/\/revistaliterariaelgatonegro.com\/?page_id=3281#primaryimage"},"image":{"@id":"https:\/\/revistaliterariaelgatonegro.com\/?page_id=3281#primaryimage"},"thumbnailUrl":"https:\/\/revistaliterariaelgatonegro.com\/wp-content\/uploads\/2021\/10\/mamen-comunicacion-y-el-gato-negro.jpg","datePublished":"2021-10-20T18:09:42+00:00","dateModified":"2021-12-03T23:23:52+00:00","description":"Mamen Comunicaci\u00f3n, y el Gato Negro, han empezado a colaborar. Mamen Comunicaci\u00f3n es una agencia de comunicaci\u00f3n que ofrece servicios personalizados, y tremendamente comprometida con la cultura; es una Agencia de Comunicaci\u00f3n y Relaciones P\u00fablicas, y tremendamente comprometida con la cultura.","breadcrumb":{"@id":"https:\/\/revistaliterariaelgatonegro.com\/?page_id=3281#breadcrumb"},"inLanguage":"es","potentialAction":[{"@type":"ReadAction","target":["https:\/\/revistaliterariaelgatonegro.com\/?page_id=3281"]}]},{"@type":"ImageObject","inLanguage":"es","@id":"https:\/\/revistaliterariaelgatonegro.com\/?page_id=3281#primaryimage","url":"https:\/\/revistaliterariaelgatonegro.com\/wp-content\/uploads\/2021\/10\/mamen-comunicacion-y-el-gato-negro.jpg","contentUrl":"https:\/\/revistaliterariaelgatonegro.com\/wp-content\/uploads\/2021\/10\/mamen-comunicacion-y-el-gato-negro.jpg","width":945,"height":531},{"@type":"BreadcrumbList","@id":"https:\/\/revistaliterariaelgatonegro.com\/?page_id=3281#breadcrumb","itemListElement":[{"@type":"ListItem","position":1,"name":"Portada","item":"https:\/\/revistaliterariaelgatonegro.com\/"},{"@type":"ListItem","position":2,"name":"Mamen Comunicaci\u00f3n"}]},{"@type":"WebSite","@id":"https:\/\/revistaliterariaelgatonegro.com\/#website","url":"https:\/\/revistaliterariaelgatonegro.com\/","name":"REVISTA CULTURAL","description":" Un nuevo espacio para la divulgaci\u00f3n literaria, as\u00ed como dem\u00e1s artes ","publisher":{"@id":"https:\/\/revistaliterariaelgatonegro.com\/#\/schema\/person\/6a37dd51e0f101e394e91c123fd12e8a"},"potentialAction":[{"@type":"SearchAction","target":{"@type":"EntryPoint","urlTemplate":"https:\/\/revistaliterariaelgatonegro.com\/?s={search_term_string}"},"query-input":{"@type":"PropertyValueSpecification","valueRequired":true,"valueName":"search_term_string"}}],"inLanguage":"es"},{"@type":["Person","Organization"],"@id":"https:\/\/revistaliterariaelgatonegro.com\/#\/schema\/person\/6a37dd51e0f101e394e91c123fd12e8a","name":"administrador","image":{"@type":"ImageObject","inLanguage":"es","@id":"https:\/\/revistaliterariaelgatonegro.com\/wp-content\/uploads\/2025\/12\/cropped-Logotipo-Logo-Marca-personal-Pastel-Amarillo-12-Photoroom.png","url":"https:\/\/revistaliterariaelgatonegro.com\/wp-content\/uploads\/2025\/12\/cropped-Logotipo-Logo-Marca-personal-Pastel-Amarillo-12-Photoroom.png","contentUrl":"https:\/\/revistaliterariaelgatonegro.com\/wp-content\/uploads\/2025\/12\/cropped-Logotipo-Logo-Marca-personal-Pastel-Amarillo-12-Photoroom.png","width":364,"height":212,"caption":"administrador"},"logo":{"@id":"https:\/\/revistaliterariaelgatonegro.com\/wp-content\/uploads\/2025\/12\/cropped-Logotipo-Logo-Marca-personal-Pastel-Amarillo-12-Photoroom.png"},"sameAs":["http:\/\/s864831950.mialojamiento.es"]}]}},"_links":{"self":[{"href":"https:\/\/revistaliterariaelgatonegro.com\/index.php?rest_route=\/wp\/v2\/pages\/3281","targetHints":{"allow":["GET"]}}],"collection":[{"href":"https:\/\/revistaliterariaelgatonegro.com\/index.php?rest_route=\/wp\/v2\/pages"}],"about":[{"href":"https:\/\/revistaliterariaelgatonegro.com\/index.php?rest_route=\/wp\/v2\/types\/page"}],"author":[{"embeddable":true,"href":"https:\/\/revistaliterariaelgatonegro.com\/index.php?rest_route=\/wp\/v2\/users\/1"}],"replies":[{"embeddable":true,"href":"https:\/\/revistaliterariaelgatonegro.com\/index.php?rest_route=%2Fwp%2Fv2%2Fcomments&post=3281"}],"version-history":[{"count":6,"href":"https:\/\/revistaliterariaelgatonegro.com\/index.php?rest_route=\/wp\/v2\/pages\/3281\/revisions"}],"predecessor-version":[{"id":3880,"href":"https:\/\/revistaliterariaelgatonegro.com\/index.php?rest_route=\/wp\/v2\/pages\/3281\/revisions\/3880"}],"wp:featuredmedia":[{"embeddable":true,"href":"https:\/\/revistaliterariaelgatonegro.com\/index.php?rest_route=\/wp\/v2\/media\/3282"}],"wp:attachment":[{"href":"https:\/\/revistaliterariaelgatonegro.com\/index.php?rest_route=%2Fwp%2Fv2%2Fmedia&parent=3281"}],"curies":[{"name":"wp","href":"https:\/\/api.w.org\/{rel}","templated":true}]}}