{"id":12487,"date":"2023-12-11T20:57:30","date_gmt":"2023-12-11T20:57:30","guid":{"rendered":"https:\/\/revistaliterariaelgatonegro.com\/?page_id=12487"},"modified":"2023-12-11T20:57:31","modified_gmt":"2023-12-11T20:57:31","slug":"colaboracion-con-el-ayuntamiento-de-parres","status":"publish","type":"page","link":"https:\/\/revistaliterariaelgatonegro.com\/?page_id=12487","title":{"rendered":"Colaboraci\u00f3n con el Ayuntamiento de  Parres"},"content":{"rendered":"\n<figure class=\"wp-block-image size-large\"><img decoding=\"async\" width=\"700\" height=\"331\" src=\"https:\/\/revistaliterariaelgatonegro.com\/wp-content\/uploads\/2023\/12\/colaboracion-ayuntamiento-de-parres-700x331.jpg\" alt=\"\" class=\"wp-image-12489\" srcset=\"https:\/\/revistaliterariaelgatonegro.com\/wp-content\/uploads\/2023\/12\/colaboracion-ayuntamiento-de-parres-700x331.jpg 700w, https:\/\/revistaliterariaelgatonegro.com\/wp-content\/uploads\/2023\/12\/colaboracion-ayuntamiento-de-parres-300x142.jpg 300w, https:\/\/revistaliterariaelgatonegro.com\/wp-content\/uploads\/2023\/12\/colaboracion-ayuntamiento-de-parres-scaled-64x30.jpg 64w, https:\/\/revistaliterariaelgatonegro.com\/wp-content\/uploads\/2023\/12\/colaboracion-ayuntamiento-de-parres-768x363.jpg 768w, https:\/\/revistaliterariaelgatonegro.com\/wp-content\/uploads\/2023\/12\/colaboracion-ayuntamiento-de-parres-1536x725.jpg 1536w, https:\/\/revistaliterariaelgatonegro.com\/wp-content\/uploads\/2023\/12\/colaboracion-ayuntamiento-de-parres-2048x967.jpg 2048w, https:\/\/revistaliterariaelgatonegro.com\/wp-content\/uploads\/2023\/12\/colaboracion-ayuntamiento-de-parres-1800x850.jpg 1800w\" sizes=\"(max-width: 700px) 100vw, 700px\" \/><\/figure>\n\n\n\n<p>Jurado en el concurso de Microrrelatos <a href=\"https:\/\/revistaliterariaelgatonegro.com\/i-concurso-de-microrelatos-la-violencia-de-genero-digital-bloquealo\">#Bloquealo<\/a><\/p>\n\n\n\n<p><\/p>\n","protected":false},"excerpt":{"rendered":"<p>Jurado en el concurso de Microrrelatos #Bloquealo<\/p>\n","protected":false},"author":1,"featured_media":0,"parent":0,"menu_order":0,"comment_status":"closed","ping_status":"closed","template":"","meta":{"footnotes":""},"class_list":["post-12487","page","type-page","status-publish","hentry"],"yoast_head":"<!-- This site is optimized with the Yoast SEO plugin v27.4 - https:\/\/yoast.com\/product\/yoast-seo-wordpress\/ -->\n<title>Colaboraci\u00f3n con el Ayuntamiento de Parres - REVISTA CULTURAL<\/title>\n<meta name=\"robots\" content=\"index, follow, max-snippet:-1, max-image-preview:large, max-video-preview:-1\" \/>\n<link rel=\"canonical\" href=\"https:\/\/revistaliterariaelgatonegro.com\/?page_id=12487\" \/>\n<meta property=\"og:locale\" content=\"es_ES\" \/>\n<meta property=\"og:type\" content=\"article\" \/>\n<meta property=\"og:title\" content=\"Colaboraci\u00f3n con el Ayuntamiento de Parres - REVISTA CULTURAL\" \/>\n<meta property=\"og:description\" content=\"Jurado en el concurso de Microrrelatos #Bloquealo\" \/>\n<meta property=\"og:url\" content=\"https:\/\/revistaliterariaelgatonegro.com\/?page_id=12487\" \/>\n<meta property=\"og:site_name\" content=\"REVISTA CULTURAL\" \/>\n<meta property=\"article:modified_time\" content=\"2023-12-11T20:57:31+00:00\" \/>\n<meta property=\"og:image\" content=\"https:\/\/revistaliterariaelgatonegro.com\/wp-content\/uploads\/2023\/12\/colaboracion-ayuntamiento-de-parres-700x331.jpg\" \/>\n<meta name=\"twitter:card\" content=\"summary_large_image\" \/>\n<meta name=\"twitter:label1\" content=\"Tiempo de lectura\" \/>\n\t<meta name=\"twitter:data1\" content=\"1 minuto\" \/>\n<script type=\"application\/ld+json\" class=\"yoast-schema-graph\">{\"@context\":\"https:\\\/\\\/schema.org\",\"@graph\":[{\"@type\":\"WebPage\",\"@id\":\"https:\\\/\\\/revistaliterariaelgatonegro.com\\\/?page_id=12487\",\"url\":\"https:\\\/\\\/revistaliterariaelgatonegro.com\\\/?page_id=12487\",\"name\":\"Colaboraci\u00f3n con el Ayuntamiento de Parres - REVISTA CULTURAL\",\"isPartOf\":{\"@id\":\"https:\\\/\\\/revistaliterariaelgatonegro.com\\\/#website\"},\"primaryImageOfPage\":{\"@id\":\"https:\\\/\\\/revistaliterariaelgatonegro.com\\\/?page_id=12487#primaryimage\"},\"image\":{\"@id\":\"https:\\\/\\\/revistaliterariaelgatonegro.com\\\/?page_id=12487#primaryimage\"},\"thumbnailUrl\":\"https:\\\/\\\/revistaliterariaelgatonegro.com\\\/wp-content\\\/uploads\\\/2023\\\/12\\\/colaboracion-ayuntamiento-de-parres-700x331.jpg\",\"datePublished\":\"2023-12-11T20:57:30+00:00\",\"dateModified\":\"2023-12-11T20:57:31+00:00\",\"breadcrumb\":{\"@id\":\"https:\\\/\\\/revistaliterariaelgatonegro.com\\\/?page_id=12487#breadcrumb\"},\"inLanguage\":\"es\",\"potentialAction\":[{\"@type\":\"ReadAction\",\"target\":[\"https:\\\/\\\/revistaliterariaelgatonegro.com\\\/?page_id=12487\"]}]},{\"@type\":\"ImageObject\",\"inLanguage\":\"es\",\"@id\":\"https:\\\/\\\/revistaliterariaelgatonegro.com\\\/?page_id=12487#primaryimage\",\"url\":\"https:\\\/\\\/revistaliterariaelgatonegro.com\\\/wp-content\\\/uploads\\\/2023\\\/12\\\/colaboracion-ayuntamiento-de-parres-scaled.jpg\",\"contentUrl\":\"https:\\\/\\\/revistaliterariaelgatonegro.com\\\/wp-content\\\/uploads\\\/2023\\\/12\\\/colaboracion-ayuntamiento-de-parres-scaled.jpg\",\"width\":2560,\"height\":1209},{\"@type\":\"BreadcrumbList\",\"@id\":\"https:\\\/\\\/revistaliterariaelgatonegro.com\\\/?page_id=12487#breadcrumb\",\"itemListElement\":[{\"@type\":\"ListItem\",\"position\":1,\"name\":\"Portada\",\"item\":\"https:\\\/\\\/revistaliterariaelgatonegro.com\\\/\"},{\"@type\":\"ListItem\",\"position\":2,\"name\":\"Colaboraci\u00f3n con el Ayuntamiento de Parres\"}]},{\"@type\":\"WebSite\",\"@id\":\"https:\\\/\\\/revistaliterariaelgatonegro.com\\\/#website\",\"url\":\"https:\\\/\\\/revistaliterariaelgatonegro.com\\\/\",\"name\":\"REVISTA CULTURAL\",\"description\":\" Un nuevo espacio para la divulgaci\u00f3n literaria, as\u00ed como dem\u00e1s artes \",\"publisher\":{\"@id\":\"https:\\\/\\\/revistaliterariaelgatonegro.com\\\/#\\\/schema\\\/person\\\/6a37dd51e0f101e394e91c123fd12e8a\"},\"potentialAction\":[{\"@type\":\"SearchAction\",\"target\":{\"@type\":\"EntryPoint\",\"urlTemplate\":\"https:\\\/\\\/revistaliterariaelgatonegro.com\\\/?s={search_term_string}\"},\"query-input\":{\"@type\":\"PropertyValueSpecification\",\"valueRequired\":true,\"valueName\":\"search_term_string\"}}],\"inLanguage\":\"es\"},{\"@type\":[\"Person\",\"Organization\"],\"@id\":\"https:\\\/\\\/revistaliterariaelgatonegro.com\\\/#\\\/schema\\\/person\\\/6a37dd51e0f101e394e91c123fd12e8a\",\"name\":\"administrador\",\"image\":{\"@type\":\"ImageObject\",\"inLanguage\":\"es\",\"@id\":\"https:\\\/\\\/revistaliterariaelgatonegro.com\\\/wp-content\\\/uploads\\\/2025\\\/12\\\/cropped-Logotipo-Logo-Marca-personal-Pastel-Amarillo-12-Photoroom.png\",\"url\":\"https:\\\/\\\/revistaliterariaelgatonegro.com\\\/wp-content\\\/uploads\\\/2025\\\/12\\\/cropped-Logotipo-Logo-Marca-personal-Pastel-Amarillo-12-Photoroom.png\",\"contentUrl\":\"https:\\\/\\\/revistaliterariaelgatonegro.com\\\/wp-content\\\/uploads\\\/2025\\\/12\\\/cropped-Logotipo-Logo-Marca-personal-Pastel-Amarillo-12-Photoroom.png\",\"width\":364,\"height\":212,\"caption\":\"administrador\"},\"logo\":{\"@id\":\"https:\\\/\\\/revistaliterariaelgatonegro.com\\\/wp-content\\\/uploads\\\/2025\\\/12\\\/cropped-Logotipo-Logo-Marca-personal-Pastel-Amarillo-12-Photoroom.png\"},\"sameAs\":[\"http:\\\/\\\/s864831950.mialojamiento.es\"]}]}<\/script>\n<!-- \/ Yoast SEO plugin. -->","yoast_head_json":{"title":"Colaboraci\u00f3n con el Ayuntamiento de Parres - REVISTA CULTURAL","robots":{"index":"index","follow":"follow","max-snippet":"max-snippet:-1","max-image-preview":"max-image-preview:large","max-video-preview":"max-video-preview:-1"},"canonical":"https:\/\/revistaliterariaelgatonegro.com\/?page_id=12487","og_locale":"es_ES","og_type":"article","og_title":"Colaboraci\u00f3n con el Ayuntamiento de Parres - REVISTA CULTURAL","og_description":"Jurado en el concurso de Microrrelatos #Bloquealo","og_url":"https:\/\/revistaliterariaelgatonegro.com\/?page_id=12487","og_site_name":"REVISTA CULTURAL","article_modified_time":"2023-12-11T20:57:31+00:00","og_image":[{"url":"https:\/\/revistaliterariaelgatonegro.com\/wp-content\/uploads\/2023\/12\/colaboracion-ayuntamiento-de-parres-700x331.jpg","type":"","width":"","height":""}],"twitter_card":"summary_large_image","twitter_misc":{"Tiempo de lectura":"1 minuto"},"schema":{"@context":"https:\/\/schema.org","@graph":[{"@type":"WebPage","@id":"https:\/\/revistaliterariaelgatonegro.com\/?page_id=12487","url":"https:\/\/revistaliterariaelgatonegro.com\/?page_id=12487","name":"Colaboraci\u00f3n con el Ayuntamiento de Parres - REVISTA CULTURAL","isPartOf":{"@id":"https:\/\/revistaliterariaelgatonegro.com\/#website"},"primaryImageOfPage":{"@id":"https:\/\/revistaliterariaelgatonegro.com\/?page_id=12487#primaryimage"},"image":{"@id":"https:\/\/revistaliterariaelgatonegro.com\/?page_id=12487#primaryimage"},"thumbnailUrl":"https:\/\/revistaliterariaelgatonegro.com\/wp-content\/uploads\/2023\/12\/colaboracion-ayuntamiento-de-parres-700x331.jpg","datePublished":"2023-12-11T20:57:30+00:00","dateModified":"2023-12-11T20:57:31+00:00","breadcrumb":{"@id":"https:\/\/revistaliterariaelgatonegro.com\/?page_id=12487#breadcrumb"},"inLanguage":"es","potentialAction":[{"@type":"ReadAction","target":["https:\/\/revistaliterariaelgatonegro.com\/?page_id=12487"]}]},{"@type":"ImageObject","inLanguage":"es","@id":"https:\/\/revistaliterariaelgatonegro.com\/?page_id=12487#primaryimage","url":"https:\/\/revistaliterariaelgatonegro.com\/wp-content\/uploads\/2023\/12\/colaboracion-ayuntamiento-de-parres-scaled.jpg","contentUrl":"https:\/\/revistaliterariaelgatonegro.com\/wp-content\/uploads\/2023\/12\/colaboracion-ayuntamiento-de-parres-scaled.jpg","width":2560,"height":1209},{"@type":"BreadcrumbList","@id":"https:\/\/revistaliterariaelgatonegro.com\/?page_id=12487#breadcrumb","itemListElement":[{"@type":"ListItem","position":1,"name":"Portada","item":"https:\/\/revistaliterariaelgatonegro.com\/"},{"@type":"ListItem","position":2,"name":"Colaboraci\u00f3n con el Ayuntamiento de Parres"}]},{"@type":"WebSite","@id":"https:\/\/revistaliterariaelgatonegro.com\/#website","url":"https:\/\/revistaliterariaelgatonegro.com\/","name":"REVISTA CULTURAL","description":" Un nuevo espacio para la divulgaci\u00f3n literaria, as\u00ed como dem\u00e1s artes ","publisher":{"@id":"https:\/\/revistaliterariaelgatonegro.com\/#\/schema\/person\/6a37dd51e0f101e394e91c123fd12e8a"},"potentialAction":[{"@type":"SearchAction","target":{"@type":"EntryPoint","urlTemplate":"https:\/\/revistaliterariaelgatonegro.com\/?s={search_term_string}"},"query-input":{"@type":"PropertyValueSpecification","valueRequired":true,"valueName":"search_term_string"}}],"inLanguage":"es"},{"@type":["Person","Organization"],"@id":"https:\/\/revistaliterariaelgatonegro.com\/#\/schema\/person\/6a37dd51e0f101e394e91c123fd12e8a","name":"administrador","image":{"@type":"ImageObject","inLanguage":"es","@id":"https:\/\/revistaliterariaelgatonegro.com\/wp-content\/uploads\/2025\/12\/cropped-Logotipo-Logo-Marca-personal-Pastel-Amarillo-12-Photoroom.png","url":"https:\/\/revistaliterariaelgatonegro.com\/wp-content\/uploads\/2025\/12\/cropped-Logotipo-Logo-Marca-personal-Pastel-Amarillo-12-Photoroom.png","contentUrl":"https:\/\/revistaliterariaelgatonegro.com\/wp-content\/uploads\/2025\/12\/cropped-Logotipo-Logo-Marca-personal-Pastel-Amarillo-12-Photoroom.png","width":364,"height":212,"caption":"administrador"},"logo":{"@id":"https:\/\/revistaliterariaelgatonegro.com\/wp-content\/uploads\/2025\/12\/cropped-Logotipo-Logo-Marca-personal-Pastel-Amarillo-12-Photoroom.png"},"sameAs":["http:\/\/s864831950.mialojamiento.es"]}]}},"_links":{"self":[{"href":"https:\/\/revistaliterariaelgatonegro.com\/index.php?rest_route=\/wp\/v2\/pages\/12487","targetHints":{"allow":["GET"]}}],"collection":[{"href":"https:\/\/revistaliterariaelgatonegro.com\/index.php?rest_route=\/wp\/v2\/pages"}],"about":[{"href":"https:\/\/revistaliterariaelgatonegro.com\/index.php?rest_route=\/wp\/v2\/types\/page"}],"author":[{"embeddable":true,"href":"https:\/\/revistaliterariaelgatonegro.com\/index.php?rest_route=\/wp\/v2\/users\/1"}],"replies":[{"embeddable":true,"href":"https:\/\/revistaliterariaelgatonegro.com\/index.php?rest_route=%2Fwp%2Fv2%2Fcomments&post=12487"}],"version-history":[{"count":3,"href":"https:\/\/revistaliterariaelgatonegro.com\/index.php?rest_route=\/wp\/v2\/pages\/12487\/revisions"}],"predecessor-version":[{"id":12491,"href":"https:\/\/revistaliterariaelgatonegro.com\/index.php?rest_route=\/wp\/v2\/pages\/12487\/revisions\/12491"}],"wp:attachment":[{"href":"https:\/\/revistaliterariaelgatonegro.com\/index.php?rest_route=%2Fwp%2Fv2%2Fmedia&parent=12487"}],"curies":[{"name":"wp","href":"https:\/\/api.w.org\/{rel}","templated":true}]}}