{"id":11580,"date":"2023-10-25T11:47:43","date_gmt":"2023-10-25T11:47:43","guid":{"rendered":"https:\/\/revistaliterariaelgatonegro.com\/?page_id=11580"},"modified":"2023-12-21T01:13:40","modified_gmt":"2023-12-21T01:13:40","slug":"el-llavero-programa-cultural","status":"publish","type":"page","link":"https:\/\/revistaliterariaelgatonegro.com\/?page_id=11580","title":{"rendered":"El Llavero, programa cultural"},"content":{"rendered":"\n<div class=\"wp-block-columns is-layout-flex wp-container-core-columns-is-layout-28f84493 wp-block-columns-is-layout-flex\">\n<div class=\"wp-block-column is-layout-flow wp-block-column-is-layout-flow\">\n<p>Programa cultural dramatizado, que ofrece llaves culturales y noticias del \u00e1mbito cultural en clave sat\u00edrico. Literatura, cine, series, viajes, arquitectura, patrimonio, gastronom\u00eda, artes, historia todo regado con humor y entrevistas.<\/p>\n<\/div>\n<\/div>\n\n\n\n<p class=\"has-black-color has-text-color\">Comenzamos 4\u00aa temporada. empezamos con nueva secci\u00f3n, <em><strong>La Revista Literaria Digital El Gato Negro<\/strong><\/em>, la secci\u00f3n de historia con Eduardo Montagut y colabora en nuestro programa Tivipalabras y Teresa del Olmo. Tambi\u00e9n contaremos, como ya es habitual, con nuestra ficci\u00f3n sonora y con m\u00fasica para amenizar las diversas secciones. la espera ha terminado. <\/p>\n\n\n\n<iframe width=\"100%\" height=\"200\" frameborder=\"0\" allowfullscreen=\"\" scrolling=\"no\" src=\"https:\/\/www.ivoox.com\/player_ej_117837255_2_1.html?data=kpakmpibdpapjoqkpZKUdYanopWeh5ildZihhpywj5aRaZi3jpWah5yncZGhhpywj6rQb83gwtvS1NSPtNPjyNfOz8aPdYyZk52im4qWfYyohqifh6alb9XZztXc1MbIpY6ZmKiap7GPkK21t6q_sZKJe6Shkg..&#038;\" loading='lazy'><\/iframe>\n\n\n\n<iframe width=\"100%\" height=\"200\" frameborder=\"0\" allowfullscreen=\"\" scrolling=\"no\" src=\"https:\/\/www.ivoox.com\/player_ej_118582896_2_1.html?data=kpall52WfJqqjoqkpZKUdYanopWdh5ild5mhhpywj5aRaZi3jpWah5yncZGhhpywj6rQb83gwtvS1NSPtNPjyNfOz8aPdoyZk52jkoqWfY6ZmKiap7GPkK21t6q_sZKJe6Shkg..&#038;\" loading='lazy'><\/iframe>\n\n\n\n<iframe width=\"100%\" height=\"200\" frameborder=\"0\" allowfullscreen=\"\" scrolling=\"no\" src=\"https:\/\/www.ivoox.com\/player_ej_119387101_2_1.html?data=kpamlZ2bdZGljoqkpZKUdYanopWfh5ildpWhhpywj5aRaZi3jpWah5yncZGhhpywj6rQb83gwtvS1NSPtNPjyNfOz8aPd4yZk52jk4qWfY6ZmKiap7GPkK21t6q_sZKJe6Shkg..&#038;\" loading='lazy'><\/iframe>\n\n\n\n<iframe width=\"100%\" height=\"200\" frameborder=\"0\" allowfullscreen=\"\" scrolling=\"no\" src=\"https:\/\/www.ivoox.com\/player_ej_120527646_2_1.html?data=kpedl5ebepWqjoqkpZKUdYanopWih5ileZOhhpywj5aRaZi3jpWah5yncZGhhpywj6rQb83gwtvS1NSPtNPjyNfOz8aPeIyZk52jlIqWfY6ZmKiap7GPkK21t6q_sZKJe6Shkg..&#038;\" loading='lazy'><\/iframe>\n\n\n\n<iframe width=\"100%\" height=\"200\" frameborder=\"0\" allowfullscreen=\"\" scrolling=\"no\" src=\"https:\/\/www.ivoox.com\/player_ej_121310715_2_1.html?data=kpeelZaUe5KpjoqkpZKZfYanopidj4qbh46ljoqkpZKUcYarpJKdj4qbh465zZDZzsbaqdPjjNXf0czWpc7VjJqYh5ecepSZk56ah5yncabAjLG5o7uplrChhpywj5Y.&#038;\" loading='lazy'><\/iframe>\n","protected":false},"excerpt":{"rendered":"<p>Programa cultural dramatizado, que ofrece llaves culturales y noticias del \u00e1mbito cultural en clave sat\u00edrico. Literatura, cine, series,<\/p>\n","protected":false},"author":1,"featured_media":11784,"parent":0,"menu_order":0,"comment_status":"closed","ping_status":"closed","template":"","meta":{"footnotes":""},"class_list":["post-11580","page","type-page","status-publish","has-post-thumbnail","hentry"],"yoast_head":"<!-- This site is optimized with the Yoast SEO plugin v27.4 - https:\/\/yoast.com\/product\/yoast-seo-wordpress\/ -->\n<title>El Llavero, programa cultural - REVISTA CULTURAL<\/title>\n<meta name=\"robots\" content=\"index, follow, max-snippet:-1, max-image-preview:large, max-video-preview:-1\" \/>\n<link rel=\"canonical\" href=\"https:\/\/revistaliterariaelgatonegro.com\/?page_id=11580\" \/>\n<meta property=\"og:locale\" content=\"es_ES\" \/>\n<meta property=\"og:type\" content=\"article\" \/>\n<meta property=\"og:title\" content=\"El Llavero, programa cultural - REVISTA CULTURAL\" \/>\n<meta property=\"og:description\" content=\"Programa cultural dramatizado, que ofrece llaves culturales y noticias del \u00e1mbito cultural en clave sat\u00edrico. Literatura, cine, series,\" \/>\n<meta property=\"og:url\" content=\"https:\/\/revistaliterariaelgatonegro.com\/?page_id=11580\" \/>\n<meta property=\"og:site_name\" content=\"REVISTA CULTURAL\" \/>\n<meta property=\"article:modified_time\" content=\"2023-12-21T01:13:40+00:00\" \/>\n<meta property=\"og:image\" content=\"https:\/\/revistaliterariaelgatonegro.com\/wp-content\/uploads\/2023\/10\/Post-instagram-quote-frase-10.jpg\" \/>\n\t<meta property=\"og:image:width\" content=\"1080\" \/>\n\t<meta property=\"og:image:height\" content=\"1080\" \/>\n\t<meta property=\"og:image:type\" content=\"image\/jpeg\" \/>\n<meta name=\"twitter:card\" content=\"summary_large_image\" \/>\n<meta name=\"twitter:label1\" content=\"Tiempo de lectura\" \/>\n\t<meta name=\"twitter:data1\" content=\"1 minuto\" \/>\n<script type=\"application\/ld+json\" class=\"yoast-schema-graph\">{\"@context\":\"https:\\\/\\\/schema.org\",\"@graph\":[{\"@type\":\"WebPage\",\"@id\":\"https:\\\/\\\/revistaliterariaelgatonegro.com\\\/?page_id=11580\",\"url\":\"https:\\\/\\\/revistaliterariaelgatonegro.com\\\/?page_id=11580\",\"name\":\"El Llavero, programa cultural - REVISTA CULTURAL\",\"isPartOf\":{\"@id\":\"https:\\\/\\\/revistaliterariaelgatonegro.com\\\/#website\"},\"primaryImageOfPage\":{\"@id\":\"https:\\\/\\\/revistaliterariaelgatonegro.com\\\/?page_id=11580#primaryimage\"},\"image\":{\"@id\":\"https:\\\/\\\/revistaliterariaelgatonegro.com\\\/?page_id=11580#primaryimage\"},\"thumbnailUrl\":\"https:\\\/\\\/revistaliterariaelgatonegro.com\\\/wp-content\\\/uploads\\\/2023\\\/10\\\/Post-instagram-quote-frase-10.jpg\",\"datePublished\":\"2023-10-25T11:47:43+00:00\",\"dateModified\":\"2023-12-21T01:13:40+00:00\",\"breadcrumb\":{\"@id\":\"https:\\\/\\\/revistaliterariaelgatonegro.com\\\/?page_id=11580#breadcrumb\"},\"inLanguage\":\"es\",\"potentialAction\":[{\"@type\":\"ReadAction\",\"target\":[\"https:\\\/\\\/revistaliterariaelgatonegro.com\\\/?page_id=11580\"]}]},{\"@type\":\"ImageObject\",\"inLanguage\":\"es\",\"@id\":\"https:\\\/\\\/revistaliterariaelgatonegro.com\\\/?page_id=11580#primaryimage\",\"url\":\"https:\\\/\\\/revistaliterariaelgatonegro.com\\\/wp-content\\\/uploads\\\/2023\\\/10\\\/Post-instagram-quote-frase-10.jpg\",\"contentUrl\":\"https:\\\/\\\/revistaliterariaelgatonegro.com\\\/wp-content\\\/uploads\\\/2023\\\/10\\\/Post-instagram-quote-frase-10.jpg\",\"width\":1080,\"height\":1080},{\"@type\":\"BreadcrumbList\",\"@id\":\"https:\\\/\\\/revistaliterariaelgatonegro.com\\\/?page_id=11580#breadcrumb\",\"itemListElement\":[{\"@type\":\"ListItem\",\"position\":1,\"name\":\"Portada\",\"item\":\"https:\\\/\\\/revistaliterariaelgatonegro.com\\\/\"},{\"@type\":\"ListItem\",\"position\":2,\"name\":\"El Llavero, programa cultural\"}]},{\"@type\":\"WebSite\",\"@id\":\"https:\\\/\\\/revistaliterariaelgatonegro.com\\\/#website\",\"url\":\"https:\\\/\\\/revistaliterariaelgatonegro.com\\\/\",\"name\":\"REVISTA CULTURAL\",\"description\":\" Un nuevo espacio para la divulgaci\u00f3n literaria, as\u00ed como dem\u00e1s artes \",\"publisher\":{\"@id\":\"https:\\\/\\\/revistaliterariaelgatonegro.com\\\/#\\\/schema\\\/person\\\/6a37dd51e0f101e394e91c123fd12e8a\"},\"potentialAction\":[{\"@type\":\"SearchAction\",\"target\":{\"@type\":\"EntryPoint\",\"urlTemplate\":\"https:\\\/\\\/revistaliterariaelgatonegro.com\\\/?s={search_term_string}\"},\"query-input\":{\"@type\":\"PropertyValueSpecification\",\"valueRequired\":true,\"valueName\":\"search_term_string\"}}],\"inLanguage\":\"es\"},{\"@type\":[\"Person\",\"Organization\"],\"@id\":\"https:\\\/\\\/revistaliterariaelgatonegro.com\\\/#\\\/schema\\\/person\\\/6a37dd51e0f101e394e91c123fd12e8a\",\"name\":\"administrador\",\"image\":{\"@type\":\"ImageObject\",\"inLanguage\":\"es\",\"@id\":\"https:\\\/\\\/revistaliterariaelgatonegro.com\\\/wp-content\\\/uploads\\\/2025\\\/12\\\/cropped-Logotipo-Logo-Marca-personal-Pastel-Amarillo-12-Photoroom.png\",\"url\":\"https:\\\/\\\/revistaliterariaelgatonegro.com\\\/wp-content\\\/uploads\\\/2025\\\/12\\\/cropped-Logotipo-Logo-Marca-personal-Pastel-Amarillo-12-Photoroom.png\",\"contentUrl\":\"https:\\\/\\\/revistaliterariaelgatonegro.com\\\/wp-content\\\/uploads\\\/2025\\\/12\\\/cropped-Logotipo-Logo-Marca-personal-Pastel-Amarillo-12-Photoroom.png\",\"width\":364,\"height\":212,\"caption\":\"administrador\"},\"logo\":{\"@id\":\"https:\\\/\\\/revistaliterariaelgatonegro.com\\\/wp-content\\\/uploads\\\/2025\\\/12\\\/cropped-Logotipo-Logo-Marca-personal-Pastel-Amarillo-12-Photoroom.png\"},\"sameAs\":[\"http:\\\/\\\/s864831950.mialojamiento.es\"]}]}<\/script>\n<!-- \/ Yoast SEO plugin. -->","yoast_head_json":{"title":"El Llavero, programa cultural - REVISTA CULTURAL","robots":{"index":"index","follow":"follow","max-snippet":"max-snippet:-1","max-image-preview":"max-image-preview:large","max-video-preview":"max-video-preview:-1"},"canonical":"https:\/\/revistaliterariaelgatonegro.com\/?page_id=11580","og_locale":"es_ES","og_type":"article","og_title":"El Llavero, programa cultural - REVISTA CULTURAL","og_description":"Programa cultural dramatizado, que ofrece llaves culturales y noticias del \u00e1mbito cultural en clave sat\u00edrico. Literatura, cine, series,","og_url":"https:\/\/revistaliterariaelgatonegro.com\/?page_id=11580","og_site_name":"REVISTA CULTURAL","article_modified_time":"2023-12-21T01:13:40+00:00","og_image":[{"width":1080,"height":1080,"url":"https:\/\/revistaliterariaelgatonegro.com\/wp-content\/uploads\/2023\/10\/Post-instagram-quote-frase-10.jpg","type":"image\/jpeg"}],"twitter_card":"summary_large_image","twitter_misc":{"Tiempo de lectura":"1 minuto"},"schema":{"@context":"https:\/\/schema.org","@graph":[{"@type":"WebPage","@id":"https:\/\/revistaliterariaelgatonegro.com\/?page_id=11580","url":"https:\/\/revistaliterariaelgatonegro.com\/?page_id=11580","name":"El Llavero, programa cultural - REVISTA CULTURAL","isPartOf":{"@id":"https:\/\/revistaliterariaelgatonegro.com\/#website"},"primaryImageOfPage":{"@id":"https:\/\/revistaliterariaelgatonegro.com\/?page_id=11580#primaryimage"},"image":{"@id":"https:\/\/revistaliterariaelgatonegro.com\/?page_id=11580#primaryimage"},"thumbnailUrl":"https:\/\/revistaliterariaelgatonegro.com\/wp-content\/uploads\/2023\/10\/Post-instagram-quote-frase-10.jpg","datePublished":"2023-10-25T11:47:43+00:00","dateModified":"2023-12-21T01:13:40+00:00","breadcrumb":{"@id":"https:\/\/revistaliterariaelgatonegro.com\/?page_id=11580#breadcrumb"},"inLanguage":"es","potentialAction":[{"@type":"ReadAction","target":["https:\/\/revistaliterariaelgatonegro.com\/?page_id=11580"]}]},{"@type":"ImageObject","inLanguage":"es","@id":"https:\/\/revistaliterariaelgatonegro.com\/?page_id=11580#primaryimage","url":"https:\/\/revistaliterariaelgatonegro.com\/wp-content\/uploads\/2023\/10\/Post-instagram-quote-frase-10.jpg","contentUrl":"https:\/\/revistaliterariaelgatonegro.com\/wp-content\/uploads\/2023\/10\/Post-instagram-quote-frase-10.jpg","width":1080,"height":1080},{"@type":"BreadcrumbList","@id":"https:\/\/revistaliterariaelgatonegro.com\/?page_id=11580#breadcrumb","itemListElement":[{"@type":"ListItem","position":1,"name":"Portada","item":"https:\/\/revistaliterariaelgatonegro.com\/"},{"@type":"ListItem","position":2,"name":"El Llavero, programa cultural"}]},{"@type":"WebSite","@id":"https:\/\/revistaliterariaelgatonegro.com\/#website","url":"https:\/\/revistaliterariaelgatonegro.com\/","name":"REVISTA CULTURAL","description":" Un nuevo espacio para la divulgaci\u00f3n literaria, as\u00ed como dem\u00e1s artes ","publisher":{"@id":"https:\/\/revistaliterariaelgatonegro.com\/#\/schema\/person\/6a37dd51e0f101e394e91c123fd12e8a"},"potentialAction":[{"@type":"SearchAction","target":{"@type":"EntryPoint","urlTemplate":"https:\/\/revistaliterariaelgatonegro.com\/?s={search_term_string}"},"query-input":{"@type":"PropertyValueSpecification","valueRequired":true,"valueName":"search_term_string"}}],"inLanguage":"es"},{"@type":["Person","Organization"],"@id":"https:\/\/revistaliterariaelgatonegro.com\/#\/schema\/person\/6a37dd51e0f101e394e91c123fd12e8a","name":"administrador","image":{"@type":"ImageObject","inLanguage":"es","@id":"https:\/\/revistaliterariaelgatonegro.com\/wp-content\/uploads\/2025\/12\/cropped-Logotipo-Logo-Marca-personal-Pastel-Amarillo-12-Photoroom.png","url":"https:\/\/revistaliterariaelgatonegro.com\/wp-content\/uploads\/2025\/12\/cropped-Logotipo-Logo-Marca-personal-Pastel-Amarillo-12-Photoroom.png","contentUrl":"https:\/\/revistaliterariaelgatonegro.com\/wp-content\/uploads\/2025\/12\/cropped-Logotipo-Logo-Marca-personal-Pastel-Amarillo-12-Photoroom.png","width":364,"height":212,"caption":"administrador"},"logo":{"@id":"https:\/\/revistaliterariaelgatonegro.com\/wp-content\/uploads\/2025\/12\/cropped-Logotipo-Logo-Marca-personal-Pastel-Amarillo-12-Photoroom.png"},"sameAs":["http:\/\/s864831950.mialojamiento.es"]}]}},"_links":{"self":[{"href":"https:\/\/revistaliterariaelgatonegro.com\/index.php?rest_route=\/wp\/v2\/pages\/11580","targetHints":{"allow":["GET"]}}],"collection":[{"href":"https:\/\/revistaliterariaelgatonegro.com\/index.php?rest_route=\/wp\/v2\/pages"}],"about":[{"href":"https:\/\/revistaliterariaelgatonegro.com\/index.php?rest_route=\/wp\/v2\/types\/page"}],"author":[{"embeddable":true,"href":"https:\/\/revistaliterariaelgatonegro.com\/index.php?rest_route=\/wp\/v2\/users\/1"}],"replies":[{"embeddable":true,"href":"https:\/\/revistaliterariaelgatonegro.com\/index.php?rest_route=%2Fwp%2Fv2%2Fcomments&post=11580"}],"version-history":[{"count":24,"href":"https:\/\/revistaliterariaelgatonegro.com\/index.php?rest_route=\/wp\/v2\/pages\/11580\/revisions"}],"predecessor-version":[{"id":12630,"href":"https:\/\/revistaliterariaelgatonegro.com\/index.php?rest_route=\/wp\/v2\/pages\/11580\/revisions\/12630"}],"wp:featuredmedia":[{"embeddable":true,"href":"https:\/\/revistaliterariaelgatonegro.com\/index.php?rest_route=\/wp\/v2\/media\/11784"}],"wp:attachment":[{"href":"https:\/\/revistaliterariaelgatonegro.com\/index.php?rest_route=%2Fwp%2Fv2%2Fmedia&parent=11580"}],"curies":[{"name":"wp","href":"https:\/\/api.w.org\/{rel}","templated":true}]}}